{"id":550,"date":"2025-09-23T19:12:57","date_gmt":"2025-09-23T19:12:57","guid":{"rendered":"https:\/\/trustedfxglobal.com\/?page_id=550"},"modified":"2025-09-23T19:15:35","modified_gmt":"2025-09-23T19:15:35","slug":"tai-xuong-mt5-justmarkets","status":"publish","type":"page","link":"https:\/\/trustedfxglobal.com\/vi\/download-mt5-justmarkets\/","title":{"rendered":"H\u01b0\u1edbng d\u1eabn JustMarkets MetaTrader 5 (MT5)"},"content":{"rendered":"<div data-elementor-type=\"wp-page\" data-elementor-id=\"550\" class=\"elementor elementor-550\">\n\t\t\t\t<div class=\"elementor-element elementor-element-7ce8b68 e-flex e-con-boxed e-con e-parent\" data-id=\"7ce8b68\" data-element_type=\"container\" data-e-type=\"container\">\n\t\t\t\t\t<div class=\"e-con-inner\">\n\t\t\t\t<div class=\"elementor-element elementor-element-2fe239f elementor-widget elementor-widget-html\" data-id=\"2fe239f\" data-element_type=\"widget\" data-e-type=\"widget\" data-widget_type=\"html.default\">\n\t\t\t\t\t<!DOCTYPE html>\r\n<html lang=\"en\">\r\n<head>\r\n    <meta charset=\"UTF-8\">\r\n    <meta name=\"viewport\" content=\"width=device-width, initial-scale=1.0\">\r\n    <meta name=\"description\" content=\"H\u01b0\u1edbng d\u1eabn to\u00e0n di\u1ec7n v\u1ec1 JustMarket MetaTrader 5 (MT5): T\u00ednh n\u0103ng, c\u00e0i \u0111\u1eb7t, t\u00f9y ch\u1ec9nh v\u00e0 C\u00e2u h\u1ecfi th\u01b0\u1eddng g\u1eb7p.\">\r\n    <meta name=\"keywords\" content=\"JustMarkets MT5, MetaTrader 5 features, MT5 installation, MT5 customization, MT5 FAQs\">\r\n    <title>H\u01b0\u1edbng d\u1eabn JustMarkets MetaTrader 5: T\u00ednh n\u0103ng, C\u00e0i \u0111\u1eb7t v\u00e0 C\u00e2u h\u1ecfi th\u01b0\u1eddng g\u1eb7p<\/title>\r\n    <style>\r\n        body {font-family: Arial, sans-serif; margin: 0; padding: 0; background-color: #f4f4f4;}\r\n        main {max-width: 1200px; margin: 30px auto; padding: 20px; background-color: #fff; border-radius: 8px; box-shadow: 0 4px 8px rgba(0, 0, 0, 0.1);}\r\n        h1, h2, h3 {color: #003366;}\r\n        h1 {font-size: 2.5em; margin-bottom: 0.5em;}\r\n        h2 {font-size: 2em; margin-top: 1.5em; margin-bottom: 0.5em;}\r\n        h3 {font-size: 1.5em; margin-top: 1em; margin-bottom: 0.5em;}\r\n        p, ul {line-height: 1.6;}\r\n        ul {padding-left: 20px;}\r\n        a {color: #0077cc; text-decoration: none;}\r\n        a:hover {text-decoration: underline;}\r\n        .cta-button {display: inline-block; background-color: #0077cc; color: white; padding: 10px 20px; border-radius: 5px; margin-top: 20px;}\r\n        .cta-button:hover {background-color: #005fa3;}\r\n        .faq-item {margin-bottom: 20px;}\r\n        .faq-question {font-weight: bold; cursor: pointer;}\r\n        .faq-answer {display: none; margin-top: 5px; padding-left: 20px;}\r\n    <\/style>\r\n    <script>\r\n        document.addEventListener('DOMContentLoaded', function () {\r\n            const faqQuestions = document.querySelectorAll('.faq-question');\r\n            faqQuestions.forEach(function (question) {\r\n                question.addEventListener('click', function () {\r\n                    const answer = this.nextElementSibling;\r\n                    answer.style.display = (answer.style.display === 'block') ? 'none' : 'block';\r\n                });\r\n            });\r\n        });\r\n    <\/script>\r\n<\/head>\r\n<body>\r\n<main>\r\n    <h1>H\u01b0\u1edbng d\u1eabn JustMarkets MetaTrader 5 (MT5)<\/h1>\r\n    <p>Ch\u00e0o m\u1eebng b\u1ea1n \u0111\u1ebfn v\u1edbi H\u01b0\u1edbng d\u1eabn To\u00e0n di\u1ec7n v\u1ec1 JustMarket MetaTrader 5 (MT5). H\u01b0\u1edbng d\u1eabn n\u00e0y bao g\u1ed3m t\u1ea5t c\u1ea3 m\u1ecdi th\u1ee9 t\u1eeb c\u00e0i \u0111\u1eb7t \u0111\u1ebfn c\u00e1c t\u00ednh n\u0103ng n\u00e2ng cao, \u0111\u1ea3m b\u1ea3o b\u1ea1n c\u00f3 th\u1ec3 t\u1eadn d\u1ee5ng ti\u1ec1m n\u0103ng \u0111\u1ea7y \u0111\u1ee7 c\u1ee7a MT5 \u0111\u1ec3 th\u00e0nh c\u00f4ng trong giao d\u1ecbch c\u1ee7a m\u00ecnh.<\/p>\r\n    <a href=\"https:\/\/one.justmarkets.link\/a\/t11xd0xwgz\/trading-platforms\/mt5-pc\" class=\"cta-button\" target=\"_blank\" rel=\"noopener\">T\u1ea3i xu\u1ed1ng MT5 cho PC<\/a>\r\n\r\n    <h2>M\u1ee5c l\u1ee5c<\/h2>\r\n    <ul>\r\n        <li><a href=\"#introduction\">Gi\u1edbi thi\u1ec7u v\u1ec1 MetaTrader 5<\/a><\/li>\r\n        <li><a href=\"#features\">C\u00e1c t\u00ednh n\u0103ng ch\u00ednh c\u1ee7a MT5<\/a><\/li>\r\n        <li><a href=\"#installation\">c\u00e1ch c\u00e0i \u0111\u1eb7t MT5<\/a><\/li>\r\n        <li><a href=\"#customization\">T\u00f9y ch\u1ec9nh kh\u00f4ng gian l\u00e0m vi\u1ec7c MT5 c\u1ee7a b\u1ea1n<\/a><\/li>\r\n        <li><a href=\"#trading\">Th\u1ef1c hi\u1ec7n giao d\u1ecbch tr\u00ean MT5<\/a><\/li>\r\n        <li><a href=\"#tools\">S\u1eed d\u1ee5ng c\u00e1c c\u00f4ng c\u1ee5 v\u00e0 ch\u1ec9 s\u1ed1 MT5<\/a><\/li>\r\n        <li><a href=\"#mobile\">\u1ee9ng d\u1ee5ng di \u0111\u1ed9ng MT5<\/a><\/li>\r\n        <li><a href=\"#faq\">C\u00e2u h\u1ecfi th\u01b0\u1eddng g\u1eb7p<\/a><\/li>\r\n    <\/ul>\r\n\r\n    <h2 id=\"introduction\">Gi\u1edbi thi\u1ec7u v\u1ec1 MetaTrader 5<\/h2>\r\n    <p>MetaTrader 5 (MT5) l\u00e0 m\u1ed9t n\u1ec1n t\u1ea3ng giao d\u1ecbch \u0111a t\u00e0i s\u1ea3n \u0111\u01b0\u1ee3c ph\u00e1t tri\u1ec3n b\u1edfi ph\u1ea7n m\u1ec1m Metaquotes. N\u00f3 cung c\u1ea5p c\u00e1c c\u00f4ng c\u1ee5 bi\u1ec3u \u0111\u1ed3 ti\u00ean ti\u1ebfn, kh\u1ea3 n\u0103ng giao d\u1ecbch t\u1ef1 \u0111\u1ed9ng v\u00e0 kh\u1ea3 n\u0103ng ti\u1ebfp c\u1eadn v\u1edbi nhi\u1ec1u c\u00f4ng c\u1ee5 t\u00e0i ch\u00ednh. MT5 l\u00e0 ng\u01b0\u1eddi k\u1ebf nhi\u1ec7m MetaTrader 4 (MT4), cung c\u1ea5p c\u00e1c t\u00ednh n\u0103ng n\u00e2ng cao cho c\u00e1c nh\u00e0 giao d\u1ecbch t\u00ecm ki\u1ebfm c\u00e1c l\u1ef1a ch\u1ecdn ph\u00e2n t\u00edch v\u00e0 giao d\u1ecbch to\u00e0n di\u1ec7n h\u01a1n.<\/p>\r\n\r\n    <h2 id=\"features\">C\u00e1c t\u00ednh n\u0103ng ch\u00ednh c\u1ee7a MT5<\/h2>\r\n    <ul>\r\n        <li><strong>Giao d\u1ecbch \u0111a t\u00e0i s\u1ea3n:<\/strong> Giao d\u1ecbch ngo\u1ea1i h\u1ed1i, c\u1ed5 phi\u1ebfu, ch\u1ec9 s\u1ed1, h\u00e0ng h\u00f3a v\u00e0 ti\u1ec1n \u0111i\u1ec7n t\u1eed t\u1ea5t c\u1ea3 trong m\u1ed9t n\u1ec1n t\u1ea3ng.<\/li>\r\n        <li><strong>C\u00f4ng c\u1ee5 bi\u1ec3u \u0111\u1ed3 n\u00e2ng cao:<\/strong> S\u1eed d\u1ee5ng 21 khung th\u1eddi gian, 38 ch\u1ec9 b\u00e1o k\u1ef9 thu\u1eadt v\u00e0 44 \u0111\u1ed1i t\u01b0\u1ee3ng \u0111\u1ed3 h\u1ecda \u0111\u1ec3 ph\u00e2n t\u00edch th\u1ecb tr\u01b0\u1eddng chuy\u00ean s\u00e2u.<\/li>\r\n        <li><strong>Giao d\u1ecbch t\u1ef1 \u0111\u1ed9ng:<\/strong> Ph\u00e1t tri\u1ec3n v\u00e0 th\u1ef1c hi\u1ec7n c\u00e1c chi\u1ebfn l\u01b0\u1ee3c giao d\u1ecbch t\u1ef1 \u0111\u1ed9ng b\u1eb1ng c\u00e1ch s\u1eed d\u1ee5ng c\u00e1c chuy\u00ean gia c\u1ed1 v\u1ea5n (EAS) v\u1edbi ng\u00f4n ng\u1eef l\u1eadp tr\u00ecnh MQL5.<\/li>\r\n        <li><strong>L\u1ecbch kinh t\u1ebf:<\/strong> Truy c\u1eadp l\u1ecbch kinh t\u1ebf t\u1ed5ng h\u1ee3p \u0111\u1ec3 c\u1eadp nh\u1eadt th\u00f4ng tin v\u1ec1 c\u00e1c s\u1ef1 ki\u1ec7n di chuy\u1ec3n th\u1ecb tr\u01b0\u1eddng.<\/li>\r\n        <li><strong>\u0110\u1ed9 s\u00e2u c\u1ee7a th\u1ecb tr\u01b0\u1eddng (DOM):<\/strong> Ph\u00e2n t\u00edch t\u00ednh thanh kho\u1ea3n c\u1ee7a th\u1ecb tr\u01b0\u1eddng v\u00e0 th\u1ef1c hi\u1ec7n c\u00e1c l\u1ec7nh m\u1ed9t c\u00e1ch ch\u00ednh x\u00e1c.<\/li>\r\n        <li><strong>Giao d\u1ecbch b\u1eb1ng m\u1ed9t c\u00fa nh\u1ea5p chu\u1ed9t:<\/strong> Th\u1ef1c hi\u1ec7n giao d\u1ecbch ngay l\u1eadp t\u1ee9c ch\u1ec9 v\u1edbi m\u1ed9t c\u00fa nh\u1ea5p chu\u1ed9t \u0111\u1ec3 tham gia th\u1ecb tr\u01b0\u1eddng nhanh ch\u00f3ng.<\/li>\r\n    <\/ul>\r\n\r\n    <h2 id=\"installation\">c\u00e1ch c\u00e0i \u0111\u1eb7t MT5<\/h2>\r\n    <p>Th\u1ef1c hi\u1ec7n theo c\u00e1c b\u01b0\u1edbc sau \u0111\u1ec3 c\u00e0i \u0111\u1eb7t MT5 tr\u00ean PC c\u1ee7a b\u1ea1n:<\/p>\r\n    <ol>\r\n        <li><a href=\"https:\/\/one.justmarkets.link\/a\/t11xd0xwgz\/trading-platforms\/mt5-pc\" target=\"_blank\" rel=\"noopener\">T\u1ea3i xu\u1ed1ng tr\u00ecnh c\u00e0i \u0111\u1eb7t MT5<\/a> t\u1eeb Justmarkets.<\/li>\r\n        <li>Ch\u1ea1y tr\u00ecnh c\u00e0i \u0111\u1eb7t v\u00e0 l\u00e0m theo h\u01b0\u1edbng d\u1eabn tr\u00ean m\u00e0n h\u00ecnh.<\/li>\r\n        <li>Kh\u1edfi ch\u1ea1y MT5 v\u00e0 \u0111\u0103ng nh\u1eadp b\u1eb1ng th\u00f4ng tin \u0111\u0103ng nh\u1eadp t\u00e0i kho\u1ea3n JustMarkets c\u1ee7a b\u1ea1n.<\/li>\r\n        <li>B\u1eaft \u0111\u1ea7u giao d\u1ecbch b\u1eb1ng c\u00e1ch ch\u1ecdn c\u00e1c c\u00f4ng c\u1ee5 mong mu\u1ed1n c\u1ee7a b\u1ea1n v\u00e0 thi\u1ebft l\u1eadp kh\u00f4ng gian l\u00e0m vi\u1ec7c c\u1ee7a b\u1ea1n.<\/li>\r\n    <\/ol>\r\n\r\n    <h2 id=\"customization\">T\u00f9y ch\u1ec9nh kh\u00f4ng gian l\u00e0m vi\u1ec7c MT5 c\u1ee7a b\u1ea1n<\/h2>\r\n    <p>C\u00e1 nh\u00e2n h\u00f3a giao di\u1ec7n MT5 c\u1ee7a b\u1ea1n \u0111\u1ec3 ph\u00f9 h\u1ee3p v\u1edbi phong c\u00e1ch giao d\u1ecbch c\u1ee7a b\u1ea1n:<\/p>\r\n    <ul>\r\n        <li><strong>B\u1ed1 c\u1ee5c bi\u1ec3u \u0111\u1ed3:<\/strong> S\u1eafp x\u1ebfp nhi\u1ec1u bi\u1ec3u \u0111\u1ed3 trong b\u1ed1 c\u1ee5c l\u01b0\u1edbi \u0111\u1ec3 ph\u00e2n t\u00edch \u0111\u1ed3ng th\u1eddi.<\/li>\r\n        <li><strong>M\u1eabu:<\/strong> L\u01b0u c\u00e0i \u0111\u1eb7t bi\u1ec3u \u0111\u1ed3 d\u01b0\u1edbi d\u1ea1ng m\u1eabu cho \u1ee9ng d\u1ee5ng nhanh sang c\u00e1c bi\u1ec3u \u0111\u1ed3 kh\u00e1c.<\/li>\r\n        <li><strong>H\u1ed3 s\u01a1:<\/strong> T\u1ea1o c\u1ea5u h\u00ecnh \u0111\u1ec3 l\u01b0u v\u00e0 chuy\u1ec3n \u0111\u1ed5i gi\u1eefa c\u00e1c c\u1ea5u h\u00ecnh kh\u00f4ng gian l\u00e0m vi\u1ec7c kh\u00e1c nhau.<\/li>\r\n        <li><strong>ph\u00edm n\u00f3ng:<\/strong> G\u00e1n ph\u00edm t\u1eaft cho c\u00e1c ch\u1ee9c n\u0103ng th\u01b0\u1eddng \u0111\u01b0\u1ee3c s\u1eed d\u1ee5ng \u0111\u1ec3 truy c\u1eadp nhanh h\u01a1n.<\/li>\r\n    <\/ul>\r\n\r\n    <h2 id=\"trading\">Th\u1ef1c hi\u1ec7n giao d\u1ecbch tr\u00ean MT5<\/h2>\r\n    <p>\u0110\u1ec3 th\u1ef1c hi\u1ec7n giao d\u1ecbch tr\u00ean MT5:<\/p>\r\n    <ol>\r\n        <li>Ch\u1ecdn c\u00f4ng c\u1ee5 b\u1ea1n mu\u1ed1n giao d\u1ecbch t\u1eeb c\u1eeda s\u1ed5 Market Watch.<\/li>\r\n        <li>Nh\u1ea5p chu\u1ed9t ph\u1ea3i v\u00e0o thi\u1ebft b\u1ecb v\u00e0 ch\u1ecdn \"\u0110\u01a1n \u0111\u1eb7t h\u00e0ng m\u1edbi\".<\/li>\r\n        <li>Nh\u1eadp c\u00e1c th\u00f4ng s\u1ed1 giao d\u1ecbch c\u1ee7a b\u1ea1n, bao g\u1ed3m kh\u1ed1i l\u01b0\u1ee3ng, d\u1eebng l\u1ed7, ch\u1ed1t l\u1eddi v\u00e0 lo\u1ea1i l\u1ec7nh.<\/li>\r\n        <li>Nh\u1ea5p v\u00e0o \"Mua\" ho\u1eb7c \"B\u00e1n\" \u0111\u1ec3 th\u1ef1c hi\u1ec7n giao d\u1ecbch.<\/li>\r\n    <\/ol>\r\n\r\n    <h2 id=\"tools\">S\u1eed d\u1ee5ng c\u00e1c c\u00f4ng c\u1ee5 v\u00e0 ch\u1ec9 s\u1ed1 MT5<\/h2>\r\n    <p>N\u00e2ng cao ph\u00e2n t\u00edch giao d\u1ecbch c\u1ee7a b\u1ea1n v\u1edbi c\u00e1c c\u00f4ng c\u1ee5 t\u00edch h\u1ee3p c\u1ee7a MT5:<\/p>\r\n    <ul>\r\n        <li><strong>Ch\u1ec9 s\u1ed1 k\u1ef9 thu\u1eadt:<\/strong> \u00c1p d\u1ee5ng c\u00e1c ch\u1ec9 s\u1ed1 nh\u01b0 trung b\u00ecnh di \u0111\u1ed9ng, RSI, MACD, v.v. cho bi\u1ec3u \u0111\u1ed3 c\u1ee7a b\u1ea1n.<\/li>\r\n        <li><strong>\u0110\u1ed1i t\u01b0\u1ee3ng \u0111\u1ed3 h\u1ecda:<\/strong> S\u1eed d\u1ee5ng \u0111\u01b0\u1eddng xu h\u01b0\u1edbng, k\u00eanh, h\u1ed3i k\u1ebft Fibonacci v\u00e0 c\u00e1c c\u00f4ng c\u1ee5 kh\u00e1c \u0111\u1ec3 ph\u00e2n t\u00edch k\u1ef9 thu\u1eadt.<\/li>\r\n        <li><strong>Chi\u1ec1u s\u00e2u th\u1ecb tr\u01b0\u1eddng:<\/strong> Xem t\u00ednh thanh kho\u1ea3n th\u1ecb tr\u01b0\u1eddng theo th\u1eddi gian th\u1ef1c v\u00e0 d\u1eef li\u1ec7u s\u1ed5 \u0111\u1eb7t h\u00e0ng.<\/li>\r\n        <li><strong>L\u1ecbch kinh t\u1ebf:<\/strong> Theo d\u00f5i c\u00e1c s\u1ef1 ki\u1ec7n kinh t\u1ebf s\u1eafp t\u1edbi c\u00f3 th\u1ec3 \u1ea3nh h\u01b0\u1edfng \u0111\u1ebfn \u0111i\u1ec1u ki\u1ec7n th\u1ecb tr\u01b0\u1eddng.<\/li>\r\n    <\/ul>\r\n\r\n    <h2 id=\"mobile\">\u1ee9ng d\u1ee5ng di \u0111\u1ed9ng MT5<\/h2>\r\n    <p>Giao d\u1ecbch khi \u0111ang di chuy\u1ec3n v\u1edbi \u1ee9ng d\u1ee5ng di \u0111\u1ed9ng MT5:<\/p>\r\n    <ul>\r\n        <li><strong>T\u00ednh di \u0111\u1ed9ng:<\/strong> Truy c\u1eadp t\u00e0i kho\u1ea3n giao d\u1ecbch c\u1ee7a b\u1ea1n t\u1eeb b\u1ea5t c\u1ee9 \u0111\u00e2u b\u1eb1ng \u0111i\u1ec7n tho\u1ea1i th\u00f4ng minh ho\u1eb7c m\u00e1y t\u00ednh b\u1ea3ng c\u1ee7a b\u1ea1n.<\/li>\r\n        <li><strong>D\u1eef li\u1ec7u th\u1eddi gian th\u1ef1c:<\/strong> Nh\u1eadn b\u00e1o gi\u00e1 th\u1eddi gian th\u1ef1c, bi\u1ec3u \u0111\u1ed3 v\u00e0 c\u1eadp nh\u1eadt tin t\u1ee9c.<\/li>\r\n        <li><strong>Qu\u1ea3n l\u00fd \u0111\u01a1n h\u00e0ng:<\/strong> \u0110\u1eb7t, s\u1eeda \u0111\u1ed5i v\u00e0 \u0111\u00f3ng c\u00e1c \u0111\u01a1n \u0111\u1eb7t h\u00e0ng tr\u1ef1c ti\u1ebfp t\u1eeb \u1ee9ng d\u1ee5ng d\u00e0nh cho thi\u1ebft b\u1ecb di \u0111\u1ed9ng.<\/li>\r\n        <li><strong>Th\u00f4ng b\u00e1o \u0111\u1ea9y:<\/strong> Lu\u00f4n \u0111\u01b0\u1ee3c th\u00f4ng b\u00e1o v\u1edbi c\u00e1c c\u1ea3nh b\u00e1o t\u1ee9c th\u00ec v\u1ec1 bi\u1ebfn \u0111\u1ed9ng gi\u00e1 v\u00e0 c\u00e1c s\u1ef1 ki\u1ec7n tin t\u1ee9c.<\/li>\r\n    <\/ul>\r\n\r\n    <h2 id=\"faq\">C\u00e2u h\u1ecfi th\u01b0\u1eddng g\u1eb7p<\/h2>\r\n    <div class=\"faq-item\">\r\n        <div class=\"faq-question\">S\u1ef1 kh\u00e1c bi\u1ec7t gi\u1eefa MT4 v\u00e0 MT5 l\u00e0 g\u00ec?<\/div>\r\n        <div class=\"faq-answer\">\r\n            <p>MT5 cung c\u1ea5p c\u00e1c t\u00ednh n\u0103ng b\u1ed5 sung nh\u01b0 giao d\u1ecbch \u0111a t\u00e0i s\u1ea3n, nhi\u1ec1u khung th\u1eddi gian h\u01a1n v\u00e0 l\u1ecbch kinh t\u1ebf t\u00edch h\u1ee3p, l\u00e0m cho n\u00f3 ph\u00f9 h\u1ee3p h\u01a1n cho c\u00e1c nh\u00e0 giao d\u1ecbch ti\u00ean ti\u1ebfn.<\/p>\r\n        <\/div>\r\n    <\/div>\r\n    <div class=\"faq-item\">\r\n        <div class=\"faq-question\">T\u00f4i c\u00f3 th\u1ec3 s\u1eed d\u1ee5ng Chuy\u00ean gia C\u1ed1 v\u1ea5n (EAS) trong MT5 kh\u00f4ng?<\/div>\r\n        <div class=\"faq-answer\">\r\n            <p>C\u00f3, MT5 h\u1ed7 tr\u1ee3 giao d\u1ecbch t\u1ef1 \u0111\u1ed9ng th\u00f4ng qua c\u00e1c chuy\u00ean gia t\u01b0 v\u1ea5n \u0111\u01b0\u1ee3c ph\u00e1t tri\u1ec3n b\u1eb1ng ng\u00f4n ng\u1eef l\u1eadp tr\u00ecnh MQL5.<\/p>\r\n        <\/div>\r\n    <\/div>\r\n    <div class=\"faq-item\">\r\n        <div class=\"faq-question\">c\u00f3 phi\u00ean b\u1ea3n di \u0111\u1ed9ng c\u1ee7a MT5 kh\u00f4ng?<\/div>\r\n        <div class=\"faq-answer\">\r\n            <p>C\u00f3, MT5 c\u00f3 s\u1eb5n d\u01b0\u1edbi d\u1ea1ng \u1ee9ng d\u1ee5ng di \u0111\u1ed9ng cho c\u1ea3 thi\u1ebft b\u1ecb iOS v\u00e0 Android, cho ph\u00e9p b\u1ea1n giao d\u1ecbch khi \u0111ang di chuy\u1ec3n.<\/p>\r\n        <\/div>\r\n    <\/div>\r\n    <div class=\"faq-item\">\r\n        <div class=\"faq-question\">L\u00e0m c\u00e1ch n\u00e0o \u0111\u1ec3 truy c\u1eadp l\u1ecbch kinh t\u1ebf trong MT5?<\/div>\r\n        <div class=\"faq-answer\">\r\n            <p>M\u1edf c\u1eeda s\u1ed5 \"Toolbox\" v\u00e0 nh\u1ea5p v\u00e0o tab \"L\u1ecbch\" \u0111\u1ec3 xem l\u1ecbch kinh t\u1ebf t\u00edch h\u1ee3p trong MT5.<\/p>\r\n        <\/div>\r\n\r\n    <\/div>\r\n    <div class=\"faq-item\">\r\n        <div class=\"faq-question\">T\u00f4i c\u00f3 th\u1ec3 t\u00f9y ch\u1ec9nh kh\u00f4ng gian l\u00e0m vi\u1ec7c MT5 c\u1ee7a m\u00ecnh kh\u00f4ng?<\/div>\r\n        <div class=\"faq-answer\">\r\n            <p>C\u00f3, MT5 cho ph\u00e9p t\u00f9y ch\u1ec9nh \u0111\u1ea7y \u0111\u1ee7 bao g\u1ed3m c\u00e1c m\u1eabu bi\u1ec3u \u0111\u1ed3, h\u1ed3 s\u01a1, ph\u00edm n\u00f3ng v\u00e0 nhi\u1ec1u b\u1ed1 c\u1ee5c bi\u1ec3u \u0111\u1ed3 \u0111\u1ec3 ph\u00e2n t\u00edch hi\u1ec7u qu\u1ea3.<\/p>\r\n        <\/div>\r\n    <\/div>\r\n    <div class=\"faq-item\">\r\n        <div class=\"faq-question\">L\u00e0m c\u00e1ch n\u00e0o \u0111\u1ec3 t\u1ea3i xu\u1ed1ng MT5 cho JustMarkets?<\/div>\r\n        <div class=\"faq-answer\">\r\n            <p>B\u1ea1n c\u00f3 th\u1ec3 t\u1ea3i xu\u1ed1ng n\u1ec1n t\u1ea3ng MT5 cho PC b\u1eb1ng li\u00ean k\u1ebft n\u00e0y: <a href=\"https:\/\/one.justmarkets.link\/a\/t11xd0xwgz\/trading-platforms\/mt5-pc\" target=\"_blank\" rel=\"noopener\">T\u1ea3i xu\u1ed1ng MT5 cho PC<\/a>.<\/p>\r\n        <\/div>\r\n    <\/div>\r\n    <div class=\"faq-item\">\r\n        <div class=\"faq-question\">T\u00e0i kho\u1ea3n MT5 c\u00f3 t\u01b0\u01a1ng th\u00edch v\u1edbi MT4 kh\u00f4ng?<\/div>\r\n        <div class=\"faq-answer\">\r\n            <p>Kh\u00f4ng, t\u00e0i kho\u1ea3n MT5 t\u00e1ch bi\u1ec7t v\u1edbi t\u00e0i kho\u1ea3n MT4. B\u1ea1n c\u1ea7n t\u1ea1o m\u1ed9t t\u00e0i kho\u1ea3n ri\u00eang n\u1ebfu chuy\u1ec3n \u0111\u1ed5i n\u1ec1n t\u1ea3ng.<\/p>\r\n        <\/div>\r\n    <\/div>\r\n    <div class=\"faq-item\">\r\n        <div class=\"faq-question\">Nh\u1eefng c\u00f4ng c\u1ee5 giao d\u1ecbch n\u00e0o c\u00f3 s\u1eb5n tr\u00ean MT5?<\/div>\r\n        <div class=\"faq-answer\">\r\n            <p>MT5 h\u1ed7 tr\u1ee3 Forex, CFD tr\u00ean c\u1ed5 phi\u1ebfu, ch\u1ec9 s\u1ed1, h\u00e0ng h\u00f3a v\u00e0 ti\u1ec1n \u0111i\u1ec7n t\u1eed, cung c\u1ea5p m\u00f4i tr\u01b0\u1eddng giao d\u1ecbch \u0111a t\u00e0i s\u1ea3n.<\/p>\r\n        <\/div>\r\n    <\/div>\r\n    <div class=\"faq-item\">\r\n        <div class=\"faq-question\">T\u00f4i c\u00f3 th\u1ec3 s\u1eed d\u1ee5ng MT5 cho c\u00e1c chi\u1ebfn l\u01b0\u1ee3c giao d\u1ecbch t\u1ef1 \u0111\u1ed9ng kh\u00f4ng?<\/div>\r\n        <div class=\"faq-answer\">\r\n            <p>C\u00f3, MT5 h\u1ed7 tr\u1ee3 giao d\u1ecbch t\u1ef1 \u0111\u1ed9ng th\u00f4ng qua chuy\u00ean gia t\u01b0 v\u1ea5n (EAS) v\u00e0 c\u00e1c ch\u1ec9 s\u1ed1 t\u00f9y ch\u1ec9nh \u0111\u01b0\u1ee3c ph\u00e1t tri\u1ec3n trong MQL5.<\/p>\r\n        <\/div>\r\n    <\/div>\r\n\r\n    <a href=\"https:\/\/one.justmarkets.link\/a\/t11xd0xwgz\/trading-platforms\/mt5-pc\" class=\"cta-button\" target=\"_blank\" rel=\"noopener\">T\u1ea3i xu\u1ed1ng MT5 v\u00e0 b\u1eaft \u0111\u1ea7u giao d\u1ecbch<\/a>\r\n<\/main>\r\n<\/body>\r\n<\/html>\r\n\r\n \r\n\t\t\t\t<\/div>\n\t\t\t\t\t<\/div>\n\t\t\t\t<\/div>\n\t\t\t\t<\/div>","protected":false},"excerpt":{"rendered":"<p>&nbsp; &nbsp; &nbsp; JustMarkets MetaTrader 5 (MT5) Guide Welcome to the comprehensive guide on JustMarkets MetaTrader 5 (MT5). This guide [&hellip;]<\/p>\n","protected":false},"author":1,"featured_media":0,"parent":0,"menu_order":0,"comment_status":"closed","ping_status":"closed","template":"elementor_header_footer","meta":{"site-sidebar-layout":"no-sidebar","site-content-layout":"","ast-site-content-layout":"full-width-container","site-content-style":"default","site-sidebar-style":"default","ast-global-header-display":"","ast-banner-title-visibility":"","ast-main-header-display":"","ast-hfb-above-header-display":"","ast-hfb-below-header-display":"","ast-hfb-mobile-header-display":"","site-post-title":"","ast-breadcrumbs-content":"","ast-featured-img":"disabled","footer-sml-layout":"","ast-disable-related-posts":"","theme-transparent-header-meta":"default","adv-header-id-meta":"","stick-header-meta":"","header-above-stick-meta":"","header-main-stick-meta":"","header-below-stick-meta":"","astra-migrate-meta-layouts":"set","ast-page-background-enabled":"default","ast-page-background-meta":{"desktop":{"background-color":"var(--ast-global-color-5)","background-image":"","background-repeat":"repeat","background-position":"center center","background-size":"auto","background-attachment":"scroll","background-type":"","background-media":"","overlay-type":"","overlay-color":"","overlay-opacity":"","overlay-gradient":""},"tablet":{"background-color":"","background-image":"","background-repeat":"repeat","background-position":"center center","background-size":"auto","background-attachment":"scroll","background-type":"","background-media":"","overlay-type":"","overlay-color":"","overlay-opacity":"","overlay-gradient":""},"mobile":{"background-color":"","background-image":"","background-repeat":"repeat","background-position":"center center","background-size":"auto","background-attachment":"scroll","background-type":"","background-media":"","overlay-type":"","overlay-color":"","overlay-opacity":"","overlay-gradient":""}},"ast-content-background-meta":{"desktop":{"background-color":"var(--ast-global-color-4)","background-image":"","background-repeat":"repeat","background-position":"center center","background-size":"auto","background-attachment":"scroll","background-type":"","background-media":"","overlay-type":"","overlay-color":"","overlay-opacity":"","overlay-gradient":""},"tablet":{"background-color":"var(--ast-global-color-4)","background-image":"","background-repeat":"repeat","background-position":"center center","background-size":"auto","background-attachment":"scroll","background-type":"","background-media":"","overlay-type":"","overlay-color":"","overlay-opacity":"","overlay-gradient":""},"mobile":{"background-color":"var(--ast-global-color-4)","background-image":"","background-repeat":"repeat","background-position":"center center","background-size":"auto","background-attachment":"scroll","background-type":"","background-media":"","overlay-type":"","overlay-color":"","overlay-opacity":"","overlay-gradient":""}},"footnotes":""},"class_list":["post-550","page","type-page","status-publish","hentry"],"_links":{"self":[{"href":"https:\/\/trustedfxglobal.com\/vi\/wp-json\/wp\/v2\/pages\/550","targetHints":{"allow":["GET"]}}],"collection":[{"href":"https:\/\/trustedfxglobal.com\/vi\/wp-json\/wp\/v2\/pages"}],"about":[{"href":"https:\/\/trustedfxglobal.com\/vi\/wp-json\/wp\/v2\/types\/page"}],"author":[{"embeddable":true,"href":"https:\/\/trustedfxglobal.com\/vi\/wp-json\/wp\/v2\/users\/1"}],"replies":[{"embeddable":true,"href":"https:\/\/trustedfxglobal.com\/vi\/wp-json\/wp\/v2\/comments?post=550"}],"version-history":[{"count":5,"href":"https:\/\/trustedfxglobal.com\/vi\/wp-json\/wp\/v2\/pages\/550\/revisions"}],"predecessor-version":[{"id":556,"href":"https:\/\/trustedfxglobal.com\/vi\/wp-json\/wp\/v2\/pages\/550\/revisions\/556"}],"wp:attachment":[{"href":"https:\/\/trustedfxglobal.com\/vi\/wp-json\/wp\/v2\/media?parent=550"}],"curies":[{"name":"wp","href":"https:\/\/api.w.org\/{rel}","templated":true}]}}