{"id":511,"date":"2025-09-23T18:43:05","date_gmt":"2025-09-23T18:43:05","guid":{"rendered":"https:\/\/trustedfxglobal.com\/?page_id=511"},"modified":"2025-09-23T18:45:51","modified_gmt":"2025-09-23T18:45:51","slug":"justmarkets-deposit-withdrawal-guide","status":"publish","type":"page","link":"https:\/\/trustedfxglobal.com\/vi\/justmarkets-deposit-withdrawal-guide\/","title":{"rendered":"JustMarkets Deposit and Withdrawal Guide: Methods, Fees, and FAQs"},"content":{"rendered":"<div data-elementor-type=\"wp-page\" data-elementor-id=\"511\" class=\"elementor elementor-511\">\n\t\t\t\t<div class=\"elementor-element elementor-element-3fa5858 e-flex e-con-boxed e-con e-parent\" data-id=\"3fa5858\" data-element_type=\"container\" data-e-type=\"container\">\n\t\t\t\t\t<div class=\"e-con-inner\">\n\t\t\t\t<div class=\"elementor-element elementor-element-1e04ae7 elementor-widget elementor-widget-html\" data-id=\"1e04ae7\" data-element_type=\"widget\" data-e-type=\"widget\" data-widget_type=\"html.default\">\n\t\t\t\t\t<!DOCTYPE html>\r\n<html lang=\"en\">\r\n<head>\r\n<meta charset=\"UTF-8\">\r\n<meta name=\"viewport\" content=\"width=device-width, initial-scale=1.0\">\r\n<meta name=\"title\" content=\"JustMarkets Deposit and Withdrawal Guide: Methods, Fees, and FAQs\">\r\n<meta name=\"description\" content=\"Learn everything about JustMarkets deposit and withdrawal process. Step-by-step guide, supported methods, fees, processing times, security measures, and FAQs.\">\r\n<meta name=\"keywords\" content=\"JustMarkets deposit, JustMarkets withdrawal, JustMarkets funding, deposit methods, withdrawal fees, forex deposit withdrawal\">\r\n<title>JustMarkets Deposit and Withdrawal Guide: Methods, Fees, and FAQs<\/title>\r\n<style>\r\nbody {font-family:'Segoe UI', Tahoma, Geneva, Verdana, sans-serif; margin:0; padding:0; background:#f4f6f8; color:#333;}\r\nmain {max-width:1200px; margin:30px auto; padding:30px; background:#ffffff; border-radius:12px; box-shadow:0 5px 25px rgba(0,0,0,0.08);}\r\nh1,h2,h3 {margin-top:30px;}\r\nh1 {color:#003366; font-size:2.5em;}\r\nh2 {color:#003366; font-size:2em;}\r\nh3 {color:#333333; font-size:1.5em;}\r\np, li {line-height:1.8;}\r\nul, ol {padding-left:20px;}\r\ntable {width:100%; border-collapse:collapse; margin:20px 0;}\r\ntable, th, td {border:1px solid #ccc;}\r\nth, td {padding:12px; text-align:left;}\r\na.cta-button {display:inline-block; background:#003366; color:#ffffff; padding:14px 28px; border-radius:8px; font-weight:bold; text-decoration:none; transition:0.3s; margin-top:15px; box-shadow:0 5px 15px rgba(0,51,102,0.4);}\r\na.cta-button:hover {background:#0077cc; transform:translateY(-2px);}\r\n.faq-item {margin-bottom:25px;}\r\n.faq-question {font-weight:bold; color:#003366; cursor:pointer; padding:10px; background:#e6f0fa; border-radius:6px;}\r\n.faq-answer {margin-top:8px; padding-left:15px; display:none; color:#333;}\r\n@media(max-width:768px){h1{font-size:2em;} h2{font-size:1.5em;}}\r\n<\/style>\r\n<script>\r\ndocument.addEventListener('DOMContentLoaded', function(){\r\n    const items = document.querySelectorAll('.faq-question');\r\n    items.forEach(item=>{\r\n        item.addEventListener('click', ()=>{\r\n            const ans = item.nextElementSibling;\r\n            ans.style.display = (ans.style.display==='block')?'none':'block';\r\n        });\r\n    });\r\n});\r\n<\/script>\r\n<\/head>\r\n<body>\r\n<main>\r\n<h1>JustMarkets Deposit and Withdrawal Guide: Methods, Fees, and FAQs<\/h1>\r\n\r\n<!-- Table of Contents -->\r\n<section id=\"table-of-contents\">\r\n<h2>M\u1ee5c l\u1ee5c<\/h2>\r\n<ol>\r\n<li><a href=\"#introduction\">Introduction to JustMarkets Deposit and Withdrawal<\/a><\/li>\r\n<li><a href=\"#payment-methods\">Supported Payment Methods<\/a><\/li>\r\n<li><a href=\"#deposit-process\">Deposit Process<\/a><\/li>\r\n<li><a href=\"#withdrawal-process\">Quy tr\u00ecnh r\u00fat ti\u1ec1n<\/a><\/li>\r\n<li><a href=\"#fees\">Fees and Charges<\/a><\/li>\r\n<li><a href=\"#processing-times\">Th\u1eddi gian x\u1eed l\u00fd<\/a><\/li>\r\n<li><a href=\"#security\">bi\u1ec7n ph\u00e1p an ninh<\/a><\/li>\r\n<li><a href=\"#troubleshooting\">C\u00e1c v\u1ea5n \u0111\u1ec1 ph\u1ed5 bi\u1ebfn v\u00e0 kh\u1eafc ph\u1ee5c s\u1ef1 c\u1ed1<\/a><\/li>\r\n<li><a href=\"#faq\">C\u00e2u h\u1ecfi th\u01b0\u1eddng g\u1eb7p<\/a><\/li>\r\n<\/ol>\r\n<\/section>\r\n\r\n<!-- Introduction -->\r\n<section id=\"introduction\">\r\n<h2>Introduction to JustMarkets Deposit and Withdrawal<\/h2>\r\n<p>JustMarkets provides multiple options for depositing and withdrawing funds, ensuring flexibility and convenience for traders worldwide. Understanding the deposit and withdrawal processes is key to efficiently managing your trading capital.<\/p>\r\n<a class=\"cta-button\" href=\"https:\/\/one.justmarkets.link\/a\/t11xd0xwgz\/trading\/deposit-withdrawal\" target=\"_blank\" rel=\"noopener\">Deposit or Withdraw Now<\/a>\r\n<\/section>\r\n\r\n<!-- Payment Methods -->\r\n<section id=\"payment-methods\">\r\n<h2>Supported Payment Methods<\/h2>\r\n<h3>th\u1ebb ng\u00e2n h\u00e0ng<\/h3>\r\n<p>Visa and Mastercard are accepted for deposits. Deposits are processed instantly, but withdrawals via bank cards are not supported.<\/p>\r\n\r\n<h3>V\u00ed \u0111i\u1ec7n t\u1eed<\/h3>\r\n<p>Supported e-wallets include Skrill, Neteller, Sticpay, and AirTM. Deposits are instant, and withdrawals are usually processed within 2 hours.<\/p>\r\n\r\n<h3>ti\u1ec1n \u0111i\u1ec7n t\u1eed<\/h3>\r\n<p>JustMarkets supports USDT, BTC, ETH, USDC, TRX, DOGE, XRP, BCH, and LTC. Deposit and withdrawal times range from instant to 2 hours.<\/p>\r\n\r\n<h3>Chuy\u1ec3n kho\u1ea3n<\/h3>\r\n<p>Bank wire transfers are accepted with processing times from instant to 1 business day.<\/p>\r\n\r\n<h3>H\u1ec7 th\u1ed1ng thanh to\u00e1n \u0111\u1ecba ph\u01b0\u01a1ng<\/h3>\r\n<p>Payment solutions such as Peter Wagih and FX Magician are available in selected regions. Deposits and withdrawals can take up to 24 hours.<\/p>\r\n<a class=\"cta-button\" href=\"https:\/\/one.justmarkets.link\/a\/t11xd0xwgz\/trading\/deposit-withdrawal\" target=\"_blank\" rel=\"noopener\">B\u1eaft \u0111\u1ea7u c\u1ea5p v\u1ed1n cho t\u00e0i kho\u1ea3n c\u1ee7a b\u1ea1n<\/a>\r\n<\/section>\r\n\r\n<!-- Deposit Process -->\r\n<section id=\"deposit-process\">\r\n<h2>Deposit Process: Step-by-Step<\/h2>\r\n<ol>\r\n<li>\u0110\u0103ng nh\u1eadp v\u00e0o t\u00e0i kho\u1ea3n JustMarkets c\u1ee7a b\u1ea1n.<\/li>\r\n<li>\u0111i t\u1edbi <strong>T\u00e0i tr\u1ee3&gt; Ti\u1ec1n g\u1eedi<\/strong>.<\/li>\r\n<li>Select your preferred payment method.<\/li>\r\n<li>Nh\u1eadp s\u1ed1 ti\u1ec1n \u0111\u1eb7t c\u1ecdc.<\/li>\r\n<li>Cung c\u1ea5p chi ti\u1ebft thanh to\u00e1n c\u1ea7n thi\u1ebft.<\/li>\r\n<li>X\u00e1c nh\u1eadn giao d\u1ecbch.<\/li>\r\n<\/ol>\r\n<p>Deposits are usually processed instantly. Any delay is often due to the payment provider.<\/p>\r\n<a class=\"cta-button\" href=\"https:\/\/one.justmarkets.link\/a\/t11xd0xwgz\/trading\/deposit-withdrawal\" target=\"_blank\" rel=\"noopener\">\u0110\u1eb7t c\u1ecdc<\/a>\r\n<\/section>\r\n\r\n<!-- Withdrawal Process -->\r\n<section id=\"withdrawal-process\">\r\n<h2>Withdrawal Process: Step-by-Step<\/h2>\r\n<ol>\r\n<li>\u0110\u0103ng nh\u1eadp v\u00e0o t\u00e0i kho\u1ea3n JustMarkets c\u1ee7a b\u1ea1n.<\/li>\r\n<li>\u0111i\u1ec1u h\u01b0\u1edbng \u0111\u1ebfn <strong>T\u00e0i tr\u1ee3&gt; R\u00fat ti\u1ec1n<\/strong>.<\/li>\r\n<li>Ch\u1ecdn t\u00e0i kho\u1ea3n giao d\u1ecbch \u0111\u1ec3 r\u00fat ti\u1ec1n.<\/li>\r\n<li>Ch\u1ecdn ph\u01b0\u01a1ng th\u1ee9c r\u00fat ti\u1ec1n c\u1ee7a b\u1ea1n.<\/li>\r\n<li>nh\u1eadp s\u1ed1 ti\u1ec1n r\u00fat ti\u1ec1n.<\/li>\r\n<li>X\u00e1c nh\u1eadn giao d\u1ecbch.<\/li>\r\n<\/ol>\r\n<p>Withdrawals are processed by JustMarkets' Finance Team. Processing times depend on the selected payment method.<\/p>\r\n<a class=\"cta-button\" href=\"https:\/\/one.justmarkets.link\/a\/t11xd0xwgz\/trading\/deposit-withdrawal\" target=\"_blank\" rel=\"noopener\">R\u00fat ti\u1ec1n<\/a>\r\n<\/section>\r\n\r\n<!-- Fees -->\r\n<section id=\"fees\">\r\n<h2>Fees and Charges<\/h2>\r\n<ul>\r\n<li>JustMarkets does not charge fees for deposits or withdrawals.<\/li>\r\n<li>Third-party payment providers may apply their own fees.<\/li>\r\n<li>Always verify fees with your payment provider before initiating a transaction.<\/li>\r\n<\/ul>\r\n<a class=\"cta-button\" href=\"https:\/\/one.justmarkets.link\/a\/t11xd0xwgz\/trading\/deposit-withdrawal\" target=\"_blank\" rel=\"noopener\">Check Payment Fees<\/a>\r\n<\/section>\r\n\r\n<!-- Processing Times -->\r\n<section id=\"processing-times\">\r\n<h2>Th\u1eddi gian x\u1eed l\u00fd<\/h2>\r\n<table>\r\n<tr>\r\n<th>Ph\u01b0\u01a1ng th\u1ee9c thanh to\u00e1n<\/th>\r\n<th>Deposit Time<\/th>\r\n<th>Th\u1eddi gian r\u00fat ti\u1ec1n<\/th>\r\n<\/tr>\r\n<tr>\r\n<td>th\u1ebb ng\u00e2n h\u00e0ng<\/td>\r\n<td>c\u1ea5p b\u00e1ch<\/td>\r\n<td>Not supported<\/td>\r\n<\/tr>\r\n<tr>\r\n<td>V\u00ed \u0111i\u1ec7n t\u1eed<\/td>\r\n<td>c\u1ea5p b\u00e1ch<\/td>\r\n<td>t\u1ee9c th\u00ec \u0111\u1ebfn 2 gi\u1edd<\/td>\r\n<\/tr>\r\n<tr>\r\n<td>ti\u1ec1n \u0111i\u1ec7n t\u1eed<\/td>\r\n<td>Instant to 30 min<\/td>\r\n<td>t\u1ee9c th\u00ec \u0111\u1ebfn 2 gi\u1edd<\/td>\r\n<\/tr>\r\n<tr>\r\n<td>Chuy\u1ec3n kho\u1ea3n<\/td>\r\n<td>t\u1ee9c th\u00ec cho 1 ng\u00e0y l\u00e0m vi\u1ec7c<\/td>\r\n<td>t\u1ee9c th\u00ec cho 1 ng\u00e0y l\u00e0m vi\u1ec7c<\/td>\r\n<\/tr>\r\n<tr>\r\n<td>Thanh to\u00e1n \u0111\u1ecba ph\u01b0\u01a1ng<\/td>\r\n<td>t\u1ee9c th\u00ec \u0111\u1ebfn 24 gi\u1edd<\/td>\r\n<td>t\u1ee9c th\u00ec \u0111\u1ebfn 24 gi\u1edd<\/td>\r\n<\/tr>\r\n<\/table>\r\n<a class=\"cta-button\" href=\"https:\/\/one.justmarkets.link\/a\/t11xd0xwgz\/trading\/deposit-withdrawal\" target=\"_blank\" rel=\"noopener\">View Payment Times<\/a>\r\n<\/section>\r\n\r\n<!-- Security -->\r\n<section id=\"security\">\r\n<h2>bi\u1ec7n ph\u00e1p an ninh<\/h2>\r\n<ul>\r\n<li>Two-Factor Authentication (2FA) for added account protection<\/li>\r\n<li>M\u00e3 h\u00f3a SSL \u0111\u1ec3 giao ti\u1ebfp an to\u00e0n<\/li>\r\n<li>C\u00e1c kho\u1ea3n ti\u1ec1n kh\u00e1ch h\u00e0ng t\u00e1ch bi\u1ec7t \u0111\u1ec3 \u0111\u1ea3m b\u1ea3o an to\u00e0n<\/li>\r\n<li>Compliance with Anti-Money Laundering (AML) policies<\/li>\r\n<\/ul>\r\n<a class=\"cta-button\" href=\"https:\/\/one.justmarkets.link\/a\/t11xd0xwgz\/trading\/deposit-withdrawal\" target=\"_blank\" rel=\"noopener\">B\u1ea3o m\u1eadt t\u00e0i kho\u1ea3n c\u1ee7a b\u1ea1n<\/a>\r\n<\/section>\r\n\r\n<!-- Troubleshooting -->\r\n<section id=\"troubleshooting\">\r\n<h2>C\u00e1c v\u1ea5n \u0111\u1ec1 ph\u1ed5 bi\u1ebfn v\u00e0 kh\u1eafc ph\u1ee5c s\u1ef1 c\u1ed1<\/h2>\r\n<ul>\r\n<li>Delayed deposits \u2013 check with your payment provider.<\/li>\r\n<li>Withdrawal not processed \u2013 ensure account is verified.<\/li>\r\n<li>Payment method restrictions \u2013 not all methods are available in every country.<\/li>\r\n<li>Platform errors \u2013 ensure the latest version of MT4\/MT5 or mobile app is used.<\/li>\r\n<\/ul>\r\n<a class=\"cta-button\" href=\"https:\/\/one.justmarkets.link\/a\/t11xd0xwgz\/trading\/deposit-withdrawal\" target=\"_blank\" rel=\"noopener\">Nh\u1eadn h\u1ed7 tr\u1ee3<\/a>\r\n<\/section>\r\n\r\n<!-- FAQ -->\r\n<section id=\"faq\">\r\n<h2>C\u00e2u h\u1ecfi th\u01b0\u1eddng g\u1eb7p<\/h2>\r\n<div class=\"faq-item\">\r\n<div class=\"faq-question\">What is the minimum deposit?<\/div>\r\n<div class=\"faq-answer\">The minimum deposit depends on the account type: Standard: $10, Pro: $200, Raw Spread: $200.<\/div>\r\n<\/div>\r\n<div class=\"faq-item\">\r\n<div class=\"faq-question\">Are there any fees for deposits or withdrawals?<\/div>\r\n<div class=\"faq-answer\">JustMarkets does not charge fees, but third-party payment providers may apply charges.<\/div>\r\n<\/div>\r\n<div class=\"faq-item\">\r\n<div class=\"faq-question\">How long do withdrawals take?<\/div>\r\n<div class=\"faq-answer\">Withdrawals depend on the payment method: E-wallets: Instant to 2 hours, Cryptocurrencies: Instant to 2 hours, Wire transfers: 1 business day, Local payments: Instant to 24 hours.<\/div>\r\n<\/div>\r\n<div class=\"faq-item\">\r\n<div class=\"faq-question\">Can I use a third-party payment method?<\/div>\r\n<div class=\"faq-answer\">No, only payment methods registered under your name are accepted for deposits and withdrawals.<\/div>\r\n<\/div>\r\n<\/section>\r\n\r\n<a class=\"cta-button\" href=\"https:\/\/one.justmarkets.link\/a\/t11xd0xwgz\/trading\/deposit-withdrawal\" target=\"_blank\" rel=\"noopener\">Deposit or Withdraw Now<\/a>\r\n\r\n<\/main>\r\n<\/body>\r\n<\/html>\r\n\t\t\t\t<\/div>\n\t\t\t\t\t<\/div>\n\t\t\t\t<\/div>\n\t\t\t\t<\/div>","protected":false},"excerpt":{"rendered":"<p>&nbsp; &nbsp; &nbsp; JustMarkets Deposit and Withdrawal Guide: Methods, Fees, and FAQs Table of Contents Introduction to JustMarkets Deposit and [&hellip;]<\/p>\n","protected":false},"author":1,"featured_media":0,"parent":0,"menu_order":0,"comment_status":"closed","ping_status":"closed","template":"elementor_header_footer","meta":{"site-sidebar-layout":"no-sidebar","site-content-layout":"","ast-site-content-layout":"full-width-container","site-content-style":"default","site-sidebar-style":"default","ast-global-header-display":"","ast-banner-title-visibility":"","ast-main-header-display":"","ast-hfb-above-header-display":"","ast-hfb-below-header-display":"","ast-hfb-mobile-header-display":"","site-post-title":"","ast-breadcrumbs-content":"","ast-featured-img":"disabled","footer-sml-layout":"","ast-disable-related-posts":"","theme-transparent-header-meta":"default","adv-header-id-meta":"","stick-header-meta":"","header-above-stick-meta":"","header-main-stick-meta":"","header-below-stick-meta":"","astra-migrate-meta-layouts":"set","ast-page-background-enabled":"default","ast-page-background-meta":{"desktop":{"background-color":"var(--ast-global-color-5)","background-image":"","background-repeat":"repeat","background-position":"center center","background-size":"auto","background-attachment":"scroll","background-type":"","background-media":"","overlay-type":"","overlay-color":"","overlay-opacity":"","overlay-gradient":""},"tablet":{"background-color":"","background-image":"","background-repeat":"repeat","background-position":"center center","background-size":"auto","background-attachment":"scroll","background-type":"","background-media":"","overlay-type":"","overlay-color":"","overlay-opacity":"","overlay-gradient":""},"mobile":{"background-color":"","background-image":"","background-repeat":"repeat","background-position":"center center","background-size":"auto","background-attachment":"scroll","background-type":"","background-media":"","overlay-type":"","overlay-color":"","overlay-opacity":"","overlay-gradient":""}},"ast-content-background-meta":{"desktop":{"background-color":"var(--ast-global-color-4)","background-image":"","background-repeat":"repeat","background-position":"center center","background-size":"auto","background-attachment":"scroll","background-type":"","background-media":"","overlay-type":"","overlay-color":"","overlay-opacity":"","overlay-gradient":""},"tablet":{"background-color":"var(--ast-global-color-4)","background-image":"","background-repeat":"repeat","background-position":"center center","background-size":"auto","background-attachment":"scroll","background-type":"","background-media":"","overlay-type":"","overlay-color":"","overlay-opacity":"","overlay-gradient":""},"mobile":{"background-color":"var(--ast-global-color-4)","background-image":"","background-repeat":"repeat","background-position":"center center","background-size":"auto","background-attachment":"scroll","background-type":"","background-media":"","overlay-type":"","overlay-color":"","overlay-opacity":"","overlay-gradient":""}},"footnotes":""},"class_list":["post-511","page","type-page","status-publish","hentry"],"_links":{"self":[{"href":"https:\/\/trustedfxglobal.com\/vi\/wp-json\/wp\/v2\/pages\/511","targetHints":{"allow":["GET"]}}],"collection":[{"href":"https:\/\/trustedfxglobal.com\/vi\/wp-json\/wp\/v2\/pages"}],"about":[{"href":"https:\/\/trustedfxglobal.com\/vi\/wp-json\/wp\/v2\/types\/page"}],"author":[{"embeddable":true,"href":"https:\/\/trustedfxglobal.com\/vi\/wp-json\/wp\/v2\/users\/1"}],"replies":[{"embeddable":true,"href":"https:\/\/trustedfxglobal.com\/vi\/wp-json\/wp\/v2\/comments?post=511"}],"version-history":[{"count":5,"href":"https:\/\/trustedfxglobal.com\/vi\/wp-json\/wp\/v2\/pages\/511\/revisions"}],"predecessor-version":[{"id":517,"href":"https:\/\/trustedfxglobal.com\/vi\/wp-json\/wp\/v2\/pages\/511\/revisions\/517"}],"wp:attachment":[{"href":"https:\/\/trustedfxglobal.com\/vi\/wp-json\/wp\/v2\/media?parent=511"}],"curies":[{"name":"wp","href":"https:\/\/api.w.org\/{rel}","templated":true}]}}