{"id":345,"date":"2025-09-05T19:20:25","date_gmt":"2025-09-05T19:20:25","guid":{"rendered":"https:\/\/trustedfxglobal.com\/?page_id=345"},"modified":"2025-09-21T07:32:43","modified_gmt":"2025-09-21T07:32:43","slug":"chi-thi-truong-toan-cau-indonesia","status":"publish","type":"page","link":"https:\/\/trustedfxglobal.com\/vi\/just-global-markets-indonesia\/","title":{"rendered":"Just Markets Indonesia: M\u00f4i gi\u1edbi Global Untuk Forex, Saham, Dan Crypto"},"content":{"rendered":"<div data-elementor-type=\"wp-page\" data-elementor-id=\"345\" class=\"elementor elementor-345\">\n\t\t\t\t<div class=\"elementor-element elementor-element-f468bcc e-flex e-con-boxed e-con e-parent\" data-id=\"f468bcc\" data-element_type=\"container\" data-e-type=\"container\">\n\t\t\t\t\t<div class=\"e-con-inner\">\n\t\t\t\t<div class=\"elementor-element elementor-element-db35c84 elementor-widget elementor-widget-html\" data-id=\"db35c84\" data-element_type=\"widget\" data-e-type=\"widget\" data-widget_type=\"html.default\">\n\t\t\t\t\t<!DOCTYPE html>\r\n<html lang=\"id\">\r\n<head>\r\n<meta charset=\"UTF-8\">\r\n<meta name=\"viewport\" content=\"width=device-width, initial-scale=1.0\">\r\n<title>Nh\u00e0 m\u00f4i gi\u1edbi to\u00e0n c\u1ea7u JustMarkets - Giao d\u1ecbch Forex, Crypto &amp; Saham<\/title>\r\n<meta name=\"description\" content=\"Perdagangkan Forex, Saham, Komoditas, Dan Crypto Dengan JustMarkets. Nikmati tr\u1ea3i Rendah Mulai Dari 0.0 pips, \u0111\u00f2n b\u1ea9y Hingga 1: 3000, N\u1ea1p &amp; R\u00fat ti\u1ec1n Cepat, Dan Dukungan 24\/7. Buka Akun Anda Sekarang.\">\r\n<link rel=\"stylesheet\" href=\"https:\/\/cdnjs.cloudflare.com\/ajax\/libs\/font-awesome\/6.4.0\/css\/all.min.css\">\r\n<link rel=\"stylesheet\" href=\"https:\/\/cdnjs.cloudflare.com\/ajax\/libs\/aos\/2.3.4\/aos.css\">\r\n<style>\r\nbody {margin:0;font-family:Arial,sans-serif;line-height:1.6;color:#333;}\r\nsection {padding:80px 20px;}\r\nh1,h2 {margin-bottom:20px;}\r\nh2 {font-size:2.5rem;color:#007bff;}\r\np {font-size:1.05rem;}\r\na.cta {display:inline-block;padding:16px 40px;background:#fff;color:#007bff;border-radius:30px;margin-top:25px;font-weight:600;text-decoration:none;transition:0.3s;}\r\na.cta:hover {background:#0056b3;color:#fff;}\r\n.flex-container {display:flex;flex-wrap:wrap;gap:25px;justify-content:center;margin-top:50px;}\r\n.card {flex:1 1 240px;max-width:240px;background:#fff;padding:30px;border-radius:20px;box-shadow:0 6px 20px rgba(0,0,0,0.08);text-align:center;}\r\n.card i {font-size:50px;color:#007bff;margin-bottom:15px;}\r\nfooter {background:#007bff;color:#fff;padding:40px 20px;text-align:center;}\r\n\r\n\/* Hero Section *\/\r\n#hero div {\r\n  background: rgba(0,0,0,0.5);\r\n  padding: 50px;\r\n  border-radius: 20px;\r\n  text-align:center;\r\n}\r\n#hero h1 {\r\n  font-size: clamp(1.5rem,5vw,3rem);\r\n  line-height:1.2;\r\n  margin-bottom:20px;\r\n}\r\n#hero p {\r\n  font-size: clamp(0.9rem,2.5vw,1.1rem);\r\n  margin-bottom:15px;\r\n}\r\n\r\n\/* Mobile adjustments *\/\r\n@media(max-width:768px){\r\n  #hero div {padding:30px 20px;}\r\n  .flex-container{flex-direction:column;gap:20px;}\r\n  ul li {text-align:left;margin-bottom:15px;}\r\n}\r\n<\/style>\r\n<\/head>\r\n<body>\r\n\r\n<!-- Hero Section -->\r\n<section id=\"hero\" style=\"position:relative;overflow:hidden;height:90vh;background:#007bff url('https:\/\/i.ibb.co\/3sZ9XKf\/hero-bg.jpg') center\/cover no-repeat fixed;display:flex;align-items:center;justify-content:center;color:#fff;\">\r\n  <div data-aos=\"fade-up\" data-aos-duration=\"1500\">\r\n    <h1>Mulai giao d\u1ecbch Dengan JustMarkets: Nh\u00e0 m\u00f4i gi\u1edbi Global Untuk Forex, Saham, Dan Crypto<\/h1>\r\n    <p>JustMarkets Adalah N\u1ec1n t\u1ea3ng Giao d\u1ecbch To\u00e0n c\u1ea7u Yang Teregulasi, Menyediakan Akses Ke Forex, Komoditas, Indeks, Dan Cryptocurrency. NIKMATi tr\u1ea3i r\u1ed9ng si\u00eau Rendah mulai dari 0.0 pip, \u0111\u00f2n b\u1ea9y Hingga 1: 3000, serta g\u1eedi ti\u1ec1n &amp; r\u00fat ti\u1ec1n cepat.<\/p>\r\n    <p>Baik Pemula Maupun Trader Profesional Dapat Meggunakan Alat Canggih Dan Dukungan 24\/7 Untuk Trading Dengan Percaya Diri.<\/p>\r\n    <a href=\"https:\/\/one.justmarkets.link\/a\/t11xd0xwgz\/registration\/trader\/\" target=\"_blank\" class=\"cta\" rel=\"noopener\">buka akun<\/a>\r\n  <\/div>\r\n<\/section>\r\n\r\n<!-- Why Choose JustMarkets -->\r\n<section id=\"why-choose\" style=\"background:#f9faff;\">\r\n  <div style=\"max-width:1200px;margin:0 auto;text-align:center;\">\r\n    <h2 data-aos=\"fade-right\">Megapa Memilih Justmarkets?<\/h2>\r\n    <p data-aos=\"fade-right\" data-aos-delay=\"100\">Justmarkets Menyediakan Lingkungan giao d\u1ecbch Yang Aman Dan Profesional. Nikmati Eksekusi Cepat, Kondisi trading transparan, Dan Akses Ke Berbagai Instrumen. Teknologi Canggih Dan Dukungan Multi-Bahasa 24\/7 Membantu Trader Mencapai Tujuan Finansial Dengan Efektif.<\/p>\r\n    <div class=\"flex-container\">\r\n      <div class=\"card\" data-aos=\"zoom-in\"><i class=\"fas fa-chart-line fa-bounce\"><\/i><h3>lan t\u1ecfa rendah<\/h3><p>Giao d\u1ecbch Dengan Spread Ultra-Rendah Mulai Dari 0.0 pips Untuk Memaksimalkan l\u1ee3i nhu\u1eadn.<\/p><\/div>\r\n      <div class=\"card\" data-aos=\"zoom-in\" data-aos-delay=\"100\"><i class=\"fas fa-bolt fa-flash\"><\/i><h3>\u0110\u00f2n b\u1ea9y Tinggi<\/h3><p>\u0110\u00f2n b\u1ea9y Hingga 1: 3000 Untuk Meningkatkan Potensi Giao d\u1ecbch Dengan Manajemen Risiko Efektif.<\/p><\/div>\r\n      <div class=\"card\" data-aos=\"zoom-in\" data-aos-delay=\"200\"><i class=\"fas fa-credit-card fa-spin\"><\/i><h3>N\u1ea1p v\u00e0 r\u00fat ti\u1ec1n<\/h3><p>Ti\u1ec1n g\u1eedi Dan r\u00fat cepat melalui berbagai Metode aman termasuk v\u00ed \u0111i\u1ec7n t\u1eed dan.<\/p><\/div>\r\n      <div class=\"card\" data-aos=\"zoom-in\" data-aos-delay=\"300\"><i class=\"fas fa-headset fa-shake\"><\/i><h3>Dukungan 24\/7<\/h3><p>Dukungan Profesional Tersedia 24\/7 Untuk Menjawab Pertanyaan Dan Membantu Trading.<\/p><\/div>\r\n    <\/div>\r\n  <\/div>\r\n<\/section>\r\n\r\n<!-- Account Types -->\r\n<section id=\"account-types\">\r\n  <div style=\"max-width:1200px;margin:0 auto;text-align:center;\">\r\n    <h2 data-aos=\"fade-left\">Pilih Jenis Akun Yang Tepat<\/h2>\r\n    <p data-aos=\"fade-left\" data-aos-delay=\"100\">JustMarkets Menawarkan Jenis Akun untuk Pemula Dan Trader Profesional. Pilih Akun Yang Sesuai Gaya Trading, Tujuan, Dan Instrumen anda.<\/p>\r\n    <div class=\"flex-container\">\r\n      <div class=\"card\" data-aos=\"flip-left\"><i class=\"fas fa-coins fa-beat\"><\/i><h3>xu chu\u1ea9n<\/h3><p>Cocok untuk pemula: vi-l\u00f4, ti\u1ec1n g\u1eedi $10, lan dari 0,3 pips, \u0111\u00f2n b\u1ea9y 1: 3000, Opsi Akun Islami.<\/p><\/div>\r\n      <div class=\"card\" data-aos=\"flip-left\" data-aos-delay=\"100\"><i class=\"fas fa-dollar-sign fa-bounce\"><\/i><h3>s\u1ef1 chu\u1ea9n<\/h3><p>Trader Retail: Ti\u1ec1n g\u1eedi $10, MT4 \/ MT5, Spread 0,3 pips, \u0110\u00f2n b\u1ea9y 1: 3000, Opsi Akun Islami TERSEdia.<\/p><\/div>\r\n      <div class=\"card\" data-aos=\"flip-left\" data-aos-delay=\"200\"><i class=\"fas fa-chart-bar fa-flash\"><\/i><h3>theo h\u00ecnh th\u1ee9c<\/h3><p>Trader Profesional: ti\u1ec1n g\u1eedi $200, tr\u1ea3i Dari 0,1 pips, MT4 \/ MT5, \u0111\u00f2n b\u1ea9y 1: 3000, Opsi Akun Islami.<\/p><\/div>\r\n      <div class=\"card\" data-aos=\"flip-left\" data-aos-delay=\"300\"><i class=\"fas fa-star fa-spin\"><\/i><h3>\u0111\u01b0\u1eddng m\u1edbi<\/h3><p>tr\u1ea3i mulai 0,0 pips, $3 komisi \/ l\u00f4, ti\u1ec1n g\u1eedi $200, MT4 \/ MT5, \u0111\u00f2n b\u1ea9y 1: 3000, Termasuk Akun Islami.<\/p><\/div>\r\n    <\/div>\r\n    <a href=\"https:\/\/one.justmarkets.link\/a\/t11xd0xwgz\/registration\/trader\/\" target=\"_blank\" class=\"cta\" data-aos=\"fade-up\" rel=\"noopener\">buka akun<\/a>\r\n  <\/div>\r\n<\/section>\r\n\r\n<!-- Instruments -->\r\n<section id=\"instruments\" style=\"background:#f9faff;\">\r\n  <div style=\"max-width:1200px;margin:0 auto;text-align:center;\">\r\n    <h2 data-aos=\"fade-up\">Nh\u1ea1c c\u1ee5 Beragam Perdagangkan<\/h2>\r\n    <p data-aos=\"fade-up\" data-aos-delay=\"100\">Akses Pasangan Forex, Komoditas, Indeks Global, Dan Cryptocurrency Dengan Spread Ketat Dan \u0110\u00f2n b\u1ea9y Tinggi. Diversifikasi Portofolio Giao d\u1ecbch v\u00e0 UNTUK peluang L\u1ee3i nhu\u1eadn Maksimal di Berbagai Pasar.<\/p>\r\n    <div class=\"flex-container\">\r\n      <div class=\"card\" data-aos=\"fade-up\"><i class=\"fas fa-money-bill-wave fa-bounce\"><\/i><h3>c\u00f3 nhi\u1ec1u s\u1ea3n ph\u1ea9m<\/h3><p>Pasangan Mata Uang Uang Uang Uang, Minor, Dan Eksotik Dengan tr\u1ea3i Rendah Dan Eksekusi Cepat.<\/p><\/div>\r\n      <div class=\"card\" data-aos=\"fade-up\" data-aos-delay=\"100\"><i class=\"fas fa-gem fa-spin\"><\/i><h3>c\u1ea3i nhau<\/h3><p>Giao d\u1ecbch Emas, Perak, Minyak, Dan Komoditas lainya dengan lan truy\u1ec1n Kompetitif.<\/p><\/div>\r\n      <div class=\"card\" data-aos=\"fade-up\" data-aos-delay=\"200\"><i class=\"fas fa-chart-line fa-flash\"><\/i><h3>v\u1ebft m\u1ef1c<\/h3><p>Akses Indeks Global Seperti S &amp; P500, NASDAQ, FTSE, Dan lainya untuk Giao d\u1ecbch Yang Terdiversifikasi.<\/p><\/div>\r\n      <div class=\"card\" data-aos=\"fade-up\" data-aos-delay=\"300\"><i class=\"fab fa-bitcoin fa-bounce\"><\/i><h3>ti\u1ec1n \u0111i\u1ec7n t\u1eed<\/h3><p>Giao d\u1ecbch BTC, ETH, LTC, Dan ti\u1ec1n \u0111i\u1ec7n t\u1eed d\u00e2n s\u1ed1 LaNinya Dengan lan truy\u1ec1n Ketat Dan Eksekusi Aman.<\/p><\/div>\r\n    <\/div>\r\n  <\/div>\r\n<\/section>\r\n\r\n<!-- Platforms -->\r\n<section id=\"platforms\">\r\n  <div style=\"max-width:1200px;margin:0 auto;text-align:center;\">\r\n    <h2 data-aos=\"fade-up\">Giao d\u1ecbch n\u1ec1n t\u1ea3ng<\/h2>\r\n    <p data-aos=\"fade-up\" data-aos-delay=\"100\">Giao d\u1ecbch DI Desktop, Web, atau Mobile MengGunakan MetaTrader 4 Dan MetaTrader 5. Nikmai Charting Lanjutan, giao d\u1ecbch Otomatis, Dan Data Pasar untuk megoptimalkan strategi anda.<\/p>\r\n    <div class=\"flex-container\">\r\n      <div class=\"card\" data-aos=\"fade-up\"><i class=\"fas fa-desktop fa-flash\"><\/i><h3>M\u00e1y t\u00ednh \u0111\u1ec3 b\u00e0n MT4<\/h3><p>N\u1ec1n t\u1ea3ng chuy\u00ean nghi\u1ec7p desktop dengan alat dan indikator giao d\u1ecbch canggih.<\/p><\/div>\r\n      <div class=\"card\" data-aos=\"fade-up\" data-aos-delay=\"100\"><i class=\"fas fa-mobile-alt fa-bounce\"><\/i><h3>MT4\/MT5<\/h3><p>Giao d\u1ecbch di mana saja melalui perangkat ios dan android dengan fitur n\u1ec1n t\u1ea3ng.<\/p><\/div>\r\n      <div class=\"card\" data-aos=\"fade-up\" data-aos-delay=\"200\"><i class=\"fas fa-globe fa-spin\"><\/i><h3>ng\u01b0\u1eddi bu\u00f4n b\u00e1n web<\/h3><p>Akses Akses akun Langsung Melalui Browser Tanpa InstaLasi Software.<\/p><\/div>\r\n    <\/div>\r\n  <\/div>\r\n<\/section>\r\n\r\n<!-- Payments -->\r\n<section id=\"payments\" style=\"background:#f9faff;\">\r\n  <div style=\"max-width:1200px;margin:0 auto;text-align:center;\">\r\n    <h2 data-aos=\"fade-up\">Ti\u1ec1n g\u1eedi v\u00e0 r\u00fat ti\u1ec1n Metode<\/h2>\r\n    <p data-aos=\"fade-up\" data-aos-delay=\"100\">Opsi Pendanaan Fleksibel, Aman, Dan Cepat. Ti\u1ec1n g\u1eedi Atau Tarik Dana Melalui Chuy\u1ec3n kho\u1ea3n, Kartu Kredit \/ Ghi n\u1ee3, V\u00ed \u0111i\u1ec7n t\u1eed, Ti\u1ec1n \u0111i\u1ec7n t\u1eed Atau Dengan Waktu Proses \u1edf m\u1ee9c t\u1ed1i thi\u1ec3u.<\/p>\r\n    <div class=\"flex-container\">\r\n      <div class=\"card\" data-aos=\"fade-up\"><i class=\"fas fa-university fa-bounce\"><\/i><p>s\u1ef1 chuy\u1ec3n ng\u00e2n h\u00e0ng<\/p><\/div>\r\n      <div class=\"card\" data-aos=\"fade-up\" data-aos-delay=\"100\"><i class=\"fas fa-credit-card fa-flash\"><\/i><p>Kartu Kredit \/ Ghi n\u1ee3<\/p><\/div>\r\n      <div class=\"card\" data-aos=\"fade-up\" data-aos-delay=\"200\"><i class=\"fas fa-wallet fa-bounce\"><\/i><p>v\u00ed \u0111i\u1ec7n t\u1eed<\/p><\/div>\r\n      <div class=\"card\" data-aos=\"fade-up\" data-aos-delay=\"300\"><i class=\"fab fa-bitcoin fa-spin\"><\/i><p>ti\u1ec1n t\u1ec7<\/p><\/div>\r\n    <\/div>\r\n  <\/div>\r\n<\/section>\r\n\r\n<!-- Copy Trading -->\r\n<section id=\"copy-trading\">\r\n  <div style=\"max-width:1200px;margin:0 auto;text-align:center;\">\r\n    <h2 data-aos=\"fade-up\">Sao ch\u00e9p giao d\u1ecbch &amp; quan h\u1ec7 \u0111\u1ed1i t\u00e1c<\/h2>\r\n    <p data-aos=\"fade-up\" data-aos-delay=\"100\">Th\u01b0\u01a1ng nh\u00e2n Ikuti Ahli atau \u0111\u1ed1i t\u00e1c Menjadi Untuk Mendapatkan Komisi. Sao ch\u00e9p giao d\u1ecbch memungkinkan pemula menyalin strategi trader sukses, \u0111\u1ed1i t\u00e1c sedangkan dapat menghasilkan melalui gi\u1edbi thi\u1ec7u dan ch\u01b0\u01a1ng tr\u00ecnh giao d\u1ecbch x\u00e3 h\u1ed9i.<\/p>\r\n    <a href=\"https:\/\/one.justmarkets.link\/a\/t11xd0xwgz\/registration\/trader\/\" target=\"_blank\" class=\"cta\" data-aos=\"fade-up\" rel=\"noopener\">Gabung Sekarang<\/a>\r\n  <\/div>\r\n<\/section>\r\n\r\n<!-- FAQ -->\r\n<section id=\"faq\" style=\"background:#f9faff;\">\r\n  <div style=\"max-width:1200px;margin:0 auto;\">\r\n    <h2 style=\"text-align:center;\" data-aos=\"fade-up\">Pertanyaan Yang Sering Diajkan<\/h2>\r\n    <div itemscope itemtype=\"https:\/\/schema.org\/FAQPage\" style=\"margin-top:40px;\">\r\n      <div itemprop=\"mainEntity\" itemscope itemtype=\"https:\/\/schema.org\/Question\" data-aos=\"fade-up\">\r\n        <h3 itemprop=\"name\">apa itu akun ti\u00eau chu\u1ea9n xu?<\/h3>\r\n        <div itemprop=\"acceptedAnswer\" itemscope itemtype=\"https:\/\/schema.org\/Answer\">\r\n          <p itemprop=\"text\">Akun Standard cent Cocok untuk pemula dengan micro-lot, deposit rendah, dan riko miniko. L\u00fd t\u01b0\u1edfng UNTUK Belajar giao d\u1ecbch ti\u1ec1n \u0111i\u1ec7n t\u1eed ngo\u1ea1i h\u1ed1i.<\/p>\r\n        <\/div>\r\n      <\/div>\r\n      <div itemprop=\"mainEntity\" itemscope itemtype=\"https:\/\/schema.org\/Question\" data-aos=\"fade-up\" data-aos-delay=\"100\">\r\n        <h3 itemprop=\"name\">Bagaimana Cara Membuka Akun Justmarkets?<\/h3>\r\n        <div itemprop=\"acceptedAnswer\" itemscope itemtype=\"https:\/\/schema.org\/Answer\">\r\n          <p itemprop=\"text\">Daftar Online, Lakukan Verifikasi Identitas (KYC), Pilih Jenis Akun, Dan Mulai giao d\u1ecbch Segera Setelah Deposit.<\/p>\r\n        <\/div>\r\n      <\/div>\r\n      <div itemprop=\"mainEntity\" itemscope itemtype=\"https:\/\/schema.org\/Question\" data-aos=\"fade-up\" data-aos-delay=\"200\">\r\n        <h3 itemprop=\"name\">Bagaimana Cara Deposit Dan Menarik Dana?<\/h3>\r\n        <div itemprop=\"acceptedAnswer\" itemscope itemtype=\"https:\/\/schema.org\/Answer\">\r\n          <p itemprop=\"text\">Ti\u1ec1n g\u1eedi Ng\u00e2n h\u00e0ng chuy\u1ec3n nh\u01b0\u1ee3ng Melalui, V\u00ed \u0111i\u1ec7n t\u1eed, Kartu Kredit \/ Ghi n\u1ee3, Ti\u1ec1n \u0111i\u1ec7n t\u1eed Atau. Penarikan Aman, CEPAT, Dan Tersedia 24\/7.<\/p>\r\n        <\/div>\r\n      <\/div>\r\n      <div itemprop=\"mainEntity\" itemscope itemtype=\"https:\/\/schema.org\/Question\" data-aos=\"fade-up\" data-aos-delay=\"300\">\r\n        <h3 itemprop=\"name\">Apakah Justmarkets Teregulasi?<\/h3>\r\n        <div itemprop=\"acceptedAnswer\" itemscope itemtype=\"https:\/\/schema.org\/Answer\">\r\n          <p itemprop=\"text\">ya, justmarkets teregulasi di seychelles, siprus, mauritius, afrika selatan, dan \u0111\u1ea3o trinh n\u1eef dan untuk memastikan lingkungan kinh doanh aman dan transparan.<\/p>\r\n        <\/div>\r\n      <\/div>\r\n    <\/div>\r\n  <\/div>\r\n<\/section>\r\n\r\n<!-- Regulation -->\r\n<section id=\"regulation\">\r\n  <div style=\"max-width:1200px;margin:0 auto;text-align:center;\">\r\n    <h2 data-aos=\"fade-up\">Teregulasi &amp; Terpercaya<\/h2>\r\n    <p data-aos=\"fade-up\" data-aos-delay=\"100\">Justmarkets Beroperasi di Bawah beberapa regulasi intnasional untuk menjamin transparansi, keamanan, dan perlindungan dana klien. Entas kami sepenuhnya berlisensi di berbagai wilayah untuk menjaga star kepatuhan tinggi.<\/p>\r\n    <ul style=\"list-style:none;padding:0;margin-top:40px;\">\r\n      <li data-aos=\"fade-up\"><strong>Seychelles:<\/strong> Just Global Markets Ltd. - Lisensi SD088 (Teregulasi)<\/li>\r\n      <li data-aos=\"fade-up\" data-aos-delay=\"100\"><strong>SIPrus:<\/strong> JustMarkets Ltd. - Lisensi 401\/21 (Teregulasi)<\/li>\r\n      <li data-aos=\"fade-up\" data-aos-delay=\"200\"><strong>Mauritius:<\/strong> Just Global Markets (MU) Limited \u2013 Lisensi GB22200881 (Teregulasi)<\/li>\r\n      <li data-aos=\"fade-up\" data-aos-delay=\"300\"><strong>Afrika Selatan:<\/strong> Just Global Markets (Pty) Ltd - Lisensi FSP 51114 (Teregulasi)<\/li>\r\n      <li data-aos=\"fade-up\" data-aos-delay=\"400\"><strong>Qu\u1ea7n \u0111\u1ea3o Virgin thu\u1ed9c Anh:<\/strong> Just Global Markets (VG) Limited \u2013 Lisensi SIBA \/ L \/ 24\/1177 (Teregulasi)<\/li>\r\n    <\/ul>\r\n  <\/div>\r\n<\/section>\r\n\r\n<!-- Footer -->\r\n<footer>\r\n  <div style=\"max-width:1200px;margin:0 auto;\">\r\n    <p>\u00a9 2025 JustMarkets. Semua Hak Dilindungi.<\/p>\r\n    <p>Ikuti Kami: \r\n      <a href=\"#\" style=\"color:#fff;margin:0 5px;\"><i class=\"fab fa-facebook-f\"><\/i><\/a>\r\n      <a href=\"#\" style=\"color:#fff;margin:0 5px;\"><i class=\"fab fa-twitter\"><\/i><\/a>\r\n      <a href=\"#\" style=\"color:#fff;margin:0 5px;\"><i class=\"fab fa-linkedin-in\"><\/i><\/a>\r\n    <\/p>\r\n  <\/div>\r\n<\/footer>\r\n\r\n<script src=\"https:\/\/cdnjs.cloudflare.com\/ajax\/libs\/aos\/2.3.4\/aos.js\"><\/script>\r\n<script>\r\n  AOS.init({ duration:1200, once:true });\r\n<\/script>\r\n<\/body>\r\n<\/html>\r\n\t\t\t\t<\/div>\n\t\t\t\t\t<\/div>\n\t\t\t\t<\/div>\n\t\t\t\t<\/div>","protected":false},"excerpt":{"rendered":"<p>&nbsp; Mulai Trading dengan JustMarkets: Broker Global untuk Forex, Saham, dan Crypto JustMarkets adalah platform trading global yang teregulasi, menyediakan [&hellip;]<\/p>\n","protected":false},"author":1,"featured_media":6,"parent":0,"menu_order":0,"comment_status":"closed","ping_status":"closed","template":"elementor_header_footer","meta":{"site-sidebar-layout":"no-sidebar","site-content-layout":"","ast-site-content-layout":"full-width-container","site-content-style":"default","site-sidebar-style":"default","ast-global-header-display":"","ast-banner-title-visibility":"","ast-main-header-display":"","ast-hfb-above-header-display":"","ast-hfb-below-header-display":"","ast-hfb-mobile-header-display":"","site-post-title":"","ast-breadcrumbs-content":"","ast-featured-img":"disabled","footer-sml-layout":"","ast-disable-related-posts":"","theme-transparent-header-meta":"default","adv-header-id-meta":"","stick-header-meta":"","header-above-stick-meta":"","header-main-stick-meta":"","header-below-stick-meta":"","astra-migrate-meta-layouts":"set","ast-page-background-enabled":"default","ast-page-background-meta":{"desktop":{"background-color":"var(--ast-global-color-5)","background-image":"","background-repeat":"repeat","background-position":"center center","background-size":"auto","background-attachment":"scroll","background-type":"","background-media":"","overlay-type":"","overlay-color":"","overlay-opacity":"","overlay-gradient":""},"tablet":{"background-color":"","background-image":"","background-repeat":"repeat","background-position":"center center","background-size":"auto","background-attachment":"scroll","background-type":"","background-media":"","overlay-type":"","overlay-color":"","overlay-opacity":"","overlay-gradient":""},"mobile":{"background-color":"","background-image":"","background-repeat":"repeat","background-position":"center center","background-size":"auto","background-attachment":"scroll","background-type":"","background-media":"","overlay-type":"","overlay-color":"","overlay-opacity":"","overlay-gradient":""}},"ast-content-background-meta":{"desktop":{"background-color":"var(--ast-global-color-4)","background-image":"","background-repeat":"repeat","background-position":"center center","background-size":"auto","background-attachment":"scroll","background-type":"","background-media":"","overlay-type":"","overlay-color":"","overlay-opacity":"","overlay-gradient":""},"tablet":{"background-color":"var(--ast-global-color-4)","background-image":"","background-repeat":"repeat","background-position":"center center","background-size":"auto","background-attachment":"scroll","background-type":"","background-media":"","overlay-type":"","overlay-color":"","overlay-opacity":"","overlay-gradient":""},"mobile":{"background-color":"var(--ast-global-color-4)","background-image":"","background-repeat":"repeat","background-position":"center center","background-size":"auto","background-attachment":"scroll","background-type":"","background-media":"","overlay-type":"","overlay-color":"","overlay-opacity":"","overlay-gradient":""}},"footnotes":""},"class_list":["post-345","page","type-page","status-publish","has-post-thumbnail","hentry"],"_links":{"self":[{"href":"https:\/\/trustedfxglobal.com\/vi\/wp-json\/wp\/v2\/pages\/345","targetHints":{"allow":["GET"]}}],"collection":[{"href":"https:\/\/trustedfxglobal.com\/vi\/wp-json\/wp\/v2\/pages"}],"about":[{"href":"https:\/\/trustedfxglobal.com\/vi\/wp-json\/wp\/v2\/types\/page"}],"author":[{"embeddable":true,"href":"https:\/\/trustedfxglobal.com\/vi\/wp-json\/wp\/v2\/users\/1"}],"replies":[{"embeddable":true,"href":"https:\/\/trustedfxglobal.com\/vi\/wp-json\/wp\/v2\/comments?post=345"}],"version-history":[{"count":7,"href":"https:\/\/trustedfxglobal.com\/vi\/wp-json\/wp\/v2\/pages\/345\/revisions"}],"predecessor-version":[{"id":438,"href":"https:\/\/trustedfxglobal.com\/vi\/wp-json\/wp\/v2\/pages\/345\/revisions\/438"}],"wp:featuredmedia":[{"embeddable":true,"href":"https:\/\/trustedfxglobal.com\/vi\/wp-json\/wp\/v2\/media\/6"}],"wp:attachment":[{"href":"https:\/\/trustedfxglobal.com\/vi\/wp-json\/wp\/v2\/media?parent=345"}],"curies":[{"name":"wp","href":"https:\/\/api.w.org\/{rel}","templated":true}]}}