{"id":550,"date":"2025-09-23T19:12:57","date_gmt":"2025-09-23T19:12:57","guid":{"rendered":"https:\/\/trustedfxglobal.com\/?page_id=550"},"modified":"2025-09-23T19:15:35","modified_gmt":"2025-09-23T19:15:35","slug":"mt5-justmarketsi-indirin","status":"publish","type":"page","link":"https:\/\/trustedfxglobal.com\/tr\/download-mt5-justmarkets\/","title":{"rendered":"JustMarkets MetaTrader 5 (MT5) K\u0131lavuzu"},"content":{"rendered":"<div data-elementor-type=\"wp-page\" data-elementor-id=\"550\" class=\"elementor elementor-550\">\n\t\t\t\t<div class=\"elementor-element elementor-element-7ce8b68 e-flex e-con-boxed e-con e-parent\" data-id=\"7ce8b68\" data-element_type=\"container\" data-e-type=\"container\">\n\t\t\t\t\t<div class=\"e-con-inner\">\n\t\t\t\t<div class=\"elementor-element elementor-element-2fe239f elementor-widget elementor-widget-html\" data-id=\"2fe239f\" data-element_type=\"widget\" data-e-type=\"widget\" data-widget_type=\"html.default\">\n\t\t\t\t\t<!DOCTYPE html>\r\n<html lang=\"en\">\r\n<head>\r\n    <meta charset=\"UTF-8\">\r\n    <meta name=\"viewport\" content=\"width=device-width, initial-scale=1.0\">\r\n    <meta name=\"description\" content=\"JustMarkets MetaTrader 5 (MT5) i\u00e7in kapsaml\u0131 k\u0131lavuz: \u00d6zellikler, kurulum, \u00f6zelle\u015ftirme ve SSS.\">\r\n    <meta name=\"keywords\" content=\"JustMarkets MT5, MetaTrader 5 features, MT5 installation, MT5 customization, MT5 FAQs\">\r\n    <title>JustMarkets MetaTrader 5 K\u0131lavuzu: \u00d6zellikler, Kurulum ve SSS<\/title>\r\n    <style>\r\n        body {font-family: Arial, sans-serif; margin: 0; padding: 0; background-color: #f4f4f4;}\r\n        main {max-width: 1200px; margin: 30px auto; padding: 20px; background-color: #fff; border-radius: 8px; box-shadow: 0 4px 8px rgba(0, 0, 0, 0.1);}\r\n        h1, h2, h3 {color: #003366;}\r\n        h1 {font-size: 2.5em; margin-bottom: 0.5em;}\r\n        h2 {font-size: 2em; margin-top: 1.5em; margin-bottom: 0.5em;}\r\n        h3 {font-size: 1.5em; margin-top: 1em; margin-bottom: 0.5em;}\r\n        p, ul {line-height: 1.6;}\r\n        ul {padding-left: 20px;}\r\n        a {color: #0077cc; text-decoration: none;}\r\n        a:hover {text-decoration: underline;}\r\n        .cta-button {display: inline-block; background-color: #0077cc; color: white; padding: 10px 20px; border-radius: 5px; margin-top: 20px;}\r\n        .cta-button:hover {background-color: #005fa3;}\r\n        .faq-item {margin-bottom: 20px;}\r\n        .faq-question {font-weight: bold; cursor: pointer;}\r\n        .faq-answer {display: none; margin-top: 5px; padding-left: 20px;}\r\n    <\/style>\r\n    <script>\r\n        document.addEventListener('DOMContentLoaded', function () {\r\n            const faqQuestions = document.querySelectorAll('.faq-question');\r\n            faqQuestions.forEach(function (question) {\r\n                question.addEventListener('click', function () {\r\n                    const answer = this.nextElementSibling;\r\n                    answer.style.display = (answer.style.display === 'block') ? 'none' : 'block';\r\n                });\r\n            });\r\n        });\r\n    <\/script>\r\n<\/head>\r\n<body>\r\n<main>\r\n    <h1>JustMarkets MetaTrader 5 (MT5) K\u0131lavuzu<\/h1>\r\n    <p>JustMarkets MetaTrader 5 (MT5) hakk\u0131ndaki kapsaml\u0131 k\u0131lavuza ho\u015f geldiniz. Bu k\u0131lavuz, kurulumdan geli\u015fmi\u015f \u00f6zelliklere kadar her \u015feyi kapsar ve MT5'in ticaret ba\u015far\u0131n\u0131z i\u00e7in tam potansiyelinden yararlanabilmenizi sa\u011flar.<\/p>\r\n    <a href=\"https:\/\/one.justmarkets.link\/a\/t11xd0xwgz\/trading-platforms\/mt5-pc\" class=\"cta-button\" target=\"_blank\" rel=\"noopener\">PC i\u00e7in MT5'i indirin<\/a>\r\n\r\n    <h2>i\u00e7indekiler<\/h2>\r\n    <ul>\r\n        <li><a href=\"#introduction\">MetaTrader 5'e Giri\u015f<\/a><\/li>\r\n        <li><a href=\"#features\">MT5'in temel \u00f6zellikleri<\/a><\/li>\r\n        <li><a href=\"#installation\">MT5 nas\u0131l kurulur<\/a><\/li>\r\n        <li><a href=\"#customization\">MT5 \u00c7al\u0131\u015fma Alan\u0131n\u0131z\u0131 \u00d6zelle\u015ftirme<\/a><\/li>\r\n        <li><a href=\"#trading\">MT5'te i\u015flem y\u00fcr\u00fctme<\/a><\/li>\r\n        <li><a href=\"#tools\">MT5 ara\u00e7lar\u0131n\u0131 ve g\u00f6stergelerini kullanma<\/a><\/li>\r\n        <li><a href=\"#mobile\">MT5 mobil uygulamas\u0131<\/a><\/li>\r\n        <li><a href=\"#faq\">S\u0131k\u00e7a Sorulan Sorular<\/a><\/li>\r\n    <\/ul>\r\n\r\n    <h2 id=\"introduction\">MetaTrader 5'e Giri\u015f<\/h2>\r\n    <p>MetaTrader 5 (MT5), MetaQuotes yaz\u0131l\u0131m\u0131 taraf\u0131ndan geli\u015ftirilen \u00e7ok varl\u0131kl\u0131 bir i\u015flem platformudur. Geli\u015fmi\u015f grafik ara\u00e7lar\u0131, otomatik ticaret yetenekleri ve \u00e7ok \u00e7e\u015fitli finansal ara\u00e7lara eri\u015fim sunar. MT5, daha kapsaml\u0131 analiz ve i\u015flem se\u00e7enekleri arayan t\u00fcccarlar i\u00e7in geli\u015fmi\u015f \u00f6zellikler sa\u011flayan MetaTrader 4'\u00fcn (MT4) halefidir.<\/p>\r\n\r\n    <h2 id=\"features\">MT5'in temel \u00f6zellikleri<\/h2>\r\n    <ul>\r\n        <li><strong>\u00c7oklu varl\u0131k ticareti:<\/strong> Forex, hisse senedi, endeks, emtia ve kripto para birimlerini tek bir platformda i\u015flem yap\u0131n.<\/li>\r\n        <li><strong>Geli\u015fmi\u015f grafik ara\u00e7lar\u0131:<\/strong> Derinlemesine pazar analizi i\u00e7in 21 zaman dilimi, 38 teknik g\u00f6sterge ve 44 grafik nesnesi kullan\u0131n.<\/li>\r\n        <li><strong>Otomatik ticaret:<\/strong> MQL5 programlama dili ile uzman dan\u0131\u015fmanlar\u0131 (EAS) kullanarak otomatik ticaret stratejileri geli\u015ftirin ve uygulay\u0131n.<\/li>\r\n        <li><strong>Ekonomik takvim:<\/strong> Piyasay\u0131 hareket eden etkinliklerden haberdar olmak i\u00e7in entegre bir ekonomik takvime eri\u015fin.<\/li>\r\n        <li><strong>Piyasa Derinli\u011fi (DOM):<\/strong> Piyasa likiditesini analiz edin ve emirleri hassasiyetle uygulay\u0131n.<\/li>\r\n        <li><strong>Tek T\u0131kla Ticaret:<\/strong> H\u0131zl\u0131 pazar giri\u015fi i\u00e7in tek bir t\u0131klama ile i\u015flemlerinizi an\u0131nda ger\u00e7ekle\u015ftirin.<\/li>\r\n    <\/ul>\r\n\r\n    <h2 id=\"installation\">MT5 nas\u0131l kurulur<\/h2>\r\n    <p>MT5'i PC'nize y\u00fcklemek i\u00e7in a\u015fa\u011f\u0131daki ad\u0131mlar\u0131 izleyin:<\/p>\r\n    <ol>\r\n        <li><a href=\"https:\/\/one.justmarkets.link\/a\/t11xd0xwgz\/trading-platforms\/mt5-pc\" target=\"_blank\" rel=\"noopener\">MT5 y\u00fckleyicisini indirin<\/a> Justmarkets'ten.<\/li>\r\n        <li>Y\u00fckleyiciyi \u00e7al\u0131\u015ft\u0131r\u0131n ve ekrandaki talimatlar\u0131 izleyin.<\/li>\r\n        <li>MT5'i ba\u015flat\u0131n ve JustMarkets hesap kimlik bilgilerinizi kullanarak oturum a\u00e7\u0131n.<\/li>\r\n        <li>\u0130stedi\u011finiz enstr\u00fcmanlar\u0131 se\u00e7erek ve \u00e7al\u0131\u015fma alan\u0131n\u0131z\u0131 ayarlayarak i\u015flem yapmaya ba\u015flay\u0131n.<\/li>\r\n    <\/ol>\r\n\r\n    <h2 id=\"customization\">MT5 \u00c7al\u0131\u015fma Alan\u0131n\u0131z\u0131 \u00d6zelle\u015ftirme<\/h2>\r\n    <p>MT5 aray\u00fcz\u00fcn\u00fcz\u00fc i\u015flem tarz\u0131n\u0131za uyacak \u015fekilde ki\u015fiselle\u015ftirin:<\/p>\r\n    <ul>\r\n        <li><strong>Grafik d\u00fczeni:<\/strong> E\u015fzamanl\u0131 analiz i\u00e7in bir \u0131zgara d\u00fczeninde birden fazla grafik d\u00fczenleyin.<\/li>\r\n        <li><strong>\u015eablonlar:<\/strong> Di\u011fer grafiklere h\u0131zl\u0131 uygulama i\u00e7in grafik ayarlar\u0131n\u0131 \u015fablon olarak kaydedin.<\/li>\r\n        <li><strong>Profiller:<\/strong> Farkl\u0131 \u00e7al\u0131\u015fma alan\u0131 yap\u0131land\u0131rmalar\u0131 aras\u0131nda kaydetmek ve ge\u00e7i\u015f yapmak i\u00e7in profiller olu\u015fturun.<\/li>\r\n        <li><strong>K\u0131sayol tu\u015flar\u0131:<\/strong> Daha h\u0131zl\u0131 eri\u015fim i\u00e7in s\u0131k kullan\u0131lan i\u015flevlere klavye k\u0131sayollar\u0131 atay\u0131n.<\/li>\r\n    <\/ul>\r\n\r\n    <h2 id=\"trading\">MT5'te i\u015flem y\u00fcr\u00fctme<\/h2>\r\n    <p>MT5'te bir i\u015flem yapmak i\u00e7in:<\/p>\r\n    <ol>\r\n        <li>Piyasa izleme penceresinden i\u015flem yapmak istedi\u011finiz enstr\u00fcman\u0131 se\u00e7in.<\/li>\r\n        <li>Enstr\u00fcman \u00fczerine sa\u011f t\u0131klay\u0131n ve \"Yeni Sipari\u015f\" i se\u00e7in.<\/li>\r\n        <li>Hacim, zarar\u0131 durdurma, kar alma ve sipari\u015f t\u00fcr\u00fc gibi i\u015flem parametrelerinizi girin.<\/li>\r\n        <li>\u0130\u015flemi y\u00fcr\u00fctmek i\u00e7in \"Sat\u0131n Al\" veya \"Sat\" \u0131 t\u0131klay\u0131n.<\/li>\r\n    <\/ol>\r\n\r\n    <h2 id=\"tools\">MT5 ara\u00e7lar\u0131n\u0131 ve g\u00f6stergelerini kullanma<\/h2>\r\n    <p>MT5'in yerle\u015fik ara\u00e7lar\u0131yla ticaret analizinizi geli\u015ftirin:<\/p>\r\n    <ul>\r\n        <li><strong>Teknik g\u00f6stergeler:<\/strong> Grafiklerinize hareketli ortalamalar, RSI, MACD ve daha fazlas\u0131 gibi g\u00f6stergeler uygulay\u0131n.<\/li>\r\n        <li><strong>Grafik nesneler:<\/strong> Teknik analiz i\u00e7in trend \u00e7izgilerini, kanallar\u0131, Fibonacci d\u00fczeltmelerini ve di\u011fer ara\u00e7lar\u0131 kullan\u0131n.<\/li>\r\n        <li><strong>Pazar derinli\u011fi:<\/strong> Ger\u00e7ek zamanl\u0131 piyasa likiditesini ve sipari\u015f defteri verilerini g\u00f6r\u00fcnt\u00fcleyin.<\/li>\r\n        <li><strong>Ekonomik takvim:<\/strong> Piyasa ko\u015fullar\u0131n\u0131 etkileyebilecek yakla\u015fan ekonomik olaylar\u0131 izleyin.<\/li>\r\n    <\/ul>\r\n\r\n    <h2 id=\"mobile\">MT5 mobil uygulamas\u0131<\/h2>\r\n    <p>MT5 mobil uygulamas\u0131yla hareket halindeyken i\u015flem yap\u0131n:<\/p>\r\n    <ul>\r\n        <li><strong>ta\u015f\u0131nabilirlik:<\/strong> Ak\u0131ll\u0131 telefonunuzu veya tabletinizi kullanarak ticaret hesab\u0131n\u0131za her yerden eri\u015fin.<\/li>\r\n        <li><strong>Ger\u00e7ek zamanl\u0131 veriler:<\/strong> Ger\u00e7ek zamanl\u0131 fiyat teklifleri, \u00e7izelgeler ve haber g\u00fcncellemeleri al\u0131n.<\/li>\r\n        <li><strong>Sipari\u015f y\u00f6netimi:<\/strong> Sipari\u015fleri do\u011frudan mobil uygulamadan yerle\u015ftirin, de\u011fi\u015ftirin ve kapat\u0131n.<\/li>\r\n        <li><strong>push bildirimleri:<\/strong> Fiyat hareketleri ve haber etkinlikleri i\u00e7in an\u0131nda uyar\u0131lar ile haberdar olun.<\/li>\r\n    <\/ul>\r\n\r\n    <h2 id=\"faq\">S\u0131k\u00e7a Sorulan Sorular<\/h2>\r\n    <div class=\"faq-item\">\r\n        <div class=\"faq-question\">MT4 ve MT5 aras\u0131ndaki fark nedir?<\/div>\r\n        <div class=\"faq-answer\">\r\n            <p>MT5, \u00e7oklu varl\u0131k ticareti, daha fazla zaman dilimi ve entegre bir ekonomik takvim gibi ek \u00f6zellikler sunarak onu geli\u015fmi\u015f t\u00fcccarlar i\u00e7in daha uygun hale getirir.<\/p>\r\n        <\/div>\r\n    <\/div>\r\n    <div class=\"faq-item\">\r\n        <div class=\"faq-question\">MT5'te Uzman Dan\u0131\u015fmanlar\u0131 (EAS) kullanabilir miyim?<\/div>\r\n        <div class=\"faq-answer\">\r\n            <p>Evet, MT5, MQL5 programlama dili kullan\u0131larak geli\u015ftirilen uzman dan\u0131\u015fmanlar arac\u0131l\u0131\u011f\u0131yla otomatik ticareti destekler.<\/p>\r\n        <\/div>\r\n    <\/div>\r\n    <div class=\"faq-item\">\r\n        <div class=\"faq-question\">MT5'in mobil versiyonu var m\u0131?<\/div>\r\n        <div class=\"faq-answer\">\r\n            <p>Evet, MT5, hem iOS hem de Android cihazlar i\u00e7in mobil uygulama olarak mevcuttur ve hareket halindeyken i\u015flem yapman\u0131z\u0131 sa\u011flar.<\/p>\r\n        <\/div>\r\n    <\/div>\r\n    <div class=\"faq-item\">\r\n        <div class=\"faq-question\">MT5'te ekonomik takvime nas\u0131l eri\u015febilirim?<\/div>\r\n        <div class=\"faq-answer\">\r\n            <p>MT5\"te entegre ekonomik takvimi g\u00f6r\u00fcnt\u00fclemek i\u00e7in \"Ara\u00e7 Kutusu\" penceresini a\u00e7\u0131n ve \"Takvim\" sekmesine t\u0131klay\u0131n.<\/p>\r\n        <\/div>\r\n\r\n    <\/div>\r\n    <div class=\"faq-item\">\r\n        <div class=\"faq-question\">MT5 \u00e7al\u0131\u015fma alan\u0131m\u0131 \u00f6zelle\u015ftirebilir miyim?<\/div>\r\n        <div class=\"faq-answer\">\r\n            <p>Evet, MT5, verimli analiz i\u00e7in grafik \u015fablonlar\u0131, profiller, k\u0131sayol tu\u015flar\u0131 ve \u00e7oklu grafik d\u00fczenleri dahil olmak \u00fczere tam \u00f6zelle\u015ftirmeye izin verir.<\/p>\r\n        <\/div>\r\n    <\/div>\r\n    <div class=\"faq-item\">\r\n        <div class=\"faq-question\">Justmarkets i\u00e7in mt5'i nas\u0131l indiririm?<\/div>\r\n        <div class=\"faq-answer\">\r\n            <p>Bu ba\u011flant\u0131y\u0131 kullanarak PC i\u00e7in MT5 platformunu indirebilirsiniz: <a href=\"https:\/\/one.justmarkets.link\/a\/t11xd0xwgz\/trading-platforms\/mt5-pc\" target=\"_blank\" rel=\"noopener\">PC i\u00e7in MT5'i indirin<\/a>.<\/p>\r\n        <\/div>\r\n    <\/div>\r\n    <div class=\"faq-item\">\r\n        <div class=\"faq-question\">MT5 hesaplar\u0131 MT4 ile uyumlu mu?<\/div>\r\n        <div class=\"faq-answer\">\r\n            <p>Hay\u0131r, MT5 hesaplar\u0131 MT4 hesaplar\u0131ndan ayr\u0131d\u0131r. Platformlar\u0131 de\u011fi\u015ftiriyorsan\u0131z ayr\u0131 bir hesap olu\u015fturman\u0131z gerekir.<\/p>\r\n        <\/div>\r\n    <\/div>\r\n    <div class=\"faq-item\">\r\n        <div class=\"faq-question\">MT5'te hangi ticaret ara\u00e7lar\u0131 mevcuttur?<\/div>\r\n        <div class=\"faq-answer\">\r\n            <p>MT5, \u00e7ok varl\u0131kl\u0131 bir ticaret ortam\u0131 sa\u011flayan hisse senetleri, endeksler, emtialar ve kripto para birimleri \u00fczerinde forex, CFD'leri destekler.<\/p>\r\n        <\/div>\r\n    <\/div>\r\n    <div class=\"faq-item\">\r\n        <div class=\"faq-question\">Otomatik ticaret stratejileri i\u00e7in MT5 kullanabilir miyim?<\/div>\r\n        <div class=\"faq-answer\">\r\n            <p>Evet, MT5, MQL5'te geli\u015ftirilen uzman dan\u0131\u015fmanlar (EAS) ve \u00f6zel g\u00f6stergeler arac\u0131l\u0131\u011f\u0131yla otomatik ticareti destekler.<\/p>\r\n        <\/div>\r\n    <\/div>\r\n\r\n    <a href=\"https:\/\/one.justmarkets.link\/a\/t11xd0xwgz\/trading-platforms\/mt5-pc\" class=\"cta-button\" target=\"_blank\" rel=\"noopener\">MT5'i indirin ve ticarete ba\u015flay\u0131n<\/a>\r\n<\/main>\r\n<\/body>\r\n<\/html>\r\n\r\n \r\n\t\t\t\t<\/div>\n\t\t\t\t\t<\/div>\n\t\t\t\t<\/div>\n\t\t\t\t<\/div>","protected":false},"excerpt":{"rendered":"<p>&nbsp; &nbsp; &nbsp; JustMarkets MetaTrader 5 (MT5) Guide Welcome to the comprehensive guide on JustMarkets MetaTrader 5 (MT5). This guide [&hellip;]<\/p>\n","protected":false},"author":1,"featured_media":0,"parent":0,"menu_order":0,"comment_status":"closed","ping_status":"closed","template":"elementor_header_footer","meta":{"site-sidebar-layout":"no-sidebar","site-content-layout":"","ast-site-content-layout":"full-width-container","site-content-style":"default","site-sidebar-style":"default","ast-global-header-display":"","ast-banner-title-visibility":"","ast-main-header-display":"","ast-hfb-above-header-display":"","ast-hfb-below-header-display":"","ast-hfb-mobile-header-display":"","site-post-title":"","ast-breadcrumbs-content":"","ast-featured-img":"disabled","footer-sml-layout":"","ast-disable-related-posts":"","theme-transparent-header-meta":"default","adv-header-id-meta":"","stick-header-meta":"","header-above-stick-meta":"","header-main-stick-meta":"","header-below-stick-meta":"","astra-migrate-meta-layouts":"set","ast-page-background-enabled":"default","ast-page-background-meta":{"desktop":{"background-color":"var(--ast-global-color-5)","background-image":"","background-repeat":"repeat","background-position":"center center","background-size":"auto","background-attachment":"scroll","background-type":"","background-media":"","overlay-type":"","overlay-color":"","overlay-opacity":"","overlay-gradient":""},"tablet":{"background-color":"","background-image":"","background-repeat":"repeat","background-position":"center center","background-size":"auto","background-attachment":"scroll","background-type":"","background-media":"","overlay-type":"","overlay-color":"","overlay-opacity":"","overlay-gradient":""},"mobile":{"background-color":"","background-image":"","background-repeat":"repeat","background-position":"center center","background-size":"auto","background-attachment":"scroll","background-type":"","background-media":"","overlay-type":"","overlay-color":"","overlay-opacity":"","overlay-gradient":""}},"ast-content-background-meta":{"desktop":{"background-color":"var(--ast-global-color-4)","background-image":"","background-repeat":"repeat","background-position":"center center","background-size":"auto","background-attachment":"scroll","background-type":"","background-media":"","overlay-type":"","overlay-color":"","overlay-opacity":"","overlay-gradient":""},"tablet":{"background-color":"var(--ast-global-color-4)","background-image":"","background-repeat":"repeat","background-position":"center center","background-size":"auto","background-attachment":"scroll","background-type":"","background-media":"","overlay-type":"","overlay-color":"","overlay-opacity":"","overlay-gradient":""},"mobile":{"background-color":"var(--ast-global-color-4)","background-image":"","background-repeat":"repeat","background-position":"center center","background-size":"auto","background-attachment":"scroll","background-type":"","background-media":"","overlay-type":"","overlay-color":"","overlay-opacity":"","overlay-gradient":""}},"footnotes":""},"class_list":["post-550","page","type-page","status-publish","hentry"],"_links":{"self":[{"href":"https:\/\/trustedfxglobal.com\/tr\/wp-json\/wp\/v2\/pages\/550","targetHints":{"allow":["GET"]}}],"collection":[{"href":"https:\/\/trustedfxglobal.com\/tr\/wp-json\/wp\/v2\/pages"}],"about":[{"href":"https:\/\/trustedfxglobal.com\/tr\/wp-json\/wp\/v2\/types\/page"}],"author":[{"embeddable":true,"href":"https:\/\/trustedfxglobal.com\/tr\/wp-json\/wp\/v2\/users\/1"}],"replies":[{"embeddable":true,"href":"https:\/\/trustedfxglobal.com\/tr\/wp-json\/wp\/v2\/comments?post=550"}],"version-history":[{"count":5,"href":"https:\/\/trustedfxglobal.com\/tr\/wp-json\/wp\/v2\/pages\/550\/revisions"}],"predecessor-version":[{"id":556,"href":"https:\/\/trustedfxglobal.com\/tr\/wp-json\/wp\/v2\/pages\/550\/revisions\/556"}],"wp:attachment":[{"href":"https:\/\/trustedfxglobal.com\/tr\/wp-json\/wp\/v2\/media?parent=550"}],"curies":[{"name":"wp","href":"https:\/\/api.w.org\/{rel}","templated":true}]}}