{"id":496,"date":"2025-09-23T18:31:57","date_gmt":"2025-09-23T18:31:57","guid":{"rendered":"https:\/\/trustedfxglobal.com\/?page_id=496"},"modified":"2025-09-23T18:36:07","modified_gmt":"2025-09-23T18:36:07","slug":"justmarkets-pro-hesabi","status":"publish","type":"page","link":"https:\/\/trustedfxglobal.com\/tr\/justmarkets-pro-account\/","title":{"rendered":"JustMarkets Pro Hesap K\u0131lavuzu: \u00d6zellikler, Kar\u015f\u0131la\u015ft\u0131rma ve SSS"},"content":{"rendered":"<div data-elementor-type=\"wp-page\" data-elementor-id=\"496\" class=\"elementor elementor-496\">\n\t\t\t\t<div class=\"elementor-element elementor-element-4d5caeb e-flex e-con-boxed e-con e-parent\" data-id=\"4d5caeb\" data-element_type=\"container\" data-e-type=\"container\">\n\t\t\t\t\t<div class=\"e-con-inner\">\n\t\t\t\t<div class=\"elementor-element elementor-element-4cf21cc elementor-widget elementor-widget-html\" data-id=\"4cf21cc\" data-element_type=\"widget\" data-e-type=\"widget\" data-widget_type=\"html.default\">\n\t\t\t\t\t<!DOCTYPE html>\r\n<html lang=\"en\">\r\n<head>\r\n<meta charset=\"UTF-8\">\r\n<meta name=\"viewport\" content=\"width=device-width, initial-scale=1.0\">\r\n<meta name=\"title\" content=\"JustMarkets Pro Account Guide: Features, Comparison & FAQs\">\r\n<meta name=\"description\" content=\"JustMarkets Pro hesab\u0131 hakk\u0131nda her \u015feyi \u00f6\u011frenin. \u00d6zellikler, hesap kar\u015f\u0131la\u015ft\u0131rma, ad\u0131m ad\u0131m kay\u0131t k\u0131lavuzu, i\u015flem ara\u00e7lar\u0131, \u00fccretler ve SSS.\">\r\n<meta name=\"keywords\" content=\"JustMarkets Pro account, Pro account features, JustMarkets account comparison, forex trading Pro account, open JustMarkets Pro account\">\r\n<title>JustMarkets Pro Hesap K\u0131lavuzu: \u00d6zellikler, Kar\u015f\u0131la\u015ft\u0131rma ve SSS<\/title>\r\n<style>\r\nbody {font-family:'Segoe UI', Tahoma, Geneva, Verdana, sans-serif; margin:0; padding:0; background:#f4f6f8; color:#333;}\r\nmain {max-width:1200px; margin:30px auto; padding:30px; background:#ffffff; border-radius:12px; box-shadow:0 5px 25px rgba(0,0,0,0.08);}\r\nh1,h2,h3 {margin-top:30px;}\r\nh1 {color:#003366; font-size:2.5em;}\r\nh2 {color:#003366; font-size:2em;}\r\nh3 {color:#333333; font-size:1.5em;}\r\np, li {line-height:1.8;}\r\nul, ol {padding-left:20px;}\r\ntable {width:100%; border-collapse:collapse; margin:20px 0;}\r\ntable, th, td {border:1px solid #ccc;}\r\nth, td {padding:12px; text-align:left;}\r\na.cta-button {display:inline-block; background:#003366; color:#ffffff; padding:14px 28px; border-radius:8px; font-weight:bold; text-decoration:none; transition:0.3s; margin-top:15px; box-shadow:0 5px 15px rgba(0,51,102,0.4);}\r\na.cta-button:hover {background:#0077cc; transform:translateY(-2px);}\r\n.faq-item {margin-bottom:25px;}\r\n.faq-question {font-weight:bold; color:#003366; cursor:pointer; padding:10px; background:#e6f0fa; border-radius:6px;}\r\n.faq-answer {margin-top:8px; padding-left:15px; display:none; color:#333;}\r\n@media(max-width:768px){h1{font-size:2em;} h2{font-size:1.5em;}}\r\n<\/style>\r\n<script>\r\ndocument.addEventListener('DOMContentLoaded', function(){\r\n    const items = document.querySelectorAll('.faq-question');\r\n    items.forEach(item=>{\r\n        item.addEventListener('click', ()=>{\r\n            const ans = item.nextElementSibling;\r\n            ans.style.display = (ans.style.display==='block')?'none':'block';\r\n        });\r\n    });\r\n});\r\n<\/script>\r\n<\/head>\r\n<body>\r\n<main>\r\n<h1>JustMarkets Pro Hesap K\u0131lavuzu: \u00d6zellikler, Kar\u015f\u0131la\u015ft\u0131rma ve SSS<\/h1>\r\n\r\n<!-- Table of Contents -->\r\n<section id=\"table-of-contents\">\r\n<h2>i\u00e7indekiler<\/h2>\r\n<ol>\r\n<li><a href=\"#introduction\">JustMarkets Pro Hesab\u0131na Giri\u015f<\/a><\/li>\r\n<li><a href=\"#features\">Pro hesab\u0131n\u0131n temel \u00f6zellikleri<\/a><\/li>\r\n<li><a href=\"#comparison\">Pro Hesap ve Di\u011fer Hesaplar<\/a><\/li>\r\n<li><a href=\"#open-account\">Pro Hesab\u0131 Nas\u0131l A\u00e7\u0131l\u0131r<\/a><\/li>\r\n<li><a href=\"#funding\">Pro Hesab\u0131n\u0131za Finansman<\/a><\/li>\r\n<li><a href=\"#instruments\">ticari enstr\u00fcmanlar<\/a><\/li>\r\n<li><a href=\"#leverage\">kald\u0131ra\u00e7 ve marj<\/a><\/li>\r\n<li><a href=\"#risk\">Risk Y\u00f6netimi Ara\u00e7lar\u0131<\/a><\/li>\r\n<li><a href=\"#security\">g\u00fcvenlik \u00f6nlemleri<\/a><\/li>\r\n<li><a href=\"#fees\">\u00dccretler ve Komisyonlar<\/a><\/li>\r\n<li><a href=\"#troubleshooting\">Ortak sorunlar<\/a><\/li>\r\n<li><a href=\"#faq\">S\u0131k\u00e7a Sorulan Sorular<\/a><\/li>\r\n<\/ol>\r\n<\/section>\r\n\r\n<!-- Introduction -->\r\n<section id=\"introduction\">\r\n<h2>JustMarkets Pro Hesab\u0131na Giri\u015f<\/h2>\r\n<p>bira <strong>JustMarkets Pro Hesab\u0131<\/strong> Geli\u015fmi\u015f ticaret \u00f6zelliklerine ve ko\u015fullar\u0131na ihtiya\u00e7 duyan aktif t\u00fcccarlar i\u00e7in tasarlanm\u0131\u015ft\u0131r. 0,1 pipten ba\u015flayan d\u00fc\u015f\u00fck spreadler, piyasa y\u00fcr\u00fctme ve y\u00fcksek kald\u0131ra\u00e7 se\u00e7enekleriyle, al\u0131m sat\u0131m stratejilerini optimize etmek ve maliyetleri en aza indirmek isteyenler i\u00e7in idealdir.<\/p>\r\n<a class=\"cta-button\" href=\"https:\/\/one.justmarkets.link\/a\/t11xd0xwgz\/registration\/trader\" target=\"_blank\" rel=\"noopener\">Pro hesab\u0131n\u0131 \u015fimdi a\u00e7<\/a>\r\n<\/section>\r\n\r\n<!-- Features -->\r\n<section id=\"features\">\r\n<h2>Pro hesab\u0131n\u0131n temel \u00f6zellikleri<\/h2>\r\n<ul>\r\n<li>Minimum Depozito: $200<\/li>\r\n<li>Yay\u0131lmalar: 0.1 pipden<\/li>\r\n<li>Komisyon: yok<\/li>\r\n<li>Kald\u0131ra\u00e7: 1:3000'e kadar<\/li>\r\n<li>Y\u00fcr\u00fctme T\u00fcr\u00fc: Piyasa Y\u00fcr\u00fctme<\/li>\r\n<li>Desteklenen platformlar: MT4 ve MT5<\/li>\r\n<li>Ticaret ara\u00e7lar\u0131: Forex, Endeksler, Emtialar, Hisse Senedi, Kripto Para Birimleri<\/li>\r\n<\/ul>\r\n<a class=\"cta-button\" href=\"https:\/\/one.justmarkets.link\/a\/t11xd0xwgz\/registration\/trader\" target=\"_blank\" rel=\"noopener\">Ticaret Pro Hesab\u0131na Ba\u015flay\u0131n<\/a>\r\n<\/section>\r\n\r\n<!-- Comparison -->\r\n<section id=\"comparison\">\r\n<h2>Pro hesap vs di\u011fer JustMarkets hesap t\u00fcrleri<\/h2>\r\n<p>\u0130\u015flem tarz\u0131n\u0131z i\u00e7in en iyi se\u00e7ene\u011fi bulmak i\u00e7in Pro hesab\u0131n\u0131 di\u011fer hesap t\u00fcrleriyle kar\u015f\u0131la\u015ft\u0131r\u0131n:<\/p>\r\n<table>\r\n<tr>\r\n<th>\u00f6zellik<\/th>\r\n<th>profesyonel hesap<\/th>\r\n<th>standart hesap<\/th>\r\n<th>ham hesap<\/th>\r\n<\/tr>\r\n<tr>\r\n<td>asgari mevdu<\/td>\r\n<td>$200<\/td>\r\n<td>$10<\/td>\r\n<td>$200<\/td>\r\n<\/tr>\r\n<tr>\r\n<td>serpme<\/td>\r\n<td>0.1 pipten<\/td>\r\n<td>0,3 pipden<\/td>\r\n<td>0.0 pipden<\/td>\r\n<\/tr>\r\n<tr>\r\n<td>g\u00f6revlendirmek<\/td>\r\n<td>hi\u00e7<\/td>\r\n<td>hi\u00e7<\/td>\r\n<td>lot ba\u015f\u0131na her taraf i\u00e7in $3<\/td>\r\n<\/tr>\r\n<tr>\r\n<td>kald\u0131ra\u00e7<\/td>\r\n<td>1:3000'e kadar<\/td>\r\n<td>1:3000'e kadar<\/td>\r\n<td>1:3000'e kadar<\/td>\r\n<\/tr>\r\n<tr>\r\n<td>i\u00e7in ideal<\/td>\r\n<td>aktif t\u00fcccarlar<\/td>\r\n<td>yeni ba\u015flayanlar<\/td>\r\n<td>Scalpers \/ Algo T\u00fcccarlar\u0131<\/td>\r\n<\/tr>\r\n<\/table>\r\n<a class=\"cta-button\" href=\"https:\/\/one.justmarkets.link\/a\/t11xd0xwgz\/registration\/trader\" target=\"_blank\" rel=\"noopener\">Kar\u015f\u0131la\u015ft\u0131r\u0131n ve Pro Hesab\u0131 A\u00e7\u0131n<\/a>\r\n<\/section>\r\n\r\n<!-- Open Account -->\r\n<section id=\"open-account\">\r\n<h2>JustMarkets Pro hesab\u0131 nas\u0131l a\u00e7\u0131l\u0131r<\/h2>\r\n<ol>\r\n<li>ziyaret etmek <a href=\"https:\/\/one.justmarkets.link\/a\/t11xd0xwgz\/registration\/trader\" target=\"_blank\" rel=\"noopener\">Pro hesap kay\u0131t sayfas\u0131<\/a>.<\/li>\r\n<li>Ki\u015fisel Bilgileri Doldurun: Tam Ad, E-posta ve Telefon Numaras\u0131.<\/li>\r\n<li>Hesap t\u00fcr\u00fcn\u00fcz olarak \"Pro Hesap\" \u0131 se\u00e7in.<\/li>\r\n<li>G\u00fcvenli oturum a\u00e7mak i\u00e7in g\u00fc\u00e7l\u00fc bir \u015fifre olu\u015fturun.<\/li>\r\n<li>Do\u011frulama i\u00e7in kimlik ve adres kan\u0131t\u0131 y\u00fckleyin.<\/li>\r\n<li>Hesab\u0131 etkinle\u015ftirmek i\u00e7in minimum $200'\u00fc yat\u0131r\u0131n.<\/li>\r\n<li>MT4, MT5 veya mobil platformlar\u0131 kullanarak i\u015flem yapmaya ba\u015flay\u0131n.<\/li>\r\n<\/ol>\r\n<a class=\"cta-button\" href=\"https:\/\/one.justmarkets.link\/a\/t11xd0xwgz\/registration\/trader\" target=\"_blank\" rel=\"noopener\">Pro hesab\u0131n\u0131 \u015fimdi a\u00e7<\/a>\r\n<\/section>\r\n\r\n<!-- Funding -->\r\n<section id=\"funding\">\r\n<h2>Pro Hesab\u0131n\u0131za Finansman<\/h2>\r\n<p>JustMarkets Pro hesab\u0131 birden fazla para yat\u0131rma se\u00e7ene\u011fini destekler:<\/p>\r\n<ul>\r\n<li>Banka havaleleri (yerel ve uluslararas\u0131)<\/li>\r\n<li>E-c\u00fczdanlar: Skrill, Neteller, M\u00fckemmel Para<\/li>\r\n<li>Kripto para birimleri: Bitcoin, Ethereum, Litecoin<\/li>\r\n<li>Kartlar: Visa ve MasterCard<\/li>\r\n<\/ul>\r\n<p>Se\u00e7ti\u011finiz \u00f6deme y\u00f6ntemi i\u00e7in minimum depozito gereksinimlerini kontrol edin.<\/p>\r\n<a class=\"cta-button\" href=\"https:\/\/one.justmarkets.link\/a\/t11xd0xwgz\/registration\/trader\" target=\"_blank\" rel=\"noopener\">Hesab\u0131n\u0131z\u0131 finanse edin<\/a>\r\n<\/section>\r\n\r\n<!-- Trading Instruments -->\r\n<section id=\"instruments\">\r\n<h2>Ticaret ara\u00e7lar\u0131 mevcut<\/h2>\r\n<ul>\r\n<li>Forex \u00e7iftleri: maj\u00f6r, min\u00f6r ve egzotik<\/li>\r\n<li>Endeksler: S&amp;P 500, NASDAQ, FTSE, DAX<\/li>\r\n<li>Emtialar: alt\u0131n, g\u00fcm\u00fc\u015f, ya\u011f<\/li>\r\n<li>Hisse Senedi: K\u00fcresel \u015eirket Hisseleri<\/li>\r\n<li>Kripto para birimleri: Bitcoin, Ethereum, Litecoin ve daha fazlas\u0131<\/li>\r\n<\/ul>\r\n<a class=\"cta-button\" href=\"https:\/\/one.justmarkets.link\/a\/t11xd0xwgz\/registration\/trader\" target=\"_blank\" rel=\"noopener\">Enstr\u00fcmanlar\u0131 Ke\u015ffet<\/a>\r\n<\/section>\r\n\r\n<!-- Leverage -->\r\n<section id=\"leverage\">\r\n<h2>kald\u0131ra\u00e7 ve marj<\/h2>\r\n<p>Pro hesab\u0131, 1:3000'e kadar kald\u0131ra\u00e7 sa\u011flar ve deneyimli t\u00fcccarlar i\u00e7in esneklik sa\u011flar. Tasfiye veya marj \u00e7a\u011fr\u0131lar\u0131n\u0131 \u00f6nlemek i\u00e7in her zaman marj\u0131n\u0131z\u0131 izleyin.<\/p>\r\n<a class=\"cta-button\" href=\"https:\/\/one.justmarkets.link\/a\/t11xd0xwgz\/registration\/trader\" target=\"_blank\" rel=\"noopener\">Kald\u0131ra\u00e7 hakk\u0131nda bilgi edinin<\/a>\r\n<\/section>\r\n\r\n<!-- Risk Management -->\r\n<section id=\"risk\">\r\n<h2>Risk Y\u00f6netimi Ara\u00e7lar\u0131<\/h2>\r\n<ul>\r\n<li>Zarar\u0131 durdurun ve otomatik risk y\u00f6netimi i\u00e7in kar elde edin<\/li>\r\n<li>Dinamik ayar i\u00e7in arka durdurma<\/li>\r\n<li>Negatif bakiye korumas\u0131, negatif hesap bakiyesi olmamas\u0131 sa\u011flar<\/li>\r\n<li>Marj ve Kald\u0131ra\u00e7 Uyar\u0131lar\u0131 i\u00e7in Hesap Bildirimleri<\/li>\r\n<\/ul>\r\n<a class=\"cta-button\" href=\"https:\/\/one.justmarkets.link\/a\/t11xd0xwgz\/registration\/trader\" target=\"_blank\" rel=\"noopener\">Riskleri etkili bir \u015fekilde y\u00f6netin<\/a>\r\n<\/section>\r\n\r\n<!-- Security -->\r\n<section id=\"security\">\r\n<h2>Pro hesab\u0131 i\u00e7in g\u00fcvenlik \u00f6nlemleri<\/h2>\r\n<ul>\r\n<li>\u0130ki fakt\u00f6rl\u00fc kimlik do\u011frulama (2FA)<\/li>\r\n<li>T\u00fcm veriler i\u00e7in SSL \u015fifreleme<\/li>\r\n<li>Ayr\u0131lan M\u00fc\u015fteri Fonlar\u0131<\/li>\r\n<li>D\u00fczenli g\u00fcvenlik denetimleri<\/li>\r\n<\/ul>\r\n<a class=\"cta-button\" href=\"https:\/\/one.justmarkets.link\/a\/t11xd0xwgz\/registration\/trader\" target=\"_blank\" rel=\"noopener\">Hesab\u0131n\u0131z\u0131 g\u00fcvence alt\u0131na al\u0131n<\/a>\r\n<\/section>\r\n\r\n<!-- Fees -->\r\n<section id=\"fees\">\r\n<h2>Pro hesap \u00fccretleri ve komisyonlar\u0131<\/h2>\r\n<ul>\r\n<li>Ticaret Komisyonu Yok<\/li>\r\n<li>Gece pozisyonlar\u0131 i\u00e7in uygulanan takas oranlar\u0131<\/li>\r\n<li>Hareketsiz hesaplar i\u00e7in olas\u0131 hareketsizlik \u00fccretleri<\/li>\r\n<li>Para yat\u0131rma\/\u00e7ekme \u00fccretleri y\u00f6nteme g\u00f6re de\u011fi\u015febilir<\/li>\r\n<\/ul>\r\n<a class=\"cta-button\" href=\"https:\/\/one.justmarkets.link\/a\/t11xd0xwgz\/registration\/trader\" target=\"_blank\" rel=\"noopener\">\u00dccretleri ve \u00dccretleri Kontrol<\/a>\r\n<\/section>\r\n\r\n<!-- Troubleshooting -->\r\n<section id=\"troubleshooting\">\r\n<h2>Yayg\u0131n sorunlar ve sorun giderme<\/h2>\r\n<ul>\r\n<li>Hesap Do\u011frulama Gecikmeleri \u2013 Belgelerin net oldu\u011fundan emin olun<\/li>\r\n<li>Para yat\u0131rma veya \u00e7ekme sorunlar\u0131 \u2013 Desteklenen \u00f6deme y\u00f6ntemlerini kontrol edin<\/li>\r\n<li>Platform hatalar\u0131 - MT4\/MT5 veya mobil uygulamay\u0131 g\u00fcncelleyin<\/li>\r\n<li>Oturum a\u00e7ma sorunlar\u0131 \u2013 Parolay\u0131 s\u0131f\u0131rlay\u0131n veya destek ile ileti\u015fime ge\u00e7in<\/li>\r\n<\/ul>\r\n<a class=\"cta-button\" href=\"https:\/\/one.justmarkets.link\/a\/t11xd0xwgz\/registration\/trader\" target=\"_blank\" rel=\"noopener\">destek olmak<\/a>\r\n<\/section>\r\n\r\n<!-- FAQ -->\r\n<section id=\"faq\">\r\n<h2>S\u0131k\u00e7a Sorulan Sorular<\/h2>\r\n<div class=\"faq-item\">\r\n<div class=\"faq-question\">Bir Pro hesab\u0131 i\u00e7in minimum depozito nedir?<\/div>\r\n<div class=\"faq-answer\">Pro hesab\u0131n\u0131 etkinle\u015ftirmek i\u00e7in minimum depozito $200'd\u00fcr.<\/div>\r\n<\/div>\r\n<div class=\"faq-item\">\r\n<div class=\"faq-question\">Pro hesap i\u015flemleri i\u00e7in herhangi bir komisyon var m\u0131?<\/div>\r\n<div class=\"faq-answer\">Hay\u0131r, Pro hesab\u0131 komisyonsuzdur.<\/div>\r\n<\/div>\r\n<div class=\"faq-item\">\r\n<div class=\"faq-question\">Bir Pro Hesab\u0131nda Otomatik \u0130\u015flem Kullanabilir miyim?<\/div>\r\n<div class=\"faq-answer\">Evet, Pro hesab\u0131 algoritmik ticareti ve uzman dan\u0131\u015fmanlar\u0131 destekler.<\/div>\r\n<\/div>\r\n<div class=\"faq-item\">\r\n<div class=\"faq-question\">Pro hesab\u0131n\u0131n demo s\u00fcr\u00fcm\u00fc var m\u0131?<\/div>\r\n<div class=\"faq-answer\">Evet, sanal fonlarla \u00e7al\u0131\u015fmak i\u00e7in bir Demo Pro hesab\u0131 a\u00e7abilirsiniz.<\/div>\r\n<\/div>\r\n<div class=\"faq-item\">\r\n<div class=\"faq-question\">M\u00fc\u015fteri Deste\u011fi ile nas\u0131l ileti\u015fim kurabilirim?<\/div>\r\n<div class=\"faq-answer\">Destek, canl\u0131 sohbet, e-posta ve telefon yoluyla 7\/24 kullan\u0131labilir.<\/div>\r\n<\/div>\r\n<\/section>\r\n\r\n<a class=\"cta-button\" href=\"https:\/\/one.justmarkets.link\/a\/t11xd0xwgz\/registration\/trader\" target=\"_blank\" rel=\"noopener\">JustMarkets Pro hesab\u0131n\u0131z\u0131 bug\u00fcn kaydedin<\/a>\r\n\r\n<\/main>\r\n<\/body>\r\n<\/html>\r\n\t\t\t\t<\/div>\n\t\t\t\t\t<\/div>\n\t\t\t\t<\/div>\n\t\t\t\t<\/div>","protected":false},"excerpt":{"rendered":"<p>&nbsp; &nbsp; &nbsp; JustMarkets Pro Account Guide: Features, Comparison &amp; FAQs Table of Contents Introduction to JustMarkets Pro Account Key [&hellip;]<\/p>\n","protected":false},"author":1,"featured_media":0,"parent":0,"menu_order":0,"comment_status":"closed","ping_status":"closed","template":"elementor_header_footer","meta":{"site-sidebar-layout":"no-sidebar","site-content-layout":"","ast-site-content-layout":"full-width-container","site-content-style":"default","site-sidebar-style":"default","ast-global-header-display":"","ast-banner-title-visibility":"","ast-main-header-display":"","ast-hfb-above-header-display":"","ast-hfb-below-header-display":"","ast-hfb-mobile-header-display":"","site-post-title":"","ast-breadcrumbs-content":"","ast-featured-img":"disabled","footer-sml-layout":"","ast-disable-related-posts":"","theme-transparent-header-meta":"default","adv-header-id-meta":"","stick-header-meta":"","header-above-stick-meta":"","header-main-stick-meta":"","header-below-stick-meta":"","astra-migrate-meta-layouts":"set","ast-page-background-enabled":"default","ast-page-background-meta":{"desktop":{"background-color":"var(--ast-global-color-5)","background-image":"","background-repeat":"repeat","background-position":"center center","background-size":"auto","background-attachment":"scroll","background-type":"","background-media":"","overlay-type":"","overlay-color":"","overlay-opacity":"","overlay-gradient":""},"tablet":{"background-color":"","background-image":"","background-repeat":"repeat","background-position":"center center","background-size":"auto","background-attachment":"scroll","background-type":"","background-media":"","overlay-type":"","overlay-color":"","overlay-opacity":"","overlay-gradient":""},"mobile":{"background-color":"","background-image":"","background-repeat":"repeat","background-position":"center center","background-size":"auto","background-attachment":"scroll","background-type":"","background-media":"","overlay-type":"","overlay-color":"","overlay-opacity":"","overlay-gradient":""}},"ast-content-background-meta":{"desktop":{"background-color":"var(--ast-global-color-4)","background-image":"","background-repeat":"repeat","background-position":"center center","background-size":"auto","background-attachment":"scroll","background-type":"","background-media":"","overlay-type":"","overlay-color":"","overlay-opacity":"","overlay-gradient":""},"tablet":{"background-color":"var(--ast-global-color-4)","background-image":"","background-repeat":"repeat","background-position":"center center","background-size":"auto","background-attachment":"scroll","background-type":"","background-media":"","overlay-type":"","overlay-color":"","overlay-opacity":"","overlay-gradient":""},"mobile":{"background-color":"var(--ast-global-color-4)","background-image":"","background-repeat":"repeat","background-position":"center center","background-size":"auto","background-attachment":"scroll","background-type":"","background-media":"","overlay-type":"","overlay-color":"","overlay-opacity":"","overlay-gradient":""}},"footnotes":""},"class_list":["post-496","page","type-page","status-publish","hentry"],"_links":{"self":[{"href":"https:\/\/trustedfxglobal.com\/tr\/wp-json\/wp\/v2\/pages\/496","targetHints":{"allow":["GET"]}}],"collection":[{"href":"https:\/\/trustedfxglobal.com\/tr\/wp-json\/wp\/v2\/pages"}],"about":[{"href":"https:\/\/trustedfxglobal.com\/tr\/wp-json\/wp\/v2\/types\/page"}],"author":[{"embeddable":true,"href":"https:\/\/trustedfxglobal.com\/tr\/wp-json\/wp\/v2\/users\/1"}],"replies":[{"embeddable":true,"href":"https:\/\/trustedfxglobal.com\/tr\/wp-json\/wp\/v2\/comments?post=496"}],"version-history":[{"count":5,"href":"https:\/\/trustedfxglobal.com\/tr\/wp-json\/wp\/v2\/pages\/496\/revisions"}],"predecessor-version":[{"id":502,"href":"https:\/\/trustedfxglobal.com\/tr\/wp-json\/wp\/v2\/pages\/496\/revisions\/502"}],"wp:attachment":[{"href":"https:\/\/trustedfxglobal.com\/tr\/wp-json\/wp\/v2\/media?parent=496"}],"curies":[{"name":"wp","href":"https:\/\/api.w.org\/{rel}","templated":true}]}}