{"id":465,"date":"2025-09-23T18:03:48","date_gmt":"2025-09-23T18:03:48","guid":{"rendered":"https:\/\/trustedfxglobal.com\/?page_id=465"},"modified":"2025-09-23T18:05:22","modified_gmt":"2025-09-23T18:05:22","slug":"hesap-ac-justmarkets","status":"publish","type":"page","link":"https:\/\/trustedfxglobal.com\/tr\/open-account-justmarkets\/","title":{"rendered":"Hesap a\u00e7 JustMarkets: ad\u0131m ad\u0131m k\u0131lavuz"},"content":{"rendered":"<div data-elementor-type=\"wp-page\" data-elementor-id=\"465\" class=\"elementor elementor-465\">\n\t\t\t\t<div class=\"elementor-element elementor-element-5cee7fd e-flex e-con-boxed e-con e-parent\" data-id=\"5cee7fd\" data-element_type=\"container\" data-e-type=\"container\">\n\t\t\t\t\t<div class=\"e-con-inner\">\n\t\t\t\t<div class=\"elementor-element elementor-element-3a8d751 elementor-widget elementor-widget-html\" data-id=\"3a8d751\" data-element_type=\"widget\" data-e-type=\"widget\" data-widget_type=\"html.default\">\n\t\t\t\t\t<!DOCTYPE html>\r\n<html lang=\"en\">\r\n<head>\r\n<meta charset=\"UTF-8\">\r\n<meta name=\"viewport\" content=\"width=device-width, initial-scale=1.0\">\r\n<meta name=\"title\" content=\"Open Account JustMarkets | Complete Step-by-Step Guide for Traders 2025\">\r\n<meta name=\"description\" content=\"JustMarkets ile nas\u0131l hesap a\u00e7aca\u011f\u0131n\u0131z\u0131 \u00f6\u011frenin. Ad\u0131m ad\u0131m k\u0131lavuz, hesap t\u00fcrleri, web ve mobil kay\u0131t, finansman se\u00e7enekleri, g\u00fcvenlik ipu\u00e7lar\u0131 ve SSS.\">\r\n<meta name=\"keywords\" content=\"Open Account JustMarkets, JustMarkets registration, forex account, online trading, JustMarkets affiliate\">\r\n<title>Hesap a\u00e7\u0131n JustMarkets | T\u00fcccarlar i\u00e7in ad\u0131m ad\u0131m k\u0131lavuzu tamamlay\u0131n<\/title>\r\n<style>\r\nbody {font-family:'Segoe UI', Tahoma, Geneva, Verdana, sans-serif; margin:0; padding:0; background:#f4f6f8; color:#333;}\r\nmain {max-width:1200px; margin:30px auto; padding:30px; background:#ffffff; border-radius:12px; box-shadow:0 5px 25px rgba(0,0,0,0.08);}\r\nh1,h2,h3 {margin-top:30px;}\r\nh1 {color:#003366; font-size:2.5em;}\r\nh2 {color:#003366; font-size:2em;}\r\nh3 {color:#333333; font-size:1.5em;}\r\np, li {line-height:1.8;}\r\nul, ol {padding-left:20px;}\r\na.cta-button {display:inline-block; background:#003366; color:#ffffff; padding:14px 28px; border-radius:8px; font-weight:bold; text-decoration:none; transition:0.3s; margin-top:15px; box-shadow:0 5px 15px rgba(0,51,102,0.4);}\r\na.cta-button:hover {background:#0077cc; transform:translateY(-2px);}\r\n.faq-item {margin-bottom:25px;}\r\n.faq-question {font-weight:bold; color:#003366; cursor:pointer; padding:10px; background:#e6f0fa; border-radius:6px;}\r\n.faq-answer {margin-top:8px; padding-left:15px; display:none; color:#333;}\r\ntable {width:100%; border-collapse:collapse; margin:20px 0;}\r\ntable, th, td {border:1px solid #ccc;}\r\nth, td {padding:12px; text-align:left;}\r\n@media(max-width:768px){h1{font-size:2em;} h2{font-size:1.5em;}}\r\n<\/style>\r\n<script>\r\ndocument.addEventListener('DOMContentLoaded', function(){\r\n    const items = document.querySelectorAll('.faq-question');\r\n    items.forEach(item=>{\r\n        item.addEventListener('click', ()=>{\r\n            const ans = item.nextElementSibling;\r\n            ans.style.display = (ans.style.display==='block')?'none':'block';\r\n        });\r\n    });\r\n});\r\n<\/script>\r\n<\/head>\r\n<body>\r\n<main>\r\n<h1>Hesap a\u00e7 JustMarkets: ad\u0131m ad\u0131m k\u0131lavuz <\/h1>\r\n\r\n<!-- Table of Contents -->\r\n<section id=\"toc\">\r\n<h2>i\u00e7indekiler<\/h2>\r\n<ol>\r\n<li><a href=\"#introduction\">Justmarkets'e Giri\u015f<\/a><\/li>\r\n<li><a href=\"#why-open\">Neden JustMarkets ile Hesap A\u00e7\u0131l\u0131yor<\/a><\/li>\r\n<li><a href=\"#web-registration\">Web Kayd\u0131<\/a><\/li>\r\n<li><a href=\"#mobile-registration\">Mobil Kay\u0131t<\/a><\/li>\r\n<li><a href=\"#account-types\">Do\u011fru hesap t\u00fcr\u00fcn\u00fc se\u00e7me<\/a><\/li>\r\n<li><a href=\"#funding\">JustMarkets hesab\u0131n\u0131z\u0131 finanse etmek<\/a><\/li>\r\n<li><a href=\"#security\">G\u00fcvenlik \u0130pu\u00e7lar\u0131<\/a><\/li>\r\n<li><a href=\"#common-mistakes\">Ka\u00e7\u0131n\u0131lmas\u0131 gereken yayg\u0131n hatalar<\/a><\/li>\r\n<li><a href=\"#faq\">S\u0131k\u00e7a Sorulan Sorular<\/a><\/li>\r\n<\/ol>\r\n<\/section>\r\n\r\n<!-- Introduction -->\r\n<section id=\"introduction\">\r\n<h2>Justmarkets'e Giri\u015f<\/h2>\r\n<p>JustMarkets, Forex, emtia, endeks, kripto para birimleri ve daha fazlas\u0131n\u0131 sa\u011flayan, d\u00fcnyaca tan\u0131nan bir \u00e7evrimi\u00e7i ticaret platformudur. Her seviyede t\u00fcccarlar i\u00e7in g\u00fcvenli, g\u00fcvenilir ve kullan\u0131c\u0131 dostu bir ortam sunar. JustMarkets ile bir hesap a\u00e7arak, verimli ve g\u00fcvenli bir \u015fekilde i\u015flem yapman\u0131za yard\u0131mc\u0131 olmak i\u00e7in g\u00fc\u00e7l\u00fc ticaret ara\u00e7lar\u0131na, rekabet\u00e7i spreadlere ve uzman m\u00fc\u015fteri deste\u011fine eri\u015firsiniz.<\/p>\r\n<a class=\"cta-button\" href=\"https:\/\/one.justmarkets.link\/a\/t11xd0xwgz\/id\/registration\/trader\" target=\"_blank\" rel=\"noopener\">JustMarkets hesab\u0131n\u0131z\u0131 \u015fimdi a\u00e7\u0131n<\/a>\r\n<\/section>\r\n\r\n<!-- Why Open -->\r\n<section id=\"why-open\">\r\n<h2>Neden JustMarkets ile Hesap A\u00e7\u0131l\u0131yor<\/h2>\r\n<ul>\r\n<li>Forex, emtia ve kripto para dahil birden fazla finansal araca eri\u015fin.<\/li>\r\n<li>Geli\u015fmi\u015f platformlarda i\u015flem yap\u0131n: MT4, MT5 ve mobil uygulamalar.<\/li>\r\n<li>Rekabet\u00e7i spreadlerden ve d\u00fc\u015f\u00fck i\u015flem maliyetlerinden yararlan\u0131n.<\/li>\r\n<li>Birden fazla \u00f6deme y\u00f6ntemiyle g\u00fcvenli para yat\u0131rma ve \u00e7ekme se\u00e7enekleri.<\/li>\r\n<li>Bilgilendirilmi\u015f ticaret kararlar\u0131 i\u00e7in e\u011fitim kaynaklar\u0131 ve analizi.<\/li>\r\n<li>H\u0131zl\u0131 yard\u0131m i\u00e7in 7\/24 \u00e7ok dilli destek.<\/li>\r\n<\/ul>\r\n<a class=\"cta-button\" href=\"https:\/\/one.justmarkets.link\/a\/t11xd0xwgz\/id\/registration\/trader\" target=\"_blank\" rel=\"noopener\">JustMarkets ile i\u015flem yapmaya ba\u015flay\u0131n<\/a>\r\n<\/section>\r\n\r\n<!-- Web Registration -->\r\n<section id=\"web-registration\">\r\n<h2>Web Kayd\u0131<\/h2>\r\n<p>JustMarkets Web Platformu \u00fczerinden kaydolmak i\u00e7in \u015fu ad\u0131mlar\u0131 izleyin:<\/p>\r\n<ol>\r\n<li>Resmi JustMarkets kay\u0131t sayfas\u0131na gidin.<\/li>\r\n<li>\u201cKaydol\u201da t\u0131klay\u0131n ve ki\u015fisel bilgilerinizi (ad, e-posta, telefon numaras\u0131) girin.<\/li>\r\n<li>\u00d6nerilen g\u00fcvenlik y\u00f6nergelerini izleyerek g\u00fc\u00e7l\u00fc bir parola olu\u015fturun.<\/li>\r\n<li>Hesap Taban\u0131 Para Birimi ve Kald\u0131ra\u00e7'\u0131 se\u00e7in.<\/li>\r\n<li>\u0130stenirse kimlik belgelerini (kimlik, adres kan\u0131t\u0131) y\u00fckleyin.<\/li>\r\n<li>E-posta do\u011frulamas\u0131 ile kayd\u0131 onaylay\u0131n.<\/li>\r\n<li>Ticaret kontrol paneline eri\u015fmek ve i\u015flem yapmaya ba\u015flamak i\u00e7in giri\u015f yap\u0131n.<\/li>\r\n<\/ol>\r\n<a class=\"cta-button\" href=\"https:\/\/one.justmarkets.link\/a\/t11xd0xwgz\/id\/registration\/trader\" target=\"_blank\" rel=\"noopener\">Web \u00dczerinden Kaydolun<\/a>\r\n<\/section>\r\n\r\n<!-- Mobile Registration -->\r\n<section id=\"mobile-registration\">\r\n<h2>Mobil Kay\u0131t<\/h2>\r\n<p>JustMarkets mobil uygulamas\u0131 her yerde rahat ticarete izin verir. Kay\u0131t olmak i\u00e7in:<\/p>\r\n<ol>\r\n<li>Justmarkets uygulamas\u0131n\u0131 Google Play veya Apple App Store'dan indirin.<\/li>\r\n<li>Uygulamay\u0131 a\u00e7\u0131n ve \u201cKaydol\u201da dokunun.\u201d<\/li>\r\n<li>Ki\u015fisel ayr\u0131nt\u0131lar\u0131 girin ve g\u00fcvenli bir \u015fifre olu\u015fturun.<\/li>\r\n<li>Hesap T\u00fcr\u00fc ve Kald\u0131ra\u00e7'\u0131 se\u00e7in.<\/li>\r\n<li>Gerekirse do\u011frulama i\u00e7in belgeleri y\u00fckleyin.<\/li>\r\n<li>E-posta veya SMS kodu ile kayd\u0131 onaylay\u0131n.<\/li>\r\n<li>Hareket halindeyken ticaret hesab\u0131n\u0131za eri\u015fin.<\/li>\r\n<\/ol>\r\n<a class=\"cta-button\" href=\"https:\/\/one.justmarkets.link\/a\/t11xd0xwgz\/id\/registration\/trader\" target=\"_blank\" rel=\"noopener\">Mobil uygulama ile kaydolun<\/a>\r\n<\/section>\r\n\r\n<!-- Account Types -->\r\n<section id=\"account-types\">\r\n<h2>Do\u011fru hesap t\u00fcr\u00fcn\u00fc se\u00e7me<\/h2>\r\n<p>JustMarkets, farkl\u0131 t\u00fcccar seviyeleri i\u00e7in birden fazla hesap t\u00fcr\u00fc sunar:<\/p>\r\n<ul>\r\n<li><strong>Standart hesap:<\/strong> Yeni ba\u015flayanlar i\u00e7in uygun; d\u00fc\u015f\u00fck minimum depozito, rekabet\u00e7i spread.<\/li>\r\n<li><strong>Profesyonel hesap:<\/strong> Deneyimli t\u00fcccarlar i\u00e7in tasarland\u0131; daha d\u00fc\u015f\u00fck spreadler, daha y\u00fcksek kald\u0131ra\u00e7.<\/li>\r\n<li><strong>Demo Hesap:<\/strong> Finansal risk olmadan sanal fonlarla i\u015flem yap\u0131n.<\/li>\r\n<\/ul>\r\n<a class=\"cta-button\" href=\"https:\/\/one.justmarkets.link\/a\/t11xd0xwgz\/id\/registration\/trader\" target=\"_blank\" rel=\"noopener\">Hesab\u0131n\u0131z\u0131 se\u00e7in<\/a>\r\n<\/section>\r\n\r\n<!-- Funding -->\r\n<section id=\"funding\">\r\n<h2>JustMarkets hesab\u0131n\u0131z\u0131 finanse etmek<\/h2>\r\n<h3>Mevduat Op<\/h3>\r\n<ul>\r\n<li>banka havalesi<\/li>\r\n<li>E-c\u00fczdanlar (Skrill, Neteller)<\/li>\r\n<li>Kredi\/Banka Kart\u0131 (Visa, MasterCard)<\/li>\r\n<li>Kripto para birimleri (Bitcoin, Ethereum)<\/li>\r\n<\/ul>\r\n<h3>asgari mevdu<\/h3>\r\n<p>Minimum para yat\u0131rma, hesap tipinize ve y\u00f6nteminize ba\u011fl\u0131d\u0131r. Standart hesaplar, se\u00e7ti\u011finiz \u00f6deme se\u00e7ene\u011fine ba\u011fl\u0131 olarak $1\u2013$50'den ba\u015flayabilir. Hesab\u0131n\u0131z\u0131 finanse etmeden \u00f6nce daima mevcut limitleri do\u011frulay\u0131n.<\/p>\r\n<a class=\"cta-button\" href=\"https:\/\/one.justmarkets.link\/a\/t11xd0xwgz\/id\/registration\/trader\" target=\"_blank\" rel=\"noopener\">Hesab\u0131n\u0131z\u0131 finanse edin<\/a>\r\n<\/section>\r\n\r\n<!-- Security -->\r\n<section id=\"security\">\r\n<h2>G\u00fcvenlik \u0130pu\u00e7lar\u0131<\/h2>\r\n<ul>\r\n<li>G\u00fc\u00e7l\u00fc, benzersiz \u015fifreler kullan\u0131n ve bunlar\u0131 d\u00fczenli olarak de\u011fi\u015ftirin.<\/li>\r\n<li>Geli\u015fmi\u015f g\u00fcvenlik i\u00e7in iki fakt\u00f6rl\u00fc kimlik do\u011frulamay\u0131 (2FA) etkinle\u015ftirin.<\/li>\r\n<li>Gecikmeleri \u00f6nlemek i\u00e7in ki\u015fisel bilgileri do\u011fru bir \u015fekilde do\u011frulay\u0131n.<\/li>\r\n<li>Oturum a\u00e7ma kimlik bilgilerini \u00f6zel ve g\u00fcvenli tutun.<\/li>\r\n<li>Hesap etkinli\u011fini d\u00fczenli olarak izleyin.<\/li>\r\n<\/ul>\r\n<a class=\"cta-button\" href=\"https:\/\/one.justmarkets.link\/a\/t11xd0xwgz\/id\/registration\/trader\" target=\"_blank\" rel=\"noopener\">Hesab\u0131n\u0131z\u0131 g\u00fcvence alt\u0131na al\u0131n<\/a>\r\n<\/section>\r\n\r\n<!-- Common Mistakes -->\r\n<section id=\"common-mistakes\">\r\n<h2>Ka\u00e7\u0131n\u0131lmas\u0131 gereken yayg\u0131n hatalar<\/h2>\r\n<ul>\r\n<li>Do\u011frulama gecikmelerine neden olan yanl\u0131\u015f ki\u015fisel bilgiler.<\/li>\r\n<li>Hesap g\u00fcvenli\u011finden \u00f6d\u00fcn veren zay\u0131f \u015fifreler.<\/li>\r\n<li>\u0130\u015flem yapmadan \u00f6nce do\u011frulamay\u0131 tamamlayamamak.<\/li>\r\n<li>Deneyim d\u00fczeyine uymayan bir hesap t\u00fcr\u00fc se\u00e7mek.<\/li>\r\n<li>e-posta veya telefon do\u011frulamas\u0131n\u0131 atlamak.<\/li>\r\n<\/ul>\r\n<a class=\"cta-button\" href=\"https:\/\/one.justmarkets.link\/a\/t11xd0xwgz\/id\/registration\/trader\" target=\"_blank\" rel=\"noopener\">Hatalardan \u015eimdi Ka\u00e7\u0131n\u0131n<\/a>\r\n<\/section>\r\n\r\n<!-- FAQ -->\r\n<section id=\"faq\">\r\n<h2>S\u0131k\u00e7a Sorulan Sorular<\/h2>\r\n<div class=\"faq-item\">\r\n<div class=\"faq-question\">JustMarkets D\u00fczenleniyor mu?<\/div>\r\n<div class=\"faq-answer\">Evet, JustMarkets m\u00fc\u015fterileri korumak i\u00e7in uluslararas\u0131 finansal d\u00fczenlemeler alt\u0131nda faaliyet g\u00f6stermektedir.<\/div>\r\n<\/div>\r\n<div class=\"faq-item\">\r\n<div class=\"faq-question\">Yeni ba\u015flayanlar bir hesap a\u00e7abilir mi?<\/div>\r\n<div class=\"faq-answer\">Evet, yeni ba\u015flayanlar g\u00fcvenli bir \u015fekilde i\u015flem yapmaya ba\u015flamak i\u00e7in standart ve demo hesaplar\u0131n\u0131 kullanabilirler.<\/div>\r\n<\/div>\r\n<div class=\"faq-item\">\r\n<div class=\"faq-question\">Do\u011frulama i\u00e7in hangi belgeler gereklidir?<\/div>\r\n<div class=\"faq-answer\">Hesab\u0131n\u0131z\u0131 do\u011frulamak i\u00e7in genellikle ge\u00e7erli bir kimlik ve ikamet belgesi gerekir.<\/div>\r\n<\/div>\r\n<div class=\"faq-item\">\r\n<div class=\"faq-question\">Kay\u0131t ne kadar s\u00fcrer?<\/div>\r\n<div class=\"faq-answer\">Web kayd\u0131 5-10 dakika s\u00fcrer; do\u011frulama belge onay\u0131na ba\u011fl\u0131 olarak 24-48 saat s\u00fcrebilir.<\/div>\r\n<\/div>\r\n<div class=\"faq-item\">\r\n<div class=\"faq-question\">Birden fazla hesap a\u00e7abilir miyim?<\/div>\r\n<div class=\"faq-answer\">Evet, ancak her hesab\u0131n benzersiz ki\u015fisel ayr\u0131nt\u0131lar\u0131 ve e-postalar\u0131 olmal\u0131d\u0131r. K\u0131s\u0131tlamalar\u0131 \u00f6nlemek i\u00e7in JustMarkets \u015fartlar\u0131n\u0131 izleyin.<\/div>\r\n<\/div>\r\n<\/section>\r\n\r\n<a class=\"cta-button\" href=\"https:\/\/one.justmarkets.link\/a\/t11xd0xwgz\/id\/registration\/trader\" target=\"_blank\" rel=\"noopener\">JustMarkets hesab\u0131n\u0131z\u0131 bug\u00fcn a\u00e7\u0131n<\/a>\r\n\r\n<\/main>\r\n<\/body>\r\n<\/html>\r\n\t\t\t\t<\/div>\n\t\t\t\t\t<\/div>\n\t\t\t\t<\/div>\n\t\t\t\t<\/div>","protected":false},"excerpt":{"rendered":"<p>&nbsp; &nbsp; &nbsp; Open Account JustMarkets: Step-by-Step Guide Table of Contents Introduction to JustMarkets Why Open an Account with JustMarkets [&hellip;]<\/p>\n","protected":false},"author":1,"featured_media":0,"parent":0,"menu_order":0,"comment_status":"closed","ping_status":"closed","template":"elementor_header_footer","meta":{"site-sidebar-layout":"no-sidebar","site-content-layout":"","ast-site-content-layout":"full-width-container","site-content-style":"default","site-sidebar-style":"default","ast-global-header-display":"","ast-banner-title-visibility":"","ast-main-header-display":"","ast-hfb-above-header-display":"","ast-hfb-below-header-display":"","ast-hfb-mobile-header-display":"","site-post-title":"","ast-breadcrumbs-content":"","ast-featured-img":"disabled","footer-sml-layout":"","ast-disable-related-posts":"","theme-transparent-header-meta":"default","adv-header-id-meta":"","stick-header-meta":"","header-above-stick-meta":"","header-main-stick-meta":"","header-below-stick-meta":"","astra-migrate-meta-layouts":"set","ast-page-background-enabled":"default","ast-page-background-meta":{"desktop":{"background-color":"var(--ast-global-color-5)","background-image":"","background-repeat":"repeat","background-position":"center center","background-size":"auto","background-attachment":"scroll","background-type":"","background-media":"","overlay-type":"","overlay-color":"","overlay-opacity":"","overlay-gradient":""},"tablet":{"background-color":"","background-image":"","background-repeat":"repeat","background-position":"center center","background-size":"auto","background-attachment":"scroll","background-type":"","background-media":"","overlay-type":"","overlay-color":"","overlay-opacity":"","overlay-gradient":""},"mobile":{"background-color":"","background-image":"","background-repeat":"repeat","background-position":"center center","background-size":"auto","background-attachment":"scroll","background-type":"","background-media":"","overlay-type":"","overlay-color":"","overlay-opacity":"","overlay-gradient":""}},"ast-content-background-meta":{"desktop":{"background-color":"var(--ast-global-color-4)","background-image":"","background-repeat":"repeat","background-position":"center center","background-size":"auto","background-attachment":"scroll","background-type":"","background-media":"","overlay-type":"","overlay-color":"","overlay-opacity":"","overlay-gradient":""},"tablet":{"background-color":"var(--ast-global-color-4)","background-image":"","background-repeat":"repeat","background-position":"center center","background-size":"auto","background-attachment":"scroll","background-type":"","background-media":"","overlay-type":"","overlay-color":"","overlay-opacity":"","overlay-gradient":""},"mobile":{"background-color":"var(--ast-global-color-4)","background-image":"","background-repeat":"repeat","background-position":"center center","background-size":"auto","background-attachment":"scroll","background-type":"","background-media":"","overlay-type":"","overlay-color":"","overlay-opacity":"","overlay-gradient":""}},"footnotes":""},"class_list":["post-465","page","type-page","status-publish","hentry"],"_links":{"self":[{"href":"https:\/\/trustedfxglobal.com\/tr\/wp-json\/wp\/v2\/pages\/465","targetHints":{"allow":["GET"]}}],"collection":[{"href":"https:\/\/trustedfxglobal.com\/tr\/wp-json\/wp\/v2\/pages"}],"about":[{"href":"https:\/\/trustedfxglobal.com\/tr\/wp-json\/wp\/v2\/types\/page"}],"author":[{"embeddable":true,"href":"https:\/\/trustedfxglobal.com\/tr\/wp-json\/wp\/v2\/users\/1"}],"replies":[{"embeddable":true,"href":"https:\/\/trustedfxglobal.com\/tr\/wp-json\/wp\/v2\/comments?post=465"}],"version-history":[{"count":8,"href":"https:\/\/trustedfxglobal.com\/tr\/wp-json\/wp\/v2\/pages\/465\/revisions"}],"predecessor-version":[{"id":473,"href":"https:\/\/trustedfxglobal.com\/tr\/wp-json\/wp\/v2\/pages\/465\/revisions\/473"}],"wp:attachment":[{"href":"https:\/\/trustedfxglobal.com\/tr\/wp-json\/wp\/v2\/media?parent=465"}],"curies":[{"name":"wp","href":"https:\/\/api.w.org\/{rel}","templated":true}]}}