{"id":345,"date":"2025-09-05T19:20:25","date_gmt":"2025-09-05T19:20:25","guid":{"rendered":"https:\/\/trustedfxglobal.com\/?page_id=345"},"modified":"2025-09-21T07:32:43","modified_gmt":"2025-09-21T07:32:43","slug":"sadece-kuresel-pazarlar-endonezya","status":"publish","type":"page","link":"https:\/\/trustedfxglobal.com\/tr\/just-global-markets-indonesia\/","title":{"rendered":"Just Markets Endonezya : Broker Global Untuk Forex, Saham, Dan Crypto"},"content":{"rendered":"<div data-elementor-type=\"wp-page\" data-elementor-id=\"345\" class=\"elementor elementor-345\">\n\t\t\t\t<div class=\"elementor-element elementor-element-f468bcc e-flex e-con-boxed e-con e-parent\" data-id=\"f468bcc\" data-element_type=\"container\" data-e-type=\"container\">\n\t\t\t\t\t<div class=\"e-con-inner\">\n\t\t\t\t<div class=\"elementor-element elementor-element-db35c84 elementor-widget elementor-widget-html\" data-id=\"db35c84\" data-element_type=\"widget\" data-e-type=\"widget\" data-widget_type=\"html.default\">\n\t\t\t\t\t<!DOCTYPE html>\r\n<html lang=\"id\">\r\n<head>\r\n<meta charset=\"UTF-8\">\r\n<meta name=\"viewport\" content=\"width=device-width, initial-scale=1.0\">\r\n<title>JustMarkets Global Broker - Forex, Crypto &amp; Saham Trading<\/title>\r\n<meta name=\"description\" content=\"Perdagangkan Forex, Saham, Komoditas, Dan Crypto Dengan JustMarkets. Nikmati, Rendah Mulai Dari 0.0 pips, kald\u0131ra\u00e7 Hingga 1:3000, Para Yat\u0131rma ve Para \u00c7ekme Cepat, Dan Dukungan 7\/24. Buka Akun Anda Sekarang.\">\r\n<link rel=\"stylesheet\" href=\"https:\/\/cdnjs.cloudflare.com\/ajax\/libs\/font-awesome\/6.4.0\/css\/all.min.css\">\r\n<link rel=\"stylesheet\" href=\"https:\/\/cdnjs.cloudflare.com\/ajax\/libs\/aos\/2.3.4\/aos.css\">\r\n<style>\r\nbody {margin:0;font-family:Arial,sans-serif;line-height:1.6;color:#333;}\r\nsection {padding:80px 20px;}\r\nh1,h2 {margin-bottom:20px;}\r\nh2 {font-size:2.5rem;color:#007bff;}\r\np {font-size:1.05rem;}\r\na.cta {display:inline-block;padding:16px 40px;background:#fff;color:#007bff;border-radius:30px;margin-top:25px;font-weight:600;text-decoration:none;transition:0.3s;}\r\na.cta:hover {background:#0056b3;color:#fff;}\r\n.flex-container {display:flex;flex-wrap:wrap;gap:25px;justify-content:center;margin-top:50px;}\r\n.card {flex:1 1 240px;max-width:240px;background:#fff;padding:30px;border-radius:20px;box-shadow:0 6px 20px rgba(0,0,0,0.08);text-align:center;}\r\n.card i {font-size:50px;color:#007bff;margin-bottom:15px;}\r\nfooter {background:#007bff;color:#fff;padding:40px 20px;text-align:center;}\r\n\r\n\/* Hero Section *\/\r\n#hero div {\r\n  background: rgba(0,0,0,0.5);\r\n  padding: 50px;\r\n  border-radius: 20px;\r\n  text-align:center;\r\n}\r\n#hero h1 {\r\n  font-size: clamp(1.5rem,5vw,3rem);\r\n  line-height:1.2;\r\n  margin-bottom:20px;\r\n}\r\n#hero p {\r\n  font-size: clamp(0.9rem,2.5vw,1.1rem);\r\n  margin-bottom:15px;\r\n}\r\n\r\n\/* Mobile adjustments *\/\r\n@media(max-width:768px){\r\n  #hero div {padding:30px 20px;}\r\n  .flex-container{flex-direction:column;gap:20px;}\r\n  ul li {text-align:left;margin-bottom:15px;}\r\n}\r\n<\/style>\r\n<\/head>\r\n<body>\r\n\r\n<!-- Hero Section -->\r\n<section id=\"hero\" style=\"position:relative;overflow:hidden;height:90vh;background:#007bff url('https:\/\/i.ibb.co\/3sZ9XKf\/hero-bg.jpg') center\/cover no-repeat fixed;display:flex;align-items:center;justify-content:center;color:#fff;\">\r\n  <div data-aos=\"fade-up\" data-aos-duration=\"1500\">\r\n    <h1>Mulai Trading Dengan JustMarkets: Broker Global Untuk Forex, Saham, Dan Crypto<\/h1>\r\n    <p>JustMarkets Adalah Platform Ticareti Global Yang Teregulasi, Menyediakan Akses KE Forex, Komoditas, Indeks, Dan Cryptocurrency. Nikmati, ultra-rendah mulai dari 0.0 pips, kald\u0131ra\u00e7 Hingga 1:3000, Serta Para Yat\u0131rma ve Para \u00c7ekme Cepat.<\/p>\r\n    <p>BAIK PEMULA MAUPUN T\u0130CARET PROFESSIONAL DAPAT MENGGUNAKAN ALAT CANGGGIH DAN DUKUNGAN 24\/7 UNTUK T\u0130CARET DENGAN PERCAYA DIRI.<\/p>\r\n    <a href=\"https:\/\/one.justmarkets.link\/a\/t11xd0xwgz\/registration\/trader\/\" target=\"_blank\" class=\"cta\" rel=\"noopener\">Buka Akun<\/a>\r\n  <\/div>\r\n<\/section>\r\n\r\n<!-- Why Choose JustMarkets -->\r\n<section id=\"why-choose\" style=\"background:#f9faff;\">\r\n  <div style=\"max-width:1200px;margin:0 auto;text-align:center;\">\r\n    <h2 data-aos=\"fade-right\">Mengapa Memilih Justmarkets?<\/h2>\r\n    <p data-aos=\"fade-right\" data-aos-delay=\"100\">JustMarkets Menyediakan Lingkungan Ticaret Yang Aman Dan Professional. Nikmati Eksekusi Cepat, Kondisi Trading Transparan, Dan Akses Ke Berbagai Instrumen. Teknologi Canggih Dan Dukungan Multi-Bahasa 24\/7 Membantu Trader Mencapai Tujuan Finansial Dengan Efektif.<\/p>\r\n    <div class=\"flex-container\">\r\n      <div class=\"card\" data-aos=\"zoom-in\"><i class=\"fas fa-chart-line fa-bounce\"><\/i><h3>rendelenmi\u015f rende<\/h3><p>Ticaret Dengan, Ultra-Rendah Mulai Dari 0.0 pips untuk memaksimalkan k\u00e2r\u0131n\u0131 yayd\u0131.<\/p><\/div>\r\n      <div class=\"card\" data-aos=\"zoom-in\" data-aos-delay=\"100\"><i class=\"fas fa-bolt fa-flash\"><\/i><h3>kald\u0131ra\u00e7<\/h3><p>Kald\u0131ra\u00e7 Hingga 1:3000 untuk Meingkatkan Potensi Ticaret Dengan Manajemen Risiko Efektif.<\/p><\/div>\r\n      <div class=\"card\" data-aos=\"zoom-in\" data-aos-delay=\"200\"><i class=\"fas fa-credit-card fa-spin\"><\/i><h3>Para yat\u0131rma ve \u00e7ekme Cepat<\/h3><p>Para yat\u0131rma ve para \u00e7ekme Cepat melalui berbagai metode aman termasuk kripto ve e-c\u00fczdan.<\/p><\/div>\r\n      <div class=\"card\" data-aos=\"zoom-in\" data-aos-delay=\"300\"><i class=\"fas fa-headset fa-shake\"><\/i><h3>Dukungan 24\/7<\/h3><p>Dukungan Profesyonel Tersedia 24\/7 Untuk Menjawab Pertanyaan Dan Membantu Ticaret.<\/p><\/div>\r\n    <\/div>\r\n  <\/div>\r\n<\/section>\r\n\r\n<!-- Account Types -->\r\n<section id=\"account-types\">\r\n  <div style=\"max-width:1200px;margin:0 auto;text-align:center;\">\r\n    <h2 data-aos=\"fade-left\">Pilih Jenis Akun Yang Tepat<\/h2>\r\n    <p data-aos=\"fade-left\" data-aos-delay=\"100\">JustMarkets Menawarkan Jenis Akun Untuk Pemula Dan Trader Professional. Pilih Akun Yang Sesuai Gaya Ticaret, Tujuan, Dan Instrumen Anda.<\/p>\r\n    <div class=\"flex-container\">\r\n      <div class=\"card\" data-aos=\"flip-left\"><i class=\"fas fa-coins fa-beat\"><\/i><h3>tart\u0131da bas\u0131lan<\/h3><p>Cocok untuk Pemula: mikro-lot, depozito $10, yay\u0131lma dari 0.3 pips, kald\u0131ra\u00e7 1:3000, opsi akun islami.<\/p><\/div>\r\n      <div class=\"card\" data-aos=\"flip-left\" data-aos-delay=\"100\"><i class=\"fas fa-dollar-sign fa-bounce\"><\/i><h3>standart<\/h3><p>T\u00fcccar Perakende: Depozito $10, MT4\/MT5, 0,3 pip, kald\u0131ra\u00e7 1:3000, Opsi Akun \u0130slami Tersedia.<\/p><\/div>\r\n      <div class=\"card\" data-aos=\"flip-left\" data-aos-delay=\"200\"><i class=\"fas fa-chart-bar fa-flash\"><\/i><h3>talih<\/h3><p>T\u00fcccar Profesyonel: Depozito $200, Yay\u0131lma Dari 0.1 pips, MT4\/MT5, Kald\u0131ra\u00e7 1:3000, Opsi Akun \u0130slami.<\/p><\/div>\r\n      <div class=\"card\" data-aos=\"flip-left\" data-aos-delay=\"300\"><i class=\"fas fa-star fa-spin\"><\/i><h3>ham yay\u0131l\u0131m<\/h3><p>mulai 0.0 pip, $3 komisi\/lot, depozito $200, mt4\/mt5, kald\u0131ra\u00e7 1:3000, termasuk akun islami.<\/p><\/div>\r\n    <\/div>\r\n    <a href=\"https:\/\/one.justmarkets.link\/a\/t11xd0xwgz\/registration\/trader\/\" target=\"_blank\" class=\"cta\" data-aos=\"fade-up\" rel=\"noopener\">Buka Akun<\/a>\r\n  <\/div>\r\n<\/section>\r\n\r\n<!-- Instruments -->\r\n<section id=\"instruments\" style=\"background:#f9faff;\">\r\n  <div style=\"max-width:1200px;margin:0 auto;text-align:center;\">\r\n    <h2 data-aos=\"fade-up\">Perdagangkan Beragam Alet<\/h2>\r\n    <p data-aos=\"fade-up\" data-aos-delay=\"100\">Akses Pasangan Forex, Komoditas, Indeks Global, Dan Cryptocurrency Dengan, Ketat Dan Kald\u0131ra\u00e7 Tinggi'yi yayd\u0131. Diversifikasi Portofolio ticareti ve bir untuk peluang k\u00e2r maksimal di berbagai pasar.<\/p>\r\n    <div class=\"flex-container\">\r\n      <div class=\"card\" data-aos=\"fade-up\"><i class=\"fas fa-money-bill-wave fa-bounce\"><\/i><h3>forex<\/h3><p>Passangan Mata Uang Utama, Min\u00f6r, Dan Eksotik Dengan Yay\u0131ld\u0131 Rendah Dan Eksekusi Cepat.<\/p><\/div>\r\n      <div class=\"card\" data-aos=\"fade-up\" data-aos-delay=\"100\"><i class=\"fas fa-gem fa-spin\"><\/i><h3>komoditas<\/h3><p>Ticaret Emas, Perak, Minyak, Dan Komoditas Lainnya Dengan, Kompetitif'i yayd\u0131.<\/p><\/div>\r\n      <div class=\"card\" data-aos=\"fade-up\" data-aos-delay=\"200\"><i class=\"fas fa-chart-line fa-flash\"><\/i><h3>indeks<\/h3><p>Akses Indeks Global Seperti S&amp;P500, Nasdaq, FTSE, Dan Lainnya Untuk Ticaret Yang Terdiversifikasi.<\/p><\/div>\r\n      <div class=\"card\" data-aos=\"fade-up\" data-aos-delay=\"300\"><i class=\"fab fa-bitcoin fa-bounce\"><\/i><h3>kripto para birimi<\/h3><p>Ticaret BTC, ETH, LTC, Dan Cryptocurrency Populer Lainnya Dengan, Ketat Dan Eksekusi Aman'\u0131 yayd\u0131.<\/p><\/div>\r\n    <\/div>\r\n  <\/div>\r\n<\/section>\r\n\r\n<!-- Platforms -->\r\n<section id=\"platforms\">\r\n  <div style=\"max-width:1200px;margin:0 auto;text-align:center;\">\r\n    <h2 data-aos=\"fade-up\">platform ticareti<\/h2>\r\n    <p data-aos=\"fade-up\" data-aos-delay=\"100\">Ticaret Di Masa\u00fcst\u00fc, Web, Atau Mobile Menggunakan Metatrader 4 Dan MetaTrader 5. Nikmati Grafi\u011fi Lanjutan, Trading Otomatis, Dan Data Pasar Ger\u00e7ek Zamanl\u0131 Untuk Mengoptimalkan Stratejisi veA.<\/p>\r\n    <div class=\"flex-container\">\r\n      <div class=\"card\" data-aos=\"fade-up\"><i class=\"fas fa-desktop fa-flash\"><\/i><h3>MT4 Masa\u00fcst\u00fc<\/h3><p>Platform masa\u00fcst\u00fc profesyonel dengan alat dan indikat\u00f6r ticareti canggih.<\/p><\/div>\r\n      <div class=\"card\" data-aos=\"fade-up\" data-aos-delay=\"100\"><i class=\"fas fa-mobile-alt fa-bounce\"><\/i><h3>MT4\/MT5 Mobil<\/h3><p>ticaret di mana saja melalui perangkat ios dan android dengan semua fitur platformu.<\/p><\/div>\r\n      <div class=\"card\" data-aos=\"fade-up\" data-aos-delay=\"200\"><i class=\"fas fa-globe fa-spin\"><\/i><h3>webractor<\/h3><p>Akses Akun Langsung Melalui Taray\u0131c\u0131 Tanpa Instalasi Yaz\u0131l\u0131m\u0131.<\/p><\/div>\r\n    <\/div>\r\n  <\/div>\r\n<\/section>\r\n\r\n<!-- Payments -->\r\n<section id=\"payments\" style=\"background:#f9faff;\">\r\n  <div style=\"max-width:1200px;margin:0 auto;text-align:center;\">\r\n    <h2 data-aos=\"fade-up\">Metod Para Yat\u0131rma ve Para \u00c7ekme<\/h2>\r\n    <p data-aos=\"fade-up\" data-aos-delay=\"100\">Opsi Pendanaan Fleksibel, Aman, Dan Cepat. Mevduat Atau Tarik Dana Melalui Transfer Bank, Kartu Kredi\/Bip, E-C\u00fczdan, Atau Cryptocurrency Dengan Waktu minimal.<\/p>\r\n    <div class=\"flex-container\">\r\n      <div class=\"card\" data-aos=\"fade-up\"><i class=\"fas fa-university fa-bounce\"><\/i><p>havale bankas\u0131<\/p><\/div>\r\n      <div class=\"card\" data-aos=\"fade-up\" data-aos-delay=\"100\"><i class=\"fas fa-credit-card fa-flash\"><\/i><p>Kartu Kredisi\/Bor\u00e7<\/p><\/div>\r\n      <div class=\"card\" data-aos=\"fade-up\" data-aos-delay=\"200\"><i class=\"fas fa-wallet fa-bounce\"><\/i><p>e-c\u00fczdan<\/p><\/div>\r\n      <div class=\"card\" data-aos=\"fade-up\" data-aos-delay=\"300\"><i class=\"fab fa-bitcoin fa-spin\"><\/i><p>kripto<\/p><\/div>\r\n    <\/div>\r\n  <\/div>\r\n<\/section>\r\n\r\n<!-- Copy Trading -->\r\n<section id=\"copy-trading\">\r\n  <div style=\"max-width:1200px;margin:0 auto;text-align:center;\">\r\n    <h2 data-aos=\"fade-up\">Kopya Al\u0131m ve Ortakl\u0131\u011f\u0131<\/h2>\r\n    <p data-aos=\"fade-up\" data-aos-delay=\"100\">Ikuti T\u00fcccar Ahli Atau Menjadi orta\u011f\u0131 Untuk Mendapatkan Komisi. kopya ticareti memungkinkan pemula menyalin stratejisi t\u00fcccar sukses, sedangkan orta\u011f\u0131 dapat mengsilkan melalui y\u00f6nlendirme ve sosyal ticaret.<\/p>\r\n    <a href=\"https:\/\/one.justmarkets.link\/a\/t11xd0xwgz\/registration\/trader\/\" target=\"_blank\" class=\"cta\" data-aos=\"fade-up\" rel=\"noopener\">Gabung Sekarang<\/a>\r\n  <\/div>\r\n<\/section>\r\n\r\n<!-- FAQ -->\r\n<section id=\"faq\" style=\"background:#f9faff;\">\r\n  <div style=\"max-width:1200px;margin:0 auto;\">\r\n    <h2 style=\"text-align:center;\" data-aos=\"fade-up\">Pertanyaan Yang Sering Diajukan<\/h2>\r\n    <div itemscope itemtype=\"https:\/\/schema.org\/FAQPage\" style=\"margin-top:40px;\">\r\n      <div itemprop=\"mainEntity\" itemscope itemtype=\"https:\/\/schema.org\/Question\" data-aos=\"fade-up\">\r\n        <h3 itemprop=\"name\">Apa ITU Akun Standart Cent?<\/h3>\r\n        <div itemprop=\"acceptedAnswer\" itemscope itemtype=\"https:\/\/schema.org\/Answer\">\r\n          <p itemprop=\"text\">Akun Standart Cent Cocok Untuk Pemula Dengan Mikro-lot, Depozit Rendah, Dan Risiko Minimal. \u0130deal Untuk Belajar ticaret forex dan kripto.<\/p>\r\n        <\/div>\r\n      <\/div>\r\n      <div itemprop=\"mainEntity\" itemscope itemtype=\"https:\/\/schema.org\/Question\" data-aos=\"fade-up\" data-aos-delay=\"100\">\r\n        <h3 itemprop=\"name\">Bagaimana Cara Membuka Akun Justmarkets?<\/h3>\r\n        <div itemprop=\"acceptedAnswer\" itemscope itemtype=\"https:\/\/schema.org\/Answer\">\r\n          <p itemprop=\"text\">Daftar Online, Lakukan Verifikasi Identitas (KYC), Pilih Jenis Akun, Dan Mulai Trading Segera Setelah Deposit.<\/p>\r\n        <\/div>\r\n      <\/div>\r\n      <div itemprop=\"mainEntity\" itemscope itemtype=\"https:\/\/schema.org\/Question\" data-aos=\"fade-up\" data-aos-delay=\"200\">\r\n        <h3 itemprop=\"name\">Bagaimana Cara Depozito Dan Menarik Dana?<\/h3>\r\n        <div itemprop=\"acceptedAnswer\" itemscope itemtype=\"https:\/\/schema.org\/Answer\">\r\n          <p itemprop=\"text\">Melalui transfer bankas\u0131, e-c\u00fczdan, Kartu Kredi\/Bor\u00e7, Atau Crypto. Penarikan Aman, Cepat, Dan Tersedia 7\/24.<\/p>\r\n        <\/div>\r\n      <\/div>\r\n      <div itemprop=\"mainEntity\" itemscope itemtype=\"https:\/\/schema.org\/Question\" data-aos=\"fade-up\" data-aos-delay=\"300\">\r\n        <h3 itemprop=\"name\">Apakah, Teregulasi'yi pazarl\u0131yor mu?<\/h3>\r\n        <div itemprop=\"acceptedAnswer\" itemscope itemtype=\"https:\/\/schema.org\/Answer\">\r\n          <p itemprop=\"text\">Ya, JustMarkets Teregulasi di Seychelles, Siprus, Mauritius, Afrika Selatan, Dan British Virgin Adalar\u0131 Untuk Memastikan Lingkungan Ticaret Aman Dan Transparan.<\/p>\r\n        <\/div>\r\n      <\/div>\r\n    <\/div>\r\n  <\/div>\r\n<\/section>\r\n\r\n<!-- Regulation -->\r\n<section id=\"regulation\">\r\n  <div style=\"max-width:1200px;margin:0 auto;text-align:center;\">\r\n    <h2 data-aos=\"fade-up\">Teregulasi ve Terpercaya<\/h2>\r\n    <p data-aos=\"fade-up\" data-aos-delay=\"100\">JustMarkets Beroperasi di Bawah Beberapa Regulasi Internasional Untuk Menjamin Transparansi, Keamanan, Dan Perlindungan Dana Klien. Entitas Kami Sepenuhnya Berlisensi di Berbagai Wilayah Untuk Menjaga Standard\u0131 Kepatuhan Tinggi.<\/p>\r\n    <ul style=\"list-style:none;padding:0;margin-top:40px;\">\r\n      <li data-aos=\"fade-up\"><strong>Sey\u015feller:<\/strong> Just Global Markets Ltd. \u2013 LiSeni SD088 (Teregulasi)<\/li>\r\n      <li data-aos=\"fade-up\" data-aos-delay=\"100\"><strong>sipr\u00fcs:<\/strong> JustMarkets Ltd. \u2013 LiSeni 401\/21 (Teregulasi)<\/li>\r\n      <li data-aos=\"fade-up\" data-aos-delay=\"200\"><strong>Mauritius:<\/strong> Just Global Markets (MU) Limited \u2013 LiSeni GB22200881 (Teregulasi)<\/li>\r\n      <li data-aos=\"fade-up\" data-aos-delay=\"300\"><strong>Afrika Selatan:<\/strong> Just Global Markets (PTY) LTD \u2013 LiSeni FSP 51114 (Teregulasi)<\/li>\r\n      <li data-aos=\"fade-up\" data-aos-delay=\"400\"><strong>\u0130ngiliz Virgin Adalar\u0131:<\/strong> Just Global Markets (VG) Limited \u2013 LiSensi SIBA\/L\/24\/1177 (Teregulasi)<\/li>\r\n    <\/ul>\r\n  <\/div>\r\n<\/section>\r\n\r\n<!-- Footer -->\r\n<footer>\r\n  <div style=\"max-width:1200px;margin:0 auto;\">\r\n    <p>\u00a9 2025 JustMarkets. Semua Hak Dilindungi.<\/p>\r\n    <p>Ikuti Kami: \r\n      <a href=\"#\" style=\"color:#fff;margin:0 5px;\"><i class=\"fab fa-facebook-f\"><\/i><\/a>\r\n      <a href=\"#\" style=\"color:#fff;margin:0 5px;\"><i class=\"fab fa-twitter\"><\/i><\/a>\r\n      <a href=\"#\" style=\"color:#fff;margin:0 5px;\"><i class=\"fab fa-linkedin-in\"><\/i><\/a>\r\n    <\/p>\r\n  <\/div>\r\n<\/footer>\r\n\r\n<script src=\"https:\/\/cdnjs.cloudflare.com\/ajax\/libs\/aos\/2.3.4\/aos.js\"><\/script>\r\n<script>\r\n  AOS.init({ duration:1200, once:true });\r\n<\/script>\r\n<\/body>\r\n<\/html>\r\n\t\t\t\t<\/div>\n\t\t\t\t\t<\/div>\n\t\t\t\t<\/div>\n\t\t\t\t<\/div>","protected":false},"excerpt":{"rendered":"<p>&nbsp; Mulai Trading dengan JustMarkets: Broker Global untuk Forex, Saham, dan Crypto JustMarkets adalah platform trading global yang teregulasi, menyediakan [&hellip;]<\/p>\n","protected":false},"author":1,"featured_media":6,"parent":0,"menu_order":0,"comment_status":"closed","ping_status":"closed","template":"elementor_header_footer","meta":{"site-sidebar-layout":"no-sidebar","site-content-layout":"","ast-site-content-layout":"full-width-container","site-content-style":"default","site-sidebar-style":"default","ast-global-header-display":"","ast-banner-title-visibility":"","ast-main-header-display":"","ast-hfb-above-header-display":"","ast-hfb-below-header-display":"","ast-hfb-mobile-header-display":"","site-post-title":"","ast-breadcrumbs-content":"","ast-featured-img":"disabled","footer-sml-layout":"","ast-disable-related-posts":"","theme-transparent-header-meta":"default","adv-header-id-meta":"","stick-header-meta":"","header-above-stick-meta":"","header-main-stick-meta":"","header-below-stick-meta":"","astra-migrate-meta-layouts":"set","ast-page-background-enabled":"default","ast-page-background-meta":{"desktop":{"background-color":"var(--ast-global-color-5)","background-image":"","background-repeat":"repeat","background-position":"center center","background-size":"auto","background-attachment":"scroll","background-type":"","background-media":"","overlay-type":"","overlay-color":"","overlay-opacity":"","overlay-gradient":""},"tablet":{"background-color":"","background-image":"","background-repeat":"repeat","background-position":"center center","background-size":"auto","background-attachment":"scroll","background-type":"","background-media":"","overlay-type":"","overlay-color":"","overlay-opacity":"","overlay-gradient":""},"mobile":{"background-color":"","background-image":"","background-repeat":"repeat","background-position":"center center","background-size":"auto","background-attachment":"scroll","background-type":"","background-media":"","overlay-type":"","overlay-color":"","overlay-opacity":"","overlay-gradient":""}},"ast-content-background-meta":{"desktop":{"background-color":"var(--ast-global-color-4)","background-image":"","background-repeat":"repeat","background-position":"center center","background-size":"auto","background-attachment":"scroll","background-type":"","background-media":"","overlay-type":"","overlay-color":"","overlay-opacity":"","overlay-gradient":""},"tablet":{"background-color":"var(--ast-global-color-4)","background-image":"","background-repeat":"repeat","background-position":"center center","background-size":"auto","background-attachment":"scroll","background-type":"","background-media":"","overlay-type":"","overlay-color":"","overlay-opacity":"","overlay-gradient":""},"mobile":{"background-color":"var(--ast-global-color-4)","background-image":"","background-repeat":"repeat","background-position":"center center","background-size":"auto","background-attachment":"scroll","background-type":"","background-media":"","overlay-type":"","overlay-color":"","overlay-opacity":"","overlay-gradient":""}},"footnotes":""},"class_list":["post-345","page","type-page","status-publish","has-post-thumbnail","hentry"],"_links":{"self":[{"href":"https:\/\/trustedfxglobal.com\/tr\/wp-json\/wp\/v2\/pages\/345","targetHints":{"allow":["GET"]}}],"collection":[{"href":"https:\/\/trustedfxglobal.com\/tr\/wp-json\/wp\/v2\/pages"}],"about":[{"href":"https:\/\/trustedfxglobal.com\/tr\/wp-json\/wp\/v2\/types\/page"}],"author":[{"embeddable":true,"href":"https:\/\/trustedfxglobal.com\/tr\/wp-json\/wp\/v2\/users\/1"}],"replies":[{"embeddable":true,"href":"https:\/\/trustedfxglobal.com\/tr\/wp-json\/wp\/v2\/comments?post=345"}],"version-history":[{"count":7,"href":"https:\/\/trustedfxglobal.com\/tr\/wp-json\/wp\/v2\/pages\/345\/revisions"}],"predecessor-version":[{"id":438,"href":"https:\/\/trustedfxglobal.com\/tr\/wp-json\/wp\/v2\/pages\/345\/revisions\/438"}],"wp:featuredmedia":[{"embeddable":true,"href":"https:\/\/trustedfxglobal.com\/tr\/wp-json\/wp\/v2\/media\/6"}],"wp:attachment":[{"href":"https:\/\/trustedfxglobal.com\/tr\/wp-json\/wp\/v2\/media?parent=345"}],"curies":[{"name":"wp","href":"https:\/\/api.w.org\/{rel}","templated":true}]}}