{"id":550,"date":"2025-09-23T19:12:57","date_gmt":"2025-09-23T19:12:57","guid":{"rendered":"https:\/\/trustedfxglobal.com\/?page_id=550"},"modified":"2025-09-23T19:15:35","modified_gmt":"2025-09-23T19:15:35","slug":"baixar-mt5-justmarkets","status":"publish","type":"page","link":"https:\/\/trustedfxglobal.com\/pt\/download-mt5-justmarkets\/","title":{"rendered":"Guia JustMarkets MetaTrader 5 (MT5)"},"content":{"rendered":"<div data-elementor-type=\"wp-page\" data-elementor-id=\"550\" class=\"elementor elementor-550\">\n\t\t\t\t<div class=\"elementor-element elementor-element-7ce8b68 e-flex e-con-boxed e-con e-parent\" data-id=\"7ce8b68\" data-element_type=\"container\" data-e-type=\"container\">\n\t\t\t\t\t<div class=\"e-con-inner\">\n\t\t\t\t<div class=\"elementor-element elementor-element-2fe239f elementor-widget elementor-widget-html\" data-id=\"2fe239f\" data-element_type=\"widget\" data-e-type=\"widget\" data-widget_type=\"html.default\">\n\t\t\t\t\t<!DOCTYPE html>\r\n<html lang=\"en\">\r\n<head>\r\n    <meta charset=\"UTF-8\">\r\n    <meta name=\"viewport\" content=\"width=device-width, initial-scale=1.0\">\r\n    <meta name=\"description\" content=\"Guia abrangente para o MetaTrader 5 (MT5) JustMarkets: recursos, instala\u00e7\u00e3o, personaliza\u00e7\u00e3o e perguntas frequentes.\">\r\n    <meta name=\"keywords\" content=\"JustMarkets MT5, MetaTrader 5 features, MT5 installation, MT5 customization, MT5 FAQs\">\r\n    <title>Guia do JustMarkets MetaTrader 5: recursos, instala\u00e7\u00e3o e perguntas frequentes<\/title>\r\n    <style>\r\n        body {font-family: Arial, sans-serif; margin: 0; padding: 0; background-color: #f4f4f4;}\r\n        main {max-width: 1200px; margin: 30px auto; padding: 20px; background-color: #fff; border-radius: 8px; box-shadow: 0 4px 8px rgba(0, 0, 0, 0.1);}\r\n        h1, h2, h3 {color: #003366;}\r\n        h1 {font-size: 2.5em; margin-bottom: 0.5em;}\r\n        h2 {font-size: 2em; margin-top: 1.5em; margin-bottom: 0.5em;}\r\n        h3 {font-size: 1.5em; margin-top: 1em; margin-bottom: 0.5em;}\r\n        p, ul {line-height: 1.6;}\r\n        ul {padding-left: 20px;}\r\n        a {color: #0077cc; text-decoration: none;}\r\n        a:hover {text-decoration: underline;}\r\n        .cta-button {display: inline-block; background-color: #0077cc; color: white; padding: 10px 20px; border-radius: 5px; margin-top: 20px;}\r\n        .cta-button:hover {background-color: #005fa3;}\r\n        .faq-item {margin-bottom: 20px;}\r\n        .faq-question {font-weight: bold; cursor: pointer;}\r\n        .faq-answer {display: none; margin-top: 5px; padding-left: 20px;}\r\n    <\/style>\r\n    <script>\r\n        document.addEventListener('DOMContentLoaded', function () {\r\n            const faqQuestions = document.querySelectorAll('.faq-question');\r\n            faqQuestions.forEach(function (question) {\r\n                question.addEventListener('click', function () {\r\n                    const answer = this.nextElementSibling;\r\n                    answer.style.display = (answer.style.display === 'block') ? 'none' : 'block';\r\n                });\r\n            });\r\n        });\r\n    <\/script>\r\n<\/head>\r\n<body>\r\n<main>\r\n    <h1>Guia JustMarkets MetaTrader 5 (MT5)<\/h1>\r\n    <p>Bem-vindo ao guia abrangente sobre o MetaTrader 5 (MT5) JustMarkets. Este guia abrange tudo, desde a instala\u00e7\u00e3o at\u00e9 os recursos avan\u00e7ados, garantindo que voc\u00ea possa aproveitar todo o potencial do MT5 para o sucesso da sua negocia\u00e7\u00e3o.<\/p>\r\n    <a href=\"https:\/\/one.justmarkets.link\/a\/t11xd0xwgz\/trading-platforms\/mt5-pc\" class=\"cta-button\" target=\"_blank\" rel=\"noopener\">Baixe o MT5 para PC<\/a>\r\n\r\n    <h2>\u00edndice<\/h2>\r\n    <ul>\r\n        <li><a href=\"#introduction\">Introdu\u00e7\u00e3o ao MetaTrader 5<\/a><\/li>\r\n        <li><a href=\"#features\">Principais caracter\u00edsticas do MT5<\/a><\/li>\r\n        <li><a href=\"#installation\">Como instalar o MT5<\/a><\/li>\r\n        <li><a href=\"#customization\">Personalizando seu espa\u00e7o de trabalho MT5<\/a><\/li>\r\n        <li><a href=\"#trading\">Executando negocia\u00e7\u00f5es no MT5<\/a><\/li>\r\n        <li><a href=\"#tools\">Utilizando ferramentas e indicadores MT5<\/a><\/li>\r\n        <li><a href=\"#mobile\">Aplicativo MT5<\/a><\/li>\r\n        <li><a href=\"#faq\">Perguntas frequentes<\/a><\/li>\r\n    <\/ul>\r\n\r\n    <h2 id=\"introduction\">Introdu\u00e7\u00e3o ao MetaTrader 5<\/h2>\r\n    <p>MetaTrader 5 (MT5) \u00e9 uma plataforma de negocia\u00e7\u00e3o de ativos m\u00faltiplos desenvolvida pela MetaQuotes Software. Oferece ferramentas avan\u00e7adas de gr\u00e1ficos, capacidades de negocia\u00e7\u00e3o automatizadas e acesso a uma ampla gama de instrumentos financeiros. MT5 \u00e9 o sucessor do MetaTrader 4 (MT4), fornecendo recursos aprimorados para os traders que buscam op\u00e7\u00f5es de an\u00e1lise e negocia\u00e7\u00e3o mais abrangentes.<\/p>\r\n\r\n    <h2 id=\"features\">Principais caracter\u00edsticas do MT5<\/h2>\r\n    <ul>\r\n        <li><strong>Negocia\u00e7\u00e3o de ativos m\u00faltiplos:<\/strong> Negocie Forex, a\u00e7\u00f5es, \u00edndices, commodities e criptomoedas, tudo dentro de uma plataforma.<\/li>\r\n        <li><strong>Ferramentas avan\u00e7adas de gr\u00e1ficos:<\/strong> Utilize 21 prazos, 38 indicadores t\u00e9cnicos e 44 objetos gr\u00e1ficos para uma an\u00e1lise aprofundada do mercado.<\/li>\r\n        <li><strong>Negocia\u00e7\u00e3o automatizada:<\/strong> Desenvolva e implemente estrat\u00e9gias de negocia\u00e7\u00e3o automatizadas usando Expert Advisors (EAS) com a linguagem de programa\u00e7\u00e3o MQL5.<\/li>\r\n        <li><strong>calend\u00e1rio econ\u00f4mico:<\/strong> Acesse um calend\u00e1rio econ\u00f4mico integrado para se manter informado sobre os eventos que mudam o mercado.<\/li>\r\n        <li><strong>Profundidade do mercado (DOM):<\/strong> Analise a liquidez do mercado e execute pedidos com precis\u00e3o.<\/li>\r\n        <li><strong>Negocia\u00e7\u00e3o com um clique:<\/strong> Execute negocia\u00e7\u00f5es instantaneamente com um \u00fanico clique para uma r\u00e1pida entrada no mercado.<\/li>\r\n    <\/ul>\r\n\r\n    <h2 id=\"installation\">Como instalar o MT5<\/h2>\r\n    <p>Siga estas etapas para instalar o MT5 no seu PC:<\/p>\r\n    <ol>\r\n        <li><a href=\"https:\/\/one.justmarkets.link\/a\/t11xd0xwgz\/trading-platforms\/mt5-pc\" target=\"_blank\" rel=\"noopener\">Baixe o instalador do MT5<\/a> da JustMarkets.<\/li>\r\n        <li>Execute o instalador e siga as instru\u00e7\u00f5es na tela.<\/li>\r\n        <li>Inicie o MT5 e fa\u00e7a login usando as credenciais da sua conta JustMarkets.<\/li>\r\n        <li>Comece a negociar selecionando os instrumentos desejados e configurando seu espa\u00e7o de trabalho.<\/li>\r\n    <\/ol>\r\n\r\n    <h2 id=\"customization\">Personalizando seu espa\u00e7o de trabalho MT5<\/h2>\r\n    <p>Personalize sua interface MT5 para se adequar ao seu estilo de negocia\u00e7\u00e3o:<\/p>\r\n    <ul>\r\n        <li><strong>Layout do gr\u00e1fico:<\/strong> Organize v\u00e1rios gr\u00e1ficos em um layout de grade para an\u00e1lise simult\u00e2nea.<\/li>\r\n        <li><strong>Modelos:<\/strong> Salve as configura\u00e7\u00f5es do gr\u00e1fico como modelos para aplica\u00e7\u00e3o r\u00e1pida em outros gr\u00e1ficos.<\/li>\r\n        <li><strong>Perfis:<\/strong> Crie perfis para salvar e alternar entre diferentes configura\u00e7\u00f5es de espa\u00e7o de trabalho.<\/li>\r\n        <li><strong>Teclas de atalho:<\/strong> Atribua atalhos de teclado \u00e0s fun\u00e7\u00f5es usadas com frequ\u00eancia para um acesso mais r\u00e1pido.<\/li>\r\n    <\/ul>\r\n\r\n    <h2 id=\"trading\">Executando negocia\u00e7\u00f5es no MT5<\/h2>\r\n    <p>Para executar uma negocia\u00e7\u00e3o no MT5:<\/p>\r\n    <ol>\r\n        <li>Selecione o instrumento que voc\u00ea deseja negociar na janela do mercado de observa\u00e7\u00e3o.<\/li>\r\n        <li>Clique com o bot\u00e3o direito do mouse no instrumento e escolha \"Nova ordem\".<\/li>\r\n        <li>Insira seus par\u00e2metros de com\u00e9rcio, incluindo volume, stop loss, lucro e tipo de pedido.<\/li>\r\n        <li>Clique em \"Comprar\" ou \"Vender\" para executar a negocia\u00e7\u00e3o.<\/li>\r\n    <\/ol>\r\n\r\n    <h2 id=\"tools\">Utilizando ferramentas e indicadores MT5<\/h2>\r\n    <p>Aprimore sua an\u00e1lise de negocia\u00e7\u00e3o com as ferramentas integradas do MT5:<\/p>\r\n    <ul>\r\n        <li><strong>Indicadores t\u00e9cnicos:<\/strong> Aplique indicadores como m\u00e9dias m\u00f3veis, RSI, MACD e muito mais em seus gr\u00e1ficos.<\/li>\r\n        <li><strong>Objetos gr\u00e1ficos:<\/strong> Use linhas de tend\u00eancia, canais, retra\u00e7\u00f5es de Fibonacci e outras ferramentas para an\u00e1lise t\u00e9cnica.<\/li>\r\n        <li><strong>Profundidade do mercado:<\/strong> Veja os dados de liquidez do mercado em tempo real e livros de pedidos.<\/li>\r\n        <li><strong>calend\u00e1rio econ\u00f4mico:<\/strong> Monitore os pr\u00f3ximos eventos econ\u00f4micos que podem impactar as condi\u00e7\u00f5es do mercado.<\/li>\r\n    <\/ul>\r\n\r\n    <h2 id=\"mobile\">Aplicativo MT5<\/h2>\r\n    <p>Negocie em qualquer lugar com o aplicativo m\u00f3vel MT5:<\/p>\r\n    <ul>\r\n        <li><strong>Portabilidade:<\/strong> Acesse sua conta de negocia\u00e7\u00e3o de qualquer lugar usando seu smartphone ou tablet.<\/li>\r\n        <li><strong>Dados em tempo real:<\/strong> Receba cota\u00e7\u00f5es, gr\u00e1ficos e atualiza\u00e7\u00f5es em tempo real.<\/li>\r\n        <li><strong>Gerenciamento de pedidos:<\/strong> Coloque, modifique e feche pedidos diretamente do aplicativo para dispositivos m\u00f3veis.<\/li>\r\n        <li><strong>Notifica\u00e7\u00f5es push:<\/strong> Mantenha-se informado com alertas instant\u00e2neos para movimentos de pre\u00e7os e eventos de not\u00edcias.<\/li>\r\n    <\/ul>\r\n\r\n    <h2 id=\"faq\">Perguntas frequentes<\/h2>\r\n    <div class=\"faq-item\">\r\n        <div class=\"faq-question\">Qual \u00e9 a diferen\u00e7a entre MT4 e MT5?<\/div>\r\n        <div class=\"faq-answer\">\r\n            <p>O MT5 oferece recursos adicionais, como negocia\u00e7\u00e3o de ativos m\u00faltiplos, mais prazos e um calend\u00e1rio econ\u00f4mico integrado, tornando-o mais adequado para traders avan\u00e7ados.<\/p>\r\n        <\/div>\r\n    <\/div>\r\n    <div class=\"faq-item\">\r\n        <div class=\"faq-question\">Posso usar Expert Advisors (EAS) no MT5?<\/div>\r\n        <div class=\"faq-answer\">\r\n            <p>Sim, o MT5 oferece suporte a negocia\u00e7\u00e3o automatizada por meio de consultores especializados desenvolvidos usando a linguagem de programa\u00e7\u00e3o MQL5.<\/p>\r\n        <\/div>\r\n    <\/div>\r\n    <div class=\"faq-item\">\r\n        <div class=\"faq-question\">existe uma vers\u00e3o m\u00f3vel do mt5?<\/div>\r\n        <div class=\"faq-answer\">\r\n            <p>Sim, o MT5 est\u00e1 dispon\u00edvel como um aplicativo m\u00f3vel para dispositivos iOS e Android, permitindo que voc\u00ea negocie em qualquer lugar.<\/p>\r\n        <\/div>\r\n    <\/div>\r\n    <div class=\"faq-item\">\r\n        <div class=\"faq-question\">Como posso acessar o calend\u00e1rio econ\u00f4mico no MT5?<\/div>\r\n        <div class=\"faq-answer\">\r\n            <p>Abra a janela \"Caixa de ferramentas\" e clique na guia \"Caledor\" para ver o calend\u00e1rio econ\u00f4mico integrado no MT5.<\/p>\r\n        <\/div>\r\n\r\n    <\/div>\r\n    <div class=\"faq-item\">\r\n        <div class=\"faq-question\">Posso personalizar meu espa\u00e7o de trabalho MT5?<\/div>\r\n        <div class=\"faq-answer\">\r\n            <p>Sim, o MT5 permite uma personaliza\u00e7\u00e3o completa, incluindo modelos de gr\u00e1ficos, perfis, teclas de atalho e v\u00e1rios layouts de gr\u00e1ficos para uma an\u00e1lise eficiente.<\/p>\r\n        <\/div>\r\n    <\/div>\r\n    <div class=\"faq-item\">\r\n        <div class=\"faq-question\">Como fa\u00e7o para baixar o MT5 para JustMarkets?<\/div>\r\n        <div class=\"faq-answer\">\r\n            <p>Voc\u00ea pode baixar a plataforma MT5 para PC usando este link: <a href=\"https:\/\/one.justmarkets.link\/a\/t11xd0xwgz\/trading-platforms\/mt5-pc\" target=\"_blank\" rel=\"noopener\">Baixe o MT5 para PC<\/a>.<\/p>\r\n        <\/div>\r\n    <\/div>\r\n    <div class=\"faq-item\">\r\n        <div class=\"faq-question\">As contas do MT5 s\u00e3o compat\u00edveis com o MT4?<\/div>\r\n        <div class=\"faq-answer\">\r\n            <p>N\u00e3o, as contas MT5 s\u00e3o separadas das contas MT4. Voc\u00ea precisa criar uma conta separada se trocar de plataforma.<\/p>\r\n        <\/div>\r\n    <\/div>\r\n    <div class=\"faq-item\">\r\n        <div class=\"faq-question\">Quais instrumentos de negocia\u00e7\u00e3o est\u00e3o dispon\u00edveis no MT5?<\/div>\r\n        <div class=\"faq-answer\">\r\n            <p>O MT5 oferece suporte a Forex, CFDs em a\u00e7\u00f5es, \u00edndices, commodities e criptomoedas, fornecendo um ambiente de negocia\u00e7\u00e3o de v\u00e1rios ativos.<\/p>\r\n        <\/div>\r\n    <\/div>\r\n    <div class=\"faq-item\">\r\n        <div class=\"faq-question\">Posso usar o MT5 para estrat\u00e9gias de negocia\u00e7\u00e3o automatizadas?<\/div>\r\n        <div class=\"faq-answer\">\r\n            <p>Sim, o MT5 oferece suporte a negocia\u00e7\u00e3o automatizada por meio de Expert Advisors (EAS) e indicadores personalizados desenvolvidos no MQL5.<\/p>\r\n        <\/div>\r\n    <\/div>\r\n\r\n    <a href=\"https:\/\/one.justmarkets.link\/a\/t11xd0xwgz\/trading-platforms\/mt5-pc\" class=\"cta-button\" target=\"_blank\" rel=\"noopener\">Baixe o MT5 e comece a negociar<\/a>\r\n<\/main>\r\n<\/body>\r\n<\/html>\r\n\r\n \r\n\t\t\t\t<\/div>\n\t\t\t\t\t<\/div>\n\t\t\t\t<\/div>\n\t\t\t\t<\/div>","protected":false},"excerpt":{"rendered":"<p>&nbsp; &nbsp; &nbsp; JustMarkets MetaTrader 5 (MT5) Guide Welcome to the comprehensive guide on JustMarkets MetaTrader 5 (MT5). This guide [&hellip;]<\/p>\n","protected":false},"author":1,"featured_media":0,"parent":0,"menu_order":0,"comment_status":"closed","ping_status":"closed","template":"elementor_header_footer","meta":{"site-sidebar-layout":"no-sidebar","site-content-layout":"","ast-site-content-layout":"full-width-container","site-content-style":"default","site-sidebar-style":"default","ast-global-header-display":"","ast-banner-title-visibility":"","ast-main-header-display":"","ast-hfb-above-header-display":"","ast-hfb-below-header-display":"","ast-hfb-mobile-header-display":"","site-post-title":"","ast-breadcrumbs-content":"","ast-featured-img":"disabled","footer-sml-layout":"","ast-disable-related-posts":"","theme-transparent-header-meta":"default","adv-header-id-meta":"","stick-header-meta":"","header-above-stick-meta":"","header-main-stick-meta":"","header-below-stick-meta":"","astra-migrate-meta-layouts":"set","ast-page-background-enabled":"default","ast-page-background-meta":{"desktop":{"background-color":"var(--ast-global-color-5)","background-image":"","background-repeat":"repeat","background-position":"center center","background-size":"auto","background-attachment":"scroll","background-type":"","background-media":"","overlay-type":"","overlay-color":"","overlay-opacity":"","overlay-gradient":""},"tablet":{"background-color":"","background-image":"","background-repeat":"repeat","background-position":"center center","background-size":"auto","background-attachment":"scroll","background-type":"","background-media":"","overlay-type":"","overlay-color":"","overlay-opacity":"","overlay-gradient":""},"mobile":{"background-color":"","background-image":"","background-repeat":"repeat","background-position":"center center","background-size":"auto","background-attachment":"scroll","background-type":"","background-media":"","overlay-type":"","overlay-color":"","overlay-opacity":"","overlay-gradient":""}},"ast-content-background-meta":{"desktop":{"background-color":"var(--ast-global-color-4)","background-image":"","background-repeat":"repeat","background-position":"center center","background-size":"auto","background-attachment":"scroll","background-type":"","background-media":"","overlay-type":"","overlay-color":"","overlay-opacity":"","overlay-gradient":""},"tablet":{"background-color":"var(--ast-global-color-4)","background-image":"","background-repeat":"repeat","background-position":"center center","background-size":"auto","background-attachment":"scroll","background-type":"","background-media":"","overlay-type":"","overlay-color":"","overlay-opacity":"","overlay-gradient":""},"mobile":{"background-color":"var(--ast-global-color-4)","background-image":"","background-repeat":"repeat","background-position":"center center","background-size":"auto","background-attachment":"scroll","background-type":"","background-media":"","overlay-type":"","overlay-color":"","overlay-opacity":"","overlay-gradient":""}},"footnotes":""},"class_list":["post-550","page","type-page","status-publish","hentry"],"_links":{"self":[{"href":"https:\/\/trustedfxglobal.com\/pt\/wp-json\/wp\/v2\/pages\/550","targetHints":{"allow":["GET"]}}],"collection":[{"href":"https:\/\/trustedfxglobal.com\/pt\/wp-json\/wp\/v2\/pages"}],"about":[{"href":"https:\/\/trustedfxglobal.com\/pt\/wp-json\/wp\/v2\/types\/page"}],"author":[{"embeddable":true,"href":"https:\/\/trustedfxglobal.com\/pt\/wp-json\/wp\/v2\/users\/1"}],"replies":[{"embeddable":true,"href":"https:\/\/trustedfxglobal.com\/pt\/wp-json\/wp\/v2\/comments?post=550"}],"version-history":[{"count":5,"href":"https:\/\/trustedfxglobal.com\/pt\/wp-json\/wp\/v2\/pages\/550\/revisions"}],"predecessor-version":[{"id":556,"href":"https:\/\/trustedfxglobal.com\/pt\/wp-json\/wp\/v2\/pages\/550\/revisions\/556"}],"wp:attachment":[{"href":"https:\/\/trustedfxglobal.com\/pt\/wp-json\/wp\/v2\/media?parent=550"}],"curies":[{"name":"wp","href":"https:\/\/api.w.org\/{rel}","templated":true}]}}