{"id":504,"date":"2025-09-23T18:38:07","date_gmt":"2025-09-23T18:38:07","guid":{"rendered":"https:\/\/trustedfxglobal.com\/?page_id=504"},"modified":"2025-09-23T18:39:36","modified_gmt":"2025-09-23T18:39:36","slug":"conta-de-spread-raw-da-justmarket","status":"publish","type":"page","link":"https:\/\/trustedfxglobal.com\/pt\/justmarkets-raw-spread-account\/","title":{"rendered":"Guia de conta do JustMarkets Raw Spread: recursos, compara\u00e7\u00e3o e perguntas frequentes | TrustedFXGlobal"},"content":{"rendered":"<div data-elementor-type=\"wp-page\" data-elementor-id=\"504\" class=\"elementor elementor-504\">\n\t\t\t\t<div class=\"elementor-element elementor-element-83e4778 e-flex e-con-boxed e-con e-parent\" data-id=\"83e4778\" data-element_type=\"container\" data-e-type=\"container\">\n\t\t\t\t\t<div class=\"e-con-inner\">\n\t\t\t\t<div class=\"elementor-element elementor-element-56c4ee0 elementor-widget elementor-widget-html\" data-id=\"56c4ee0\" data-element_type=\"widget\" data-e-type=\"widget\" data-widget_type=\"html.default\">\n\t\t\t\t\t<!DOCTYPE html>\r\n<html lang=\"en\">\r\n<head>\r\n<meta charset=\"UTF-8\">\r\n<meta name=\"viewport\" content=\"width=device-width, initial-scale=1.0\">\r\n<meta name=\"title\" content=\"JustMarkets Raw Spread Account Guide: Features, Comparison & FAQs\">\r\n<meta name=\"description\" content=\"Guia abrangente sobre a conta de spread RAW JustMarkets. Aprenda recursos, compara\u00e7\u00e3o de contas, cadastro passo a passo, instrumentos de negocia\u00e7\u00e3o, taxas e perguntas frequentes.\">\r\n<meta name=\"keywords\" content=\"JustMarkets Raw Spread account, Raw Spread features, account comparison, forex trading, open Raw Spread account, JustMarkets affiliate\">\r\n<title>Guia da conta do JustMarkets Raw Spread: recursos, compara\u00e7\u00e3o e perguntas frequentes<\/title>\r\n<style>\r\nbody {font-family:'Segoe UI', Tahoma, Geneva, Verdana, sans-serif; margin:0; padding:0; background:#f4f6f8; color:#333;}\r\nmain {max-width:1200px; margin:30px auto; padding:30px; background:#ffffff; border-radius:12px; box-shadow:0 5px 25px rgba(0,0,0,0.08);}\r\nh1,h2,h3 {margin-top:30px;}\r\nh1 {color:#003366; font-size:2.5em;}\r\nh2 {color:#003366; font-size:2em;}\r\nh3 {color:#333333; font-size:1.5em;}\r\np, li {line-height:1.8;}\r\nul, ol {padding-left:20px;}\r\ntable {width:100%; border-collapse:collapse; margin:20px 0;}\r\ntable, th, td {border:1px solid #ccc;}\r\nth, td {padding:12px; text-align:left;}\r\na.cta-button {display:inline-block; background:#003366; color:#ffffff; padding:14px 28px; border-radius:8px; font-weight:bold; text-decoration:none; transition:0.3s; margin-top:15px; box-shadow:0 5px 15px rgba(0,51,102,0.4);}\r\na.cta-button:hover {background:#0077cc; transform:translateY(-2px);}\r\n.faq-item {margin-bottom:25px;}\r\n.faq-question {font-weight:bold; color:#003366; cursor:pointer; padding:10px; background:#e6f0fa; border-radius:6px;}\r\n.faq-answer {margin-top:8px; padding-left:15px; display:none; color:#333;}\r\n@media(max-width:768px){h1{font-size:2em;} h2{font-size:1.5em;}}\r\n<\/style>\r\n<script>\r\ndocument.addEventListener('DOMContentLoaded', function(){\r\n    const items = document.querySelectorAll('.faq-question');\r\n    items.forEach(item=>{\r\n        item.addEventListener('click', ()=>{\r\n            const ans = item.nextElementSibling;\r\n            ans.style.display = (ans.style.display==='block')?'none':'block';\r\n        });\r\n    });\r\n});\r\n<\/script>\r\n<\/head>\r\n<body>\r\n<main>\r\n<h1>Guia da conta do JustMarkets Raw Spread: recursos, compara\u00e7\u00e3o e perguntas frequentes<\/h1>\r\n\r\n<!-- Table of Contents -->\r\n<section id=\"table-of-contents\">\r\n<h2>\u00edndice<\/h2>\r\n<ol>\r\n<li><a href=\"#introduction\">Introdu\u00e7\u00e3o \u00e0 conta spread do RAW da JustMarket<\/a><\/li>\r\n<li><a href=\"#features\">Principais recursos da conta de spread bruto<\/a><\/li>\r\n<li><a href=\"#comparison\">Spread bruto versus outros tipos de conta<\/a><\/li>\r\n<li><a href=\"#open-account\">Como abrir uma conta de spread bruto<\/a><\/li>\r\n<li><a href=\"#funding\">Financiando sua conta de spread bruto<\/a><\/li>\r\n<li><a href=\"#instruments\">instrumentos de negocia\u00e7\u00e3o<\/a><\/li>\r\n<li><a href=\"#leverage\">Alavancagem e margem<\/a><\/li>\r\n<li><a href=\"#risk\">Ferramentas de gerenciamento de risco<\/a><\/li>\r\n<li><a href=\"#security\">medidas de seguran\u00e7a<\/a><\/li>\r\n<li><a href=\"#fees\">Taxas e comiss\u00f5es<\/a><\/li>\r\n<li><a href=\"#troubleshooting\">Problemas comuns e solu\u00e7\u00e3o de problemas<\/a><\/li>\r\n<li><a href=\"#faq\">Perguntas frequentes<\/a><\/li>\r\n<\/ol>\r\n<\/section>\r\n\r\n<!-- Introduction -->\r\n<section id=\"introduction\">\r\n<h2>Introdu\u00e7\u00e3o \u00e0 conta spread do RAW da JustMarket<\/h2>\r\n<p>o <strong>Conta de spread RAW da JustMarket<\/strong> Foi projetado para traders profissionais que priorizam spreads ultrabaixos e condi\u00e7\u00f5es de negocia\u00e7\u00e3o avan\u00e7adas. Com spreads a partir de 0,0 pips e negocia\u00e7\u00e3o baseada em comiss\u00f5es, \u00e9 ideal para escalpelamento, negocia\u00e7\u00e3o de alta frequ\u00eancia e estrat\u00e9gias algor\u00edtmicas. Esta conta fornece acesso direto ao mercado com custos m\u00ednimos de negocia\u00e7\u00e3o.<\/p>\r\n<a class=\"cta-button\" href=\"https:\/\/one.justmarkets.link\/a\/t11xd0xwgz\/registration\/trader\" target=\"_blank\" rel=\"noopener\">Abra a conta de spread raw agora<\/a>\r\n<\/section>\r\n\r\n<!-- Features -->\r\n<section id=\"features\">\r\n<h2>Principais recursos da conta de spread bruto<\/h2>\r\n<ul>\r\n<li>Dep\u00f3sito m\u00ednimo: $200<\/li>\r\n<li>Spreads: a partir de 0,0 pips<\/li>\r\n<li>Comiss\u00e3o: $3 por lote por lado<\/li>\r\n<li>Alavancagem: at\u00e9 1:3000<\/li>\r\n<li>Tipo de execu\u00e7\u00e3o: execu\u00e7\u00e3o do mercado<\/li>\r\n<li>Plataformas suportadas: MT4 e MT5<\/li>\r\n<li>Instrumentos de negocia\u00e7\u00e3o: Forex, \u00edndices, commodities, a\u00e7\u00f5es, criptomoedas<\/li>\r\n<li>Projetado para cambistas, algor\u00edtmicos e traders profissionais<\/li>\r\n<\/ul>\r\n<a class=\"cta-button\" href=\"https:\/\/one.justmarkets.link\/a\/t11xd0xwgz\/registration\/trader\" target=\"_blank\" rel=\"noopener\">Comece a negociar o spread bruto<\/a>\r\n<\/section>\r\n\r\n<!-- Comparison -->\r\n<section id=\"comparison\">\r\n<h2>Spread bruto em rela\u00e7\u00e3o a outros tipos de conta JustMarkets<\/h2>\r\n<p>Compare a conta spread RAW com as contas profissionais e padr\u00e3o para determinar o melhor ajuste para o seu estilo de negocia\u00e7\u00e3o:<\/p>\r\n<table>\r\n<tr>\r\n<th>caracter\u00edstica<\/th>\r\n<th>Spread bruto<\/th>\r\n<th>conta profissional<\/th>\r\n<th>conta padr\u00e3o<\/th>\r\n<\/tr>\r\n<tr>\r\n<td>dep\u00f3sito m\u00ednimo<\/td>\r\n<td>$200<\/td>\r\n<td>$200<\/td>\r\n<td>$10<\/td>\r\n<\/tr>\r\n<tr>\r\n<td>propaga\u00e7\u00e3o<\/td>\r\n<td>de 0,0 pips<\/td>\r\n<td>de 0,1 pips<\/td>\r\n<td>de 0,3 pips<\/td>\r\n<\/tr>\r\n<tr>\r\n<td>encomenda<\/td>\r\n<td>$3 por lote por lado<\/td>\r\n<td>nenhum<\/td>\r\n<td>nenhum<\/td>\r\n<\/tr>\r\n<tr>\r\n<td>alavanca<\/td>\r\n<td>at\u00e9 1:3000<\/td>\r\n<td>at\u00e9 1:3000<\/td>\r\n<td>at\u00e9 1:3000<\/td>\r\n<\/tr>\r\n<tr>\r\n<td>Ideal para<\/td>\r\n<td>Cambistas \/ Algo Traders<\/td>\r\n<td>Comerciantes ativos<\/td>\r\n<td>iniciantes<\/td>\r\n<\/tr>\r\n<\/table>\r\n<a class=\"cta-button\" href=\"https:\/\/one.justmarkets.link\/a\/t11xd0xwgz\/registration\/trader\" target=\"_blank\" rel=\"noopener\">Compare e abra o spread bruto<\/a>\r\n<\/section>\r\n\r\n<!-- Open Account -->\r\n<section id=\"open-account\">\r\n<h2>Como abrir uma conta de spread do JustMarkets Raw<\/h2>\r\n<ol>\r\n<li>Visite o <a href=\"https:\/\/one.justmarkets.link\/a\/t11xd0xwgz\/registration\/trader\" target=\"_blank\" rel=\"noopener\">P\u00e1gina de registro de spread bruto<\/a>.<\/li>\r\n<li>Insira as informa\u00e7\u00f5es pessoais: nome completo, e-mail e n\u00famero de telefone.<\/li>\r\n<li>Selecione \"Conta de spread bruto\" em Tipos de conta.<\/li>\r\n<li>Crie uma senha segura para o login.<\/li>\r\n<li>Carregar o ID e o comprovante de endere\u00e7o para verifica\u00e7\u00e3o.<\/li>\r\n<li>Deposite pelo menos $200 para ativar a conta.<\/li>\r\n<li>Comece a negociar via plataformas MT4, MT5 ou m\u00f3veis.<\/li>\r\n<\/ol>\r\n<a class=\"cta-button\" href=\"https:\/\/one.justmarkets.link\/a\/t11xd0xwgz\/registration\/trader\" target=\"_blank\" rel=\"noopener\">Abra a conta de spread raw agora<\/a>\r\n<\/section>\r\n\r\n<!-- Funding -->\r\n<section id=\"funding\">\r\n<h2>Financiando sua conta de spread bruto<\/h2>\r\n<p>V\u00e1rios m\u00e9todos de dep\u00f3sito est\u00e3o dispon\u00edveis para a conta de spread bruto:<\/p>\r\n<ul>\r\n<li>Transfer\u00eancias banc\u00e1rias (locais e internacionais)<\/li>\r\n<li>Carteiras eletr\u00f4nicas: Skrill, Neteller, Perfect Money<\/li>\r\n<li>Criptomoedas: Bitcoin, Ethereum, Litecoin<\/li>\r\n<li>Cart\u00f5es de cr\u00e9dito\/d\u00e9bito: Visa e Mastercard<\/li>\r\n<\/ul>\r\n<p>Verifique se h\u00e1 dep\u00f3sitos e taxas m\u00ednimas, dependendo do m\u00e9todo.<\/p>\r\n<a class=\"cta-button\" href=\"https:\/\/one.justmarkets.link\/a\/t11xd0xwgz\/registration\/trader\" target=\"_blank\" rel=\"noopener\">Financiar sua conta<\/a>\r\n<\/section>\r\n\r\n<!-- Trading Instruments -->\r\n<section id=\"instruments\">\r\n<h2>instrumentos de negocia\u00e7\u00e3o<\/h2>\r\n<ul>\r\n<li>Pares Forex: Majors, Menores, Ex\u00f3ticos<\/li>\r\n<li>\u00cdndices: S&amp;P 500, NASDAQ, FTSE, DAX<\/li>\r\n<li>Mercadorias: ouro, prata, \u00f3leo<\/li>\r\n<li>A\u00e7\u00f5es: a\u00e7\u00f5es da empresa global<\/li>\r\n<li>Criptomoedas: BTC, ETH, LTC e mais<\/li>\r\n<\/ul>\r\n<a class=\"cta-button\" href=\"https:\/\/one.justmarkets.link\/a\/t11xd0xwgz\/registration\/trader\" target=\"_blank\" rel=\"noopener\">Explorar instrumentos de negocia\u00e7\u00e3o<\/a>\r\n<\/section>\r\n\r\n<!-- Leverage -->\r\n<section id=\"leverage\">\r\n<h2>Alavancagem e margem<\/h2>\r\n<p>A conta spread bruta oferece alavancagem de at\u00e9 1:3000. Use a alavancagem com cuidado e monitore sua margem para reduzir o risco de liquida\u00e7\u00e3o.<\/p>\r\n<a class=\"cta-button\" href=\"https:\/\/one.justmarkets.link\/a\/t11xd0xwgz\/registration\/trader\" target=\"_blank\" rel=\"noopener\">Saiba mais sobre a alavancagem<\/a>\r\n<\/section>\r\n\r\n<!-- Risk Management -->\r\n<section id=\"risk\">\r\n<h2>Ferramentas de gerenciamento de risco<\/h2>\r\n<ul>\r\n<li>Stop Loss e Take Profit para controle automatizado de risco<\/li>\r\n<li>Parada final para gerenciamento de posi\u00e7\u00e3o din\u00e2mica<\/li>\r\n<li>Prote\u00e7\u00e3o contra saldo negativo<\/li>\r\n<li>Alertas de margem e notifica\u00e7\u00f5es<\/li>\r\n<\/ul>\r\n<a class=\"cta-button\" href=\"https:\/\/one.justmarkets.link\/a\/t11xd0xwgz\/registration\/trader\" target=\"_blank\" rel=\"noopener\">Gerencie seu risco<\/a>\r\n<\/section>\r\n\r\n<!-- Security -->\r\n<section id=\"security\">\r\n<h2>medidas de seguran\u00e7a<\/h2>\r\n<ul>\r\n<li>Autentica\u00e7\u00e3o de dois fatores (2FA)<\/li>\r\n<li>Criptografia SSL para todas as transa\u00e7\u00f5es<\/li>\r\n<li>Fundos segregados de clientes<\/li>\r\n<li>Auditorias de seguran\u00e7a regulares<\/li>\r\n<\/ul>\r\n<a class=\"cta-button\" href=\"https:\/\/one.justmarkets.link\/a\/t11xd0xwgz\/registration\/trader\" target=\"_blank\" rel=\"noopener\">Proteja sua conta<\/a>\r\n<\/section>\r\n\r\n<!-- Fees -->\r\n<section id=\"fees\">\r\n<h2>Taxas e comiss\u00f5es<\/h2>\r\n<ul>\r\n<li>Comiss\u00e3o: $3 por lote por lado<\/li>\r\n<li>Troque as cobran\u00e7as por posi\u00e7\u00f5es durante a noite<\/li>\r\n<li>Taxas de inatividade podem ser aplicadas para contas inativas<\/li>\r\n<li>As taxas de dep\u00f3sito\/retirada variam dependendo do m\u00e9todo<\/li>\r\n<\/ul>\r\n<a class=\"cta-button\" href=\"https:\/\/one.justmarkets.link\/a\/t11xd0xwgz\/registration\/trader\" target=\"_blank\" rel=\"noopener\">Verifique taxas e cobran\u00e7as<\/a>\r\n<\/section>\r\n\r\n<!-- Troubleshooting -->\r\n<section id=\"troubleshooting\">\r\n<h2>Problemas comuns e solu\u00e7\u00e3o de problemas<\/h2>\r\n<ul>\r\n<li>Atrasos de verifica\u00e7\u00e3o \u2013 garantir o envio claro do documento<\/li>\r\n<li>Problemas de dep\u00f3sito\/retirada \u2013 verifique as formas de pagamento compat\u00edveis<\/li>\r\n<li>Erros de plataforma - atualize o MT4\/MT5 ou o aplicativo m\u00f3vel<\/li>\r\n<li>Problemas de login \u2013 redefinir a senha ou o suporte ao contato<\/li>\r\n<\/ul>\r\n<a class=\"cta-button\" href=\"https:\/\/one.justmarkets.link\/a\/t11xd0xwgz\/registration\/trader\" target=\"_blank\" rel=\"noopener\">Obtenha suporte<\/a>\r\n<\/section>\r\n\r\n<!-- FAQ -->\r\n<section id=\"faq\">\r\n<h2>Perguntas frequentes<\/h2>\r\n<div class=\"faq-item\">\r\n<div class=\"faq-question\">Qual \u00e9 o dep\u00f3sito m\u00ednimo para uma conta de spread bruto?<\/div>\r\n<div class=\"faq-answer\">O dep\u00f3sito m\u00ednimo \u00e9 $200 para ativar a conta de propaga\u00e7\u00e3o bruta.<\/div>\r\n<\/div>\r\n<div class=\"faq-item\">\r\n<div class=\"faq-question\">Quanta comiss\u00e3o \u00e9 cobrada?<\/div>\r\n<div class=\"faq-answer\">A conta do spread bruto cobra $3 por lote por lado.<\/div>\r\n<\/div>\r\n<div class=\"faq-item\">\r\n<div class=\"faq-question\">Posso usar a negocia\u00e7\u00e3o automatizada?<\/div>\r\n<div class=\"faq-answer\">Sim, as estrat\u00e9gias de negocia\u00e7\u00e3o automatizadas e algor\u00edtmicas s\u00e3o suportadas.<\/div>\r\n<\/div>\r\n<div class=\"faq-item\">\r\n<div class=\"faq-question\">Existe uma conta de demonstra\u00e7\u00e3o do spread do raw?<\/div>\r\n<div class=\"faq-answer\">Sim, voc\u00ea pode abrir uma conta demo para praticar antes de negociar fundos reais.<\/div>\r\n<\/div>\r\n<div class=\"faq-item\">\r\n<div class=\"faq-question\">Como entro em contato com o suporte ao cliente?<\/div>\r\n<div class=\"faq-answer\">O suporte est\u00e1 dispon\u00edvel 24 horas por dia, 7 dias por semana, por meio de chat, e-mail e telefone.<\/div>\r\n<\/div>\r\n<\/section>\r\n\r\n<a class=\"cta-button\" href=\"https:\/\/one.justmarkets.link\/a\/t11xd0xwgz\/registration\/trader\" target=\"_blank\" rel=\"noopener\">Registre sua conta de divulga\u00e7\u00e3o bruta hoje<\/a>\r\n\r\n<\/main>\r\n<\/body>\r\n<\/html>\r\n\t\t\t\t<\/div>\n\t\t\t\t\t<\/div>\n\t\t\t\t<\/div>\n\t\t\t\t<\/div>","protected":false},"excerpt":{"rendered":"<p>JustMarkets Raw Spread Account Guide: Features, Comparison &#038; FAQs JustMarkets Raw Spread Account Guide: Features, Comparison &#038; FAQs Table of [&hellip;]<\/p>\n","protected":false},"author":1,"featured_media":0,"parent":0,"menu_order":0,"comment_status":"closed","ping_status":"closed","template":"elementor_header_footer","meta":{"site-sidebar-layout":"no-sidebar","site-content-layout":"","ast-site-content-layout":"full-width-container","site-content-style":"default","site-sidebar-style":"default","ast-global-header-display":"","ast-banner-title-visibility":"","ast-main-header-display":"","ast-hfb-above-header-display":"","ast-hfb-below-header-display":"","ast-hfb-mobile-header-display":"","site-post-title":"","ast-breadcrumbs-content":"","ast-featured-img":"disabled","footer-sml-layout":"","ast-disable-related-posts":"","theme-transparent-header-meta":"default","adv-header-id-meta":"","stick-header-meta":"","header-above-stick-meta":"","header-main-stick-meta":"","header-below-stick-meta":"","astra-migrate-meta-layouts":"set","ast-page-background-enabled":"default","ast-page-background-meta":{"desktop":{"background-color":"var(--ast-global-color-5)","background-image":"","background-repeat":"repeat","background-position":"center center","background-size":"auto","background-attachment":"scroll","background-type":"","background-media":"","overlay-type":"","overlay-color":"","overlay-opacity":"","overlay-gradient":""},"tablet":{"background-color":"","background-image":"","background-repeat":"repeat","background-position":"center center","background-size":"auto","background-attachment":"scroll","background-type":"","background-media":"","overlay-type":"","overlay-color":"","overlay-opacity":"","overlay-gradient":""},"mobile":{"background-color":"","background-image":"","background-repeat":"repeat","background-position":"center center","background-size":"auto","background-attachment":"scroll","background-type":"","background-media":"","overlay-type":"","overlay-color":"","overlay-opacity":"","overlay-gradient":""}},"ast-content-background-meta":{"desktop":{"background-color":"var(--ast-global-color-4)","background-image":"","background-repeat":"repeat","background-position":"center center","background-size":"auto","background-attachment":"scroll","background-type":"","background-media":"","overlay-type":"","overlay-color":"","overlay-opacity":"","overlay-gradient":""},"tablet":{"background-color":"var(--ast-global-color-4)","background-image":"","background-repeat":"repeat","background-position":"center center","background-size":"auto","background-attachment":"scroll","background-type":"","background-media":"","overlay-type":"","overlay-color":"","overlay-opacity":"","overlay-gradient":""},"mobile":{"background-color":"var(--ast-global-color-4)","background-image":"","background-repeat":"repeat","background-position":"center center","background-size":"auto","background-attachment":"scroll","background-type":"","background-media":"","overlay-type":"","overlay-color":"","overlay-opacity":"","overlay-gradient":""}},"footnotes":""},"class_list":["post-504","page","type-page","status-publish","hentry"],"_links":{"self":[{"href":"https:\/\/trustedfxglobal.com\/pt\/wp-json\/wp\/v2\/pages\/504","targetHints":{"allow":["GET"]}}],"collection":[{"href":"https:\/\/trustedfxglobal.com\/pt\/wp-json\/wp\/v2\/pages"}],"about":[{"href":"https:\/\/trustedfxglobal.com\/pt\/wp-json\/wp\/v2\/types\/page"}],"author":[{"embeddable":true,"href":"https:\/\/trustedfxglobal.com\/pt\/wp-json\/wp\/v2\/users\/1"}],"replies":[{"embeddable":true,"href":"https:\/\/trustedfxglobal.com\/pt\/wp-json\/wp\/v2\/comments?post=504"}],"version-history":[{"count":5,"href":"https:\/\/trustedfxglobal.com\/pt\/wp-json\/wp\/v2\/pages\/504\/revisions"}],"predecessor-version":[{"id":509,"href":"https:\/\/trustedfxglobal.com\/pt\/wp-json\/wp\/v2\/pages\/504\/revisions\/509"}],"wp:attachment":[{"href":"https:\/\/trustedfxglobal.com\/pt\/wp-json\/wp\/v2\/media?parent=504"}],"curies":[{"name":"wp","href":"https:\/\/api.w.org\/{rel}","templated":true}]}}