{"id":489,"date":"2025-09-23T18:26:33","date_gmt":"2025-09-23T18:26:33","guid":{"rendered":"https:\/\/trustedfxglobal.com\/?page_id=489"},"modified":"2025-09-23T18:29:41","modified_gmt":"2025-09-23T18:29:41","slug":"conta-padrao-da-justmarkets","status":"publish","type":"page","link":"https:\/\/trustedfxglobal.com\/pt\/justmarkets-standard-account\/","title":{"rendered":"Guia de contas padr\u00e3o da JustMarkets"},"content":{"rendered":"<div data-elementor-type=\"wp-page\" data-elementor-id=\"489\" class=\"elementor elementor-489\">\n\t\t\t\t<div class=\"elementor-element elementor-element-388c606 e-flex e-con-boxed e-con e-parent\" data-id=\"388c606\" data-element_type=\"container\" data-e-type=\"container\">\n\t\t\t\t\t<div class=\"e-con-inner\">\n\t\t\t\t<div class=\"elementor-element elementor-element-57b6ce3 elementor-widget elementor-widget-html\" data-id=\"57b6ce3\" data-element_type=\"widget\" data-e-type=\"widget\" data-widget_type=\"html.default\">\n\t\t\t\t\t<!DOCTYPE html>\r\n<html lang=\"en\">\r\n<head>\r\n<meta charset=\"UTF-8\">\r\n<meta name=\"viewport\" content=\"width=device-width, initial-scale=1.0\">\r\n<meta name=\"title\" content=\"JustMarkets Standard Account Guide | Features, Comparison & Registration\">\r\n<meta name=\"description\" content=\"Aprenda tudo sobre a conta padr\u00e3o JustMarkets. Recursos, guia de registro passo a passo, compara\u00e7\u00e3o com conta profissional, financiamento e perguntas frequentes.\">\r\n<meta name=\"keywords\" content=\"JustMarkets Standard Account, Standard vs Professional Account, JustMarkets account guide, forex trading account, open JustMarkets account\">\r\n<title>Guia de contas padr\u00e3o da JustMarkets | Recursos, compara\u00e7\u00e3o e registro<\/title>\r\n<style>\r\nbody {font-family:'Segoe UI', Tahoma, Geneva, Verdana, sans-serif; margin:0; padding:0; background:#f4f6f8; color:#333;}\r\nmain {max-width:1200px; margin:30px auto; padding:30px; background:#fff; border-radius:12px; box-shadow:0 5px 25px rgba(0,0,0,0.08);}\r\nh1,h2,h3 {margin-top:30px;}\r\nh1 {color:#003366; font-size:2.5em;}\r\nh2 {color:#003366; font-size:2em;}\r\nh3 {color:#333; font-size:1.5em;}\r\np, li {line-height:1.8;}\r\nul, ol {padding-left:20px;}\r\na.cta-button {display:inline-block; background:#003366; color:#fff; padding:14px 28px; border-radius:8px; font-weight:bold; text-decoration:none; transition:0.3s; margin-top:15px; box-shadow:0 5px 15px rgba(0,51,102,0.4);}\r\na.cta-button:hover {background:#0077cc; transform:translateY(-2px);}\r\ntable {width:100%; border-collapse:collapse; margin:20px 0;}\r\ntable, th, td {border:1px solid #ccc;}\r\nth, td {padding:12px; text-align:left;}\r\n.faq-item {margin-bottom:25px;}\r\n.faq-question {font-weight:bold; color:#003366; cursor:pointer; padding:10px; background:#e6f0fa; border-radius:6px;}\r\n.faq-answer {margin-top:8px; padding-left:15px; display:none; color:#333;}\r\n@media(max-width:768px){h1{font-size:2em;} h2{font-size:1.5em;}}\r\n<\/style>\r\n<script>\r\ndocument.addEventListener('DOMContentLoaded', function(){\r\n    const items = document.querySelectorAll('.faq-question');\r\n    items.forEach(item=>{\r\n        item.addEventListener('click', ()=>{\r\n            const ans = item.nextElementSibling;\r\n            ans.style.display = (ans.style.display==='block')?'none':'block';\r\n        });\r\n    });\r\n});\r\n<\/script>\r\n<\/head>\r\n<body>\r\n<main>\r\n<h1>Guia de contas padr\u00e3o da JustMarkets<\/h1>\r\n\r\n<!-- Table of Contents -->\r\n<section id=\"table-of-contents\">\r\n<h2>\u00edndice<\/h2>\r\n<ol>\r\n<li><a href=\"#introduction\">Introdu\u00e7\u00e3o \u00e0 conta padr\u00e3o JustMarkets<\/a><\/li>\r\n<li><a href=\"#features\">Principais caracter\u00edsticas da conta padr\u00e3o<\/a><\/li>\r\n<li><a href=\"#registration\">Guia passo a passo para abrir uma conta padr\u00e3o<\/a><\/li>\r\n<li><a href=\"#comparison\">Compara\u00e7\u00e3o: conta padr\u00e3o versus conta profissional<\/a><\/li>\r\n<li><a href=\"#funding\">Financiando sua conta padr\u00e3o<\/a><\/li>\r\n<li><a href=\"#security\">Medidas e verifica\u00e7\u00e3o de seguran\u00e7a<\/a><\/li>\r\n<li><a href=\"#tips\">Dicas para maximizar sua conta padr\u00e3o<\/a><\/li>\r\n<li><a href=\"#common-mistakes\">Erros comuns a evitar<\/a><\/li>\r\n<li><a href=\"#faq\">Perguntas frequentes (FAQ)<\/a><\/li>\r\n<li><a href=\"#conclusion\">Conclus\u00e3o e CTA<\/a><\/li>\r\n<\/ol>\r\n<\/section>\r\n\r\n<!-- Introduction -->\r\n<section id=\"introduction\">\r\n<h2>Introdu\u00e7\u00e3o \u00e0 conta padr\u00e3o JustMarkets<\/h2>\r\n<p>A conta padr\u00e3o JustMarkets foi projetada para traders iniciantes e intermedi\u00e1rios que desejam acessar os mercados Forex e CFD com facilidade. Com dep\u00f3sitos m\u00ednimos e spreads competitivos baixos, a conta padr\u00e3o \u00e9 ideal para quem est\u00e1 iniciando sua jornada comercial.<\/p>\r\n<a class=\"cta-button\" href=\"https:\/\/one.justmarkets.link\/a\/t11xd0xwgz\/registration\/trader\" target=\"_blank\" rel=\"noopener\">Abra sua conta padr\u00e3o agora<\/a>\r\n<\/section>\r\n\r\n<!-- Features -->\r\n<section id=\"features\">\r\n<h2>Principais caracter\u00edsticas da conta padr\u00e3o<\/h2>\r\n<ul>\r\n<li>Dep\u00f3sito m\u00ednimo baixo a partir de $10 (varia de acordo com o m\u00e9todo de pagamento)<\/li>\r\n<li>Acesso a v\u00e1rios instrumentos de negocia\u00e7\u00e3o, incluindo Forex, commodities, \u00edndices e criptomoedas<\/li>\r\n<li>Spreads competitivos sem taxas ocultas<\/li>\r\n<li>Suporte para plataformas MT4 e MT5, tanto para desktop quanto para dispositivos m\u00f3veis<\/li>\r\n<li>Recursos educacionais para aprender e melhorar as habilidades de negocia\u00e7\u00e3o<\/li>\r\n<li>Apoio ao cliente 24 horas por dia, 7 dias por semana, para assist\u00eancia \u00e0 conta<\/li>\r\n<\/ul>\r\n<a class=\"cta-button\" href=\"https:\/\/one.justmarkets.link\/a\/t11xd0xwgz\/registration\/trader\" target=\"_blank\" rel=\"noopener\">Comece a negociar com a conta padr\u00e3o<\/a>\r\n<\/section>\r\n\r\n<!-- Registration -->\r\n<section id=\"registration\">\r\n<h2>Guia passo a passo para abrir uma conta padr\u00e3o<\/h2>\r\n<h3>Passo 1: visite a p\u00e1gina de registro<\/h3>\r\n<p>v\u00e1 ao oficial <strong>P\u00e1gina de registro da JustMarkets<\/strong> Usando nosso link de afiliado.<\/p>\r\n<h3>Etapa 2: insira informa\u00e7\u00f5es pessoais<\/h3>\r\n<p>Forne\u00e7a seu nome completo, e-mail e n\u00famero de telefone. Certifique-se de que os detalhes correspondam aos seus documentos de identifica\u00e7\u00e3o para uma verifica\u00e7\u00e3o mais r\u00e1pida.<\/p>\r\n<h3>Etapa 3: definir as op\u00e7\u00f5es de senha e seguran\u00e7a<\/h3>\r\n<p>Crie uma senha forte e ative a autentica\u00e7\u00e3o de dois fatores para seguran\u00e7a extra.<\/p>\r\n<h3>Etapa 4: escolha o tipo de conta<\/h3>\r\n<p>selecionar <strong>conta padr\u00e3o<\/strong> e sua moeda base preferida e alavancagem.<\/p>\r\n<h3>Etapa 5: verificar a identidade<\/h3>\r\n<p>Carregue um documento de identidade v\u00e1lido emitido pelo governo e o comprovante de endere\u00e7o. A verifica\u00e7\u00e3o garante a conformidade e protege sua conta.<\/p>\r\n<h3>Etapa 6: Deposite fundos<\/h3>\r\n<p>Use m\u00e9todos de pagamento compat\u00edveis, como transfer\u00eancia banc\u00e1ria, carteiras eletr\u00f4nicas ou criptomoedas para financiar sua conta e come\u00e7ar a negociar.<\/p>\r\n<a class=\"cta-button\" href=\"https:\/\/one.justmarkets.link\/a\/t11xd0xwgz\/registration\/trader\" target=\"_blank\" rel=\"noopener\">Registre sua conta padr\u00e3o<\/a>\r\n<\/section>\r\n\r\n<!-- Comparison -->\r\n<section id=\"comparison\">\r\n<h2>Compara\u00e7\u00e3o: conta padr\u00e3o versus conta profissional<\/h2>\r\n<table>\r\n<tr>\r\n<th>caracter\u00edstica<\/th>\r\n<th>conta padr\u00e3o<\/th>\r\n<th>conta profissional<\/th>\r\n<\/tr>\r\n<tr>\r\n<td>dep\u00f3sito m\u00ednimo<\/td>\r\n<td>$10<\/td>\r\n<td>$200+<\/td>\r\n<\/tr>\r\n<tr>\r\n<td>propaga\u00e7\u00e3o<\/td>\r\n<td>Competitivo, a partir de 1,0 pips<\/td>\r\n<td>Spreads mais baixos, a partir de 0,1 pips<\/td>\r\n<\/tr>\r\n<tr>\r\n<td>encomenda<\/td>\r\n<td>nenhuma comiss\u00e3o<\/td>\r\n<td>Baixa comiss\u00e3o por lote<\/td>\r\n<\/tr>\r\n<tr>\r\n<td>alavanca<\/td>\r\n<td>Flex\u00edvel at\u00e9 1:3000<\/td>\r\n<td>Flex\u00edvel at\u00e9 1:3000<\/td>\r\n<\/tr>\r\n<tr>\r\n<td>melhor para<\/td>\r\n<td>Iniciantes e comerciantes casuais<\/td>\r\n<td>Profissionais e profissionais experientes<\/td>\r\n<\/tr>\r\n<\/table>\r\n<a class=\"cta-button\" href=\"https:\/\/one.justmarkets.link\/a\/t11xd0xwgz\/registration\/trader\" target=\"_blank\" rel=\"noopener\">Comparar e abrir conta<\/a>\r\n<\/section>\r\n\r\n<!-- Funding -->\r\n<section id=\"funding\">\r\n<h2>Financiando sua conta padr\u00e3o<\/h2>\r\n<p>M\u00e9todos de dep\u00f3sito suportados:<\/p>\r\n<ul>\r\n<li>transfer\u00eancia banc\u00e1ria<\/li>\r\n<li>Cart\u00e3o de cr\u00e9dito\/d\u00e9bito<\/li>\r\n<li>Carteiras eletr\u00f4nicas (skrill, netEller, etc.)<\/li>\r\n<li>Dep\u00f3sitos de criptomoedas (Bitcoin, Ethereum, USDT)<\/li>\r\n<\/ul>\r\n<p>Sempre verifique o dep\u00f3sito m\u00ednimo para cada m\u00e9todo para come\u00e7ar a negociar imediatamente.<\/p>\r\n<a class=\"cta-button\" href=\"https:\/\/one.justmarkets.link\/a\/t11xd0xwgz\/registration\/trader\" target=\"_blank\" rel=\"noopener\">Deposite agora<\/a>\r\n<\/section>\r\n\r\n<!-- Security -->\r\n<section id=\"security\">\r\n<h2>Medidas e verifica\u00e7\u00e3o de seguran\u00e7a<\/h2>\r\n<ul>\r\n<li>Verifica\u00e7\u00e3o de e-mail e telefone<\/li>\r\n<li>Requisito de senha forte<\/li>\r\n<li>Autentica\u00e7\u00e3o de dois fatores (2FA)<\/li>\r\n<li>Fundos segregados de clientes<\/li>\r\n<li>Criptografia SSL e auditorias regulares<\/li>\r\n<\/ul>\r\n<a class=\"cta-button\" href=\"https:\/\/one.justmarkets.link\/a\/t11xd0xwgz\/registration\/trader\" target=\"_blank\" rel=\"noopener\">Proteja sua conta<\/a>\r\n<\/section>\r\n\r\n<!-- Tips -->\r\n<section id=\"tips\">\r\n<h2>Dicas para maximizar sua conta padr\u00e3o<\/h2>\r\n<ul>\r\n<li>Comece com pequenos dep\u00f3sitos para minimizar o risco<\/li>\r\n<li>Use a conta demo para testar estrat\u00e9gias<\/li>\r\n<li>Definir stop-loss e take-profit para cada negocia\u00e7\u00e3o<\/li>\r\n<li>Aproveite os recursos educacionais para melhorar as habilidades<\/li>\r\n<li>Acompanhe as not\u00edcias e an\u00e1lises do mercado<\/li>\r\n<\/ul>\r\n<\/section>\r\n\r\n<!-- Common Mistakes -->\r\n<section id=\"common-mistakes\">\r\n<h2>Erros comuns a evitar<\/h2>\r\n<ul>\r\n<li>Inserindo informa\u00e7\u00f5es pessoais incorretas<\/li>\r\n<li>Ignorando as etapas de verifica\u00e7\u00e3o<\/li>\r\n<li>Usando senhas fracas<\/li>\r\n<li>Escolhendo um tipo de conta sem entender os recursos<\/li>\r\n<li>N\u00e3o definir regras de gerenciamento de risco de negocia\u00e7\u00e3o<\/li>\r\n<\/ul>\r\n<a class=\"cta-button\" href=\"https:\/\/one.justmarkets.link\/a\/t11xd0xwgz\/registration\/trader\" target=\"_blank\" rel=\"noopener\">Evite erros \u2013 registre-se corretamente<\/a>\r\n<\/section>\r\n\r\n<!-- FAQ -->\r\n<section id=\"faq\">\r\n<h2>Perguntas frequentes<\/h2>\r\n<div class=\"faq-item\">\r\n<div class=\"faq-question\">Qual \u00e9 o dep\u00f3sito m\u00ednimo para uma conta padr\u00e3o?<\/div>\r\n<div class=\"faq-answer\">O dep\u00f3sito m\u00ednimo come\u00e7a a partir de $1, dependendo do m\u00e9todo de pagamento.<\/div>\r\n<\/div>\r\n<div class=\"faq-item\">\r\n<div class=\"faq-question\">Os iniciantes podem usar uma conta padr\u00e3o?<\/div>\r\n<div class=\"faq-answer\">Sim, \u00e9 ideal para iniciantes e oferece recursos educacionais e de baixo risco.<\/div>\r\n<\/div>\r\n<div class=\"faq-item\">\r\n<div class=\"faq-question\">A conta padr\u00e3o \u00e9 livre de comiss\u00f5es?<\/div>\r\n<div class=\"faq-answer\">Sim, as contas padr\u00e3o n\u00e3o t\u00eam comiss\u00f5es; os lucros s\u00e3o baseados em spreads.<\/div>\r\n<\/div>\r\n<div class=\"faq-item\">\r\n<div class=\"faq-question\">Posso fazer upgrade para uma conta profissional mais tarde?<\/div>\r\n<div class=\"faq-answer\">Sim, o JustMarkets permite atualiza\u00e7\u00f5es de conta quando voc\u00ea atende aos requisitos.<\/div>\r\n<\/div>\r\n<\/section>\r\n\r\n<!-- Conclusion CTA -->\r\n<section id=\"conclusion\">\r\n<h2>conclus\u00e3o<\/h2>\r\n<p>A conta padr\u00e3o JustMarkets \u00e9 uma excelente escolha para traders novos e intermedi\u00e1rios que buscam flexibilidade, baixos requisitos de dep\u00f3sito e acesso a v\u00e1rios mercados. Comece sua jornada de negocia\u00e7\u00e3o com seguran\u00e7a e efici\u00eancia hoje.<\/p>\r\n<a class=\"cta-button\" href=\"https:\/\/one.justmarkets.link\/a\/t11xd0xwgz\/registration\/trader\" target=\"_blank\" rel=\"noopener\">Abra sua conta padr\u00e3o agora<\/a>\r\n<\/section>\r\n\r\n<\/main>\r\n<\/body>\r\n<\/html>\r\n\t\t\t\t<\/div>\n\t\t\t\t\t<\/div>\n\t\t\t\t<\/div>\n\t\t\t\t<\/div>","protected":false},"excerpt":{"rendered":"<p>&nbsp; &nbsp; &nbsp; JustMarkets Standard Account Guide Table of Contents Introduction to JustMarkets Standard Account Key Features of Standard Account [&hellip;]<\/p>\n","protected":false},"author":1,"featured_media":0,"parent":0,"menu_order":0,"comment_status":"closed","ping_status":"closed","template":"elementor_header_footer","meta":{"site-sidebar-layout":"no-sidebar","site-content-layout":"","ast-site-content-layout":"full-width-container","site-content-style":"default","site-sidebar-style":"default","ast-global-header-display":"","ast-banner-title-visibility":"","ast-main-header-display":"","ast-hfb-above-header-display":"","ast-hfb-below-header-display":"","ast-hfb-mobile-header-display":"","site-post-title":"","ast-breadcrumbs-content":"","ast-featured-img":"disabled","footer-sml-layout":"","ast-disable-related-posts":"","theme-transparent-header-meta":"default","adv-header-id-meta":"","stick-header-meta":"","header-above-stick-meta":"","header-main-stick-meta":"","header-below-stick-meta":"","astra-migrate-meta-layouts":"set","ast-page-background-enabled":"default","ast-page-background-meta":{"desktop":{"background-color":"var(--ast-global-color-5)","background-image":"","background-repeat":"repeat","background-position":"center center","background-size":"auto","background-attachment":"scroll","background-type":"","background-media":"","overlay-type":"","overlay-color":"","overlay-opacity":"","overlay-gradient":""},"tablet":{"background-color":"","background-image":"","background-repeat":"repeat","background-position":"center center","background-size":"auto","background-attachment":"scroll","background-type":"","background-media":"","overlay-type":"","overlay-color":"","overlay-opacity":"","overlay-gradient":""},"mobile":{"background-color":"","background-image":"","background-repeat":"repeat","background-position":"center center","background-size":"auto","background-attachment":"scroll","background-type":"","background-media":"","overlay-type":"","overlay-color":"","overlay-opacity":"","overlay-gradient":""}},"ast-content-background-meta":{"desktop":{"background-color":"var(--ast-global-color-4)","background-image":"","background-repeat":"repeat","background-position":"center center","background-size":"auto","background-attachment":"scroll","background-type":"","background-media":"","overlay-type":"","overlay-color":"","overlay-opacity":"","overlay-gradient":""},"tablet":{"background-color":"var(--ast-global-color-4)","background-image":"","background-repeat":"repeat","background-position":"center center","background-size":"auto","background-attachment":"scroll","background-type":"","background-media":"","overlay-type":"","overlay-color":"","overlay-opacity":"","overlay-gradient":""},"mobile":{"background-color":"var(--ast-global-color-4)","background-image":"","background-repeat":"repeat","background-position":"center center","background-size":"auto","background-attachment":"scroll","background-type":"","background-media":"","overlay-type":"","overlay-color":"","overlay-opacity":"","overlay-gradient":""}},"footnotes":""},"class_list":["post-489","page","type-page","status-publish","hentry"],"_links":{"self":[{"href":"https:\/\/trustedfxglobal.com\/pt\/wp-json\/wp\/v2\/pages\/489","targetHints":{"allow":["GET"]}}],"collection":[{"href":"https:\/\/trustedfxglobal.com\/pt\/wp-json\/wp\/v2\/pages"}],"about":[{"href":"https:\/\/trustedfxglobal.com\/pt\/wp-json\/wp\/v2\/types\/page"}],"author":[{"embeddable":true,"href":"https:\/\/trustedfxglobal.com\/pt\/wp-json\/wp\/v2\/users\/1"}],"replies":[{"embeddable":true,"href":"https:\/\/trustedfxglobal.com\/pt\/wp-json\/wp\/v2\/comments?post=489"}],"version-history":[{"count":5,"href":"https:\/\/trustedfxglobal.com\/pt\/wp-json\/wp\/v2\/pages\/489\/revisions"}],"predecessor-version":[{"id":494,"href":"https:\/\/trustedfxglobal.com\/pt\/wp-json\/wp\/v2\/pages\/489\/revisions\/494"}],"wp:attachment":[{"href":"https:\/\/trustedfxglobal.com\/pt\/wp-json\/wp\/v2\/media?parent=489"}],"curies":[{"name":"wp","href":"https:\/\/api.w.org\/{rel}","templated":true}]}}