{"id":481,"date":"2025-09-23T18:11:40","date_gmt":"2025-09-23T18:11:40","guid":{"rendered":"https:\/\/trustedfxglobal.com\/?page_id=481"},"modified":"2026-04-19T03:23:54","modified_gmt":"2026-04-19T03:23:54","slug":"guia-de-tipos-de-conta-justmarkets","status":"publish","type":"page","link":"https:\/\/trustedfxglobal.com\/pt\/justmarkets-account-types-guide\/","title":{"rendered":"JustMarkets Account Types : Complete Guide"},"content":{"rendered":"<div data-elementor-type=\"wp-page\" data-elementor-id=\"481\" class=\"elementor elementor-481\">\n\t\t\t\t<div class=\"elementor-element elementor-element-a39dc3f e-flex e-con-boxed e-con e-parent\" data-id=\"a39dc3f\" data-element_type=\"container\" data-e-type=\"container\">\n\t\t\t\t\t<div class=\"e-con-inner\">\n\t\t\t\t<div class=\"elementor-element elementor-element-8a5f15a elementor-widget elementor-widget-html\" data-id=\"8a5f15a\" data-element_type=\"widget\" data-e-type=\"widget\" data-widget_type=\"html.default\">\n\t\t\t\t\t<!DOCTYPE html>\r\n<html lang=\"en\">\r\n<head>\r\n<meta charset=\"UTF-8\">\r\n<meta name=\"viewport\" content=\"width=device-width, initial-scale=1.0\">\r\n<meta name=\"title\" content=\"JustMarkets Account Types | Complete Guide 2025 for Traders\">\r\n<meta name=\"description\" content=\"Saiba mais sobre os tipos de conta JustMarkets. Guia detalhado sobre contas padr\u00e3o, profissionais e spreads brutos, recursos, benef\u00edcios e como escolher o correto.\">\r\n<meta name=\"keywords\" content=\"JustMarkets account types, Standard account, Pro account, Raw Spread account, forex trading, online trading, JustMarkets guide\">\r\n<title>Tipos de conta JustMarkets | Guia Completo para Traders<\/title>\r\n<style>\r\nbody {font-family:'Segoe UI', Tahoma, Geneva, Verdana, sans-serif; margin:0; padding:0; background:#f4f6f8; color:#333;}\r\nmain {max-width:1200px; margin:30px auto; padding:30px; background:#ffffff; border-radius:12px; box-shadow:0 5px 25px rgba(0,0,0,0.08);}\r\nh1,h2,h3 {margin-top:30px;}\r\nh1 {color:#003366; font-size:2.5em;}\r\nh2 {color:#003366; font-size:2em;}\r\nh3 {color:#333333; font-size:1.5em;}\r\np, li {line-height:1.8;}\r\nul, ol {padding-left:20px;}\r\na.cta-button {display:inline-block; background:#003366; color:#ffffff; padding:14px 28px; border-radius:8px; font-weight:bold; text-decoration:none; transition:0.3s; margin-top:15px; box-shadow:0 5px 15px rgba(0,51,102,0.4);}\r\na.cta-button:hover {background:#0077cc; transform:translateY(-2px);}\r\ntable {width:100%; border-collapse:collapse; margin:20px 0;}\r\ntable, th, td {border:1px solid #ccc;}\r\nth, td {padding:12px; text-align:left;}\r\n.faq-item {margin-bottom:25px;}\r\n.faq-question {font-weight:bold; color:#003366; cursor:pointer; padding:10px; background:#e6f0fa; border-radius:6px;}\r\n.faq-answer {margin-top:8px; padding-left:15px; display:none; color:#333;}\r\n@media(max-width:768px){h1{font-size:2em;} h2{font-size:1.5em;}}\r\n<\/style>\r\n<script>\r\ndocument.addEventListener('DOMContentLoaded', function(){\r\n    const items = document.querySelectorAll('.faq-question');\r\n    items.forEach(item=>{\r\n        item.addEventListener('click', ()=>{\r\n            const ans = item.nextElementSibling;\r\n            ans.style.display = (ans.style.display==='block')?'none':'block';\r\n        });\r\n    });\r\n});\r\n<\/script>\r\n<\/head>\r\n<body>\r\n<main>\r\n<h1>Tipos de conta JustMarkets: guia completo <\/h1>\r\n\r\n<!-- Table of Contents -->\r\n<section id=\"table-of-contents\">\r\n<h2>\u00edndice<\/h2>\r\n<ol>\r\n<li><a href=\"#introduction\">Introdu\u00e7\u00e3o aos tipos de conta JustMarkets<\/a><\/li>\r\n<li><a href=\"#importance\">Por que escolher a conta certa \u00e9 importante<\/a><\/li>\r\n<li><a href=\"#overview\">Vis\u00e3o geral das op\u00e7\u00f5es da conta JustMarkets<\/a><\/li>\r\n<li><a href=\"#comparison\">Tabela de compara\u00e7\u00e3o: Standard vs Pro vs Raw Spread<\/a><\/li>\r\n<li><a href=\"#choosing\">Como escolher a conta certa<\/a><\/li>\r\n<li><a href=\"#features\">Recursos e benef\u00edcios da conta<\/a><\/li>\r\n<li><a href=\"#opening\">Abrindo sua conta JustMarkets<\/a><\/li>\r\n<li><a href=\"#security\">Seguran\u00e7a e verifica\u00e7\u00e3o para contas<\/a><\/li>\r\n<li><a href=\"#mistakes\">Erros comuns ao selecionar uma conta<\/a><\/li>\r\n<li><a href=\"#faq\">Perguntas frequentes<\/a><\/li>\r\n<\/ol>\r\n<\/section>\r\n\r\n<!-- Introduction -->\r\n<section id=\"introduction\">\r\n<h2>Introdu\u00e7\u00e3o aos tipos de conta JustMarkets<\/h2>\r\n<p>A JustMarkets fornece contas de negocia\u00e7\u00e3o flex\u00edveis, adaptadas aos traders em todos os n\u00edveis de experi\u00eancia. Compreender as diferen\u00e7as entre contas padr\u00e3o, profissional e spread bruto ajuda os traders a selecionar a melhor op\u00e7\u00e3o que se alinha com seu estilo de negocia\u00e7\u00e3o, toler\u00e2ncia ao risco e objetivos de investimento.<\/p>\r\n<a class=\"cta-button\" href=\"https:\/\/one.justmarkets.link\/a\/t11xd0xwgz\/\" target=\"_blank\" rel=\"noopener\">Abra sua conta JustMarkets<\/a>\r\n<\/section>\r\n\r\n<!-- Importance -->\r\n<section id=\"importance\">\r\n<h2>Por que escolher a conta certa \u00e9 importante<\/h2>\r\n<p>Selecionar o tipo de conta correto \u00e9 crucial para a efici\u00eancia de negocia\u00e7\u00e3o e gerenciamento de risco. Cada conta oferece diferentes spreads, comiss\u00f5es, op\u00e7\u00f5es de alavancagem e velocidades de execu\u00e7\u00e3o. Escolher uma conta adequada \u00e0 sua estrat\u00e9gia garante custos de negocia\u00e7\u00e3o mais baixos, melhor desempenho e uma experi\u00eancia de negocia\u00e7\u00e3o mais suave.<\/p>\r\n<a class=\"cta-button\" href=\"https:\/\/one.justmarkets.link\/a\/t11xd0xwgz\/\" target=\"_blank\" rel=\"noopener\">Comece a negociar de forma inteligente<\/a>\r\n<\/section>\r\n\r\n<!-- Overview -->\r\n<section id=\"overview\">\r\n<h2>Vis\u00e3o geral das op\u00e7\u00f5es da conta JustMarkets<\/h2>\r\n<p>Atualmente, a JustMarkets oferece tr\u00eas tipos de conta principais:<\/p>\r\n<ul>\r\n<li><strong>Conta padr\u00e3o:<\/strong> Ideal para iniciantes, oferecendo condi\u00e7\u00f5es de negocia\u00e7\u00e3o simples e sem comiss\u00f5es.<\/li>\r\n<li><strong>Conta profissional:<\/strong> Projetado para traders experientes, com spreads mais apertados e baixa comiss\u00e3o.<\/li>\r\n<li><strong>Conta de spread bruto:<\/strong> Fornece spreads ultra-apertos de 0,0 pips com uma pequena comiss\u00e3o por lote, adequada para comerciantes e cambistas avan\u00e7ados.<\/li>\r\n<\/ul>\r\n<a class=\"cta-button\" href=\"https:\/\/one.justmarkets.link\/a\/t11xd0xwgz\/\" target=\"_blank\" rel=\"noopener\">Registre sua conta<\/a>\r\n<\/section>\r\n\r\n<!-- Comparison Table -->\r\n<section id=\"comparison\">\r\n<h2>Tabela de compara\u00e7\u00e3o: Standard vs Pro vs Raw Spread<\/h2>\r\n<table>\r\n<tr>\r\n<th>caracter\u00edstica<\/th>\r\n<th>conta padr\u00e3o<\/th>\r\n<th>conta profissional<\/th>\r\n<th>conta spread bruta<\/th>\r\n<\/tr>\r\n<tr>\r\n<td>dep\u00f3sito m\u00ednimo<\/td>\r\n<td>$10<\/td>\r\n<td>$200<\/td>\r\n<td>$200<\/td>\r\n<\/tr>\r\n<tr>\r\n<td>espalhar<\/td>\r\n<td>de 1,0 pips<\/td>\r\n<td>de 0,3 pips<\/td>\r\n<td>de 0,0 pips + comiss\u00e3o<\/td>\r\n<\/tr>\r\n<tr>\r\n<td>encomenda<\/td>\r\n<td>nenhum<\/td>\r\n<td>Baixo por lote<\/td>\r\n<td>Pequeno por lote<\/td>\r\n<\/tr>\r\n<tr>\r\n<td>alavanca<\/td>\r\n<td>at\u00e9 1:3000<\/td>\r\n<td>at\u00e9 1:3000<\/td>\r\n<td>at\u00e9 1:3000<\/td>\r\n<\/tr>\r\n<tr>\r\n<td>instrumentos de negocia\u00e7\u00e3o<\/td>\r\n<td>Forex, metais, \u00edndices, commodities<\/td>\r\n<td>Forex, metais, \u00edndices, commodities, criptomoedas<\/td>\r\n<td>Forex, metais, \u00edndices, commodities, criptomoedas<\/td>\r\n<\/tr>\r\n<\/table>\r\n<a class=\"cta-button\" href=\"https:\/\/one.justmarkets.link\/a\/t11xd0xwgz\/\" target=\"_blank\" rel=\"noopener\">Compare e registre-se<\/a>\r\n<\/section>\r\n\r\n<!-- How to Choose -->\r\n<section id=\"choosing\">\r\n<h2>Como escolher a conta certa para o seu estilo de negocia\u00e7\u00e3o<\/h2>\r\n<p>Considere sua experi\u00eancia de negocia\u00e7\u00e3o, estrat\u00e9gia e tamanho do investimento ao escolher uma conta:<\/p>\r\n<ul>\r\n<li>Iniciantes: conta padr\u00e3o para pr\u00e1tica e entrada de baixo custo.<\/li>\r\n<li>Intermedi\u00e1rio: Pro spreads mais apertados e custos moderados de negocia\u00e7\u00e3o.<\/li>\r\n<li>Avan\u00e7ado: conta spread raw para execu\u00e7\u00e3o profissional, escalpelamento e negocia\u00e7\u00e3o de alto volume.<\/li>\r\n<li>Conta Demo: Recomendado para Estrat\u00e9gias de Teste sem riscos antes de usar fundos reais.<\/li>\r\n<\/ul>\r\n<a class=\"cta-button\" href=\"https:\/\/one.justmarkets.link\/a\/t11xd0xwgz\/\" target=\"_blank\" rel=\"noopener\">Escolha a melhor conta<\/a>\r\n<\/section>\r\n\r\n<!-- Features -->\r\n<section id=\"features\">\r\n<h2>Recursos e benef\u00edcios da conta<\/h2>\r\n<h3>Op\u00e7\u00f5es de alavancagem<\/h3>\r\n<p>As contas JustMarkets oferecem alavancagem de at\u00e9 1:3000. Isso permite que os traders maximizem seus lucros potenciais, enquanto gerenciam os riscos com cuidado.<\/p>\r\n<h3>Requisitos m\u00ednimos de dep\u00f3sito<\/h3>\r\n<p>Padr\u00e3o: $10, PRO: $200, spread bruto: $200. Sempre comece com uma quantidade com a qual voc\u00ea se sinta confort\u00e1vel.<\/p>\r\n<h3>instrumentos de negocia\u00e7\u00e3o<\/h3>\r\n<p>Negocie Forex, commodities, \u00edndices e criptomoedas. As contas Pro e Raw Spread oferecem op\u00e7\u00f5es mais diversas, incluindo CFDs avan\u00e7ados.<\/p>\r\n<h3>Velocidade de execu\u00e7\u00e3o e propaga\u00e7\u00e3o<\/h3>\r\n<p>As contas Pro e Raw Spread oferecem uma execu\u00e7\u00e3o mais r\u00e1pida e spreads mais r\u00edgidos, ideais para cambistas e day traders.<\/p>\r\n<a class=\"cta-button\" href=\"https:\/\/one.justmarkets.link\/a\/t11xd0xwgz\/\" target=\"_blank\" rel=\"noopener\">Abra sua conta hoje<\/a>\r\n<\/section>\r\n\r\n<!-- Opening Account -->\r\n<section id=\"opening\">\r\n<h2>Abrindo sua conta JustMarkets<\/h2>\r\n<p>Siga estas etapas para abrir sua conta:<\/p>\r\n<ol>\r\n<li>Visite o <strong>P\u00e1gina de registro da JustMarkets<\/strong>.<\/li>\r\n<li>Forne\u00e7a suas informa\u00e7\u00f5es pessoais com precis\u00e3o.<\/li>\r\n<li>Escolha o tipo de conta: Standard, Pro ou Raw Spread.<\/li>\r\n<li>Verifique seu e-mail e n\u00famero de celular.<\/li>\r\n<li>Carregue documentos KYC: ID do governo e comprovante de endere\u00e7o.<\/li>\r\n<li>Deposite fundos de acordo com o tipo de sua conta.<\/li>\r\n<li>Comece a negociar no MT4, MT5 ou no aplicativo m\u00f3vel JustMarkets.<\/li>\r\n<\/ol>\r\n<a class=\"cta-button\" href=\"https:\/\/one.justmarkets.link\/a\/t11xd0xwgz\/\" target=\"_blank\" rel=\"noopener\">Registre-se e comece a negociar<\/a>\r\n<\/section>\r\n\r\n<!-- Security -->\r\n<section id=\"security\">\r\n<h2>Seguran\u00e7a e verifica\u00e7\u00e3o para contas<\/h2>\r\n<p>JustMarkets garante a seguran\u00e7a da conta com:<\/p>\r\n<ul>\r\n<li>Autentica\u00e7\u00e3o de dois fatores (2FA)<\/li>\r\n<li>Transfer\u00eancias de dados criptografados<\/li>\r\n<li>Fundos segregados de clientes<\/li>\r\n<li>Auditorias regulares e verifica\u00e7\u00f5es de conformidade<\/li>\r\n<li>Processo de verifica\u00e7\u00e3o seguro<\/li>\r\n<\/ul>\r\n<a class=\"cta-button\" href=\"https:\/\/one.justmarkets.link\/a\/t11xd0xwgz\/\" target=\"_blank\" rel=\"noopener\">Proteja sua conta<\/a>\r\n<\/section>\r\n\r\n<!-- Common Mistakes -->\r\n<section id=\"mistakes\">\r\n<h2>Erros comuns ao selecionar uma conta<\/h2>\r\n<ul>\r\n<li>Escolhendo uma conta sem considerar sua experi\u00eancia de negocia\u00e7\u00e3o.<\/li>\r\n<li>Ignorando os requisitos m\u00ednimos de dep\u00f3sito.<\/li>\r\n<li>N\u00e3o revisar spreads e comiss\u00f5es com cuidado.<\/li>\r\n<li>Ignorando a verifica\u00e7\u00e3o KYC, causando atrasos na retirada.<\/li>\r\n<li>Over-alavancagem sem gerenciamento de risco.<\/li>\r\n<\/ul>\r\n<a class=\"cta-button\" href=\"https:\/\/one.justmarkets.link\/a\/t11xd0xwgz\/\" target=\"_blank\" rel=\"noopener\">Evite erros, registre-se corretamente<\/a>\r\n<\/section>\r\n\r\n<!-- FAQ -->\r\n<section id=\"faq\">\r\n<h2>Perguntas frequentes<\/h2>\r\n<div class=\"faq-item\">\r\n<div class=\"faq-question\">Qual tipo de conta \u00e9 melhor para iniciantes?<\/div>\r\n<div class=\"faq-answer\">A conta padr\u00e3o \u00e9 ideal para iniciantes porque possui baixos requisitos de dep\u00f3sito, condi\u00e7\u00f5es de negocia\u00e7\u00e3o simples e nenhuma comiss\u00e3o.<\/div>\r\n<\/div>\r\n<div class=\"faq-item\">\r\n<div class=\"faq-question\">Posso fazer upgrade da minha conta mais tarde?<\/div>\r\n<div class=\"faq-answer\">Sim, voc\u00ea pode fazer o upgrade do padr\u00e3o para o spread padr\u00e3o para o Pro ou o Raw a qualquer momento, com base em sua experi\u00eancia e requisitos de negocia\u00e7\u00e3o.<\/div>\r\n<\/div>\r\n<div class=\"faq-item\">\r\n<div class=\"faq-question\">Qual \u00e9 a diferen\u00e7a entre as contas do spread do Pro e do Raw?<\/div>\r\n<div class=\"faq-answer\">As contas profissionais oferecem spreads baixos com comiss\u00f5es m\u00ednimas, enquanto as contas brutas fornecem spreads ultra-apertos de 0,0 pips com pequenas comiss\u00f5es por lote, adequados para escalpelamento.<\/div>\r\n<\/div>\r\n<div class=\"faq-item\">\r\n<div class=\"faq-question\">Existem contas demo dispon\u00edveis?<\/div>\r\n<div class=\"faq-answer\">Sim, a JustMarkets oferece contas demo para todos os tipos de conta, permitindo que voc\u00ea pratique a negocia\u00e7\u00e3o sem riscos antes de usar fundos reais.<\/div>\r\n<\/div>\r\n<div class=\"faq-item\">\r\n<div class=\"faq-question\">Qual \u00e9 o dep\u00f3sito m\u00ednimo para cada conta?<\/div>\r\n<div class=\"faq-answer\">Padr\u00e3o: $10, PRO: $200, spread bruto: $200. Esses valores podem variar um pouco dependendo do seu m\u00e9todo de pagamento.<\/div>\r\n<\/div>\r\n<div class=\"faq-item\">\r\n<div class=\"faq-question\">A JustMarkets \u00e9 segura?<\/div>\r\n<div class=\"faq-answer\">Sim, a JustMarkets usa criptografia, fundos segregados e 2FA para garantir que todas as contas e transa\u00e7\u00f5es sejam seguras.<\/div>\r\n<\/div>\r\n<\/section>\r\n\r\n<a class=\"cta-button\" href=\"https:\/\/one.justmarkets.link\/a\/t11xd0xwgz\/\" target=\"_blank\" rel=\"noopener\">Registre sua conta JustMarkets agora<\/a>\r\n\r\n<\/main>\r\n<\/body>\r\n<\/html>\r\n\t\t\t\t<\/div>\n\t\t\t\t\t<\/div>\n\t\t\t\t<\/div>\n\t\t\t\t<\/div>","protected":false},"excerpt":{"rendered":"<p>&nbsp; &nbsp; &nbsp; JustMarkets Account Types: Complete Guide Table of Contents Introduction to JustMarkets Account Types Why Choosing the Right [&hellip;]<\/p>\n","protected":false},"author":1,"featured_media":0,"parent":0,"menu_order":0,"comment_status":"closed","ping_status":"closed","template":"elementor_header_footer","meta":{"site-sidebar-layout":"no-sidebar","site-content-layout":"","ast-site-content-layout":"full-width-container","site-content-style":"default","site-sidebar-style":"default","ast-global-header-display":"","ast-banner-title-visibility":"","ast-main-header-display":"","ast-hfb-above-header-display":"","ast-hfb-below-header-display":"","ast-hfb-mobile-header-display":"","site-post-title":"","ast-breadcrumbs-content":"","ast-featured-img":"disabled","footer-sml-layout":"","ast-disable-related-posts":"","theme-transparent-header-meta":"default","adv-header-id-meta":"","stick-header-meta":"","header-above-stick-meta":"","header-main-stick-meta":"","header-below-stick-meta":"","astra-migrate-meta-layouts":"set","ast-page-background-enabled":"default","ast-page-background-meta":{"desktop":{"background-color":"var(--ast-global-color-5)","background-image":"","background-repeat":"repeat","background-position":"center center","background-size":"auto","background-attachment":"scroll","background-type":"","background-media":"","overlay-type":"","overlay-color":"","overlay-opacity":"","overlay-gradient":""},"tablet":{"background-color":"","background-image":"","background-repeat":"repeat","background-position":"center center","background-size":"auto","background-attachment":"scroll","background-type":"","background-media":"","overlay-type":"","overlay-color":"","overlay-opacity":"","overlay-gradient":""},"mobile":{"background-color":"","background-image":"","background-repeat":"repeat","background-position":"center center","background-size":"auto","background-attachment":"scroll","background-type":"","background-media":"","overlay-type":"","overlay-color":"","overlay-opacity":"","overlay-gradient":""}},"ast-content-background-meta":{"desktop":{"background-color":"var(--ast-global-color-4)","background-image":"","background-repeat":"repeat","background-position":"center center","background-size":"auto","background-attachment":"scroll","background-type":"","background-media":"","overlay-type":"","overlay-color":"","overlay-opacity":"","overlay-gradient":""},"tablet":{"background-color":"var(--ast-global-color-4)","background-image":"","background-repeat":"repeat","background-position":"center center","background-size":"auto","background-attachment":"scroll","background-type":"","background-media":"","overlay-type":"","overlay-color":"","overlay-opacity":"","overlay-gradient":""},"mobile":{"background-color":"var(--ast-global-color-4)","background-image":"","background-repeat":"repeat","background-position":"center center","background-size":"auto","background-attachment":"scroll","background-type":"","background-media":"","overlay-type":"","overlay-color":"","overlay-opacity":"","overlay-gradient":""}},"footnotes":""},"class_list":["post-481","page","type-page","status-publish","hentry"],"_links":{"self":[{"href":"https:\/\/trustedfxglobal.com\/pt\/wp-json\/wp\/v2\/pages\/481","targetHints":{"allow":["GET"]}}],"collection":[{"href":"https:\/\/trustedfxglobal.com\/pt\/wp-json\/wp\/v2\/pages"}],"about":[{"href":"https:\/\/trustedfxglobal.com\/pt\/wp-json\/wp\/v2\/types\/page"}],"author":[{"embeddable":true,"href":"https:\/\/trustedfxglobal.com\/pt\/wp-json\/wp\/v2\/users\/1"}],"replies":[{"embeddable":true,"href":"https:\/\/trustedfxglobal.com\/pt\/wp-json\/wp\/v2\/comments?post=481"}],"version-history":[{"count":6,"href":"https:\/\/trustedfxglobal.com\/pt\/wp-json\/wp\/v2\/pages\/481\/revisions"}],"predecessor-version":[{"id":1233,"href":"https:\/\/trustedfxglobal.com\/pt\/wp-json\/wp\/v2\/pages\/481\/revisions\/1233"}],"wp:attachment":[{"href":"https:\/\/trustedfxglobal.com\/pt\/wp-json\/wp\/v2\/media?parent=481"}],"curies":[{"name":"wp","href":"https:\/\/api.w.org\/{rel}","templated":true}]}}