{"id":458,"date":"2025-09-23T17:58:31","date_gmt":"2025-09-23T17:58:31","guid":{"rendered":"https:\/\/trustedfxglobal.com\/?page_id=458"},"modified":"2026-04-19T03:25:17","modified_gmt":"2026-04-19T03:25:17","slug":"guia-de-verificacao-da-conta-justmarkets","status":"publish","type":"page","link":"https:\/\/trustedfxglobal.com\/pt\/justmarkets-account-verification-guide\/","title":{"rendered":"JustMarkets Account Verification 2026 : Complete Step-by-Step Guide"},"content":{"rendered":"<div data-elementor-type=\"wp-page\" data-elementor-id=\"458\" class=\"elementor elementor-458\">\n\t\t\t\t<div class=\"elementor-element elementor-element-889f224 e-flex e-con-boxed e-con e-parent\" data-id=\"889f224\" data-element_type=\"container\" data-e-type=\"container\">\n\t\t\t\t\t<div class=\"e-con-inner\">\n\t\t\t\t<div class=\"elementor-element elementor-element-9094f06 elementor-widget elementor-widget-html\" data-id=\"9094f06\" data-element_type=\"widget\" data-e-type=\"widget\" data-widget_type=\"html.default\">\n\t\t\t\t\t<!DOCTYPE html>\r\n<html lang=\"en\">\r\n<head>\r\n<meta charset=\"UTF-8\">\r\n<meta name=\"viewport\" content=\"width=device-width, initial-scale=1.0\">\r\n<meta name=\"title\" content=\"JustMarkets Account Verification: Step-by-Step Guide 2025\">\r\n<meta name=\"description\" content=\"Guia completo para verificar sua conta JustMarkets. Instru\u00e7\u00f5es passo a passo, prepara\u00e7\u00e3o de documentos, verifica\u00e7\u00e3o m\u00f3vel e web, problemas comuns e perguntas frequentes.\">\r\n<meta name=\"keywords\" content=\"JustMarkets verification, JustMarkets KYC, account verification, forex trading verification, JustMarkets guide, verify account JustMarkets\">\r\n<title>Verifica\u00e7\u00e3o da conta JustMarkets: guia passo a passo<\/title>\r\n<style>\r\nbody {font-family:'Segoe UI', Tahoma, Geneva, Verdana, sans-serif; margin:0; padding:0; background:#f4f6f8; color:#333;}\r\nmain {max-width:1200px; margin:30px auto; padding:30px; background:#ffffff; border-radius:12px; box-shadow:0 5px 25px rgba(0,0,0,0.08);}\r\nh1,h2,h3 {margin-top:30px;}\r\nh1 {color:#003366; font-size:2.5em;}\r\nh2 {color:#003366; font-size:2em;}\r\nh3 {color:#333333; font-size:1.5em;}\r\np, li {line-height:1.8;}\r\nul, ol {padding-left:20px;}\r\na.cta-button {display:inline-block; background:#003366; color:#ffffff; padding:14px 28px; border-radius:8px; font-weight:bold; text-decoration:none; transition:0.3s; margin-top:15px; box-shadow:0 5px 15px rgba(0,51,102,0.4);}\r\na.cta-button:hover {background:#0077cc; transform:translateY(-2px);}\r\n.faq-item {margin-bottom:25px;}\r\n.faq-question {font-weight:bold; color:#003366; cursor:pointer; padding:10px; background:#e6f0fa; border-radius:6px;}\r\n.faq-answer {margin-top:8px; padding-left:15px; display:none; color:#333;}\r\ntable {width:100%; border-collapse:collapse; margin:20px 0;}\r\ntable, th, td {border:1px solid #ccc;}\r\nth, td {padding:12px; text-align:left;}\r\n@media(max-width:768px){h1{font-size:2em;} h2{font-size:1.5em;}}\r\n<\/style>\r\n<script>\r\ndocument.addEventListener('DOMContentLoaded', function(){\r\n    const items = document.querySelectorAll('.faq-question');\r\n    items.forEach(item=>{\r\n        item.addEventListener('click', ()=>{\r\n            const ans = item.nextElementSibling;\r\n            ans.style.display = (ans.style.display==='block')?'none':'block';\r\n        });\r\n    });\r\n});\r\n<\/script>\r\n<\/head>\r\n<body>\r\n<main>\r\n<h1>Verifica\u00e7\u00e3o da conta JustMarkets: guia passo a passo completo<\/h1>\r\n\r\n<!-- Table of Contents -->\r\n<section id=\"table-of-contents\">\r\n<h2>\u00edndice<\/h2>\r\n<ol>\r\n<li><a href=\"#introduction\">Introdu\u00e7\u00e3o \u00e0 verifica\u00e7\u00e3o da JustMarkets<\/a><\/li>\r\n<li><a href=\"#why-verification\">Por que a verifica\u00e7\u00e3o \u00e9 necess\u00e1ria<\/a><\/li>\r\n<li><a href=\"#step-guide\">Guia passo a passo para verificar sua conta<\/a><\/li>\r\n<li><a href=\"#web-verification\">Verifica\u00e7\u00e3o via plataforma web<\/a><\/li>\r\n<li><a href=\"#mobile-verification\">Verifica\u00e7\u00e3o via aplicativo para dispositivos m\u00f3veis<\/a><\/li>\r\n<li><a href=\"#common-issues\">Problemas e solu\u00e7\u00f5es comuns de verifica\u00e7\u00e3o<\/a><\/li>\r\n<li><a href=\"#tips\">Dicas para uma verifica\u00e7\u00e3o suave<\/a><\/li>\r\n<li><a href=\"#security\">Medidas de seguran\u00e7a e prote\u00e7\u00e3o de dados<\/a><\/li>\r\n<li><a href=\"#benefits\">Benef\u00edcios das contas verificadas<\/a><\/li>\r\n<li><a href=\"#faq\">Perguntas frequentes (FAQ)<\/a><\/li>\r\n<\/ol>\r\n<\/section>\r\n\r\n<section id=\"introduction\">\r\n<h2>Introdu\u00e7\u00e3o \u00e0 verifica\u00e7\u00e3o da JustMarkets<\/h2>\r\n<p>A JustMarkets exige que todos os traders concluam a verifica\u00e7\u00e3o da conta antes de acessar os recursos de negocia\u00e7\u00e3o completos. A verifica\u00e7\u00e3o garante o cumprimento dos regulamentos financeiros internacionais, protege sua conta e permite dep\u00f3sitos e saques f\u00e1ceis. O processo envolve a confirma\u00e7\u00e3o da sua identidade e do comprovante de endere\u00e7o, que protege voc\u00ea e a plataforma contra fraudes.<\/p>\r\n<a class=\"cta-button\" href=\"https:\/\/one.justmarkets.link\/a\/t11xd0xwgz\/id\/registration\/trader\" target=\"_blank\" rel=\"noopener\">Inicie a verifica\u00e7\u00e3o agora<\/a>\r\n<\/section>\r\n\r\n<section id=\"why-verification\">\r\n<h2>Por que a verifica\u00e7\u00e3o \u00e9 necess\u00e1ria<\/h2>\r\n<p>A verifica\u00e7\u00e3o \u00e9 uma parte essencial da negocia\u00e7\u00e3o respons\u00e1vel. Os motivos incluem:<\/p>\r\n<ul>\r\n<li>Conformidade com os regulamentos anti-lavagem de dinheiro (AML) e conhe\u00e7a o seu cliente (KYC).<\/li>\r\n<li>Protegendo os clientes contra roubo de identidade e uso indevido de contas.<\/li>\r\n<li>Garantir dep\u00f3sitos e retiradas seguras e eficientes.<\/li>\r\n<li>Permitindo limites de saque mais altos e acesso a recursos avan\u00e7ados da conta.<\/li>\r\n<\/ul>\r\n<a class=\"cta-button\" href=\"https:\/\/one.justmarkets.link\/a\/t11xd0xwgz\/id\/registration\/trader\" target=\"_blank\" rel=\"noopener\">Verifique sua conta hoje<\/a>\r\n<\/section>\r\n\r\n<section id=\"step-guide\">\r\n<h2>Guia passo a passo para verificar sua conta JustMarkets<\/h2>\r\n\r\n<h3>1. Preparando seus documentos<\/h3>\r\n<p>Antes de iniciar a verifica\u00e7\u00e3o, prepare o seguinte:<\/p>\r\n<ul>\r\n<li>ID emitido pelo governo (passaporte, carteira de motorista ou identidade nacional)<\/li>\r\n<li>Prova de endere\u00e7o (conta de utilidade, extrato banc\u00e1rio ou documento oficial)<\/li>\r\n<li>Certifique-se de que os documentos sejam claros, v\u00e1lidos e n\u00e3o expiram<\/li>\r\n<\/ul>\r\n\r\n<h3>2. Verifica\u00e7\u00e3o de identidade (KYC)<\/h3>\r\n<p>Carregue seu ID por meio da p\u00e1gina de verifica\u00e7\u00e3o JustMarkets. Certifique-se de que todos os detalhes sejam leg\u00edveis. A plataforma combinar\u00e1 o ID com os detalhes da sua conta.<\/p>\r\n\r\n<h3>3. Verifica\u00e7\u00e3o de endere\u00e7o<\/h3>\r\n<p>Envie um documento de comprovante de endere\u00e7o. O endere\u00e7o deve corresponder ao registrado durante o registro. Os formatos aceitos incluem PDF, JPEG ou PNG.<\/p>\r\n\r\n<h3>4. Fazendo o upload dos documentos<\/h3>\r\n<p>Certifique-se de que as imagens n\u00e3o estejam emba\u00e7adas, todas as bordas vis\u00edveis e o tamanho do arquivo atenda aos requisitos da plataforma. Carregamentos desalinhados ou de baixa qualidade podem atrasar a verifica\u00e7\u00e3o.<\/p>\r\n\r\n<a class=\"cta-button\" href=\"https:\/\/one.justmarkets.link\/a\/t11xd0xwgz\/id\/registration\/trader\" target=\"_blank\" rel=\"noopener\">Carregar documentos e verificar<\/a>\r\n<\/section>\r\n\r\n<section id=\"web-verification\">\r\n<h2>Verifica\u00e7\u00e3o via plataforma web<\/h2>\r\n<p>Para verificar via web:<\/p>\r\n<ol>\r\n<li>Fa\u00e7a login na sua conta da Web JustMarkets.<\/li>\r\n<li>V\u00e1 para a se\u00e7\u00e3o \u201cVerifica\u00e7\u00e3o\u201d no painel.<\/li>\r\n<li>Siga as instru\u00e7\u00f5es para fazer o upload do ID e do comprovante de endere\u00e7o.<\/li>\r\n<li>Envie documentos e aguarde a confirma\u00e7\u00e3o (normalmente 24 a 48 horas).<\/li>\r\n<li>Receba notifica\u00e7\u00e3o por e-mail uma vez verificada.<\/li>\r\n<\/ol>\r\n<a class=\"cta-button\" href=\"https:\/\/one.justmarkets.link\/a\/t11xd0xwgz\/id\/registration\/trader\" target=\"_blank\" rel=\"noopener\">Verifique via web<\/a>\r\n<\/section>\r\n\r\n<section id=\"mobile-verification\">\r\n<h2>Verifica\u00e7\u00e3o via aplicativo para dispositivos m\u00f3veis<\/h2>\r\n<p>Para verificar por meio do aplicativo m\u00f3vel JustMarkets:<\/p>\r\n<ol>\r\n<li>Abra o aplicativo e fa\u00e7a login.<\/li>\r\n<li>Toque em \u201cConta\u201d &gt; \u201cVerifica\u00e7\u00e3o\u201d.<\/li>\r\n<li>Siga as instru\u00e7\u00f5es para fazer o upload do ID e do comprovante de endere\u00e7o usando a c\u00e2mera do telefone.<\/li>\r\n<li>Certifique-se de que as imagens estejam claras e devidamente alinhadas.<\/li>\r\n<li>Envie e aguarde a notifica\u00e7\u00e3o.<\/li>\r\n<\/ol>\r\n<a class=\"cta-button\" href=\"https:\/\/one.justmarkets.link\/a\/t11xd0xwgz\/id\/registration\/trader\" target=\"_blank\" rel=\"noopener\">Verifique por meio do aplicativo m\u00f3vel<\/a>\r\n<\/section>\r\n\r\n<section id=\"common-issues\">\r\n<h2>Problemas e solu\u00e7\u00f5es comuns de verifica\u00e7\u00e3o<\/h2>\r\n<ul>\r\n<li><strong>Imagens borradas:<\/strong> Retomar as fotos, garantindo clareza e ilumina\u00e7\u00e3o adequada.<\/li>\r\n<li><strong>Nome\/endere\u00e7o incompat\u00edveis:<\/strong> Certifique-se de que os documentos correspondem \u00e0s informa\u00e7\u00f5es de registro.<\/li>\r\n<li><strong>Documentos vencidos:<\/strong> Use somente IDs v\u00e1lidos e atuais.<\/li>\r\n<li><strong>Formato incorreto do arquivo:<\/strong> Use formatos compat\u00edveis como JPG, PNG ou PDF.<\/li>\r\n<li><strong>Aprova\u00e7\u00e3o lenta:<\/strong> Contacte o suporte se a verifica\u00e7\u00e3o demorar mais de 48 horas.<\/li>\r\n<\/ul>\r\n<a class=\"cta-button\" href=\"https:\/\/one.justmarkets.link\/a\/t11xd0xwgz\/id\/registration\/trader\" target=\"_blank\" rel=\"noopener\">Resolva problemas de verifica\u00e7\u00e3o<\/a>\r\n<\/section>\r\n\r\n<section id=\"tips\">\r\n<h2>Dicas para uma verifica\u00e7\u00e3o suave<\/h2>\r\n<ul>\r\n<li>Verifique todos os detalhes antes de enviar.<\/li>\r\n<li>Use uma conex\u00e3o est\u00e1vel com a Internet para evitar erros de upload.<\/li>\r\n<li>Certifique-se de que os documentos estejam bem iluminados, claros e totalmente vis\u00edveis.<\/li>\r\n<li>Mantenha uma c\u00f3pia dos documentos enviados para seus registros.<\/li>\r\n<li>Contacte o suporte ao cliente para obter assist\u00eancia, se necess\u00e1rio.<\/li>\r\n<\/ul>\r\n<a class=\"cta-button\" href=\"https:\/\/one.justmarkets.link\/a\/t11xd0xwgz\/id\/registration\/trader\" target=\"_blank\" rel=\"noopener\">Obtenha assist\u00eancia de verifica\u00e7\u00e3o<\/a>\r\n<\/section>\r\n\r\n<section id=\"security\">\r\n<h2>Medidas de seguran\u00e7a e prote\u00e7\u00e3o de dados<\/h2>\r\n<ul>\r\n<li>JustMarkets criptografa todos os uploads de documentos para proteger as informa\u00e7\u00f5es do cliente.<\/li>\r\n<li>Os fundos s\u00e3o mantidos em contas segregadas, separadas dos fundos da empresa.<\/li>\r\n<li>A autentica\u00e7\u00e3o de dois fatores (2FA) \u00e9 recomendada para seguran\u00e7a da conta.<\/li>\r\n<li>Auditorias regulares e estrita conformidade com os padr\u00f5es AML\/KYC garantem a seguran\u00e7a.<\/li>\r\n<\/ul>\r\n<a class=\"cta-button\" href=\"https:\/\/one.justmarkets.link\/a\/t11xd0xwgz\/id\/registration\/trader\" target=\"_blank\" rel=\"noopener\">Proteja sua conta<\/a>\r\n<\/section>\r\n\r\n<section id=\"benefits\">\r\n<h2>Benef\u00edcios das contas verificadas<\/h2>\r\n<ul>\r\n<li>Acesso a funcionalidades de negocia\u00e7\u00e3o completas.<\/li>\r\n<li>Limites de retirada mais altos e transa\u00e7\u00f5es mais r\u00e1pidas.<\/li>\r\n<li>Melhor seguran\u00e7a da conta e confian\u00e7a com JustMarkets.<\/li>\r\n<li>Elegibilidade para promo\u00e7\u00f5es e programas de fidelidade.<\/li>\r\n<li>Tranquilidade de saber que sua identidade e fundos est\u00e3o protegidos.<\/li>\r\n<\/ul>\r\n<a class=\"cta-button\" href=\"https:\/\/one.justmarkets.link\/a\/t11xd0xwgz\/id\/registration\/trader\" target=\"_blank\" rel=\"noopener\">Complete sua verifica\u00e7\u00e3o<\/a>\r\n<\/section>\r\n\r\n<section id=\"faq\">\r\n<h2>Perguntas frequentes<\/h2>\r\n<div class=\"faq-item\">\r\n<div class=\"faq-question\">Quanto tempo demora a verifica\u00e7\u00e3o?<\/div>\r\n<div class=\"faq-answer\">Normalmente, 24 a 48 horas ap\u00f3s o envio de documentos. Atrasos podem ocorrer se os documentos n\u00e3o forem claros.<\/div>\r\n<\/div>\r\n<div class=\"faq-item\">\r\n<div class=\"faq-question\">Quais documentos s\u00e3o aceitos?<\/div>\r\n<div class=\"faq-answer\">ID emitido pelo governo (passaporte, carteira de identidade, carteira de motorista) e comprovante de endere\u00e7o (conta de utilidade p\u00fablica, extrato banc\u00e1rio).<\/div>\r\n<\/div>\r\n<div class=\"faq-item\">\r\n<div class=\"faq-question\">Posso negociar antes da verifica\u00e7\u00e3o?<\/div>\r\n<div class=\"faq-answer\">\u00c9 poss\u00edvel uma negocia\u00e7\u00e3o limitada de demonstra\u00e7\u00e3o, mas recursos e retiradas completas exigem verifica\u00e7\u00e3o.<\/div>\r\n<\/div>\r\n<div class=\"faq-item\">\r\n<div class=\"faq-question\">E se minha verifica\u00e7\u00e3o for rejeitada?<\/div>\r\n<div class=\"faq-answer\">Verifique o motivo da rejei\u00e7\u00e3o, corrija os documentos e envie novamente. Entre em contato com o suporte, se n\u00e3o tiver certeza.<\/div>\r\n<\/div>\r\n<div class=\"faq-item\">\r\n<div class=\"faq-question\">Minhas informa\u00e7\u00f5es pessoais s\u00e3o seguras?<\/div>\r\n<div class=\"faq-answer\">Sim. JustMarkets usa criptografia e armazenamento seguro para proteger os dados do cliente.<\/div>\r\n<\/div>\r\n<\/section>\r\n\r\n<a class=\"cta-button\" href=\"https:\/\/one.justmarkets.link\/a\/t11xd0xwgz\/id\/registration\/trader\" target=\"_blank\" rel=\"noopener\">Verifique sua conta JustMarkets agora<\/a>\r\n\r\n<\/main>\r\n<\/body>\r\n<\/html>\r\n\t\t\t\t<\/div>\n\t\t\t\t\t<\/div>\n\t\t\t\t<\/div>\n\t\t\t\t<\/div>","protected":false},"excerpt":{"rendered":"<p>&nbsp; &nbsp; &nbsp; JustMarkets Account Verification: Complete Step-by-Step Guide Table of Contents Introduction to JustMarkets Verification Why Verification is Required [&hellip;]<\/p>\n","protected":false},"author":1,"featured_media":0,"parent":0,"menu_order":0,"comment_status":"closed","ping_status":"closed","template":"elementor_header_footer","meta":{"site-sidebar-layout":"no-sidebar","site-content-layout":"","ast-site-content-layout":"full-width-container","site-content-style":"default","site-sidebar-style":"default","ast-global-header-display":"","ast-banner-title-visibility":"","ast-main-header-display":"","ast-hfb-above-header-display":"","ast-hfb-below-header-display":"","ast-hfb-mobile-header-display":"","site-post-title":"","ast-breadcrumbs-content":"","ast-featured-img":"disabled","footer-sml-layout":"","ast-disable-related-posts":"","theme-transparent-header-meta":"default","adv-header-id-meta":"","stick-header-meta":"","header-above-stick-meta":"","header-main-stick-meta":"","header-below-stick-meta":"","astra-migrate-meta-layouts":"set","ast-page-background-enabled":"default","ast-page-background-meta":{"desktop":{"background-color":"var(--ast-global-color-5)","background-image":"","background-repeat":"repeat","background-position":"center center","background-size":"auto","background-attachment":"scroll","background-type":"","background-media":"","overlay-type":"","overlay-color":"","overlay-opacity":"","overlay-gradient":""},"tablet":{"background-color":"","background-image":"","background-repeat":"repeat","background-position":"center center","background-size":"auto","background-attachment":"scroll","background-type":"","background-media":"","overlay-type":"","overlay-color":"","overlay-opacity":"","overlay-gradient":""},"mobile":{"background-color":"","background-image":"","background-repeat":"repeat","background-position":"center center","background-size":"auto","background-attachment":"scroll","background-type":"","background-media":"","overlay-type":"","overlay-color":"","overlay-opacity":"","overlay-gradient":""}},"ast-content-background-meta":{"desktop":{"background-color":"var(--ast-global-color-4)","background-image":"","background-repeat":"repeat","background-position":"center center","background-size":"auto","background-attachment":"scroll","background-type":"","background-media":"","overlay-type":"","overlay-color":"","overlay-opacity":"","overlay-gradient":""},"tablet":{"background-color":"var(--ast-global-color-4)","background-image":"","background-repeat":"repeat","background-position":"center center","background-size":"auto","background-attachment":"scroll","background-type":"","background-media":"","overlay-type":"","overlay-color":"","overlay-opacity":"","overlay-gradient":""},"mobile":{"background-color":"var(--ast-global-color-4)","background-image":"","background-repeat":"repeat","background-position":"center center","background-size":"auto","background-attachment":"scroll","background-type":"","background-media":"","overlay-type":"","overlay-color":"","overlay-opacity":"","overlay-gradient":""}},"footnotes":""},"class_list":["post-458","page","type-page","status-publish","hentry"],"_links":{"self":[{"href":"https:\/\/trustedfxglobal.com\/pt\/wp-json\/wp\/v2\/pages\/458","targetHints":{"allow":["GET"]}}],"collection":[{"href":"https:\/\/trustedfxglobal.com\/pt\/wp-json\/wp\/v2\/pages"}],"about":[{"href":"https:\/\/trustedfxglobal.com\/pt\/wp-json\/wp\/v2\/types\/page"}],"author":[{"embeddable":true,"href":"https:\/\/trustedfxglobal.com\/pt\/wp-json\/wp\/v2\/users\/1"}],"replies":[{"embeddable":true,"href":"https:\/\/trustedfxglobal.com\/pt\/wp-json\/wp\/v2\/comments?post=458"}],"version-history":[{"count":6,"href":"https:\/\/trustedfxglobal.com\/pt\/wp-json\/wp\/v2\/pages\/458\/revisions"}],"predecessor-version":[{"id":1235,"href":"https:\/\/trustedfxglobal.com\/pt\/wp-json\/wp\/v2\/pages\/458\/revisions\/1235"}],"wp:attachment":[{"href":"https:\/\/trustedfxglobal.com\/pt\/wp-json\/wp\/v2\/media?parent=458"}],"curies":[{"name":"wp","href":"https:\/\/api.w.org\/{rel}","templated":true}]}}