{"id":44,"date":"2025-08-18T09:07:18","date_gmt":"2025-08-18T09:07:18","guid":{"rendered":"https:\/\/trustedfxglobal.com\/?page_id=44"},"modified":"2025-12-18T09:37:32","modified_gmt":"2025-12-18T09:37:32","slug":"sobre-justmarkets","status":"publish","type":"page","link":"https:\/\/trustedfxglobal.com\/pt\/about-justmarkets\/","title":{"rendered":"Sobre JustMarkets \u2013 Just Markets"},"content":{"rendered":"<div data-elementor-type=\"wp-page\" data-elementor-id=\"44\" class=\"elementor elementor-44\">\n\t\t\t\t<div class=\"elementor-element elementor-element-d1f3d94 e-flex e-con-boxed e-con e-parent\" data-id=\"d1f3d94\" data-element_type=\"container\" data-e-type=\"container\">\n\t\t\t\t\t<div class=\"e-con-inner\">\n\t\t\t\t<div class=\"elementor-element elementor-element-374fd30 elementor-widget elementor-widget-html\" data-id=\"374fd30\" data-element_type=\"widget\" data-e-type=\"widget\" data-widget_type=\"html.default\">\n\t\t\t\t\t<!DOCTYPE html>\r\n<html lang=\"en\">\r\n<head>\r\n<meta charset=\"UTF-8\">\r\n<meta name=\"viewport\" content=\"width=device-width, initial-scale=1.0\">\r\n<meta name=\"title\" content=\"About JustMarkets | Trusted Forex Trading Platform\">\r\n<meta name=\"description\" content=\"Aprenda sobre o JustMarkets, uma plataforma confi\u00e1vel de negocia\u00e7\u00e3o Forex que oferece ferramentas avan\u00e7adas de negocia\u00e7\u00e3o, spreads competitivos e ambiente de negocia\u00e7\u00e3o seguro. Inscreva-se agora atrav\u00e9s do nosso link de afiliado.\">\r\n<meta name=\"keywords\" content=\"JustMarkets, forex trading platform, online trading, trading tools, JustMarkets review, secure trading, affiliate sign up\">\r\n<title>Sobre a JustMarkets | Plataforma de negocia\u00e7\u00e3o Forex confi\u00e1vel<\/title>\r\n<style>\r\nbody {font-family:'Segoe UI', Tahoma, Geneva, Verdana, sans-serif; margin:0; padding:0; background:#f4f6f8; color:#333;}\r\nmain {max-width:1200px; margin:30px auto; padding:30px; background:#ffffff; border-radius:12px; box-shadow:0 5px 25px rgba(0,0,0,0.08);}\r\nh1,h2,h3 {margin-top:30px;}\r\nh1 {color:#003366; font-size:2.5em;}\r\nh2 {color:#003366; font-size:2em;}\r\nh3 {color:#333333; font-size:1.5em;}\r\np, li {line-height:1.8;}\r\nul, ol {padding-left:20px;}\r\na.cta-button {display:inline-block; background:#003366; color:#ffffff; padding:14px 28px; border-radius:8px; font-weight:bold; text-decoration:none; transition:0.3s; margin-top:15px; box-shadow:0 5px 15px rgba(0,51,102,0.4);}\r\na.cta-button:hover {background:#0077cc; transform:translateY(-2px);}\r\n.faq-item {margin-bottom:25px;}\r\n.faq-question {font-weight:bold; color:#003366; cursor:pointer; padding:10px; background:#e6f0fa; border-radius:6px;}\r\n.faq-answer {margin-top:8px; padding-left:15px; display:none; color:#333;}\r\n@media(max-width:768px){h1{font-size:2em;} h2{font-size:1.5em;}}\r\n<\/style>\r\n<script>\r\ndocument.addEventListener('DOMContentLoaded', function(){\r\n    const items = document.querySelectorAll('.faq-question');\r\n    items.forEach(item=>{\r\n        item.addEventListener('click', ()=>{\r\n            const ans = item.nextElementSibling;\r\n            ans.style.display = (ans.style.display==='block')?'none':'block';\r\n        });\r\n    });\r\n});\r\n<\/script>\r\n<\/head>\r\n<body>\r\n<main>\r\n<h1>Sobre JustMarkets<\/h1>\r\n\r\n<!-- Introduction -->\r\n<section id=\"introduction\">\r\n<h2>Plataforma de negocia\u00e7\u00e3o forex confi\u00e1vel<\/h2>\r\n<p>JustMarkets \u00e9 uma plataforma de negocia\u00e7\u00e3o on-line l\u00edder em Forex, projetada para traders em todo o mundo. Conhecida por suas opera\u00e7\u00f5es transparentes, condi\u00e7\u00f5es de negocia\u00e7\u00e3o competitivas e suporte ao cliente confi\u00e1vel, a JustMarkets capacita os comerciantes iniciantes e profissionais a atingir seus objetivos financeiros. Se voc\u00ea deseja negociar Forex, commodities, \u00edndices ou criptomoedas, a JustMarkets oferece um ambiente seguro e amig\u00e1vel para todas as necessidades de negocia\u00e7\u00e3o.<\/p>\r\n<a class=\"cta-button\" href=\"https:\/\/one.justmarkets.link\/a\/t11xd0xwgz\/id\/registration\/trader\" target=\"_blank\" rel=\"noopener\">Inscreva-se no JustMarkets<\/a>\r\n<\/section>\r\n\r\n<!-- Key Features -->\r\n<section id=\"features\">\r\n<h2>Principais caracter\u00edsticas do JustMarkets<\/h2>\r\n<ul>\r\n<li><strong>Ampla gama de instrumentos de negocia\u00e7\u00e3o:<\/strong> Negocie Forex, \u00edndices, commodities, a\u00e7\u00f5es e criptomoedas com alavanca flex\u00edvel.<\/li>\r\n<li><strong>Plataformas de negocia\u00e7\u00e3o avan\u00e7adas:<\/strong> Acesse MT4, MT5 e aplicativos m\u00f3veis com ferramentas de an\u00e1lise e gr\u00e1ficos poderosos.<\/li>\r\n<li><strong>Spreads competitivos e baixas comiss\u00f5es:<\/strong> Beneficie de spreads apertados e condi\u00e7\u00f5es de negocia\u00e7\u00e3o econ\u00f4micas.<\/li>\r\n<li><strong>Transa\u00e7\u00f5es seguras:<\/strong> A JustMarkets usa m\u00e9todos avan\u00e7ados de criptografia e pagamento seguro para dep\u00f3sitos e retiradas.<\/li>\r\n<li><strong>Apoio ao cliente 24 horas por dia, 7 dias por semana:<\/strong> Suporte especializado dispon\u00edvel 24 horas por dia para ajudar os comerciantes em v\u00e1rios idiomas.<\/li>\r\n<li><strong>Recursos educacionais:<\/strong> Acesse webinars, tutoriais e insights de mercado para aprimorar as habilidades de negocia\u00e7\u00e3o.<\/li>\r\n<\/ul>\r\n<a class=\"cta-button\" href=\"https:\/\/one.justmarkets.link\/a\/t11xd0xwgz\/id\/registration\/trader\" target=\"_blank\" rel=\"noopener\">Comece a negociar hoje<\/a>\r\n<\/section>\r\n\r\n<!-- Trading Account Options -->\r\n<section id=\"accounts\">\r\n<h2>Op\u00e7\u00f5es de conta de negocia\u00e7\u00e3o<\/h2>\r\n<p>A JustMarkets oferece tipos de conta projetados para diferentes n\u00edveis de negocia\u00e7\u00e3o:<\/p>\r\n<ul>\r\n<li><strong>Conta padr\u00e3o:<\/strong> Ideal para iniciantes com baixos dep\u00f3sitos m\u00ednimos e recursos de negocia\u00e7\u00e3o simples.<\/li>\r\n<li><strong>Conta profissional:<\/strong> Para traders experientes que buscam spreads baixos, maior alavancagem e execu\u00e7\u00e3o avan\u00e7ada.<\/li>\r\n<li><strong>Conta Demo:<\/strong> Pratique a negocia\u00e7\u00e3o com fundos virtuais para aprender estrat\u00e9gias sem risco.<\/li>\r\n<\/ul>\r\n<a class=\"cta-button\" href=\"https:\/\/one.justmarkets.link\/a\/t11xd0xwgz\/id\/registration\/trader\" target=\"_blank\" rel=\"noopener\">Abra sua conta agora<\/a>\r\n<\/section>\r\n\r\n<!-- Security and Regulation -->\r\n<section id=\"security\">\r\n<h2>Seguran\u00e7a e regulamenta\u00e7\u00e3o<\/h2>\r\n<p>A JustMarkets prioriza a seguran\u00e7a do cliente e a conformidade regulat\u00f3ria. Os fundos s\u00e3o segregados e a plataforma usa criptografia padr\u00e3o do setor para proteger dados confidenciais. Al\u00e9m disso, a JustMarkets adere aos regulamentos financeiros internacionais, garantindo um ambiente comercial transparente e confi\u00e1vel.<\/p>\r\n<a class=\"cta-button\" href=\"https:\/\/one.justmarkets.link\/a\/t11xd0xwgz\/id\/registration\/trader\" target=\"_blank\" rel=\"noopener\">Negocie com seguran\u00e7a com JustMarkets<\/a>\r\n<\/section>\r\n\r\n<!-- Why Choose JustMarkets -->\r\n<section id=\"why-choose\">\r\n<h2>Por que escolher JustMarkets?<\/h2>\r\n<p>Os traders escolhem JustMarkets por v\u00e1rios motivos convincentes:<\/p>\r\n<ul>\r\n<li>Execu\u00e7\u00e3o comercial confi\u00e1vel e r\u00e1pida.<\/li>\r\n<li>Acesso a uma ampla variedade de ativos e mercados.<\/li>\r\n<li>Recursos educacionais abrangentes e an\u00e1lises de mercado.<\/li>\r\n<li>Op\u00e7\u00f5es flex\u00edveis de conta, atendendo a todos os n\u00edveis de experi\u00eancia.<\/li>\r\n<li>Sistemas seguros e eficientes de dep\u00f3sito e retirada.<\/li>\r\n<\/ul>\r\n<a class=\"cta-button\" href=\"https:\/\/one.justmarkets.link\/a\/t11xd0xwgz\/id\/registration\/trader\" target=\"_blank\" rel=\"noopener\">Junte-se \u00e0 JustMarkets hoje<\/a>\r\n<\/section>\r\n\r\n<!-- FAQ -->\r\n<section id=\"faq\">\r\n<h2>Perguntas frequentes<\/h2>\r\n<div class=\"faq-item\">\r\n<div class=\"faq-question\">A JustMarkets \u00e9 uma plataforma regulamentada?<\/div>\r\n<div class=\"faq-answer\">Sim, a JustMarkets cumpre as regulamenta\u00e7\u00f5es internacionais e usa pr\u00e1ticas seguras para proteger os fundos e os dados dos clientes.<\/div>\r\n<\/div>\r\n<div class=\"faq-item\">\r\n<div class=\"faq-question\">Quais plataformas de negocia\u00e7\u00e3o a JustMarkets oferece?<\/div>\r\n<div class=\"faq-answer\">JustMarkets fornece MT4, MT5 e aplicativos de negocia\u00e7\u00e3o m\u00f3vel com ferramentas avan\u00e7adas de gr\u00e1ficos, an\u00e1lise e negocia\u00e7\u00e3o.<\/div>\r\n<\/div>\r\n<div class=\"faq-item\">\r\n<div class=\"faq-question\">Os iniciantes podem negociar no JustMarkets?<\/div>\r\n<div class=\"faq-answer\">Com certeza. JustMarkets oferece contas de demonstra\u00e7\u00e3o e recursos educacionais adequados para iniciantes.<\/div>\r\n<\/div>\r\n<div class=\"faq-item\">\r\n<div class=\"faq-question\">Como posso depositar e retirar fundos?<\/div>\r\n<div class=\"faq-answer\">O Exness oferece suporte a v\u00e1rios m\u00e9todos, incluindo transfer\u00eancia banc\u00e1ria, carteiras eletr\u00f4nicas e criptomoedas. As retiradas s\u00e3o processadas de forma segura e r\u00e1pida.<\/div>\r\n<\/div>\r\n<div class=\"faq-item\">\r\n<div class=\"faq-question\">O suporte ao cliente est\u00e1 dispon\u00edvel?<\/div>\r\n<div class=\"faq-answer\">Sim, o suporte ao cliente multil\u00edngue 24 horas por dia, 7 dias por semana, est\u00e1 dispon\u00edvel por meio de chat, e-mail e telefone ao vivo.<\/div>\r\n<\/div>\r\n<\/section>\r\n\r\n<a class=\"cta-button\" href=\"https:\/\/one.justmarkets.link\/a\/t11xd0xwgz\/id\/registration\/trader\" target=\"_blank\" rel=\"noopener\">Registre-se na JustMarkets agora<\/a>\r\n\r\n<\/main>\r\n<\/body>\r\n<\/html>\r\n\t\t\t\t<\/div>\n\t\t\t\t\t<\/div>\n\t\t\t\t<\/div>\n\t\t\t\t<\/div>","protected":false},"excerpt":{"rendered":"<p>About JustMarkets | Trusted Forex Trading Platform About JustMarkets Trusted Forex Trading Platform JustMarkets is a leading online forex trading [&hellip;]<\/p>\n","protected":false},"author":1,"featured_media":6,"parent":0,"menu_order":0,"comment_status":"closed","ping_status":"closed","template":"elementor_header_footer","meta":{"site-sidebar-layout":"default","site-content-layout":"","ast-site-content-layout":"default","site-content-style":"default","site-sidebar-style":"default","ast-global-header-display":"","ast-banner-title-visibility":"","ast-main-header-display":"","ast-hfb-above-header-display":"","ast-hfb-below-header-display":"","ast-hfb-mobile-header-display":"","site-post-title":"","ast-breadcrumbs-content":"","ast-featured-img":"","footer-sml-layout":"","ast-disable-related-posts":"","theme-transparent-header-meta":"","adv-header-id-meta":"","stick-header-meta":"","header-above-stick-meta":"","header-main-stick-meta":"","header-below-stick-meta":"","astra-migrate-meta-layouts":"default","ast-page-background-enabled":"default","ast-page-background-meta":{"desktop":{"background-color":"var(--ast-global-color-5)","background-image":"","background-repeat":"repeat","background-position":"center center","background-size":"auto","background-attachment":"scroll","background-type":"","background-media":"","overlay-type":"","overlay-color":"","overlay-opacity":"","overlay-gradient":""},"tablet":{"background-color":"","background-image":"","background-repeat":"repeat","background-position":"center center","background-size":"auto","background-attachment":"scroll","background-type":"","background-media":"","overlay-type":"","overlay-color":"","overlay-opacity":"","overlay-gradient":""},"mobile":{"background-color":"","background-image":"","background-repeat":"repeat","background-position":"center center","background-size":"auto","background-attachment":"scroll","background-type":"","background-media":"","overlay-type":"","overlay-color":"","overlay-opacity":"","overlay-gradient":""}},"ast-content-background-meta":{"desktop":{"background-color":"var(--ast-global-color-4)","background-image":"","background-repeat":"repeat","background-position":"center center","background-size":"auto","background-attachment":"scroll","background-type":"","background-media":"","overlay-type":"","overlay-color":"","overlay-opacity":"","overlay-gradient":""},"tablet":{"background-color":"var(--ast-global-color-4)","background-image":"","background-repeat":"repeat","background-position":"center center","background-size":"auto","background-attachment":"scroll","background-type":"","background-media":"","overlay-type":"","overlay-color":"","overlay-opacity":"","overlay-gradient":""},"mobile":{"background-color":"var(--ast-global-color-4)","background-image":"","background-repeat":"repeat","background-position":"center center","background-size":"auto","background-attachment":"scroll","background-type":"","background-media":"","overlay-type":"","overlay-color":"","overlay-opacity":"","overlay-gradient":""}},"footnotes":""},"class_list":["post-44","page","type-page","status-publish","has-post-thumbnail","hentry"],"_links":{"self":[{"href":"https:\/\/trustedfxglobal.com\/pt\/wp-json\/wp\/v2\/pages\/44","targetHints":{"allow":["GET"]}}],"collection":[{"href":"https:\/\/trustedfxglobal.com\/pt\/wp-json\/wp\/v2\/pages"}],"about":[{"href":"https:\/\/trustedfxglobal.com\/pt\/wp-json\/wp\/v2\/types\/page"}],"author":[{"embeddable":true,"href":"https:\/\/trustedfxglobal.com\/pt\/wp-json\/wp\/v2\/users\/1"}],"replies":[{"embeddable":true,"href":"https:\/\/trustedfxglobal.com\/pt\/wp-json\/wp\/v2\/comments?post=44"}],"version-history":[{"count":12,"href":"https:\/\/trustedfxglobal.com\/pt\/wp-json\/wp\/v2\/pages\/44\/revisions"}],"predecessor-version":[{"id":443,"href":"https:\/\/trustedfxglobal.com\/pt\/wp-json\/wp\/v2\/pages\/44\/revisions\/443"}],"wp:featuredmedia":[{"embeddable":true,"href":"https:\/\/trustedfxglobal.com\/pt\/wp-json\/wp\/v2\/media\/6"}],"wp:attachment":[{"href":"https:\/\/trustedfxglobal.com\/pt\/wp-json\/wp\/v2\/media?parent=44"}],"curies":[{"name":"wp","href":"https:\/\/api.w.org\/{rel}","templated":true}]}}