{"id":451,"date":"2025-09-23T17:53:46","date_gmt":"2025-09-23T17:53:46","guid":{"rendered":"https:\/\/trustedfxglobal.com\/?page_id=451"},"modified":"2025-09-23T17:54:54","modified_gmt":"2025-09-23T17:54:54","slug":"jusmarkets-accedi","status":"publish","type":"page","link":"https:\/\/trustedfxglobal.com\/it\/jusmarkets-login\/","title":{"rendered":"Guida di accesso di JustMarkets | Accedi al tuo conto di trading"},"content":{"rendered":"<div data-elementor-type=\"wp-page\" data-elementor-id=\"451\" class=\"elementor elementor-451\">\n\t\t\t\t<div class=\"elementor-element elementor-element-74a46fe e-flex e-con-boxed e-con e-parent\" data-id=\"74a46fe\" data-element_type=\"container\" data-e-type=\"container\">\n\t\t\t\t\t<div class=\"e-con-inner\">\n\t\t\t\t<div class=\"elementor-element elementor-element-87911a4 elementor-widget elementor-widget-html\" data-id=\"87911a4\" data-element_type=\"widget\" data-e-type=\"widget\" data-widget_type=\"html.default\">\n\t\t\t\t\t<!DOCTYPE html>\r\n<html lang=\"en\">\r\n<head>\r\n<meta charset=\"UTF-8\">\r\n<meta name=\"viewport\" content=\"width=device-width, initial-scale=1.0\">\r\n<meta name=\"title\" content=\"JustMarkets Login Guide | Access Your Trading Account\">\r\n<meta name=\"description\" content=\"Guida completa al login di JustMarkets. Scopri come accedere al tuo conto di trading tramite web, dispositivi mobili, social trading e risolvere i problemi di accesso.\">\r\n<meta name=\"keywords\" content=\"JustMarkets login, trading account access, web login, mobile app login, secure login, account recovery, FAQ\">\r\n<title>Guida di accesso di JustMarkets | Accedi al tuo conto di trading<\/title>\r\n<style>\r\nbody {font-family:'Segoe UI', Tahoma, Geneva, Verdana, sans-serif; margin:0; padding:0; background:#f4f6f8; color:#333;}\r\nmain {max-width:1200px; margin:30px auto; padding:30px; background:#ffffff; border-radius:12px; box-shadow:0 5px 25px rgba(0,0,0,0.08);}\r\nh1,h2,h3 {margin-top:30px;}\r\nh1 {color:#003366; font-size:2.5em;}\r\nh2 {color:#003366; font-size:2em;}\r\nh3 {color:#333333; font-size:1.5em;}\r\np, li {line-height:1.8;}\r\nul, ol {padding-left:20px;}\r\na.cta-button {display:inline-block; background:#003366; color:#ffffff; padding:14px 28px; border-radius:8px; font-weight:bold; text-decoration:none; transition:0.3s; margin-top:15px; box-shadow:0 5px 15px rgba(0,51,102,0.4);}\r\na.cta-button:hover {background:#0077cc; transform:translateY(-2px);}\r\n.faq-item {margin-bottom:25px;}\r\n.faq-question {font-weight:bold; color:#003366; cursor:pointer; padding:10px; background:#e6f0fa; border-radius:6px;}\r\n.faq-answer {margin-top:8px; padding-left:15px; display:none; color:#333;}\r\ntable {width:100%; border-collapse:collapse; margin:20px 0;}\r\ntable, th, td {border:1px solid #ccc;}\r\nth, td {padding:12px; text-align:left;}\r\n@media(max-width:768px){h1{font-size:2em;} h2{font-size:1.5em;}}\r\n<\/style>\r\n<script>\r\ndocument.addEventListener('DOMContentLoaded', function(){\r\n    const items = document.querySelectorAll('.faq-question');\r\n    items.forEach(item=>{\r\n        item.addEventListener('click', ()=>{\r\n            const ans = item.nextElementSibling;\r\n            ans.style.display = (ans.style.display==='block')?'none':'block';\r\n        });\r\n    });\r\n});\r\n<\/script>\r\n<\/head>\r\n<body>\r\n<main>\r\n<h1>JustMarkets Login: Guida completa 2025<\/h1>\r\n\r\n<!-- Table of Contents -->\r\n<section id=\"table-of-contents\">\r\n<h2>sommario<\/h2>\r\n<ol>\r\n<li><a href=\"#introduction\">Introduzione a JustMarkets Login<\/a><\/li>\r\n<li><a href=\"#web-login\">Accedi tramite piattaforma web<\/a><\/li>\r\n<li><a href=\"#mobile-login\">Accedi tramite app mobile<\/a><\/li>\r\n<li><a href=\"#social-login\">Accedi tramite Social Trading<\/a><\/li>\r\n<li><a href=\"#account-access\">Accesso al tuo account<\/a><\/li>\r\n<li><a href=\"#troubleshooting\">Risoluzione dei problemi di accesso<\/a><\/li>\r\n<li><a href=\"#security\">Suggerimenti per la sicurezza per l'accesso<\/a><\/li>\r\n<li><a href=\"#faq\">Domande frequenti<\/a><\/li>\r\n<\/ol>\r\n<\/section>\r\n\r\n<!-- Introduction -->\r\n<section id=\"introduction\">\r\n<h2>Introduzione a JustMarkets Login<\/h2>\r\n<p>Accedere al tuo account JustMarkets in modo sicuro \u00e8 il primo passo per fare trading con fiducia. Che tu stia utilizzando la piattaforma web, l'app mobile o l'interfaccia di social trading, la comprensione delle corrette procedure di accesso garantisce un accesso ininterrotto ai tuoi strumenti di trading, saldi e strumenti di analisi del mercato.<\/p>\r\n<a class=\"cta-button\" href=\"https:\/\/one.justmarkets.link\/a\/t11xd0xwgz\/id\/registration\/trader\" target=\"_blank\" rel=\"noopener\">Apri il tuo account JustMarkets<\/a>\r\n<\/section>\r\n\r\n<!-- Web Login -->\r\n<section id=\"web-login\">\r\n<h2>Accedi tramite piattaforma web<\/h2>\r\n<p>La piattaforma web offre un'interfaccia di trading completa accessibile da qualsiasi browser. Per accedere:<\/p>\r\n<ol>\r\n<li>Visita l'ufficiale <strong>Sito web di JustMarkets<\/strong>.<\/li>\r\n<li>Fare clic su <strong>accesso<\/strong> pulsante nell'angolo in alto a destra.<\/li>\r\n<li>Inserisci la tua email e password registrate.<\/li>\r\n<li>Completa l'autenticazione a due fattori (se abilitata).<\/li>\r\n<li>Accedi al tuo dashboard di trading per visualizzare conti, saldi e grafici.<\/li>\r\n<\/ol>\r\n<p>L'accesso al Web \u00e8 ideale per analisi dettagliate dei grafici, gestione degli ordini e impostazioni dell'account.<\/p>\r\n<a class=\"cta-button\" href=\"https:\/\/one.justmarkets.link\/a\/t11xd0xwgz\/id\/registration\/trader\" target=\"_blank\" rel=\"noopener\">Accedi via Web<\/a>\r\n<\/section>\r\n\r\n<!-- Mobile Login -->\r\n<section id=\"mobile-login\">\r\n<h2>Accedi tramite app mobile<\/h2>\r\n<p>Per il trading in movimento, l'app mobile JustMarkets \u00e8 ottimizzata per l'accesso in tempo reale. Passaggi per accedere:<\/p>\r\n<ol>\r\n<li>Scarica l'app JustMarkets da Google Play o dall'App Store.<\/li>\r\n<li>Tocca \u201cAccedi\u201d e inserisci la tua email e password.<\/li>\r\n<li>Completare i passaggi di verifica se richiesto.<\/li>\r\n<li>Accedi al trading dal vivo, alla panoramica del conto e all'analisi di mercato dal tuo smartphone.<\/li>\r\n<\/ol>\r\n<p>L'app mobile ti assicura di non perdere mai le opportunit\u00e0 di mercato anche quando sei lontano dal tuo computer.<\/p>\r\n<a class=\"cta-button\" href=\"https:\/\/one.justmarkets.link\/a\/t11xd0xwgz\/id\/registration\/trader\" target=\"_blank\" rel=\"noopener\">Accedi tramite app mobile<\/a>\r\n<\/section>\r\n\r\n<!-- Social Trading Login -->\r\n<section id=\"social-login\">\r\n<h2>Accedi tramite Social Trading<\/h2>\r\n<p>JustMarkets supporta il social trading Login per copiare le operazioni da trader esperti:<\/p>\r\n<ol>\r\n<li>Assicurati che il tuo account sia registrato e verificato.<\/li>\r\n<li>Accedi alla piattaforma di social trading tramite app web o mobile.<\/li>\r\n<li>Accedi con le tue credenziali JustMarkets.<\/li>\r\n<li>Sfoglia le strategie dei trader professionisti e scegli di seguirle.<\/li>\r\n<li>Monitora le operazioni copiate in tempo reale dal dashboard del tuo account.<\/li>\r\n<\/ol>\r\n<a class=\"cta-button\" href=\"https:\/\/one.justmarkets.link\/a\/t11xd0xwgz\/id\/registration\/trader\" target=\"_blank\" rel=\"noopener\">Accedi al Social Trading<\/a>\r\n<\/section>\r\n\r\n<!-- Account Access -->\r\n<section id=\"account-access\">\r\n<h2>Accesso al tuo account<\/h2>\r\n<p>Una volta effettuato l'accesso, puoi:<\/p>\r\n<ul>\r\n<li>Controlla il saldo del conto, il margine e le posizioni aperte.<\/li>\r\n<li>Posiziona, modifica e chiudi le operazioni.<\/li>\r\n<li>Visualizza rapporti storici e performance di trading.<\/li>\r\n<li>depositare o prelevare fondi in modo sicuro.<\/li>\r\n<li>Gestisci le impostazioni dell'account, comprese la sicurezza e le preferenze.<\/li>\r\n<\/ul>\r\n<a class=\"cta-button\" href=\"https:\/\/one.justmarkets.link\/a\/t11xd0xwgz\/id\/registration\/trader\" target=\"_blank\" rel=\"noopener\">Accedi al tuo account<\/a>\r\n<\/section>\r\n\r\n<!-- Troubleshooting -->\r\n<section id=\"troubleshooting\">\r\n<h2>Risoluzione dei problemi di accesso<\/h2>\r\n<p>Problemi e soluzioni comuni:<\/p>\r\n<ul>\r\n<li><strong>Password dimenticata:<\/strong> Usa \u201cPassword dimenticata\u201d per ripristinare via e-mail.<\/li>\r\n<li><strong>Account bloccato:<\/strong> Contattare l'assistenza per lo sblocco.<\/li>\r\n<li><strong>Verifica in attesa:<\/strong> Assicurarsi che tutti i documenti richiesti siano inviati.<\/li>\r\n<li><strong>Problemi di accesso all'app:<\/strong> aggiornare l'app o reinstallare.<\/li>\r\n<li><strong>Problemi del browser:<\/strong> Svuota la cache, i cookie o prova un browser diverso.<\/li>\r\n<\/ul>\r\n<a class=\"cta-button\" href=\"https:\/\/one.justmarkets.link\/a\/t11xd0xwgz\/id\/registration\/trader\" target=\"_blank\" rel=\"noopener\">Ottieni supporto per l'accesso<\/a>\r\n<\/section>\r\n\r\n<!-- Security Tips -->\r\n<section id=\"security\">\r\n<h2>Suggerimenti per la sicurezza per l'accesso<\/h2>\r\n<ul>\r\n<li>Usa sempre password forti e univoche per il tuo account.<\/li>\r\n<li>Abilita l'autenticazione a due fattori (2FA) per una maggiore sicurezza.<\/li>\r\n<li>Non condividere mai le tue credenziali con nessuno.<\/li>\r\n<li>Usa il sito Web o l'app ufficiale di JustMarkets per il login.<\/li>\r\n<li>Monitora regolarmente il tuo account per attivit\u00e0 insolite.<\/li>\r\n<\/ul>\r\n<a class=\"cta-button\" href=\"https:\/\/one.justmarkets.link\/a\/t11xd0xwgz\/id\/registration\/trader\" target=\"_blank\" rel=\"noopener\">Proteggi il tuo account<\/a>\r\n<\/section>\r\n\r\n<!-- FAQ -->\r\n<section id=\"faq\">\r\n<h2>Domande frequenti<\/h2>\r\n<div class=\"faq-item\">\r\n<div class=\"faq-question\">Posso accedere da pi\u00f9 dispositivi?<\/div>\r\n<div class=\"faq-answer\">S\u00ec, puoi accedere da pi\u00f9 dispositivi, ma assicurati di seguire le linee guida per la sicurezza ed evitare i dispositivi pubblici condivisi.<\/div>\r\n<\/div>\r\n<div class=\"faq-item\">\r\n<div class=\"faq-question\">Cosa devo fare se dimentico la mia password?<\/div>\r\n<div class=\"faq-answer\">Fai clic su \u201cPassword dimenticata\u201d nella pagina di accesso e segui le istruzioni per reimpostare la password via e-mail.<\/div>\r\n<\/div>\r\n<div class=\"faq-item\">\r\n<div class=\"faq-question\">L'autenticazione a due fattori \u00e8 obbligatoria?<\/div>\r\n<div class=\"faq-answer\">Sebbene non sia obbligatorio, \u00e8 altamente raccomandato per una maggiore sicurezza e protezione dei tuoi fondi.<\/div>\r\n<\/div>\r\n<div class=\"faq-item\">\r\n<div class=\"faq-question\">Perch\u00e9 non riesco ad accedere dopo la registrazione?<\/div>\r\n<div class=\"faq-answer\">Ci\u00f2 pu\u00f2 accadere se il tuo account non \u00e8 completamente verificato. Completa l'invio e la verifica del documento, quindi riprova.<\/div>\r\n<\/div>\r\n<div class=\"faq-item\">\r\n<div class=\"faq-question\">Come posso contattare l'assistenza se il login non riesce?<\/div>\r\n<div class=\"faq-answer\">Puoi contattare JustMarkets Support 24\/7 tramite chat dal vivo, e-mail o telefono per assistenza di accesso.<\/div>\r\n<\/div>\r\n<\/section>\r\n\r\n<a class=\"cta-button\" href=\"https:\/\/one.justmarkets.link\/a\/t11xd0xwgz\/id\/registration\/trader\" target=\"_blank\" rel=\"noopener\">Accedi o registrati con JustMarkets<\/a>\r\n\r\n<\/main>\r\n<\/body>\r\n<\/html>\r\n\t\t\t\t<\/div>\n\t\t\t\t\t<\/div>\n\t\t\t\t<\/div>\n\t\t\t\t<\/div>","protected":false},"excerpt":{"rendered":"<p>&nbsp; &nbsp; &nbsp; JustMarkets Login: Complete Guide 2025 Table of Contents Introduction to JustMarkets Login Login via Web Platform Login [&hellip;]<\/p>\n","protected":false},"author":1,"featured_media":0,"parent":0,"menu_order":0,"comment_status":"closed","ping_status":"closed","template":"elementor_header_footer","meta":{"site-sidebar-layout":"no-sidebar","site-content-layout":"","ast-site-content-layout":"full-width-container","site-content-style":"default","site-sidebar-style":"default","ast-global-header-display":"","ast-banner-title-visibility":"","ast-main-header-display":"","ast-hfb-above-header-display":"","ast-hfb-below-header-display":"","ast-hfb-mobile-header-display":"","site-post-title":"","ast-breadcrumbs-content":"","ast-featured-img":"disabled","footer-sml-layout":"","ast-disable-related-posts":"","theme-transparent-header-meta":"default","adv-header-id-meta":"","stick-header-meta":"","header-above-stick-meta":"","header-main-stick-meta":"","header-below-stick-meta":"","astra-migrate-meta-layouts":"set","ast-page-background-enabled":"default","ast-page-background-meta":{"desktop":{"background-color":"var(--ast-global-color-5)","background-image":"","background-repeat":"repeat","background-position":"center center","background-size":"auto","background-attachment":"scroll","background-type":"","background-media":"","overlay-type":"","overlay-color":"","overlay-opacity":"","overlay-gradient":""},"tablet":{"background-color":"","background-image":"","background-repeat":"repeat","background-position":"center center","background-size":"auto","background-attachment":"scroll","background-type":"","background-media":"","overlay-type":"","overlay-color":"","overlay-opacity":"","overlay-gradient":""},"mobile":{"background-color":"","background-image":"","background-repeat":"repeat","background-position":"center center","background-size":"auto","background-attachment":"scroll","background-type":"","background-media":"","overlay-type":"","overlay-color":"","overlay-opacity":"","overlay-gradient":""}},"ast-content-background-meta":{"desktop":{"background-color":"var(--ast-global-color-4)","background-image":"","background-repeat":"repeat","background-position":"center center","background-size":"auto","background-attachment":"scroll","background-type":"","background-media":"","overlay-type":"","overlay-color":"","overlay-opacity":"","overlay-gradient":""},"tablet":{"background-color":"var(--ast-global-color-4)","background-image":"","background-repeat":"repeat","background-position":"center center","background-size":"auto","background-attachment":"scroll","background-type":"","background-media":"","overlay-type":"","overlay-color":"","overlay-opacity":"","overlay-gradient":""},"mobile":{"background-color":"var(--ast-global-color-4)","background-image":"","background-repeat":"repeat","background-position":"center center","background-size":"auto","background-attachment":"scroll","background-type":"","background-media":"","overlay-type":"","overlay-color":"","overlay-opacity":"","overlay-gradient":""}},"footnotes":""},"class_list":["post-451","page","type-page","status-publish","hentry"],"_links":{"self":[{"href":"https:\/\/trustedfxglobal.com\/it\/wp-json\/wp\/v2\/pages\/451","targetHints":{"allow":["GET"]}}],"collection":[{"href":"https:\/\/trustedfxglobal.com\/it\/wp-json\/wp\/v2\/pages"}],"about":[{"href":"https:\/\/trustedfxglobal.com\/it\/wp-json\/wp\/v2\/types\/page"}],"author":[{"embeddable":true,"href":"https:\/\/trustedfxglobal.com\/it\/wp-json\/wp\/v2\/users\/1"}],"replies":[{"embeddable":true,"href":"https:\/\/trustedfxglobal.com\/it\/wp-json\/wp\/v2\/comments?post=451"}],"version-history":[{"count":5,"href":"https:\/\/trustedfxglobal.com\/it\/wp-json\/wp\/v2\/pages\/451\/revisions"}],"predecessor-version":[{"id":456,"href":"https:\/\/trustedfxglobal.com\/it\/wp-json\/wp\/v2\/pages\/451\/revisions\/456"}],"wp:attachment":[{"href":"https:\/\/trustedfxglobal.com\/it\/wp-json\/wp\/v2\/media?parent=451"}],"curies":[{"name":"wp","href":"https:\/\/api.w.org\/{rel}","templated":true}]}}