{"id":535,"date":"2025-09-23T19:01:11","date_gmt":"2025-09-23T19:01:11","guid":{"rendered":"https:\/\/trustedfxglobal.com\/?page_id=535"},"modified":"2025-09-23T19:03:17","modified_gmt":"2025-09-23T19:03:17","slug":"plataforma-de-negociacion-de-justmarke","status":"publish","type":"page","link":"https:\/\/trustedfxglobal.com\/es\/justmarkets-trading-platform\/","title":{"rendered":"Plataforma de trading de JustMarkets Su recurso integral para MT4, MT5, WebTrader y Trading m\u00f3vil"},"content":{"rendered":"<div data-elementor-type=\"wp-page\" data-elementor-id=\"535\" class=\"elementor elementor-535\">\n\t\t\t\t<div class=\"elementor-element elementor-element-16b8864 e-flex e-con-boxed e-con e-parent\" data-id=\"16b8864\" data-element_type=\"container\" data-e-type=\"container\">\n\t\t\t\t\t<div class=\"e-con-inner\">\n\t\t\t\t<div class=\"elementor-element elementor-element-7186bc7 elementor-widget elementor-widget-html\" data-id=\"7186bc7\" data-element_type=\"widget\" data-e-type=\"widget\" data-widget_type=\"html.default\">\n\t\t\t\t\t<!DOCTYPE html>\r\n<html lang=\"en\">\r\n<head>\r\n  <meta charset=\"UTF-8\">\r\n  <meta name=\"viewport\" content=\"width=device-width, initial-scale=1.0\">\r\n  <meta name=\"description\" content=\"Explore las plataformas comerciales de JustMarket, como MT4, MT5, WebTrader y aplicaciones m\u00f3viles. Obtenga informaci\u00f3n sobre las caracter\u00edsticas, las comparaciones y las preguntas frecuentes para mejorar su experiencia comercial.\">\r\n  <meta name=\"keywords\" content=\"JustMarkets trading platform, MT4, MT5, WebTrader, mobile trading, JustMarkets review, JustMarkets features\">\r\n  <title>Gu\u00eda de plataforma de trading de JustMarkets: MT4, MT5, WebTrader y aplicaci\u00f3n m\u00f3vil<\/title>\r\n  <style>\r\n    body { font-family: Arial, sans-serif; line-height: 1.6; margin: 0; padding: 0; background-color: #f4f4f4; }\r\n    header { background-color: #003366; color: #fff; padding: 10px 0; text-align: center; }\r\n    main { width: 80%; margin: 20px auto; background-color: #fff; padding: 20px; border-radius: 8px; box-shadow: 0 0 10px rgba(0, 0, 0, 0.1); }\r\n    h1, h2, h3 { color: #003366; }\r\n    ul { list-style-type: none; padding: 0; }\r\n    li { margin: 10px 0; }\r\n    a { color: #003366; text-decoration: none; }\r\n    a:hover { text-decoration: underline; }\r\n    footer { text-align: center; padding: 10px 0; background-color: #003366; color: #fff; margin-top: 20px; }\r\n  <\/style>\r\n<\/head>\r\n<body>\r\n\r\n<header>\r\n  <h1>Gu\u00eda de plataforma de negociaci\u00f3n de JustMarkets<\/h1>\r\n  <p>Su recurso integral para MT4, MT5, WebTrader y Trading m\u00f3vil<\/p>\r\n<\/header>\r\n\r\n<main>\r\n  <section id=\"table-of-contents\">\r\n    <h2>tabla de contenido<\/h2>\r\n    <ul>\r\n      <li><a href=\"#introduction\">Introducci\u00f3n a las plataformas de negociaci\u00f3n de JustMarkets<\/a><\/li>\r\n      <li><a href=\"#mt4\">Metatrader 4 (MT4)<\/a><\/li>\r\n      <li><a href=\"#mt5\">Metatrader 5 (MT5)<\/a><\/li>\r\n      <li><a href=\"#webtrader\">webscador<\/a><\/li>\r\n      <li><a href=\"#mobile-app\">Aplicaci\u00f3n de comercio m\u00f3vil de JustMarkets<\/a><\/li>\r\n      <li><a href=\"#platform-comparison\">MT4 vs MT5 vs Webtrader vs aplicaci\u00f3n m\u00f3vil<\/a><\/li>\r\n      <li><a href=\"#faq\">Preguntas frecuentes (FAQ)<\/a><\/li>\r\n    <\/ul>\r\n  <\/section>\r\n\r\n  <section id=\"introduction\">\r\n    <h2>Introducci\u00f3n a las plataformas de negociaci\u00f3n de JustMarkets<\/h2>\r\n    <p>JustMarkets ofrece una gama de plataformas de negociaci\u00f3n para satisfacer las diversas necesidades de los comerciantes. Ya sea que sea un principiante o un comerciante experimentado, JustMarkets ofrece herramientas para mejorar su experiencia comercial. Esta gu\u00eda explora las caracter\u00edsticas y beneficios de cada plataforma que ofrece JustMarkets.<\/p>\r\n  <\/section>\r\n\r\n  <section id=\"mt4\">\r\n    <h2>Metatrader 4 (MT4)<\/h2>\r\n    <p>MetaTrader 4 es una de las plataformas comerciales m\u00e1s populares del mundo. Conocido por su interfaz f\u00e1cil de usar y sus caracter\u00edsticas robustas, MT4 es ideal para los operadores de Forex.<\/p>\r\n    <ul>\r\n      <li><strong>Caracter\u00edsticas:<\/strong> Herramientas de gr\u00e1ficos avanzados, trading automatizado con asesores expertos (EAS), m\u00faltiples plazos y una amplia gama de indicadores t\u00e9cnicos.<\/li>\r\n      <li><strong>Plataformas:<\/strong> Disponible en dispositivos Windows, Mac, iOS y Android.<\/li>\r\n      <li><strong>Acceso a la web:<\/strong> Acceda a MT4 directamente desde su navegador sin instalaci\u00f3n a trav\u00e9s de <a href=\"https:\/\/justmarkets.com\/trading-platforms\/mt4-webtrader\" target=\"_blank\" rel=\"noopener\">Trader web MT4<\/a>.<\/li>\r\n    <\/ul>\r\n  <\/section>\r\n\r\n  <section id=\"mt5\">\r\n    <h2>Metatrader 5 (MT5)<\/h2>\r\n    <p>MetaTrader 5 es el sucesor de MT4, que ofrece funciones adicionales para el comercio de activos m\u00faltiples.<\/p>\r\n    <ul>\r\n      <li><strong>Caracter\u00edsticas:<\/strong> 21 plazos, m\u00e1s de 80 indicadores t\u00e9cnicos, calendario econ\u00f3mico integrado y apoyo a negociaci\u00f3n de acciones, futuros y CFD.<\/li>\r\n      <li><strong>Plataformas:<\/strong> Disponible en dispositivos Windows, Mac, iOS y Android.<\/li>\r\n      <li><strong>Acceso a la web:<\/strong> Acceda a MT5 directamente desde su navegador a trav\u00e9s de <a href=\"https:\/\/justmarkets.com\/trading-platforms\/mt5-webtrader\" target=\"_blank\" rel=\"noopener\">Trader web MT5<\/a>.<\/li>\r\n    <\/ul>\r\n  <\/section>\r\n\r\n  <section id=\"webtrader\">\r\n    <h2>webscador<\/h2>\r\n    <p>WebTrader le permite operar directamente desde su navegador web sin necesidad de descargar o instalar ning\u00fan software.<\/p>\r\n    <ul>\r\n      <li><strong>Ventajas:<\/strong> No requiere instalaci\u00f3n, accesible desde cualquier dispositivo con acceso a Internet y proporciona funcionalidad similar a las plataformas de escritorio.<\/li>\r\n      <li><strong>Limitaciones:<\/strong> No admite el comercio automatizado con asesores expertos.<\/li>\r\n    <\/ul>\r\n  <\/section>\r\n\r\n  <section id=\"mobile-app\">\r\n    <h2>Aplicaci\u00f3n de comercio m\u00f3vil de JustMarkets<\/h2>\r\n    <p>Opere sobre la marcha con la aplicaci\u00f3n de comercio m\u00f3vil de JustMarkets, disponible para dispositivos iOS y Android.<\/p>\r\n    <ul>\r\n      <li><strong>Caracter\u00edsticas:<\/strong> Acceso al mercado en tiempo real, herramientas avanzadas de gr\u00e1ficos, m\u00faltiples tipos de pedidos y gesti\u00f3n de cuentas segura.<\/li>\r\n      <li><strong>Descargar:<\/strong> disponible en <a href=\"https:\/\/justmarkets.com\/download\" target=\"_blank\" rel=\"noopener\">Juego de Google<\/a> y <a href=\"https:\/\/justmarkets.com\/download\" target=\"_blank\" rel=\"noopener\">Tienda de aplicaciones de Apple<\/a>.<\/li>\r\n    <\/ul>\r\n  <\/section>\r\n\r\n  <section id=\"platform-comparison\">\r\n    <h2>MT4 vs MT5 vs Webtrader vs aplicaci\u00f3n m\u00f3vil<\/h2>\r\n    <table border=\"1\" cellpadding=\"10\">\r\n      <thead>\r\n        <tr>\r\n          <th>r\u00e1faga<\/th>\r\n          <th>Mt4<\/th>\r\n          <th>Mt5<\/th>\r\n          <th>webscador<\/th>\r\n          <th>Aplicaci\u00f3n m\u00f3vil<\/th>\r\n        <\/tr>\r\n      <\/thead>\r\n      <tbody>\r\n        <tr>\r\n          <td>Soporte multiactivo<\/td>\r\n          <td>divisa<\/td>\r\n          <td>Forex, Acciones, Futuros, CFDs<\/td>\r\n          <td>Forex, Acciones, CFD<\/td>\r\n          <td>Forex, Acciones, CFD<\/td>\r\n        <\/tr>\r\n        <tr>\r\n          <td>Trading automatizado (EAS)<\/td>\r\n          <td>s\u00ed<\/td>\r\n          <td>s\u00ed<\/td>\r\n          <td>prohibido<\/td>\r\n          <td>s\u00ed<\/td>\r\n        <\/tr>\r\n        <tr>\r\n          <td>Herramientas de gr\u00e1ficos<\/td>\r\n          <td>adelantado<\/td>\r\n          <td>adelantado<\/td>\r\n          <td>fundamental<\/td>\r\n          <td>adelantado<\/td>\r\n        <\/tr>\r\n        <tr>\r\n          <td>marcos de tiempo<\/td>\r\n          <td>9<\/td>\r\n          <td>21<\/td>\r\n          <td>limitado<\/td>\r\n          <td>m\u00faltiple<\/td>\r\n        <\/tr>\r\n        <tr>\r\n          <td>Tipos de pedidos<\/td>\r\n          <td>4<\/td>\r\n          <td>6<\/td>\r\n          <td>limitado<\/td>\r\n          <td>m\u00faltiple<\/td>\r\n        <\/tr>\r\n      <\/tbody>\r\n    <\/table>\r\n  <\/section>\r\n\r\n  <section id=\"faq\">\r\n    <h2>Preguntas frecuentes (FAQ)<\/h2>\r\n    <dl>\r\n      <dt>1. \u00bfCu\u00e1l es el dep\u00f3sito m\u00ednimo requerido para comenzar a operar con JustMarkets?<\/dt>\r\n      <dd>El dep\u00f3sito m\u00ednimo var\u00eda seg\u00fan el tipo de cuenta. Para la cuenta est\u00e1ndar, es $10; para las cuentas Pro y Raw Spread, es $200.<\/dd>\r\n\r\n      <dt>2. \u00bfPuedo usar estrategias de trading automatizadas con JustMarkets?<\/dt>\r\n      <dd>S\u00ed, JustMarkets admite el comercio automatizado a trav\u00e9s de Asesores Expertos (EAS) en las plataformas MT4 y MT5.<\/dd>\r\n\r\n      <dt>3. \u00bfHay alguna aplicaci\u00f3n de comercio m\u00f3vil disponible?<\/dt>\r\n      <dd>S\u00ed, JustMarkets ofrece una aplicaci\u00f3n de comercio m\u00f3vil compatible con dispositivos iOS y Android, lo que le permite operar sobre la marcha.<\/dd>\r\n\r\n      <dt>4. \u00bfHay alguna tarifa asociada con el uso de WebTrader?<\/dt>\r\n      <dd>No, WebTrader es de uso gratuito y no requiere ninguna instalaci\u00f3n o cargos adicionales.<\/dd>\r\n\r\n      <dt>5. \u00bfC\u00f3mo puedo descargar las plataformas de negociaci\u00f3n de JustMarkets?<\/dt>\r\n      <dd>Puede descargar MT4 y MT5 desde el escritorio desde el <a href=\"https:\/\/justmarkets.com\/download\" target=\"_blank\" rel=\"noopener\">P\u00e1gina de descarga de JustMarkets<\/a>. La aplicaci\u00f3n m\u00f3vil est\u00e1 disponible en <a href=\"https:\/\/justmarkets.com\/download\" target=\"_blank\" rel=\"noopener\">Juego de Google<\/a> y el <a href=\"https:\/\/justmarkets.com\/download\" target=\"_blank\" rel=\"noopener\">Tienda de aplicaciones de Apple<\/a>.<\/dd>\r\n    <\/dl>\r\n  <\/section>\r\n<\/main>\r\n<\/body>\r\n<\/html>\r\n\t\t\t\t<\/div>\n\t\t\t\t\t<\/div>\n\t\t\t\t<\/div>\n\t\t\t\t<\/div>","protected":false},"excerpt":{"rendered":"<p>&nbsp; &nbsp; JustMarkets Trading Platform Guide Your comprehensive resource for MT4, MT5, WebTrader, and Mobile Trading &nbsp; Table of Contents [&hellip;]<\/p>\n","protected":false},"author":1,"featured_media":0,"parent":0,"menu_order":0,"comment_status":"closed","ping_status":"closed","template":"elementor_header_footer","meta":{"site-sidebar-layout":"no-sidebar","site-content-layout":"","ast-site-content-layout":"full-width-container","site-content-style":"default","site-sidebar-style":"default","ast-global-header-display":"","ast-banner-title-visibility":"","ast-main-header-display":"","ast-hfb-above-header-display":"","ast-hfb-below-header-display":"","ast-hfb-mobile-header-display":"","site-post-title":"","ast-breadcrumbs-content":"","ast-featured-img":"disabled","footer-sml-layout":"","ast-disable-related-posts":"","theme-transparent-header-meta":"default","adv-header-id-meta":"","stick-header-meta":"","header-above-stick-meta":"","header-main-stick-meta":"","header-below-stick-meta":"","astra-migrate-meta-layouts":"set","ast-page-background-enabled":"default","ast-page-background-meta":{"desktop":{"background-color":"var(--ast-global-color-5)","background-image":"","background-repeat":"repeat","background-position":"center center","background-size":"auto","background-attachment":"scroll","background-type":"","background-media":"","overlay-type":"","overlay-color":"","overlay-opacity":"","overlay-gradient":""},"tablet":{"background-color":"","background-image":"","background-repeat":"repeat","background-position":"center center","background-size":"auto","background-attachment":"scroll","background-type":"","background-media":"","overlay-type":"","overlay-color":"","overlay-opacity":"","overlay-gradient":""},"mobile":{"background-color":"","background-image":"","background-repeat":"repeat","background-position":"center center","background-size":"auto","background-attachment":"scroll","background-type":"","background-media":"","overlay-type":"","overlay-color":"","overlay-opacity":"","overlay-gradient":""}},"ast-content-background-meta":{"desktop":{"background-color":"var(--ast-global-color-4)","background-image":"","background-repeat":"repeat","background-position":"center center","background-size":"auto","background-attachment":"scroll","background-type":"","background-media":"","overlay-type":"","overlay-color":"","overlay-opacity":"","overlay-gradient":""},"tablet":{"background-color":"var(--ast-global-color-4)","background-image":"","background-repeat":"repeat","background-position":"center center","background-size":"auto","background-attachment":"scroll","background-type":"","background-media":"","overlay-type":"","overlay-color":"","overlay-opacity":"","overlay-gradient":""},"mobile":{"background-color":"var(--ast-global-color-4)","background-image":"","background-repeat":"repeat","background-position":"center center","background-size":"auto","background-attachment":"scroll","background-type":"","background-media":"","overlay-type":"","overlay-color":"","overlay-opacity":"","overlay-gradient":""}},"footnotes":""},"class_list":["post-535","page","type-page","status-publish","hentry"],"_links":{"self":[{"href":"https:\/\/trustedfxglobal.com\/es\/wp-json\/wp\/v2\/pages\/535","targetHints":{"allow":["GET"]}}],"collection":[{"href":"https:\/\/trustedfxglobal.com\/es\/wp-json\/wp\/v2\/pages"}],"about":[{"href":"https:\/\/trustedfxglobal.com\/es\/wp-json\/wp\/v2\/types\/page"}],"author":[{"embeddable":true,"href":"https:\/\/trustedfxglobal.com\/es\/wp-json\/wp\/v2\/users\/1"}],"replies":[{"embeddable":true,"href":"https:\/\/trustedfxglobal.com\/es\/wp-json\/wp\/v2\/comments?post=535"}],"version-history":[{"count":5,"href":"https:\/\/trustedfxglobal.com\/es\/wp-json\/wp\/v2\/pages\/535\/revisions"}],"predecessor-version":[{"id":540,"href":"https:\/\/trustedfxglobal.com\/es\/wp-json\/wp\/v2\/pages\/535\/revisions\/540"}],"wp:attachment":[{"href":"https:\/\/trustedfxglobal.com\/es\/wp-json\/wp\/v2\/media?parent=535"}],"curies":[{"name":"wp","href":"https:\/\/api.w.org\/{rel}","templated":true}]}}