{"id":504,"date":"2025-09-23T18:38:07","date_gmt":"2025-09-23T18:38:07","guid":{"rendered":"https:\/\/trustedfxglobal.com\/?page_id=504"},"modified":"2025-09-23T18:39:36","modified_gmt":"2025-09-23T18:39:36","slug":"cuenta-de-distribucion-cruda-de-justmarkets","status":"publish","type":"page","link":"https:\/\/trustedfxglobal.com\/es\/justmarkets-raw-spread-account\/","title":{"rendered":"Gu\u00eda de cuentas de distribuci\u00f3n RAW de JustMarkets: caracter\u00edsticas, comparaci\u00f3n y preguntas frecuentes | TrustedFxGlobal"},"content":{"rendered":"<div data-elementor-type=\"wp-page\" data-elementor-id=\"504\" class=\"elementor elementor-504\">\n\t\t\t\t<div class=\"elementor-element elementor-element-83e4778 e-flex e-con-boxed e-con e-parent\" data-id=\"83e4778\" data-element_type=\"container\" data-e-type=\"container\">\n\t\t\t\t\t<div class=\"e-con-inner\">\n\t\t\t\t<div class=\"elementor-element elementor-element-56c4ee0 elementor-widget elementor-widget-html\" data-id=\"56c4ee0\" data-element_type=\"widget\" data-e-type=\"widget\" data-widget_type=\"html.default\">\n\t\t\t\t\t<!DOCTYPE html>\r\n<html lang=\"en\">\r\n<head>\r\n<meta charset=\"UTF-8\">\r\n<meta name=\"viewport\" content=\"width=device-width, initial-scale=1.0\">\r\n<meta name=\"title\" content=\"JustMarkets Raw Spread Account Guide: Features, Comparison & FAQs\">\r\n<meta name=\"description\" content=\"Gu\u00eda completa sobre la cuenta de distribuci\u00f3n RAW de JustMarkets. Aprenda caracter\u00edsticas, comparaci\u00f3n de cuentas, registro paso a paso, instrumentos de negociaci\u00f3n, tarifas y preguntas frecuentes.\">\r\n<meta name=\"keywords\" content=\"JustMarkets Raw Spread account, Raw Spread features, account comparison, forex trading, open Raw Spread account, JustMarkets affiliate\">\r\n<title>Gu\u00eda de cuentas de distribuci\u00f3n RAW de JustMarkets: caracter\u00edsticas, comparaci\u00f3n y preguntas frecuentes<\/title>\r\n<style>\r\nbody {font-family:'Segoe UI', Tahoma, Geneva, Verdana, sans-serif; margin:0; padding:0; background:#f4f6f8; color:#333;}\r\nmain {max-width:1200px; margin:30px auto; padding:30px; background:#ffffff; border-radius:12px; box-shadow:0 5px 25px rgba(0,0,0,0.08);}\r\nh1,h2,h3 {margin-top:30px;}\r\nh1 {color:#003366; font-size:2.5em;}\r\nh2 {color:#003366; font-size:2em;}\r\nh3 {color:#333333; font-size:1.5em;}\r\np, li {line-height:1.8;}\r\nul, ol {padding-left:20px;}\r\ntable {width:100%; border-collapse:collapse; margin:20px 0;}\r\ntable, th, td {border:1px solid #ccc;}\r\nth, td {padding:12px; text-align:left;}\r\na.cta-button {display:inline-block; background:#003366; color:#ffffff; padding:14px 28px; border-radius:8px; font-weight:bold; text-decoration:none; transition:0.3s; margin-top:15px; box-shadow:0 5px 15px rgba(0,51,102,0.4);}\r\na.cta-button:hover {background:#0077cc; transform:translateY(-2px);}\r\n.faq-item {margin-bottom:25px;}\r\n.faq-question {font-weight:bold; color:#003366; cursor:pointer; padding:10px; background:#e6f0fa; border-radius:6px;}\r\n.faq-answer {margin-top:8px; padding-left:15px; display:none; color:#333;}\r\n@media(max-width:768px){h1{font-size:2em;} h2{font-size:1.5em;}}\r\n<\/style>\r\n<script>\r\ndocument.addEventListener('DOMContentLoaded', function(){\r\n    const items = document.querySelectorAll('.faq-question');\r\n    items.forEach(item=>{\r\n        item.addEventListener('click', ()=>{\r\n            const ans = item.nextElementSibling;\r\n            ans.style.display = (ans.style.display==='block')?'none':'block';\r\n        });\r\n    });\r\n});\r\n<\/script>\r\n<\/head>\r\n<body>\r\n<main>\r\n<h1>Gu\u00eda de cuentas de distribuci\u00f3n RAW de JustMarkets: caracter\u00edsticas, comparaci\u00f3n y preguntas frecuentes<\/h1>\r\n\r\n<!-- Table of Contents -->\r\n<section id=\"table-of-contents\">\r\n<h2>tabla de contenido<\/h2>\r\n<ol>\r\n<li><a href=\"#introduction\">Introducci\u00f3n a la cuenta de distribuci\u00f3n RAW de JustMarkets<\/a><\/li>\r\n<li><a href=\"#features\">Caracter\u00edsticas clave de la cuenta de Spread Raw<\/a><\/li>\r\n<li><a href=\"#comparison\">Spread RAW frente a otros tipos de cuenta<\/a><\/li>\r\n<li><a href=\"#open-account\">C\u00f3mo abrir una cuenta de Spread Raw<\/a><\/li>\r\n<li><a href=\"#funding\">Financiar su cuenta de Spread Raw<\/a><\/li>\r\n<li><a href=\"#instruments\">Instrumentos de comercio<\/a><\/li>\r\n<li><a href=\"#leverage\">Apalancamiento y margen<\/a><\/li>\r\n<li><a href=\"#risk\">Herramientas de gesti\u00f3n de riesgos<\/a><\/li>\r\n<li><a href=\"#security\">Medidas de seguridad<\/a><\/li>\r\n<li><a href=\"#fees\">Tarifas y comisiones<\/a><\/li>\r\n<li><a href=\"#troubleshooting\">Problemas comunes y soluci\u00f3n de problemas<\/a><\/li>\r\n<li><a href=\"#faq\">Preguntas frecuentes<\/a><\/li>\r\n<\/ol>\r\n<\/section>\r\n\r\n<!-- Introduction -->\r\n<section id=\"introduction\">\r\n<h2>Introducci\u00f3n a la cuenta de distribuci\u00f3n RAW de JustMarkets<\/h2>\r\n<p>los <strong>Cuenta de distribuci\u00f3n cruda de JustMarkets<\/strong> Est\u00e1 dise\u00f1ado para comerciantes profesionales que priorizan spreads ultrabajas y condiciones comerciales avanzadas. Con spreads a partir de 0.0 pips y operaciones basadas en comisiones, es ideal para el recubrimiento, el comercio de alta frecuencia y las estrategias algor\u00edtmicas. Esta cuenta proporciona acceso directo al mercado con costos comerciales m\u00ednimos.<\/p>\r\n<a class=\"cta-button\" href=\"https:\/\/one.justmarkets.link\/a\/t11xd0xwgz\/registration\/trader\" target=\"_blank\" rel=\"noopener\">Abra la cuenta de distribuci\u00f3n RAW ahora<\/a>\r\n<\/section>\r\n\r\n<!-- Features -->\r\n<section id=\"features\">\r\n<h2>Caracter\u00edsticas clave de la cuenta de Spread Raw<\/h2>\r\n<ul>\r\n<li>Dep\u00f3sito m\u00ednimo: $200<\/li>\r\n<li>Spreads: desde 0.0 pips<\/li>\r\n<li>Comisi\u00f3n: $3 por lote por lado<\/li>\r\n<li>Apalancamiento: hasta 1:3000<\/li>\r\n<li>Tipo de ejecuci\u00f3n: Ejecuci\u00f3n del mercado<\/li>\r\n<li>Plataformas compatibles: MT4 y MT5<\/li>\r\n<li>Instrumentos de negociaci\u00f3n: Forex, \u00edndices, materias primas, acciones, criptomonedas<\/li>\r\n<li>Dise\u00f1ado para scalpers, traders algor\u00edtmicos y profesionales<\/li>\r\n<\/ul>\r\n<a class=\"cta-button\" href=\"https:\/\/one.justmarkets.link\/a\/t11xd0xwgz\/registration\/trader\" target=\"_blank\" rel=\"noopener\">Comience a operar con la diferencia en<\/a>\r\n<\/section>\r\n\r\n<!-- Comparison -->\r\n<section id=\"comparison\">\r\n<h2>Spread RAW frente a otros tipos de cuentas de JustMarkets<\/h2>\r\n<p>Compare la cuenta de Spread Raw con las cuentas Pro y Standard para determinar la mejor opci\u00f3n para su estilo de trading:<\/p>\r\n<table>\r\n<tr>\r\n<th>r\u00e1faga<\/th>\r\n<th>Crudo spre<\/th>\r\n<th>cuenta pro<\/th>\r\n<th>Cuenta est\u00e1ndar<\/th>\r\n<\/tr>\r\n<tr>\r\n<td>Dep\u00f3sito m\u00ednimo<\/td>\r\n<td>$200<\/td>\r\n<td>$200<\/td>\r\n<td>$10<\/td>\r\n<\/tr>\r\n<tr>\r\n<td>pliegos de condiciones<\/td>\r\n<td>desde 0.0 pips<\/td>\r\n<td>desde 0.1 pips<\/td>\r\n<td>desde 0.3 pips<\/td>\r\n<\/tr>\r\n<tr>\r\n<td>comisario<\/td>\r\n<td>$3 por lote por lado<\/td>\r\n<td>nadie<\/td>\r\n<td>nadie<\/td>\r\n<\/tr>\r\n<tr>\r\n<td>palanca<\/td>\r\n<td>hasta 1:3000<\/td>\r\n<td>hasta 1:3000<\/td>\r\n<td>hasta 1:3000<\/td>\r\n<\/tr>\r\n<tr>\r\n<td>Ideal para<\/td>\r\n<td>Scalpers \/ Algo Traders<\/td>\r\n<td>Comerciantes activos<\/td>\r\n<td>principiantes<\/td>\r\n<\/tr>\r\n<\/table>\r\n<a class=\"cta-button\" href=\"https:\/\/one.justmarkets.link\/a\/t11xd0xwgz\/registration\/trader\" target=\"_blank\" rel=\"noopener\">Compare y abra Spread Raw<\/a>\r\n<\/section>\r\n\r\n<!-- Open Account -->\r\n<section id=\"open-account\">\r\n<h2>C\u00f3mo abrir una cuenta de Spread Raw de JustMarkets<\/h2>\r\n<ol>\r\n<li>Visita el <a href=\"https:\/\/one.justmarkets.link\/a\/t11xd0xwgz\/registration\/trader\" target=\"_blank\" rel=\"noopener\">P\u00e1gina de registro de spread en bru<\/a>.<\/li>\r\n<li>Ingrese la informaci\u00f3n personal: nombre completo, correo electr\u00f3nico y n\u00famero de tel\u00e9fono.<\/li>\r\n<li>Seleccione \"Cuenta de diferenciaci\u00f3n sin procesar\" de los tipos de cuenta.<\/li>\r\n<li>Cree una contrase\u00f1a segura para iniciar sesi\u00f3n.<\/li>\r\n<li>Cargar ID y comprobante de direcci\u00f3n para verificaci\u00f3n.<\/li>\r\n<li>Deposite al menos $200 para activar la cuenta.<\/li>\r\n<li>Comience a operar a trav\u00e9s de MT4, MT5 o plataformas m\u00f3viles.<\/li>\r\n<\/ol>\r\n<a class=\"cta-button\" href=\"https:\/\/one.justmarkets.link\/a\/t11xd0xwgz\/registration\/trader\" target=\"_blank\" rel=\"noopener\">Abra la cuenta de distribuci\u00f3n RAW ahora<\/a>\r\n<\/section>\r\n\r\n<!-- Funding -->\r\n<section id=\"funding\">\r\n<h2>Financiar su cuenta de Spread Raw<\/h2>\r\n<p>Hay varios m\u00e9todos de dep\u00f3sito disponibles para la cuenta de Spread Spread:<\/p>\r\n<ul>\r\n<li>Transferencias bancarias (locales e internacionales)<\/li>\r\n<li>Carteras electr\u00f3nicas: Skrill, Neteller, Dinero perfecto<\/li>\r\n<li>Criptomonedas: Bitcoin, Ethereum, Litecoin<\/li>\r\n<li>Tarjetas de cr\u00e9dito\/d\u00e9bito: Visa y MasterCard<\/li>\r\n<\/ul>\r\n<p>Verifique el dep\u00f3sito y las tarifas m\u00ednimas seg\u00fan el m\u00e9todo.<\/p>\r\n<a class=\"cta-button\" href=\"https:\/\/one.justmarkets.link\/a\/t11xd0xwgz\/registration\/trader\" target=\"_blank\" rel=\"noopener\">Financia tu cuenta<\/a>\r\n<\/section>\r\n\r\n<!-- Trading Instruments -->\r\n<section id=\"instruments\">\r\n<h2>Instrumentos de comercio<\/h2>\r\n<ul>\r\n<li>Pares de Forex: Mayores, Menores, Ex\u00f3ticos<\/li>\r\n<li>\u00cdndices: S&amp;P 500, NASDAQ, FTSE, DAX<\/li>\r\n<li>Productos: Oro, Plata, Aceite<\/li>\r\n<li>Acciones: Acciones de la Compa\u00f1\u00eda Global<\/li>\r\n<li>Criptomonedas: BTC, ETH, LTC y m\u00e1s<\/li>\r\n<\/ul>\r\n<a class=\"cta-button\" href=\"https:\/\/one.justmarkets.link\/a\/t11xd0xwgz\/registration\/trader\" target=\"_blank\" rel=\"noopener\">Explorar instrumentos de comercio<\/a>\r\n<\/section>\r\n\r\n<!-- Leverage -->\r\n<section id=\"leverage\">\r\n<h2>Apalancamiento y margen<\/h2>\r\n<p>La cuenta de Spread Raw ofrece apalancamiento hasta 1:3000. Use el apalancamiento con cuidado y controle su margen para reducir el riesgo de liquidaci\u00f3n.<\/p>\r\n<a class=\"cta-button\" href=\"https:\/\/one.justmarkets.link\/a\/t11xd0xwgz\/registration\/trader\" target=\"_blank\" rel=\"noopener\">M\u00e1s informaci\u00f3n sobre el apalancamiento<\/a>\r\n<\/section>\r\n\r\n<!-- Risk Management -->\r\n<section id=\"risk\">\r\n<h2>Herramientas de gesti\u00f3n de riesgos<\/h2>\r\n<ul>\r\n<li>Stop Loss y Take Profit para el control de riesgos automatizado<\/li>\r\n<li>Parada de espera para la gesti\u00f3n de posici\u00f3n din\u00e1mica<\/li>\r\n<li>Protecci\u00f3n de equilibrio negativo<\/li>\r\n<li>Alertas y notificaciones de margen<\/li>\r\n<\/ul>\r\n<a class=\"cta-button\" href=\"https:\/\/one.justmarkets.link\/a\/t11xd0xwgz\/registration\/trader\" target=\"_blank\" rel=\"noopener\">Gestiona tu riesgo<\/a>\r\n<\/section>\r\n\r\n<!-- Security -->\r\n<section id=\"security\">\r\n<h2>Medidas de seguridad<\/h2>\r\n<ul>\r\n<li>Autenticaci\u00f3n de dos factores (2FA)<\/li>\r\n<li>Cifrado SSL para todas las transacciones<\/li>\r\n<li>Fondos de clientes segregados<\/li>\r\n<li>Auditor\u00edas de seguridad regulares<\/li>\r\n<\/ul>\r\n<a class=\"cta-button\" href=\"https:\/\/one.justmarkets.link\/a\/t11xd0xwgz\/registration\/trader\" target=\"_blank\" rel=\"noopener\">Asegure su cuenta<\/a>\r\n<\/section>\r\n\r\n<!-- Fees -->\r\n<section id=\"fees\">\r\n<h2>Tarifas y comisiones<\/h2>\r\n<ul>\r\n<li>Comisi\u00f3n: $3 por lote por lado<\/li>\r\n<li>Cargos de intercambio por posiciones de noche<\/li>\r\n<li>Pueden aplicarse cargos por inactividad para las cuentas inactivas<\/li>\r\n<li>Las tarifas de dep\u00f3sito\/retiro var\u00edan seg\u00fan el m\u00e9todo<\/li>\r\n<\/ul>\r\n<a class=\"cta-button\" href=\"https:\/\/one.justmarkets.link\/a\/t11xd0xwgz\/registration\/trader\" target=\"_blank\" rel=\"noopener\">Consultar tarifas y cargos<\/a>\r\n<\/section>\r\n\r\n<!-- Troubleshooting -->\r\n<section id=\"troubleshooting\">\r\n<h2>Problemas comunes y soluci\u00f3n de problemas<\/h2>\r\n<ul>\r\n<li>Retrasos de verificaci\u00f3n: garantizar una presentaci\u00f3n clara de los documentos<\/li>\r\n<li>Problemas de dep\u00f3sito\/retiro: verifique los m\u00e9todos de pago admitidos<\/li>\r\n<li>Errores de plataforma: actualizar MT4\/MT5 o aplicaci\u00f3n m\u00f3vil<\/li>\r\n<li>Problemas de inicio de sesi\u00f3n: restablecer la contrase\u00f1a o contacto con el soporte<\/li>\r\n<\/ul>\r\n<a class=\"cta-button\" href=\"https:\/\/one.justmarkets.link\/a\/t11xd0xwgz\/registration\/trader\" target=\"_blank\" rel=\"noopener\">Obtener apoyo<\/a>\r\n<\/section>\r\n\r\n<!-- FAQ -->\r\n<section id=\"faq\">\r\n<h2>Preguntas frecuentes<\/h2>\r\n<div class=\"faq-item\">\r\n<div class=\"faq-question\">\u00bfCu\u00e1l es el dep\u00f3sito m\u00ednimo para una cuenta de spread RAW?<\/div>\r\n<div class=\"faq-answer\">El dep\u00f3sito m\u00ednimo es $200 para activar la cuenta de Spread Raw.<\/div>\r\n<\/div>\r\n<div class=\"faq-item\">\r\n<div class=\"faq-question\">\u00bfCu\u00e1nto se cobra la comisi\u00f3n?<\/div>\r\n<div class=\"faq-answer\">La cuenta de diferencial RAW cobra $3 por lote por lado.<\/div>\r\n<\/div>\r\n<div class=\"faq-item\">\r\n<div class=\"faq-question\">\u00bfPuedo usar el comercio automatizado?<\/div>\r\n<div class=\"faq-answer\">S\u00ed, se admiten estrategias automatizadas de comercio y algoritmos.<\/div>\r\n<\/div>\r\n<div class=\"faq-item\">\r\n<div class=\"faq-question\">\u00bfHay una cuenta de demostraci\u00f3n RAW Spread?<\/div>\r\n<div class=\"faq-answer\">S\u00ed, puede abrir una cuenta de demostraci\u00f3n para practicar antes de operar con fondos reales.<\/div>\r\n<\/div>\r\n<div class=\"faq-item\">\r\n<div class=\"faq-question\">\u00bfC\u00f3mo me comunico con el servicio de atenci\u00f3n al cliente?<\/div>\r\n<div class=\"faq-answer\">El soporte est\u00e1 disponible las 24 horas, los 7 d\u00edas de la semana a trav\u00e9s de chat en vivo, correo electr\u00f3nico y tel\u00e9fono.<\/div>\r\n<\/div>\r\n<\/section>\r\n\r\n<a class=\"cta-button\" href=\"https:\/\/one.justmarkets.link\/a\/t11xd0xwgz\/registration\/trader\" target=\"_blank\" rel=\"noopener\">Registre su cuenta de Spread Raw hoy<\/a>\r\n\r\n<\/main>\r\n<\/body>\r\n<\/html>\r\n\t\t\t\t<\/div>\n\t\t\t\t\t<\/div>\n\t\t\t\t<\/div>\n\t\t\t\t<\/div>","protected":false},"excerpt":{"rendered":"<p>JustMarkets Raw Spread Account Guide: Features, Comparison &#038; FAQs JustMarkets Raw Spread Account Guide: Features, Comparison &#038; FAQs Table of [&hellip;]<\/p>\n","protected":false},"author":1,"featured_media":0,"parent":0,"menu_order":0,"comment_status":"closed","ping_status":"closed","template":"elementor_header_footer","meta":{"site-sidebar-layout":"no-sidebar","site-content-layout":"","ast-site-content-layout":"full-width-container","site-content-style":"default","site-sidebar-style":"default","ast-global-header-display":"","ast-banner-title-visibility":"","ast-main-header-display":"","ast-hfb-above-header-display":"","ast-hfb-below-header-display":"","ast-hfb-mobile-header-display":"","site-post-title":"","ast-breadcrumbs-content":"","ast-featured-img":"disabled","footer-sml-layout":"","ast-disable-related-posts":"","theme-transparent-header-meta":"default","adv-header-id-meta":"","stick-header-meta":"","header-above-stick-meta":"","header-main-stick-meta":"","header-below-stick-meta":"","astra-migrate-meta-layouts":"set","ast-page-background-enabled":"default","ast-page-background-meta":{"desktop":{"background-color":"var(--ast-global-color-5)","background-image":"","background-repeat":"repeat","background-position":"center center","background-size":"auto","background-attachment":"scroll","background-type":"","background-media":"","overlay-type":"","overlay-color":"","overlay-opacity":"","overlay-gradient":""},"tablet":{"background-color":"","background-image":"","background-repeat":"repeat","background-position":"center center","background-size":"auto","background-attachment":"scroll","background-type":"","background-media":"","overlay-type":"","overlay-color":"","overlay-opacity":"","overlay-gradient":""},"mobile":{"background-color":"","background-image":"","background-repeat":"repeat","background-position":"center center","background-size":"auto","background-attachment":"scroll","background-type":"","background-media":"","overlay-type":"","overlay-color":"","overlay-opacity":"","overlay-gradient":""}},"ast-content-background-meta":{"desktop":{"background-color":"var(--ast-global-color-4)","background-image":"","background-repeat":"repeat","background-position":"center center","background-size":"auto","background-attachment":"scroll","background-type":"","background-media":"","overlay-type":"","overlay-color":"","overlay-opacity":"","overlay-gradient":""},"tablet":{"background-color":"var(--ast-global-color-4)","background-image":"","background-repeat":"repeat","background-position":"center center","background-size":"auto","background-attachment":"scroll","background-type":"","background-media":"","overlay-type":"","overlay-color":"","overlay-opacity":"","overlay-gradient":""},"mobile":{"background-color":"var(--ast-global-color-4)","background-image":"","background-repeat":"repeat","background-position":"center center","background-size":"auto","background-attachment":"scroll","background-type":"","background-media":"","overlay-type":"","overlay-color":"","overlay-opacity":"","overlay-gradient":""}},"footnotes":""},"class_list":["post-504","page","type-page","status-publish","hentry"],"_links":{"self":[{"href":"https:\/\/trustedfxglobal.com\/es\/wp-json\/wp\/v2\/pages\/504","targetHints":{"allow":["GET"]}}],"collection":[{"href":"https:\/\/trustedfxglobal.com\/es\/wp-json\/wp\/v2\/pages"}],"about":[{"href":"https:\/\/trustedfxglobal.com\/es\/wp-json\/wp\/v2\/types\/page"}],"author":[{"embeddable":true,"href":"https:\/\/trustedfxglobal.com\/es\/wp-json\/wp\/v2\/users\/1"}],"replies":[{"embeddable":true,"href":"https:\/\/trustedfxglobal.com\/es\/wp-json\/wp\/v2\/comments?post=504"}],"version-history":[{"count":5,"href":"https:\/\/trustedfxglobal.com\/es\/wp-json\/wp\/v2\/pages\/504\/revisions"}],"predecessor-version":[{"id":509,"href":"https:\/\/trustedfxglobal.com\/es\/wp-json\/wp\/v2\/pages\/504\/revisions\/509"}],"wp:attachment":[{"href":"https:\/\/trustedfxglobal.com\/es\/wp-json\/wp\/v2\/media?parent=504"}],"curies":[{"name":"wp","href":"https:\/\/api.w.org\/{rel}","templated":true}]}}