{"id":496,"date":"2025-09-23T18:31:57","date_gmt":"2025-09-23T18:31:57","guid":{"rendered":"https:\/\/trustedfxglobal.com\/?page_id=496"},"modified":"2025-09-23T18:36:07","modified_gmt":"2025-09-23T18:36:07","slug":"cuenta-pro-de-justmarkets","status":"publish","type":"page","link":"https:\/\/trustedfxglobal.com\/es\/justmarkets-pro-account\/","title":{"rendered":"Gu\u00eda de cuentas Pro de JustMarkets: caracter\u00edsticas, comparaci\u00f3n y preguntas frecuentes"},"content":{"rendered":"<div data-elementor-type=\"wp-page\" data-elementor-id=\"496\" class=\"elementor elementor-496\">\n\t\t\t\t<div class=\"elementor-element elementor-element-4d5caeb e-flex e-con-boxed e-con e-parent\" data-id=\"4d5caeb\" data-element_type=\"container\" data-e-type=\"container\">\n\t\t\t\t\t<div class=\"e-con-inner\">\n\t\t\t\t<div class=\"elementor-element elementor-element-4cf21cc elementor-widget elementor-widget-html\" data-id=\"4cf21cc\" data-element_type=\"widget\" data-e-type=\"widget\" data-widget_type=\"html.default\">\n\t\t\t\t\t<!DOCTYPE html>\r\n<html lang=\"en\">\r\n<head>\r\n<meta charset=\"UTF-8\">\r\n<meta name=\"viewport\" content=\"width=device-width, initial-scale=1.0\">\r\n<meta name=\"title\" content=\"JustMarkets Pro Account Guide: Features, Comparison & FAQs\">\r\n<meta name=\"description\" content=\"Aprenda todo sobre la cuenta de JustMarkets Pro. Caracter\u00edsticas, comparaci\u00f3n de cuentas, gu\u00eda de registro paso a paso, instrumentos de negociaci\u00f3n, tarifas y preguntas frecuentes.\">\r\n<meta name=\"keywords\" content=\"JustMarkets Pro account, Pro account features, JustMarkets account comparison, forex trading Pro account, open JustMarkets Pro account\">\r\n<title>Gu\u00eda de cuentas Pro de JustMarkets: caracter\u00edsticas, comparaci\u00f3n y preguntas frecuentes<\/title>\r\n<style>\r\nbody {font-family:'Segoe UI', Tahoma, Geneva, Verdana, sans-serif; margin:0; padding:0; background:#f4f6f8; color:#333;}\r\nmain {max-width:1200px; margin:30px auto; padding:30px; background:#ffffff; border-radius:12px; box-shadow:0 5px 25px rgba(0,0,0,0.08);}\r\nh1,h2,h3 {margin-top:30px;}\r\nh1 {color:#003366; font-size:2.5em;}\r\nh2 {color:#003366; font-size:2em;}\r\nh3 {color:#333333; font-size:1.5em;}\r\np, li {line-height:1.8;}\r\nul, ol {padding-left:20px;}\r\ntable {width:100%; border-collapse:collapse; margin:20px 0;}\r\ntable, th, td {border:1px solid #ccc;}\r\nth, td {padding:12px; text-align:left;}\r\na.cta-button {display:inline-block; background:#003366; color:#ffffff; padding:14px 28px; border-radius:8px; font-weight:bold; text-decoration:none; transition:0.3s; margin-top:15px; box-shadow:0 5px 15px rgba(0,51,102,0.4);}\r\na.cta-button:hover {background:#0077cc; transform:translateY(-2px);}\r\n.faq-item {margin-bottom:25px;}\r\n.faq-question {font-weight:bold; color:#003366; cursor:pointer; padding:10px; background:#e6f0fa; border-radius:6px;}\r\n.faq-answer {margin-top:8px; padding-left:15px; display:none; color:#333;}\r\n@media(max-width:768px){h1{font-size:2em;} h2{font-size:1.5em;}}\r\n<\/style>\r\n<script>\r\ndocument.addEventListener('DOMContentLoaded', function(){\r\n    const items = document.querySelectorAll('.faq-question');\r\n    items.forEach(item=>{\r\n        item.addEventListener('click', ()=>{\r\n            const ans = item.nextElementSibling;\r\n            ans.style.display = (ans.style.display==='block')?'none':'block';\r\n        });\r\n    });\r\n});\r\n<\/script>\r\n<\/head>\r\n<body>\r\n<main>\r\n<h1>Gu\u00eda de cuentas Pro de JustMarkets: caracter\u00edsticas, comparaci\u00f3n y preguntas frecuentes<\/h1>\r\n\r\n<!-- Table of Contents -->\r\n<section id=\"table-of-contents\">\r\n<h2>tabla de contenido<\/h2>\r\n<ol>\r\n<li><a href=\"#introduction\">Introducci\u00f3n a la cuenta Pro de JustMarkets<\/a><\/li>\r\n<li><a href=\"#features\">Caracter\u00edsticas clave de la cuenta Pro<\/a><\/li>\r\n<li><a href=\"#comparison\">Cuenta Pro vs Otras Cuentas<\/a><\/li>\r\n<li><a href=\"#open-account\">C\u00f3mo abrir una cuenta profesional<\/a><\/li>\r\n<li><a href=\"#funding\">Financiando su cuenta PRO<\/a><\/li>\r\n<li><a href=\"#instruments\">Instrumentos de comercio<\/a><\/li>\r\n<li><a href=\"#leverage\">Apalancamiento y margen<\/a><\/li>\r\n<li><a href=\"#risk\">Herramientas de gesti\u00f3n de riesgos<\/a><\/li>\r\n<li><a href=\"#security\">Medidas de seguridad<\/a><\/li>\r\n<li><a href=\"#fees\">Tarifas y comisiones<\/a><\/li>\r\n<li><a href=\"#troubleshooting\">Problemas comunes<\/a><\/li>\r\n<li><a href=\"#faq\">Preguntas frecuentes<\/a><\/li>\r\n<\/ol>\r\n<\/section>\r\n\r\n<!-- Introduction -->\r\n<section id=\"introduction\">\r\n<h2>Introducci\u00f3n a la cuenta Pro de JustMarkets<\/h2>\r\n<p>los <strong>Cuenta Pro de JustMarkets<\/strong> Est\u00e1 dise\u00f1ado para comerciantes activos que requieren caracter\u00edsticas y condiciones comerciales avanzadas. Con bajos diferenciales a partir de 0,1 pips, ejecuci\u00f3n del mercado y opciones de alto apalancamiento, es ideal para aquellos que desean optimizar sus estrategias comerciales y minimizar los costos.<\/p>\r\n<a class=\"cta-button\" href=\"https:\/\/one.justmarkets.link\/a\/t11xd0xwgz\/registration\/trader\" target=\"_blank\" rel=\"noopener\">Abra la cuenta Pro ahora<\/a>\r\n<\/section>\r\n\r\n<!-- Features -->\r\n<section id=\"features\">\r\n<h2>Caracter\u00edsticas clave de la cuenta Pro<\/h2>\r\n<ul>\r\n<li>Dep\u00f3sito m\u00ednimo: $200<\/li>\r\n<li>Spreads: desde 0.1 pips<\/li>\r\n<li>Comisi\u00f3n: Ninguno<\/li>\r\n<li>Apalancamiento: hasta 1:3000<\/li>\r\n<li>Tipo de ejecuci\u00f3n: Ejecuci\u00f3n del mercado<\/li>\r\n<li>Plataformas compatibles: MT4 y MT5<\/li>\r\n<li>Instrumentos de negociaci\u00f3n: Forex, \u00edndices, materias primas, acciones, criptomonedas<\/li>\r\n<\/ul>\r\n<a class=\"cta-button\" href=\"https:\/\/one.justmarkets.link\/a\/t11xd0xwgz\/registration\/trader\" target=\"_blank\" rel=\"noopener\">Comience a operar con una cuenta profesional<\/a>\r\n<\/section>\r\n\r\n<!-- Comparison -->\r\n<section id=\"comparison\">\r\n<h2>Cuenta Pro vs Otros tipos de cuentas de JustMarkets<\/h2>\r\n<p>Compare la cuenta Pro con otros tipos de cuenta para encontrar la mejor opci\u00f3n para su estilo de negociaci\u00f3n:<\/p>\r\n<table>\r\n<tr>\r\n<th>r\u00e1faga<\/th>\r\n<th>cuenta pro<\/th>\r\n<th>Cuenta est\u00e1ndar<\/th>\r\n<th>Cuenta de propagaci\u00f3n cruda<\/th>\r\n<\/tr>\r\n<tr>\r\n<td>Dep\u00f3sito m\u00ednimo<\/td>\r\n<td>$200<\/td>\r\n<td>$10<\/td>\r\n<td>$200<\/td>\r\n<\/tr>\r\n<tr>\r\n<td>pliegos de condiciones<\/td>\r\n<td>desde 0.1 pips<\/td>\r\n<td>desde 0.3 pips<\/td>\r\n<td>desde 0.0 pips<\/td>\r\n<\/tr>\r\n<tr>\r\n<td>comisario<\/td>\r\n<td>nadie<\/td>\r\n<td>nadie<\/td>\r\n<td>$3 por lado por lote<\/td>\r\n<\/tr>\r\n<tr>\r\n<td>palanca<\/td>\r\n<td>hasta 1:3000<\/td>\r\n<td>hasta 1:3000<\/td>\r\n<td>hasta 1:3000<\/td>\r\n<\/tr>\r\n<tr>\r\n<td>Ideal para<\/td>\r\n<td>Comerciantes activos<\/td>\r\n<td>principiantes<\/td>\r\n<td>Scalpers \/ Algo Traders<\/td>\r\n<\/tr>\r\n<\/table>\r\n<a class=\"cta-button\" href=\"https:\/\/one.justmarkets.link\/a\/t11xd0xwgz\/registration\/trader\" target=\"_blank\" rel=\"noopener\">Comparar y abrir cuenta Pro<\/a>\r\n<\/section>\r\n\r\n<!-- Open Account -->\r\n<section id=\"open-account\">\r\n<h2>C\u00f3mo abrir una cuenta de JustMarkets Pro<\/h2>\r\n<ol>\r\n<li>Visita el <a href=\"https:\/\/one.justmarkets.link\/a\/t11xd0xwgz\/registration\/trader\" target=\"_blank\" rel=\"noopener\">P\u00e1gina de registro de la cuenta profesional<\/a>.<\/li>\r\n<li>Complete la informaci\u00f3n personal: nombre completo, correo electr\u00f3nico y n\u00famero de tel\u00e9fono.<\/li>\r\n<li>Seleccione \"Cuenta Pro\" como su tipo de cuenta.<\/li>\r\n<li>Cree una contrase\u00f1a segura para iniciar sesi\u00f3n seguro.<\/li>\r\n<li>Cargar ID y comprobante de direcci\u00f3n para verificaci\u00f3n.<\/li>\r\n<li>Deposite el m\u00ednimo $200 para activar la cuenta.<\/li>\r\n<li>Comience a operar utilizando MT4, MT5 o plataformas m\u00f3viles.<\/li>\r\n<\/ol>\r\n<a class=\"cta-button\" href=\"https:\/\/one.justmarkets.link\/a\/t11xd0xwgz\/registration\/trader\" target=\"_blank\" rel=\"noopener\">Abra la cuenta Pro ahora<\/a>\r\n<\/section>\r\n\r\n<!-- Funding -->\r\n<section id=\"funding\">\r\n<h2>Financiando su cuenta PRO<\/h2>\r\n<p>La cuenta de JustMarkets Pro admite m\u00faltiples opciones de dep\u00f3sito:<\/p>\r\n<ul>\r\n<li>Transferencias bancarias (locales e internacionales)<\/li>\r\n<li>Carteras electr\u00f3nicas: Skrill, Neteller, Dinero perfecto<\/li>\r\n<li>Criptomonedas: Bitcoin, Ethereum, Litecoin<\/li>\r\n<li>Tarjetas: Visa y MasterCard<\/li>\r\n<\/ul>\r\n<p>Verifique los requisitos m\u00ednimos de dep\u00f3sito para el m\u00e9todo de pago elegido.<\/p>\r\n<a class=\"cta-button\" href=\"https:\/\/one.justmarkets.link\/a\/t11xd0xwgz\/registration\/trader\" target=\"_blank\" rel=\"noopener\">Financia tu cuenta<\/a>\r\n<\/section>\r\n\r\n<!-- Trading Instruments -->\r\n<section id=\"instruments\">\r\n<h2>Instrumentos de negociaci\u00f3n disponibles<\/h2>\r\n<ul>\r\n<li>Pares de Forex: Mayor, Menor y Ex\u00f3tico<\/li>\r\n<li>\u00cdndices: S&amp;P 500, NASDAQ, FTSE, DAX<\/li>\r\n<li>Productos: Oro, Plata, Aceite<\/li>\r\n<li>Acciones: Acciones de la Compa\u00f1\u00eda Global<\/li>\r\n<li>Criptomonedas: Bitcoin, Ethereum, Litecoin y m\u00e1s<\/li>\r\n<\/ul>\r\n<a class=\"cta-button\" href=\"https:\/\/one.justmarkets.link\/a\/t11xd0xwgz\/registration\/trader\" target=\"_blank\" rel=\"noopener\">Explorar instrumentos<\/a>\r\n<\/section>\r\n\r\n<!-- Leverage -->\r\n<section id=\"leverage\">\r\n<h2>Apalancamiento y margen<\/h2>\r\n<p>La cuenta Pro permite apalancamiento hasta 1:3000, proporcionando flexibilidad a los comerciantes experimentados. Controle siempre su margen para evitar la liquidaci\u00f3n o las llamadas de margen.<\/p>\r\n<a class=\"cta-button\" href=\"https:\/\/one.justmarkets.link\/a\/t11xd0xwgz\/registration\/trader\" target=\"_blank\" rel=\"noopener\">M\u00e1s informaci\u00f3n sobre el apalancamiento<\/a>\r\n<\/section>\r\n\r\n<!-- Risk Management -->\r\n<section id=\"risk\">\r\n<h2>Herramientas de gesti\u00f3n de riesgos<\/h2>\r\n<ul>\r\n<li>Stop Loss y Take Profit para la gesti\u00f3n automatizada de riesgos<\/li>\r\n<li>Parada de travesa para ajuste din\u00e1mico<\/li>\r\n<li>La protecci\u00f3n del saldo negativo garantiza que no haya saldo de cuenta negativo<\/li>\r\n<li>Notificaciones de cuentas para alertas de margen y apalancamiento<\/li>\r\n<\/ul>\r\n<a class=\"cta-button\" href=\"https:\/\/one.justmarkets.link\/a\/t11xd0xwgz\/registration\/trader\" target=\"_blank\" rel=\"noopener\">Gestionar los riesgos de manera<\/a>\r\n<\/section>\r\n\r\n<!-- Security -->\r\n<section id=\"security\">\r\n<h2>Medidas de seguridad para la cuenta Pro<\/h2>\r\n<ul>\r\n<li>Autenticaci\u00f3n de dos factores (2FA)<\/li>\r\n<li>Cifrado SSL para todos los datos<\/li>\r\n<li>Fondos de clientes segregados<\/li>\r\n<li>Auditor\u00edas de seguridad regulares<\/li>\r\n<\/ul>\r\n<a class=\"cta-button\" href=\"https:\/\/one.justmarkets.link\/a\/t11xd0xwgz\/registration\/trader\" target=\"_blank\" rel=\"noopener\">Asegure su cuenta<\/a>\r\n<\/section>\r\n\r\n<!-- Fees -->\r\n<section id=\"fees\">\r\n<h2>Tarifas y comisiones de cuentas a favor<\/h2>\r\n<ul>\r\n<li>Sin comisi\u00f3n de comercio<\/li>\r\n<li>Tarifas de intercambio aplicadas para posiciones de noche<\/li>\r\n<li>Posibles tarifas de inactividad para cuentas inactivas<\/li>\r\n<li>Las tarifas de dep\u00f3sito\/retiro pueden variar seg\u00fan el m\u00e9todo<\/li>\r\n<\/ul>\r\n<a class=\"cta-button\" href=\"https:\/\/one.justmarkets.link\/a\/t11xd0xwgz\/registration\/trader\" target=\"_blank\" rel=\"noopener\">Consultar tarifas y cargos<\/a>\r\n<\/section>\r\n\r\n<!-- Troubleshooting -->\r\n<section id=\"troubleshooting\">\r\n<h2>Problemas comunes y soluci\u00f3n de problemas<\/h2>\r\n<ul>\r\n<li>Retrasos en la verificaci\u00f3n de la cuenta: aseg\u00farese de que los documentos sean claros<\/li>\r\n<li>Problemas de dep\u00f3sito o retiro: consulte los m\u00e9todos de pago admitidos<\/li>\r\n<li>Errores de plataforma: actualizar MT4\/MT5 o aplicaci\u00f3n m\u00f3vil<\/li>\r\n<li>Problemas de inicio de sesi\u00f3n: restablecer la contrase\u00f1a o contacto con el soporte<\/li>\r\n<\/ul>\r\n<a class=\"cta-button\" href=\"https:\/\/one.justmarkets.link\/a\/t11xd0xwgz\/registration\/trader\" target=\"_blank\" rel=\"noopener\">Obtener apoyo<\/a>\r\n<\/section>\r\n\r\n<!-- FAQ -->\r\n<section id=\"faq\">\r\n<h2>Preguntas frecuentes<\/h2>\r\n<div class=\"faq-item\">\r\n<div class=\"faq-question\">\u00bfCu\u00e1l es el dep\u00f3sito m\u00ednimo de una cuenta Pro?<\/div>\r\n<div class=\"faq-answer\">El dep\u00f3sito m\u00ednimo es $200 para activar la cuenta Pro.<\/div>\r\n<\/div>\r\n<div class=\"faq-item\">\r\n<div class=\"faq-question\">\u00bfHay comisiones para operaciones de cuentas?<\/div>\r\n<div class=\"faq-answer\">No, la cuenta PRO no tiene comisiones.<\/div>\r\n<\/div>\r\n<div class=\"faq-item\">\r\n<div class=\"faq-question\">\u00bfPuedo usar el comercio automatizado en una cuenta Pro?<\/div>\r\n<div class=\"faq-answer\">S\u00ed, Pro Account admite comercio algor\u00edtmico y asesores expertos.<\/div>\r\n<\/div>\r\n<div class=\"faq-item\">\r\n<div class=\"faq-question\">\u00bfHay una versi\u00f3n de demostraci\u00f3n de la cuenta Pro?<\/div>\r\n<div class=\"faq-answer\">S\u00ed, puede abrir una cuenta de demostraci\u00f3n Pro para practicar con fondos virtuales.<\/div>\r\n<\/div>\r\n<div class=\"faq-item\">\r\n<div class=\"faq-question\">\u00bfC\u00f3mo me comunico con el servicio de atenci\u00f3n al cliente?<\/div>\r\n<div class=\"faq-answer\">El soporte est\u00e1 disponible las 24 horas, los 7 d\u00edas de la semana a trav\u00e9s de chat en vivo, correo electr\u00f3nico y tel\u00e9fono.<\/div>\r\n<\/div>\r\n<\/section>\r\n\r\n<a class=\"cta-button\" href=\"https:\/\/one.justmarkets.link\/a\/t11xd0xwgz\/registration\/trader\" target=\"_blank\" rel=\"noopener\">Registre su cuenta de JustMarkets Pro hoy<\/a>\r\n\r\n<\/main>\r\n<\/body>\r\n<\/html>\r\n\t\t\t\t<\/div>\n\t\t\t\t\t<\/div>\n\t\t\t\t<\/div>\n\t\t\t\t<\/div>","protected":false},"excerpt":{"rendered":"<p>&nbsp; &nbsp; &nbsp; JustMarkets Pro Account Guide: Features, Comparison &amp; FAQs Table of Contents Introduction to JustMarkets Pro Account Key [&hellip;]<\/p>\n","protected":false},"author":1,"featured_media":0,"parent":0,"menu_order":0,"comment_status":"closed","ping_status":"closed","template":"elementor_header_footer","meta":{"site-sidebar-layout":"no-sidebar","site-content-layout":"","ast-site-content-layout":"full-width-container","site-content-style":"default","site-sidebar-style":"default","ast-global-header-display":"","ast-banner-title-visibility":"","ast-main-header-display":"","ast-hfb-above-header-display":"","ast-hfb-below-header-display":"","ast-hfb-mobile-header-display":"","site-post-title":"","ast-breadcrumbs-content":"","ast-featured-img":"disabled","footer-sml-layout":"","ast-disable-related-posts":"","theme-transparent-header-meta":"default","adv-header-id-meta":"","stick-header-meta":"","header-above-stick-meta":"","header-main-stick-meta":"","header-below-stick-meta":"","astra-migrate-meta-layouts":"set","ast-page-background-enabled":"default","ast-page-background-meta":{"desktop":{"background-color":"var(--ast-global-color-5)","background-image":"","background-repeat":"repeat","background-position":"center center","background-size":"auto","background-attachment":"scroll","background-type":"","background-media":"","overlay-type":"","overlay-color":"","overlay-opacity":"","overlay-gradient":""},"tablet":{"background-color":"","background-image":"","background-repeat":"repeat","background-position":"center center","background-size":"auto","background-attachment":"scroll","background-type":"","background-media":"","overlay-type":"","overlay-color":"","overlay-opacity":"","overlay-gradient":""},"mobile":{"background-color":"","background-image":"","background-repeat":"repeat","background-position":"center center","background-size":"auto","background-attachment":"scroll","background-type":"","background-media":"","overlay-type":"","overlay-color":"","overlay-opacity":"","overlay-gradient":""}},"ast-content-background-meta":{"desktop":{"background-color":"var(--ast-global-color-4)","background-image":"","background-repeat":"repeat","background-position":"center center","background-size":"auto","background-attachment":"scroll","background-type":"","background-media":"","overlay-type":"","overlay-color":"","overlay-opacity":"","overlay-gradient":""},"tablet":{"background-color":"var(--ast-global-color-4)","background-image":"","background-repeat":"repeat","background-position":"center center","background-size":"auto","background-attachment":"scroll","background-type":"","background-media":"","overlay-type":"","overlay-color":"","overlay-opacity":"","overlay-gradient":""},"mobile":{"background-color":"var(--ast-global-color-4)","background-image":"","background-repeat":"repeat","background-position":"center center","background-size":"auto","background-attachment":"scroll","background-type":"","background-media":"","overlay-type":"","overlay-color":"","overlay-opacity":"","overlay-gradient":""}},"footnotes":""},"class_list":["post-496","page","type-page","status-publish","hentry"],"_links":{"self":[{"href":"https:\/\/trustedfxglobal.com\/es\/wp-json\/wp\/v2\/pages\/496","targetHints":{"allow":["GET"]}}],"collection":[{"href":"https:\/\/trustedfxglobal.com\/es\/wp-json\/wp\/v2\/pages"}],"about":[{"href":"https:\/\/trustedfxglobal.com\/es\/wp-json\/wp\/v2\/types\/page"}],"author":[{"embeddable":true,"href":"https:\/\/trustedfxglobal.com\/es\/wp-json\/wp\/v2\/users\/1"}],"replies":[{"embeddable":true,"href":"https:\/\/trustedfxglobal.com\/es\/wp-json\/wp\/v2\/comments?post=496"}],"version-history":[{"count":5,"href":"https:\/\/trustedfxglobal.com\/es\/wp-json\/wp\/v2\/pages\/496\/revisions"}],"predecessor-version":[{"id":502,"href":"https:\/\/trustedfxglobal.com\/es\/wp-json\/wp\/v2\/pages\/496\/revisions\/502"}],"wp:attachment":[{"href":"https:\/\/trustedfxglobal.com\/es\/wp-json\/wp\/v2\/media?parent=496"}],"curies":[{"name":"wp","href":"https:\/\/api.w.org\/{rel}","templated":true}]}}