{"id":489,"date":"2025-09-23T18:26:33","date_gmt":"2025-09-23T18:26:33","guid":{"rendered":"https:\/\/trustedfxglobal.com\/?page_id=489"},"modified":"2025-09-23T18:29:41","modified_gmt":"2025-09-23T18:29:41","slug":"cuenta-estandar-de-justmarkets","status":"publish","type":"page","link":"https:\/\/trustedfxglobal.com\/es\/justmarkets-standard-account\/","title":{"rendered":"Gu\u00eda de cuentas est\u00e1ndar de JustMarkets"},"content":{"rendered":"<div data-elementor-type=\"wp-page\" data-elementor-id=\"489\" class=\"elementor elementor-489\">\n\t\t\t\t<div class=\"elementor-element elementor-element-388c606 e-flex e-con-boxed e-con e-parent\" data-id=\"388c606\" data-element_type=\"container\" data-e-type=\"container\">\n\t\t\t\t\t<div class=\"e-con-inner\">\n\t\t\t\t<div class=\"elementor-element elementor-element-57b6ce3 elementor-widget elementor-widget-html\" data-id=\"57b6ce3\" data-element_type=\"widget\" data-e-type=\"widget\" data-widget_type=\"html.default\">\n\t\t\t\t\t<!DOCTYPE html>\r\n<html lang=\"en\">\r\n<head>\r\n<meta charset=\"UTF-8\">\r\n<meta name=\"viewport\" content=\"width=device-width, initial-scale=1.0\">\r\n<meta name=\"title\" content=\"JustMarkets Standard Account Guide | Features, Comparison & Registration\">\r\n<meta name=\"description\" content=\"Aprenda todo sobre la cuenta est\u00e1ndar de JustMarkets. Caracter\u00edsticas, gu\u00eda de registro paso a paso, comparaci\u00f3n con cuenta profesional, financiaci\u00f3n y preguntas frecuentes.\">\r\n<meta name=\"keywords\" content=\"JustMarkets Standard Account, Standard vs Professional Account, JustMarkets account guide, forex trading account, open JustMarkets account\">\r\n<title>Gu\u00eda de cuentas est\u00e1ndar de JustMarkets | Caracter\u00edsticas, comparaci\u00f3n y registro<\/title>\r\n<style>\r\nbody {font-family:'Segoe UI', Tahoma, Geneva, Verdana, sans-serif; margin:0; padding:0; background:#f4f6f8; color:#333;}\r\nmain {max-width:1200px; margin:30px auto; padding:30px; background:#fff; border-radius:12px; box-shadow:0 5px 25px rgba(0,0,0,0.08);}\r\nh1,h2,h3 {margin-top:30px;}\r\nh1 {color:#003366; font-size:2.5em;}\r\nh2 {color:#003366; font-size:2em;}\r\nh3 {color:#333; font-size:1.5em;}\r\np, li {line-height:1.8;}\r\nul, ol {padding-left:20px;}\r\na.cta-button {display:inline-block; background:#003366; color:#fff; padding:14px 28px; border-radius:8px; font-weight:bold; text-decoration:none; transition:0.3s; margin-top:15px; box-shadow:0 5px 15px rgba(0,51,102,0.4);}\r\na.cta-button:hover {background:#0077cc; transform:translateY(-2px);}\r\ntable {width:100%; border-collapse:collapse; margin:20px 0;}\r\ntable, th, td {border:1px solid #ccc;}\r\nth, td {padding:12px; text-align:left;}\r\n.faq-item {margin-bottom:25px;}\r\n.faq-question {font-weight:bold; color:#003366; cursor:pointer; padding:10px; background:#e6f0fa; border-radius:6px;}\r\n.faq-answer {margin-top:8px; padding-left:15px; display:none; color:#333;}\r\n@media(max-width:768px){h1{font-size:2em;} h2{font-size:1.5em;}}\r\n<\/style>\r\n<script>\r\ndocument.addEventListener('DOMContentLoaded', function(){\r\n    const items = document.querySelectorAll('.faq-question');\r\n    items.forEach(item=>{\r\n        item.addEventListener('click', ()=>{\r\n            const ans = item.nextElementSibling;\r\n            ans.style.display = (ans.style.display==='block')?'none':'block';\r\n        });\r\n    });\r\n});\r\n<\/script>\r\n<\/head>\r\n<body>\r\n<main>\r\n<h1>Gu\u00eda de cuentas est\u00e1ndar de JustMarkets<\/h1>\r\n\r\n<!-- Table of Contents -->\r\n<section id=\"table-of-contents\">\r\n<h2>tabla de contenido<\/h2>\r\n<ol>\r\n<li><a href=\"#introduction\">Introducci\u00f3n a la cuenta est\u00e1ndar de JustMarkets<\/a><\/li>\r\n<li><a href=\"#features\">Caracter\u00edsticas clave de la cuenta est\u00e1ndar<\/a><\/li>\r\n<li><a href=\"#registration\">Gu\u00eda paso a paso para abrir una cuenta est\u00e1ndar<\/a><\/li>\r\n<li><a href=\"#comparison\">Comparaci\u00f3n: Cuenta est\u00e1ndar vs profesional<\/a><\/li>\r\n<li><a href=\"#funding\">Financiar su cuenta est\u00e1ndar<\/a><\/li>\r\n<li><a href=\"#security\">Medidas de seguridad y verificaci\u00f3n<\/a><\/li>\r\n<li><a href=\"#tips\">Consejos para maximizar su cuenta est\u00e1ndar<\/a><\/li>\r\n<li><a href=\"#common-mistakes\">Errores comunes a evitar<\/a><\/li>\r\n<li><a href=\"#faq\">Preguntas frecuentes (FAQ)<\/a><\/li>\r\n<li><a href=\"#conclusion\">Conclusi\u00f3n y CTA<\/a><\/li>\r\n<\/ol>\r\n<\/section>\r\n\r\n<!-- Introduction -->\r\n<section id=\"introduction\">\r\n<h2>Introducci\u00f3n a la cuenta est\u00e1ndar de JustMarkets<\/h2>\r\n<p>La cuenta est\u00e1ndar de JustMarkets est\u00e1 dise\u00f1ada para comerciantes principiantes e intermedios que desean acceder a los mercados de Forex y CFD con facilidad. Con dep\u00f3sitos m\u00ednimos bajos y diferenciales competitivos, la cuenta est\u00e1ndar es ideal para quienes comienzan su trayecto comercial.<\/p>\r\n<a class=\"cta-button\" href=\"https:\/\/one.justmarkets.link\/a\/t11xd0xwgz\/registration\/trader\" target=\"_blank\" rel=\"noopener\">Abra su cuenta est\u00e1ndar ahora<\/a>\r\n<\/section>\r\n\r\n<!-- Features -->\r\n<section id=\"features\">\r\n<h2>Caracter\u00edsticas clave de la cuenta est\u00e1ndar<\/h2>\r\n<ul>\r\n<li>Dep\u00f3sito m\u00ednimo bajo a partir de $10 (var\u00eda seg\u00fan el m\u00e9todo de pago)<\/li>\r\n<li>Acceso a m\u00faltiples instrumentos comerciales, incluidos Forex, materias primas, \u00edndices y criptomonedas<\/li>\r\n<li>Spreads competitivos sin cargos ocultos<\/li>\r\n<li>Soporte para plataformas MT4 y MT5, tanto de escritorio como m\u00f3vil<\/li>\r\n<li>Recursos educativos para aprender y mejorar las habilidades comerciales<\/li>\r\n<li>Atenci\u00f3n al cliente 24\/7 para asistencia en la cuenta<\/li>\r\n<\/ul>\r\n<a class=\"cta-button\" href=\"https:\/\/one.justmarkets.link\/a\/t11xd0xwgz\/registration\/trader\" target=\"_blank\" rel=\"noopener\">Comience a operar con una cuenta est\u00e1ndar<\/a>\r\n<\/section>\r\n\r\n<!-- Registration -->\r\n<section id=\"registration\">\r\n<h2>Gu\u00eda paso a paso para abrir una cuenta est\u00e1ndar<\/h2>\r\n<h3>Paso 1: Visita la p\u00e1gina de registro<\/h3>\r\n<p>ir al oficial <strong>P\u00e1gina de registro de JustMarkets<\/strong> Usando nuestro enlace de afiliado.<\/p>\r\n<h3>Paso 2: Ingrese la informaci\u00f3n personal<\/h3>\r\n<p>Proporcione su nombre completo, correo electr\u00f3nico y n\u00famero de tel\u00e9fono. Aseg\u00farese de que los detalles coincidan con sus documentos de identificaci\u00f3n para una verificaci\u00f3n m\u00e1s r\u00e1pida.<\/p>\r\n<h3>Paso 3: Establecer opciones de contrase\u00f1a y seguridad<\/h3>\r\n<p>Cree una contrase\u00f1a segura y habilite la autenticaci\u00f3n de dos factores para mayor seguridad.<\/p>\r\n<h3>Paso 4: Elija el tipo de cuenta<\/h3>\r\n<p>escogido <strong>Cuenta est\u00e1ndar<\/strong> y su moneda base preferida y apalancamiento.<\/p>\r\n<h3>Paso 5: Verificar la identidad<\/h3>\r\n<p>Suba una identificaci\u00f3n v\u00e1lida emitida por el gobierno y un comprobante de domicilio. La verificaci\u00f3n garantiza el cumplimiento y protege su cuenta.<\/p>\r\n<h3>Paso 6: Depositar fondos<\/h3>\r\n<p>Utilice m\u00e9todos de pago admitidos como transferencia bancaria, monederos electr\u00f3nicos o criptomonedas para financiar su cuenta y comenzar a operar.<\/p>\r\n<a class=\"cta-button\" href=\"https:\/\/one.justmarkets.link\/a\/t11xd0xwgz\/registration\/trader\" target=\"_blank\" rel=\"noopener\">Registre su cuenta est\u00e1ndar<\/a>\r\n<\/section>\r\n\r\n<!-- Comparison -->\r\n<section id=\"comparison\">\r\n<h2>Comparaci\u00f3n: Cuenta est\u00e1ndar vs profesional<\/h2>\r\n<table>\r\n<tr>\r\n<th>r\u00e1faga<\/th>\r\n<th>Cuenta est\u00e1ndar<\/th>\r\n<th>Cuenta profesional<\/th>\r\n<\/tr>\r\n<tr>\r\n<td>Dep\u00f3sito m\u00ednimo<\/td>\r\n<td>$10<\/td>\r\n<td>$200+<\/td>\r\n<\/tr>\r\n<tr>\r\n<td>pliegos de condiciones<\/td>\r\n<td>Competitivo, a partir de 1.0 pips<\/td>\r\n<td>Menores spreads, a partir de 0.1 pips<\/td>\r\n<\/tr>\r\n<tr>\r\n<td>comisario<\/td>\r\n<td>Sin comisi\u00f3n<\/td>\r\n<td>Comisi\u00f3n baja por lote<\/td>\r\n<\/tr>\r\n<tr>\r\n<td>palanca<\/td>\r\n<td>Flexible hasta 1:3000<\/td>\r\n<td>Flexible hasta 1:3000<\/td>\r\n<\/tr>\r\n<tr>\r\n<td>mejor para<\/td>\r\n<td>principiantes y traders casuales<\/td>\r\n<td>Traders y profesionales experimentados<\/td>\r\n<\/tr>\r\n<\/table>\r\n<a class=\"cta-button\" href=\"https:\/\/one.justmarkets.link\/a\/t11xd0xwgz\/registration\/trader\" target=\"_blank\" rel=\"noopener\">Comparar y abrir cuenta<\/a>\r\n<\/section>\r\n\r\n<!-- Funding -->\r\n<section id=\"funding\">\r\n<h2>Financiar su cuenta est\u00e1ndar<\/h2>\r\n<p>M\u00e9todos de dep\u00f3sito compatibles:<\/p>\r\n<ul>\r\n<li>transferencia bancaria<\/li>\r\n<li>Tarjeta de cr\u00e9dito\/d\u00e9bito<\/li>\r\n<li>Carteras electr\u00f3nicas (Skrill, Neteller, etc.)<\/li>\r\n<li>Dep\u00f3sitos de criptomonedas (Bitcoin, Ethereum, USDT)<\/li>\r\n<\/ul>\r\n<p>Siempre verifique el dep\u00f3sito m\u00ednimo para cada m\u00e9todo para comenzar a operar de inmediato.<\/p>\r\n<a class=\"cta-button\" href=\"https:\/\/one.justmarkets.link\/a\/t11xd0xwgz\/registration\/trader\" target=\"_blank\" rel=\"noopener\">Depositar ahora<\/a>\r\n<\/section>\r\n\r\n<!-- Security -->\r\n<section id=\"security\">\r\n<h2>Medidas de seguridad y verificaci\u00f3n<\/h2>\r\n<ul>\r\n<li>Verificaci\u00f3n de correo electr\u00f3nico y tel\u00e9fono<\/li>\r\n<li>Requisito de contrase\u00f1a segura<\/li>\r\n<li>Autenticaci\u00f3n de dos factores (2FA)<\/li>\r\n<li>Fondos de clientes segregados<\/li>\r\n<li>Cifrado SSL y auditor\u00edas regulares<\/li>\r\n<\/ul>\r\n<a class=\"cta-button\" href=\"https:\/\/one.justmarkets.link\/a\/t11xd0xwgz\/registration\/trader\" target=\"_blank\" rel=\"noopener\">Asegure su cuenta<\/a>\r\n<\/section>\r\n\r\n<!-- Tips -->\r\n<section id=\"tips\">\r\n<h2>Consejos para maximizar su cuenta est\u00e1ndar<\/h2>\r\n<ul>\r\n<li>Comience con peque\u00f1os dep\u00f3sitos para minimizar el riesgo<\/li>\r\n<li>Usar cuenta de demostraci\u00f3n para probar estrategias<\/li>\r\n<li>Establezca stop-loss y toma de ganancias para cada operaci\u00f3n<\/li>\r\n<li>Aprovechar los recursos educativos para mejorar las habilidades<\/li>\r\n<li>Mant\u00e9ngase al d\u00eda con las noticias y el an\u00e1lisis del mercado<\/li>\r\n<\/ul>\r\n<\/section>\r\n\r\n<!-- Common Mistakes -->\r\n<section id=\"common-mistakes\">\r\n<h2>Errores comunes a evitar<\/h2>\r\n<ul>\r\n<li>Ingresar informaci\u00f3n personal incorrecta<\/li>\r\n<li>Saltar los pasos de verificaci\u00f3n<\/li>\r\n<li>Uso de contrase\u00f1as d\u00e9biles<\/li>\r\n<li>Elegir un tipo de cuenta sin comprender las caracter\u00edsticas<\/li>\r\n<li>No establecer reglas de gesti\u00f3n de riesgos comerciales<\/li>\r\n<\/ul>\r\n<a class=\"cta-button\" href=\"https:\/\/one.justmarkets.link\/a\/t11xd0xwgz\/registration\/trader\" target=\"_blank\" rel=\"noopener\">Evitar errores: registrarse correctamente<\/a>\r\n<\/section>\r\n\r\n<!-- FAQ -->\r\n<section id=\"faq\">\r\n<h2>Preguntas frecuentes<\/h2>\r\n<div class=\"faq-item\">\r\n<div class=\"faq-question\">\u00bfCu\u00e1l es el dep\u00f3sito m\u00ednimo para una cuenta est\u00e1ndar?<\/div>\r\n<div class=\"faq-answer\">El dep\u00f3sito m\u00ednimo comienza desde $1 dependiendo del m\u00e9todo de pago.<\/div>\r\n<\/div>\r\n<div class=\"faq-item\">\r\n<div class=\"faq-question\">\u00bfPueden los principiantes usar una cuenta est\u00e1ndar?<\/div>\r\n<div class=\"faq-answer\">S\u00ed, es ideal para principiantes y ofrece recursos educativos y de bajo riesgo.<\/div>\r\n<\/div>\r\n<div class=\"faq-item\">\r\n<div class=\"faq-question\">\u00bfLa cuenta est\u00e1ndar est\u00e1 libre de comisiones?<\/div>\r\n<div class=\"faq-answer\">S\u00ed, las cuentas est\u00e1ndar no tienen comisiones, las ganancias se basan en spreads.<\/div>\r\n<\/div>\r\n<div class=\"faq-item\">\r\n<div class=\"faq-question\">\u00bfPuedo actualizar a una cuenta profesional m\u00e1s tarde?<\/div>\r\n<div class=\"faq-answer\">S\u00ed, JustMarkets permite actualizaciones de cuentas una vez que cumple con los requisitos.<\/div>\r\n<\/div>\r\n<\/section>\r\n\r\n<!-- Conclusion CTA -->\r\n<section id=\"conclusion\">\r\n<h2>idea de narraci\u00f3n<\/h2>\r\n<p>La cuenta est\u00e1ndar de JustMarkets es una excelente opci\u00f3n para los comerciantes nuevos e intermedios que buscan flexibilidad, bajos requisitos de dep\u00f3sito y acceso a m\u00faltiples mercados. Comience su viaje de trading de manera segura y eficiente hoy.<\/p>\r\n<a class=\"cta-button\" href=\"https:\/\/one.justmarkets.link\/a\/t11xd0xwgz\/registration\/trader\" target=\"_blank\" rel=\"noopener\">Abra su cuenta est\u00e1ndar ahora<\/a>\r\n<\/section>\r\n\r\n<\/main>\r\n<\/body>\r\n<\/html>\r\n\t\t\t\t<\/div>\n\t\t\t\t\t<\/div>\n\t\t\t\t<\/div>\n\t\t\t\t<\/div>","protected":false},"excerpt":{"rendered":"<p>&nbsp; &nbsp; &nbsp; JustMarkets Standard Account Guide Table of Contents Introduction to JustMarkets Standard Account Key Features of Standard Account [&hellip;]<\/p>\n","protected":false},"author":1,"featured_media":0,"parent":0,"menu_order":0,"comment_status":"closed","ping_status":"closed","template":"elementor_header_footer","meta":{"site-sidebar-layout":"no-sidebar","site-content-layout":"","ast-site-content-layout":"full-width-container","site-content-style":"default","site-sidebar-style":"default","ast-global-header-display":"","ast-banner-title-visibility":"","ast-main-header-display":"","ast-hfb-above-header-display":"","ast-hfb-below-header-display":"","ast-hfb-mobile-header-display":"","site-post-title":"","ast-breadcrumbs-content":"","ast-featured-img":"disabled","footer-sml-layout":"","ast-disable-related-posts":"","theme-transparent-header-meta":"default","adv-header-id-meta":"","stick-header-meta":"","header-above-stick-meta":"","header-main-stick-meta":"","header-below-stick-meta":"","astra-migrate-meta-layouts":"set","ast-page-background-enabled":"default","ast-page-background-meta":{"desktop":{"background-color":"var(--ast-global-color-5)","background-image":"","background-repeat":"repeat","background-position":"center center","background-size":"auto","background-attachment":"scroll","background-type":"","background-media":"","overlay-type":"","overlay-color":"","overlay-opacity":"","overlay-gradient":""},"tablet":{"background-color":"","background-image":"","background-repeat":"repeat","background-position":"center center","background-size":"auto","background-attachment":"scroll","background-type":"","background-media":"","overlay-type":"","overlay-color":"","overlay-opacity":"","overlay-gradient":""},"mobile":{"background-color":"","background-image":"","background-repeat":"repeat","background-position":"center center","background-size":"auto","background-attachment":"scroll","background-type":"","background-media":"","overlay-type":"","overlay-color":"","overlay-opacity":"","overlay-gradient":""}},"ast-content-background-meta":{"desktop":{"background-color":"var(--ast-global-color-4)","background-image":"","background-repeat":"repeat","background-position":"center center","background-size":"auto","background-attachment":"scroll","background-type":"","background-media":"","overlay-type":"","overlay-color":"","overlay-opacity":"","overlay-gradient":""},"tablet":{"background-color":"var(--ast-global-color-4)","background-image":"","background-repeat":"repeat","background-position":"center center","background-size":"auto","background-attachment":"scroll","background-type":"","background-media":"","overlay-type":"","overlay-color":"","overlay-opacity":"","overlay-gradient":""},"mobile":{"background-color":"var(--ast-global-color-4)","background-image":"","background-repeat":"repeat","background-position":"center center","background-size":"auto","background-attachment":"scroll","background-type":"","background-media":"","overlay-type":"","overlay-color":"","overlay-opacity":"","overlay-gradient":""}},"footnotes":""},"class_list":["post-489","page","type-page","status-publish","hentry"],"_links":{"self":[{"href":"https:\/\/trustedfxglobal.com\/es\/wp-json\/wp\/v2\/pages\/489","targetHints":{"allow":["GET"]}}],"collection":[{"href":"https:\/\/trustedfxglobal.com\/es\/wp-json\/wp\/v2\/pages"}],"about":[{"href":"https:\/\/trustedfxglobal.com\/es\/wp-json\/wp\/v2\/types\/page"}],"author":[{"embeddable":true,"href":"https:\/\/trustedfxglobal.com\/es\/wp-json\/wp\/v2\/users\/1"}],"replies":[{"embeddable":true,"href":"https:\/\/trustedfxglobal.com\/es\/wp-json\/wp\/v2\/comments?post=489"}],"version-history":[{"count":5,"href":"https:\/\/trustedfxglobal.com\/es\/wp-json\/wp\/v2\/pages\/489\/revisions"}],"predecessor-version":[{"id":494,"href":"https:\/\/trustedfxglobal.com\/es\/wp-json\/wp\/v2\/pages\/489\/revisions\/494"}],"wp:attachment":[{"href":"https:\/\/trustedfxglobal.com\/es\/wp-json\/wp\/v2\/media?parent=489"}],"curies":[{"name":"wp","href":"https:\/\/api.w.org\/{rel}","templated":true}]}}