{"id":465,"date":"2025-09-23T18:03:48","date_gmt":"2025-09-23T18:03:48","guid":{"rendered":"https:\/\/trustedfxglobal.com\/?page_id=465"},"modified":"2025-09-23T18:05:22","modified_gmt":"2025-09-23T18:05:22","slug":"abrir-cuenta-justmarkets","status":"publish","type":"page","link":"https:\/\/trustedfxglobal.com\/es\/open-account-justmarkets\/","title":{"rendered":"Abrir cuenta JustMarkets: Gu\u00eda paso a paso"},"content":{"rendered":"<div data-elementor-type=\"wp-page\" data-elementor-id=\"465\" class=\"elementor elementor-465\">\n\t\t\t\t<div class=\"elementor-element elementor-element-5cee7fd e-flex e-con-boxed e-con e-parent\" data-id=\"5cee7fd\" data-element_type=\"container\" data-e-type=\"container\">\n\t\t\t\t\t<div class=\"e-con-inner\">\n\t\t\t\t<div class=\"elementor-element elementor-element-3a8d751 elementor-widget elementor-widget-html\" data-id=\"3a8d751\" data-element_type=\"widget\" data-e-type=\"widget\" data-widget_type=\"html.default\">\n\t\t\t\t\t<!DOCTYPE html>\r\n<html lang=\"en\">\r\n<head>\r\n<meta charset=\"UTF-8\">\r\n<meta name=\"viewport\" content=\"width=device-width, initial-scale=1.0\">\r\n<meta name=\"title\" content=\"Open Account JustMarkets | Complete Step-by-Step Guide for Traders 2025\">\r\n<meta name=\"description\" content=\"Aprenda c\u00f3mo abrir una cuenta con JustMarkets. Gu\u00eda paso a paso, tipos de cuentas, registro web y m\u00f3vil, opciones de financiaci\u00f3n, consejos de seguridad y preguntas frecuentes.\">\r\n<meta name=\"keywords\" content=\"Open Account JustMarkets, JustMarkets registration, forex account, online trading, JustMarkets affiliate\">\r\n<title>Abrir cuenta JustMarkets | Gu\u00eda completa paso a paso para comerciantes<\/title>\r\n<style>\r\nbody {font-family:'Segoe UI', Tahoma, Geneva, Verdana, sans-serif; margin:0; padding:0; background:#f4f6f8; color:#333;}\r\nmain {max-width:1200px; margin:30px auto; padding:30px; background:#ffffff; border-radius:12px; box-shadow:0 5px 25px rgba(0,0,0,0.08);}\r\nh1,h2,h3 {margin-top:30px;}\r\nh1 {color:#003366; font-size:2.5em;}\r\nh2 {color:#003366; font-size:2em;}\r\nh3 {color:#333333; font-size:1.5em;}\r\np, li {line-height:1.8;}\r\nul, ol {padding-left:20px;}\r\na.cta-button {display:inline-block; background:#003366; color:#ffffff; padding:14px 28px; border-radius:8px; font-weight:bold; text-decoration:none; transition:0.3s; margin-top:15px; box-shadow:0 5px 15px rgba(0,51,102,0.4);}\r\na.cta-button:hover {background:#0077cc; transform:translateY(-2px);}\r\n.faq-item {margin-bottom:25px;}\r\n.faq-question {font-weight:bold; color:#003366; cursor:pointer; padding:10px; background:#e6f0fa; border-radius:6px;}\r\n.faq-answer {margin-top:8px; padding-left:15px; display:none; color:#333;}\r\ntable {width:100%; border-collapse:collapse; margin:20px 0;}\r\ntable, th, td {border:1px solid #ccc;}\r\nth, td {padding:12px; text-align:left;}\r\n@media(max-width:768px){h1{font-size:2em;} h2{font-size:1.5em;}}\r\n<\/style>\r\n<script>\r\ndocument.addEventListener('DOMContentLoaded', function(){\r\n    const items = document.querySelectorAll('.faq-question');\r\n    items.forEach(item=>{\r\n        item.addEventListener('click', ()=>{\r\n            const ans = item.nextElementSibling;\r\n            ans.style.display = (ans.style.display==='block')?'none':'block';\r\n        });\r\n    });\r\n});\r\n<\/script>\r\n<\/head>\r\n<body>\r\n<main>\r\n<h1>Abrir cuenta JustMarkets: Gu\u00eda paso a paso <\/h1>\r\n\r\n<!-- Table of Contents -->\r\n<section id=\"toc\">\r\n<h2>tabla de contenido<\/h2>\r\n<ol>\r\n<li><a href=\"#introduction\">Introducci\u00f3n a los mercados<\/a><\/li>\r\n<li><a href=\"#why-open\">Por qu\u00e9 abrir una cuenta con JustMarkets<\/a><\/li>\r\n<li><a href=\"#web-registration\">Registro web<\/a><\/li>\r\n<li><a href=\"#mobile-registration\">Registro m\u00f3vil<\/a><\/li>\r\n<li><a href=\"#account-types\">Elegir el tipo de cuenta correcto<\/a><\/li>\r\n<li><a href=\"#funding\">Financiaci\u00f3n de su cuenta de JustMarkets<\/a><\/li>\r\n<li><a href=\"#security\">Consejos de seguridad<\/a><\/li>\r\n<li><a href=\"#common-mistakes\">Errores comunes a evitar<\/a><\/li>\r\n<li><a href=\"#faq\">Preguntas frecuentes<\/a><\/li>\r\n<\/ol>\r\n<\/section>\r\n\r\n<!-- Introduction -->\r\n<section id=\"introduction\">\r\n<h2>Introducci\u00f3n a los mercados<\/h2>\r\n<p>JustMarkets es una plataforma de comercio en l\u00ednea reconocida a nivel mundial que brinda acceso a Forex, materias primas, \u00edndices, criptomonedas y m\u00e1s. Ofrece un entorno seguro, confiable y f\u00e1cil de usar para los comerciantes de todos los niveles. Al abrir una cuenta con JustMarkets, obtiene acceso a potentes herramientas comerciales, diferenciales competitivos y soporte al cliente experto para ayudarlo a operar de manera eficiente y segura.<\/p>\r\n<a class=\"cta-button\" href=\"https:\/\/one.justmarkets.link\/a\/t11xd0xwgz\/id\/registration\/trader\" target=\"_blank\" rel=\"noopener\">Abra su cuenta de JustMarkets ahora<\/a>\r\n<\/section>\r\n\r\n<!-- Why Open -->\r\n<section id=\"why-open\">\r\n<h2>Por qu\u00e9 abrir una cuenta con JustMarkets<\/h2>\r\n<ul>\r\n<li>Acceda a m\u00faltiples instrumentos financieros, incluidos Forex, Commodities y Crypto.<\/li>\r\n<li>Opere en plataformas avanzadas: MT4, MT5 y aplicaciones m\u00f3viles.<\/li>\r\n<li>Benef\u00edciese de los diferenciales competitivos y de los bajos costes de negociaci\u00f3n.<\/li>\r\n<li>Opciones de dep\u00f3sito y retiro seguro con m\u00faltiples m\u00e9todos de pago.<\/li>\r\n<li>Recursos educativos y an\u00e1lisis para decisiones comerciales informadas.<\/li>\r\n<li>Soporte multiling\u00fce 24\/7 para asistencia inmediata.<\/li>\r\n<\/ul>\r\n<a class=\"cta-button\" href=\"https:\/\/one.justmarkets.link\/a\/t11xd0xwgz\/id\/registration\/trader\" target=\"_blank\" rel=\"noopener\">Comience a operar con JustMarkets<\/a>\r\n<\/section>\r\n\r\n<!-- Web Registration -->\r\n<section id=\"web-registration\">\r\n<h2>Registro web<\/h2>\r\n<p>Siga estos pasos para registrarse a trav\u00e9s de la plataforma web JustMarkets:<\/p>\r\n<ol>\r\n<li>Vaya a la p\u00e1gina de registro oficial de JustMarkets.<\/li>\r\n<li>Haga clic en \u201cRegistrarse\u201d e ingrese sus datos personales (nombre, correo electr\u00f3nico, n\u00famero de tel\u00e9fono).<\/li>\r\n<li>Cree una contrase\u00f1a segura siguiendo las pautas de seguridad recomendadas.<\/li>\r\n<li>Seleccione Moneda base de la cuenta y apalancamiento.<\/li>\r\n<li>Cargue documentos de identificaci\u00f3n (ID, comprobante de direcci\u00f3n) si se le solicita.<\/li>\r\n<li>Confirme el registro a trav\u00e9s de la verificaci\u00f3n por correo electr\u00f3nico.<\/li>\r\n<li>Inicie sesi\u00f3n para acceder al panel de operaciones y comenzar a operar.<\/li>\r\n<\/ol>\r\n<a class=\"cta-button\" href=\"https:\/\/one.justmarkets.link\/a\/t11xd0xwgz\/id\/registration\/trader\" target=\"_blank\" rel=\"noopener\">Registrarse v\u00eda web<\/a>\r\n<\/section>\r\n\r\n<!-- Mobile Registration -->\r\n<section id=\"mobile-registration\">\r\n<h2>Registro m\u00f3vil<\/h2>\r\n<p>La aplicaci\u00f3n m\u00f3vil JustMarkets permite el comercio conveniente en cualquier lugar. Para registrarse:<\/p>\r\n<ol>\r\n<li>Descargue la aplicaci\u00f3n JustMarkets de Google Play o Apple App Store.<\/li>\r\n<li>Abre la aplicaci\u00f3n y toca \u201cRegistrarse\u201d.\u201d<\/li>\r\n<li>Ingrese los datos personales y cree una contrase\u00f1a segura.<\/li>\r\n<li>Elija Tipo de cuenta y Apalancamiento.<\/li>\r\n<li>Suba documentos para verificaci\u00f3n si es necesario.<\/li>\r\n<li>Confirme el registro por correo electr\u00f3nico o c\u00f3digo SMS.<\/li>\r\n<li>Acceda a su cuenta comercial sobre la marcha.<\/li>\r\n<\/ol>\r\n<a class=\"cta-button\" href=\"https:\/\/one.justmarkets.link\/a\/t11xd0xwgz\/id\/registration\/trader\" target=\"_blank\" rel=\"noopener\">Reg\u00edstrese a trav\u00e9s de la aplicaci\u00f3n<\/a>\r\n<\/section>\r\n\r\n<!-- Account Types -->\r\n<section id=\"account-types\">\r\n<h2>Elegir el tipo de cuenta correcto<\/h2>\r\n<p>JustMarkets ofrece m\u00faltiples tipos de cuentas para diferentes niveles de comerciantes:<\/p>\r\n<ul>\r\n<li><strong>Cuenta est\u00e1ndar:<\/strong> Adecuado para principiantes; dep\u00f3sito m\u00ednimo bajo, pliegos competitivos.<\/li>\r\n<li><strong>Cuenta profesional:<\/strong> Dise\u00f1ado para comerciantes experimentados; menores spreads, mayor apalancamiento.<\/li>\r\n<li><strong>Cuenta de demostraci\u00f3n:<\/strong> Practique el trading con fondos virtuales sin riesgo financiero.<\/li>\r\n<\/ul>\r\n<a class=\"cta-button\" href=\"https:\/\/one.justmarkets.link\/a\/t11xd0xwgz\/id\/registration\/trader\" target=\"_blank\" rel=\"noopener\">Selecciona tu cuenta<\/a>\r\n<\/section>\r\n\r\n<!-- Funding -->\r\n<section id=\"funding\">\r\n<h2>Financiaci\u00f3n de su cuenta de JustMarkets<\/h2>\r\n<h3>Opciones de dep\u00f3sito<\/h3>\r\n<ul>\r\n<li>transferencia bancaria<\/li>\r\n<li>Carteras electr\u00f3nicas (Skrill, Neteller)<\/li>\r\n<li>Tarjeta de cr\u00e9dito\/d\u00e9bito (Visa, MasterCard)<\/li>\r\n<li>Criptomonedas (Bitcoin, Ethereum)<\/li>\r\n<\/ul>\r\n<h3>Dep\u00f3sito m\u00ednimo<\/h3>\r\n<p>El dep\u00f3sito m\u00ednimo depende de su tipo de cuenta y m\u00e9todo. Las cuentas est\u00e1ndar pueden comenzar desde $1\u2013$50 dependiendo de la opci\u00f3n de pago elegida. Siempre verifique los l\u00edmites actuales antes de financiar su cuenta.<\/p>\r\n<a class=\"cta-button\" href=\"https:\/\/one.justmarkets.link\/a\/t11xd0xwgz\/id\/registration\/trader\" target=\"_blank\" rel=\"noopener\">Financia tu cuenta<\/a>\r\n<\/section>\r\n\r\n<!-- Security -->\r\n<section id=\"security\">\r\n<h2>Consejos de seguridad<\/h2>\r\n<ul>\r\n<li>Use contrase\u00f1as \u00fanicas y seguras y c\u00e1mbielas regularmente.<\/li>\r\n<li>Habilite la autenticaci\u00f3n de dos factores (2FA) para una mayor seguridad.<\/li>\r\n<li>Verifique los datos personales con precisi\u00f3n para evitar retrasos.<\/li>\r\n<li>Mantenga las credenciales de inicio de sesi\u00f3n privadas y seguras.<\/li>\r\n<li>Monitoree regularmente la actividad de la cuenta.<\/li>\r\n<\/ul>\r\n<a class=\"cta-button\" href=\"https:\/\/one.justmarkets.link\/a\/t11xd0xwgz\/id\/registration\/trader\" target=\"_blank\" rel=\"noopener\">Asegure su cuenta<\/a>\r\n<\/section>\r\n\r\n<!-- Common Mistakes -->\r\n<section id=\"common-mistakes\">\r\n<h2>Errores comunes a evitar<\/h2>\r\n<ul>\r\n<li>informaci\u00f3n personal incorrecta que causa retrasos en la verificaci\u00f3n.<\/li>\r\n<li>Contrase\u00f1as d\u00e9biles que comprometen la seguridad de la cuenta.<\/li>\r\n<li>No completar la verificaci\u00f3n antes de operar.<\/li>\r\n<li>Elegir un tipo de cuenta que no coincida con el nivel de experiencia.<\/li>\r\n<li>omitir la verificaci\u00f3n por correo electr\u00f3nico o tel\u00e9fono.<\/li>\r\n<\/ul>\r\n<a class=\"cta-button\" href=\"https:\/\/one.justmarkets.link\/a\/t11xd0xwgz\/id\/registration\/trader\" target=\"_blank\" rel=\"noopener\">Evite errores ahora<\/a>\r\n<\/section>\r\n\r\n<!-- FAQ -->\r\n<section id=\"faq\">\r\n<h2>Preguntas frecuentes<\/h2>\r\n<div class=\"faq-item\">\r\n<div class=\"faq-question\">\u00bfEst\u00e1 regulado JustMarkets?<\/div>\r\n<div class=\"faq-answer\">S\u00ed, JustMarkets opera bajo regulaciones financieras internacionales para proteger a los clientes.<\/div>\r\n<\/div>\r\n<div class=\"faq-item\">\r\n<div class=\"faq-question\">\u00bfPueden los principiantes abrir una cuenta?<\/div>\r\n<div class=\"faq-answer\">S\u00ed, los principiantes pueden usar cuentas est\u00e1ndar y de demostraci\u00f3n para comenzar a operar de manera segura.<\/div>\r\n<\/div>\r\n<div class=\"faq-item\">\r\n<div class=\"faq-question\">\u00bfQu\u00e9 documentos se requieren para la verificaci\u00f3n?<\/div>\r\n<div class=\"faq-answer\">Por lo general, se requiere una identificaci\u00f3n v\u00e1lida y un comprobante de residencia para verificar su cuenta.<\/div>\r\n<\/div>\r\n<div class=\"faq-item\">\r\n<div class=\"faq-question\">\u00bfCu\u00e1nto tiempo dura el registro?<\/div>\r\n<div class=\"faq-answer\">El registro web tarda de 5 a 10 minutos; la verificaci\u00f3n puede tardar de 24 a 48 horas, dependiendo de la aprobaci\u00f3n del documento.<\/div>\r\n<\/div>\r\n<div class=\"faq-item\">\r\n<div class=\"faq-question\">\u00bfPuedo abrir varias cuentas?<\/div>\r\n<div class=\"faq-answer\">S\u00ed, pero cada cuenta debe tener datos personales y correos electr\u00f3nicos \u00fanicos. Siga los t\u00e9rminos de JustMarkets para evitar restricciones.<\/div>\r\n<\/div>\r\n<\/section>\r\n\r\n<a class=\"cta-button\" href=\"https:\/\/one.justmarkets.link\/a\/t11xd0xwgz\/id\/registration\/trader\" target=\"_blank\" rel=\"noopener\">Abra su cuenta de JustMarkets hoy<\/a>\r\n\r\n<\/main>\r\n<\/body>\r\n<\/html>\r\n\t\t\t\t<\/div>\n\t\t\t\t\t<\/div>\n\t\t\t\t<\/div>\n\t\t\t\t<\/div>","protected":false},"excerpt":{"rendered":"<p>&nbsp; &nbsp; &nbsp; Open Account JustMarkets: Step-by-Step Guide Table of Contents Introduction to JustMarkets Why Open an Account with JustMarkets [&hellip;]<\/p>\n","protected":false},"author":1,"featured_media":0,"parent":0,"menu_order":0,"comment_status":"closed","ping_status":"closed","template":"elementor_header_footer","meta":{"site-sidebar-layout":"no-sidebar","site-content-layout":"","ast-site-content-layout":"full-width-container","site-content-style":"default","site-sidebar-style":"default","ast-global-header-display":"","ast-banner-title-visibility":"","ast-main-header-display":"","ast-hfb-above-header-display":"","ast-hfb-below-header-display":"","ast-hfb-mobile-header-display":"","site-post-title":"","ast-breadcrumbs-content":"","ast-featured-img":"disabled","footer-sml-layout":"","ast-disable-related-posts":"","theme-transparent-header-meta":"default","adv-header-id-meta":"","stick-header-meta":"","header-above-stick-meta":"","header-main-stick-meta":"","header-below-stick-meta":"","astra-migrate-meta-layouts":"set","ast-page-background-enabled":"default","ast-page-background-meta":{"desktop":{"background-color":"var(--ast-global-color-5)","background-image":"","background-repeat":"repeat","background-position":"center center","background-size":"auto","background-attachment":"scroll","background-type":"","background-media":"","overlay-type":"","overlay-color":"","overlay-opacity":"","overlay-gradient":""},"tablet":{"background-color":"","background-image":"","background-repeat":"repeat","background-position":"center center","background-size":"auto","background-attachment":"scroll","background-type":"","background-media":"","overlay-type":"","overlay-color":"","overlay-opacity":"","overlay-gradient":""},"mobile":{"background-color":"","background-image":"","background-repeat":"repeat","background-position":"center center","background-size":"auto","background-attachment":"scroll","background-type":"","background-media":"","overlay-type":"","overlay-color":"","overlay-opacity":"","overlay-gradient":""}},"ast-content-background-meta":{"desktop":{"background-color":"var(--ast-global-color-4)","background-image":"","background-repeat":"repeat","background-position":"center center","background-size":"auto","background-attachment":"scroll","background-type":"","background-media":"","overlay-type":"","overlay-color":"","overlay-opacity":"","overlay-gradient":""},"tablet":{"background-color":"var(--ast-global-color-4)","background-image":"","background-repeat":"repeat","background-position":"center center","background-size":"auto","background-attachment":"scroll","background-type":"","background-media":"","overlay-type":"","overlay-color":"","overlay-opacity":"","overlay-gradient":""},"mobile":{"background-color":"var(--ast-global-color-4)","background-image":"","background-repeat":"repeat","background-position":"center center","background-size":"auto","background-attachment":"scroll","background-type":"","background-media":"","overlay-type":"","overlay-color":"","overlay-opacity":"","overlay-gradient":""}},"footnotes":""},"class_list":["post-465","page","type-page","status-publish","hentry"],"_links":{"self":[{"href":"https:\/\/trustedfxglobal.com\/es\/wp-json\/wp\/v2\/pages\/465","targetHints":{"allow":["GET"]}}],"collection":[{"href":"https:\/\/trustedfxglobal.com\/es\/wp-json\/wp\/v2\/pages"}],"about":[{"href":"https:\/\/trustedfxglobal.com\/es\/wp-json\/wp\/v2\/types\/page"}],"author":[{"embeddable":true,"href":"https:\/\/trustedfxglobal.com\/es\/wp-json\/wp\/v2\/users\/1"}],"replies":[{"embeddable":true,"href":"https:\/\/trustedfxglobal.com\/es\/wp-json\/wp\/v2\/comments?post=465"}],"version-history":[{"count":8,"href":"https:\/\/trustedfxglobal.com\/es\/wp-json\/wp\/v2\/pages\/465\/revisions"}],"predecessor-version":[{"id":473,"href":"https:\/\/trustedfxglobal.com\/es\/wp-json\/wp\/v2\/pages\/465\/revisions\/473"}],"wp:attachment":[{"href":"https:\/\/trustedfxglobal.com\/es\/wp-json\/wp\/v2\/media?parent=465"}],"curies":[{"name":"wp","href":"https:\/\/api.w.org\/{rel}","templated":true}]}}