{"id":451,"date":"2025-09-23T17:53:46","date_gmt":"2025-09-23T17:53:46","guid":{"rendered":"https:\/\/trustedfxglobal.com\/?page_id=451"},"modified":"2025-09-23T17:54:54","modified_gmt":"2025-09-23T17:54:54","slug":"iniciar-sesion","status":"publish","type":"page","link":"https:\/\/trustedfxglobal.com\/es\/jusmarkets-login\/","title":{"rendered":"Gu\u00eda de inicio de sesi\u00f3n de JustMarkets | Acceda a su cuenta comercial"},"content":{"rendered":"<div data-elementor-type=\"wp-page\" data-elementor-id=\"451\" class=\"elementor elementor-451\">\n\t\t\t\t<div class=\"elementor-element elementor-element-74a46fe e-flex e-con-boxed e-con e-parent\" data-id=\"74a46fe\" data-element_type=\"container\" data-e-type=\"container\">\n\t\t\t\t\t<div class=\"e-con-inner\">\n\t\t\t\t<div class=\"elementor-element elementor-element-87911a4 elementor-widget elementor-widget-html\" data-id=\"87911a4\" data-element_type=\"widget\" data-e-type=\"widget\" data-widget_type=\"html.default\">\n\t\t\t\t\t<!DOCTYPE html>\r\n<html lang=\"en\">\r\n<head>\r\n<meta charset=\"UTF-8\">\r\n<meta name=\"viewport\" content=\"width=device-width, initial-scale=1.0\">\r\n<meta name=\"title\" content=\"JustMarkets Login Guide | Access Your Trading Account\">\r\n<meta name=\"description\" content=\"Gu\u00eda completa sobre el inicio de sesi\u00f3n de JustMarkets. Obtenga informaci\u00f3n sobre c\u00f3mo acceder a su cuenta comercial a trav\u00e9s de la web, el m\u00f3vil, el comercio social y los problemas de inicio de sesi\u00f3n.\">\r\n<meta name=\"keywords\" content=\"JustMarkets login, trading account access, web login, mobile app login, secure login, account recovery, FAQ\">\r\n<title>Gu\u00eda de inicio de sesi\u00f3n de JustMarkets | Acceda a su cuenta comercial<\/title>\r\n<style>\r\nbody {font-family:'Segoe UI', Tahoma, Geneva, Verdana, sans-serif; margin:0; padding:0; background:#f4f6f8; color:#333;}\r\nmain {max-width:1200px; margin:30px auto; padding:30px; background:#ffffff; border-radius:12px; box-shadow:0 5px 25px rgba(0,0,0,0.08);}\r\nh1,h2,h3 {margin-top:30px;}\r\nh1 {color:#003366; font-size:2.5em;}\r\nh2 {color:#003366; font-size:2em;}\r\nh3 {color:#333333; font-size:1.5em;}\r\np, li {line-height:1.8;}\r\nul, ol {padding-left:20px;}\r\na.cta-button {display:inline-block; background:#003366; color:#ffffff; padding:14px 28px; border-radius:8px; font-weight:bold; text-decoration:none; transition:0.3s; margin-top:15px; box-shadow:0 5px 15px rgba(0,51,102,0.4);}\r\na.cta-button:hover {background:#0077cc; transform:translateY(-2px);}\r\n.faq-item {margin-bottom:25px;}\r\n.faq-question {font-weight:bold; color:#003366; cursor:pointer; padding:10px; background:#e6f0fa; border-radius:6px;}\r\n.faq-answer {margin-top:8px; padding-left:15px; display:none; color:#333;}\r\ntable {width:100%; border-collapse:collapse; margin:20px 0;}\r\ntable, th, td {border:1px solid #ccc;}\r\nth, td {padding:12px; text-align:left;}\r\n@media(max-width:768px){h1{font-size:2em;} h2{font-size:1.5em;}}\r\n<\/style>\r\n<script>\r\ndocument.addEventListener('DOMContentLoaded', function(){\r\n    const items = document.querySelectorAll('.faq-question');\r\n    items.forEach(item=>{\r\n        item.addEventListener('click', ()=>{\r\n            const ans = item.nextElementSibling;\r\n            ans.style.display = (ans.style.display==='block')?'none':'block';\r\n        });\r\n    });\r\n});\r\n<\/script>\r\n<\/head>\r\n<body>\r\n<main>\r\n<h1>Inicio de sesi\u00f3n de JustMarkets: Gu\u00eda completa 2025<\/h1>\r\n\r\n<!-- Table of Contents -->\r\n<section id=\"table-of-contents\">\r\n<h2>tabla de contenido<\/h2>\r\n<ol>\r\n<li><a href=\"#introduction\">Introducci\u00f3n a JustMarkets Login<\/a><\/li>\r\n<li><a href=\"#web-login\">Iniciar sesi\u00f3n a trav\u00e9s de la plataforma web<\/a><\/li>\r\n<li><a href=\"#mobile-login\">Iniciar sesi\u00f3n a trav\u00e9s de la aplicaci\u00f3n m\u00f3vil<\/a><\/li>\r\n<li><a href=\"#social-login\">Iniciar sesi\u00f3n a trav\u00e9s del comercio social<\/a><\/li>\r\n<li><a href=\"#account-access\">Acceder a su cuenta<\/a><\/li>\r\n<li><a href=\"#troubleshooting\">Soluci\u00f3n de problemas de inicio de sesi\u00f3n<\/a><\/li>\r\n<li><a href=\"#security\">Consejos de seguridad para iniciar sesi\u00f3n<\/a><\/li>\r\n<li><a href=\"#faq\">Preguntas frecuentes<\/a><\/li>\r\n<\/ol>\r\n<\/section>\r\n\r\n<!-- Introduction -->\r\n<section id=\"introduction\">\r\n<h2>Introducci\u00f3n a JustMarkets Login<\/h2>\r\n<p>Acceder a su cuenta de JustMarkets de forma segura es el primer paso para operar con confianza. Ya sea que est\u00e9 utilizando la plataforma web, la aplicaci\u00f3n m\u00f3vil o la interfaz de comercio social, comprender los procedimientos de inicio de sesi\u00f3n correctos garantiza el acceso ininterrumpido a sus instrumentos comerciales, saldos y herramientas de an\u00e1lisis de mercado.<\/p>\r\n<a class=\"cta-button\" href=\"https:\/\/one.justmarkets.link\/a\/t11xd0xwgz\/id\/registration\/trader\" target=\"_blank\" rel=\"noopener\">Abra su cuenta de JustMarkets<\/a>\r\n<\/section>\r\n\r\n<!-- Web Login -->\r\n<section id=\"web-login\">\r\n<h2>Iniciar sesi\u00f3n a trav\u00e9s de la plataforma web<\/h2>\r\n<p>La plataforma web ofrece una interfaz de negociaci\u00f3n con todas las funciones accesible desde cualquier navegador. Para iniciar sesi\u00f3n:<\/p>\r\n<ol>\r\n<li>Visita al oficial <strong>Sitio web de JustMarkets<\/strong>.<\/li>\r\n<li>Haga clic en el <strong>iniciar sesi\u00f3n<\/strong> bot\u00f3n en la esquina superior derecha.<\/li>\r\n<li>Ingrese su correo electr\u00f3nico y contrase\u00f1a registrados.<\/li>\r\n<li>Complete la autenticaci\u00f3n de dos factores (si est\u00e1 habilitado).<\/li>\r\n<li>Acceda a su panel de operaciones para ver las cuentas, saldos y gr\u00e1ficos.<\/li>\r\n<\/ol>\r\n<p>El inicio de sesi\u00f3n web es ideal para el an\u00e1lisis detallado de gr\u00e1ficos, la gesti\u00f3n de pedidos y la configuraci\u00f3n de la cuenta.<\/p>\r\n<a class=\"cta-button\" href=\"https:\/\/one.justmarkets.link\/a\/t11xd0xwgz\/id\/registration\/trader\" target=\"_blank\" rel=\"noopener\">Iniciar sesi\u00f3n a trav\u00e9s de la web<\/a>\r\n<\/section>\r\n\r\n<!-- Mobile Login -->\r\n<section id=\"mobile-login\">\r\n<h2>Iniciar sesi\u00f3n a trav\u00e9s de la aplicaci\u00f3n m\u00f3vil<\/h2>\r\n<p>Para operar sobre la marcha, la aplicaci\u00f3n m\u00f3vil JustMarkets est\u00e1 optimizada para el acceso en tiempo real. Pasos para iniciar sesi\u00f3n:<\/p>\r\n<ol>\r\n<li>Descargue la aplicaci\u00f3n JustMarkets de Google Play o Apple App Store.<\/li>\r\n<li>Toque \u201cIniciar sesi\u00f3n\u201d e ingrese su correo electr\u00f3nico y contrase\u00f1a.<\/li>\r\n<li>Complete los pasos de verificaci\u00f3n si se le solicita.<\/li>\r\n<li>Acceda a Trading en vivo, descripci\u00f3n general de la cuenta y an\u00e1lisis de mercado desde su tel\u00e9fono inteligente.<\/li>\r\n<\/ol>\r\n<p>La aplicaci\u00f3n m\u00f3vil garantiza que nunca te pierdas las oportunidades del mercado, incluso cuando est\u00e9s lejos de tu computadora.<\/p>\r\n<a class=\"cta-button\" href=\"https:\/\/one.justmarkets.link\/a\/t11xd0xwgz\/id\/registration\/trader\" target=\"_blank\" rel=\"noopener\">Iniciar sesi\u00f3n a trav\u00e9s de la aplicaci\u00f3n m\u00f3vil<\/a>\r\n<\/section>\r\n\r\n<!-- Social Trading Login -->\r\n<section id=\"social-login\">\r\n<h2>Iniciar sesi\u00f3n a trav\u00e9s del comercio social<\/h2>\r\n<p>JustMarkets admite el inicio de sesi\u00f3n de comercio social para copiar operaciones de comerciantes experimentados:<\/p>\r\n<ol>\r\n<li>Aseg\u00farese de que su cuenta est\u00e9 registrada y verificada.<\/li>\r\n<li>Acceda a la plataforma de comercio social a trav\u00e9s de la web o la aplicaci\u00f3n m\u00f3vil.<\/li>\r\n<li>Inicie sesi\u00f3n con sus credenciales de JustMarkets.<\/li>\r\n<li>Explore las estrategias de comerciantes profesionales y elija seguirlas.<\/li>\r\n<li>Supervise las operaciones copiadas en tiempo real desde el panel de su cuenta.<\/li>\r\n<\/ol>\r\n<a class=\"cta-button\" href=\"https:\/\/one.justmarkets.link\/a\/t11xd0xwgz\/id\/registration\/trader\" target=\"_blank\" rel=\"noopener\">Acceda al comercio social<\/a>\r\n<\/section>\r\n\r\n<!-- Account Access -->\r\n<section id=\"account-access\">\r\n<h2>Acceder a su cuenta<\/h2>\r\n<p>Una vez conectado, podr\u00e1s:<\/p>\r\n<ul>\r\n<li>Verifique el saldo de la cuenta, el margen y las posiciones abiertas.<\/li>\r\n<li>Colocar, modificar y cerrar operaciones.<\/li>\r\n<li>Ver informes hist\u00f3ricos y rendimiento comercial.<\/li>\r\n<li>depositar o retirar fondos de forma segura.<\/li>\r\n<li>Administre la configuraci\u00f3n de la cuenta, incluidas las preferencias y la seguridad.<\/li>\r\n<\/ul>\r\n<a class=\"cta-button\" href=\"https:\/\/one.justmarkets.link\/a\/t11xd0xwgz\/id\/registration\/trader\" target=\"_blank\" rel=\"noopener\">Accede a tu cuenta<\/a>\r\n<\/section>\r\n\r\n<!-- Troubleshooting -->\r\n<section id=\"troubleshooting\">\r\n<h2>Soluci\u00f3n de problemas de inicio de sesi\u00f3n<\/h2>\r\n<p>Problemas y soluciones comunes:<\/p>\r\n<ul>\r\n<li><strong>Olvid\u00e9 mi contrase\u00f1a:<\/strong> Use \u201ccontrase\u00f1a olvidada\u201d para restablecer por correo electr\u00f3nico.<\/li>\r\n<li><strong>Cuenta bloqueada:<\/strong> Contacto Soporte para desbloquear.<\/li>\r\n<li><strong>Verificaci\u00f3n pendiente:<\/strong> Aseg\u00farese de que se presenten todos los documentos requeridos.<\/li>\r\n<li><strong>Problemas de inicio de sesi\u00f3n de la aplicaci\u00f3n:<\/strong> Actualice la aplicaci\u00f3n o reinstale.<\/li>\r\n<li><strong>Problemas del navegador:<\/strong> Borre el cach\u00e9, las cookies o intente con otro navegador.<\/li>\r\n<\/ul>\r\n<a class=\"cta-button\" href=\"https:\/\/one.justmarkets.link\/a\/t11xd0xwgz\/id\/registration\/trader\" target=\"_blank\" rel=\"noopener\">Obtenga soporte de inicio de sesi\u00f3n<\/a>\r\n<\/section>\r\n\r\n<!-- Security Tips -->\r\n<section id=\"security\">\r\n<h2>Consejos de seguridad para iniciar sesi\u00f3n<\/h2>\r\n<ul>\r\n<li>Siempre use contrase\u00f1as seguras y \u00fanicas para su cuenta.<\/li>\r\n<li>Habilite la autenticaci\u00f3n de dos factores (2FA) para mayor seguridad.<\/li>\r\n<li>Nunca comparta sus credenciales con nadie.<\/li>\r\n<li>Utilice el sitio web o la aplicaci\u00f3n oficial de JustMarkets para iniciar sesi\u00f3n.<\/li>\r\n<li>Controle regularmente su cuenta para detectar actividades inusuales.<\/li>\r\n<\/ul>\r\n<a class=\"cta-button\" href=\"https:\/\/one.justmarkets.link\/a\/t11xd0xwgz\/id\/registration\/trader\" target=\"_blank\" rel=\"noopener\">Asegure su cuenta<\/a>\r\n<\/section>\r\n\r\n<!-- FAQ -->\r\n<section id=\"faq\">\r\n<h2>Preguntas frecuentes<\/h2>\r\n<div class=\"faq-item\">\r\n<div class=\"faq-question\">\u00bfPuedo iniciar sesi\u00f3n desde varios dispositivos?<\/div>\r\n<div class=\"faq-answer\">S\u00ed, puede iniciar sesi\u00f3n desde varios dispositivos, pero aseg\u00farese de seguir las pautas de seguridad y evitar dispositivos p\u00fablicos compartidos.<\/div>\r\n<\/div>\r\n<div class=\"faq-item\">\r\n<div class=\"faq-question\">\u00bfQu\u00e9 debo hacer si olvido mi contrase\u00f1a?<\/div>\r\n<div class=\"faq-answer\">Haga clic en \u201cOlvid\u00f3 su contrase\u00f1a\u201d en la p\u00e1gina de inicio de sesi\u00f3n y siga las instrucciones para restablecer su contrase\u00f1a por correo electr\u00f3nico.<\/div>\r\n<\/div>\r\n<div class=\"faq-item\">\r\n<div class=\"faq-question\">\u00bfEs obligatoria la autenticaci\u00f3n de dos factores?<\/div>\r\n<div class=\"faq-answer\">Aunque no es obligatorio, es muy recomendable para mejorar la seguridad y la protecci\u00f3n de sus fondos.<\/div>\r\n<\/div>\r\n<div class=\"faq-item\">\r\n<div class=\"faq-question\">\u00bfPor qu\u00e9 no puedo iniciar sesi\u00f3n despu\u00e9s del registro?<\/div>\r\n<div class=\"faq-answer\">Esto puede suceder si su cuenta no est\u00e1 completamente verificada. Complete el env\u00edo y la verificaci\u00f3n de documentos, luego intente nuevamente.<\/div>\r\n<\/div>\r\n<div class=\"faq-item\">\r\n<div class=\"faq-question\">\u00bfC\u00f3mo puedo contactar al soporte si falla el inicio de sesi\u00f3n?<\/div>\r\n<div class=\"faq-answer\">Puede ponerse en contacto con el soporte de JustMarkets 24\/7 a trav\u00e9s de chat en vivo, correo electr\u00f3nico o tel\u00e9fono para obtener ayuda para iniciar sesi\u00f3n.<\/div>\r\n<\/div>\r\n<\/section>\r\n\r\n<a class=\"cta-button\" href=\"https:\/\/one.justmarkets.link\/a\/t11xd0xwgz\/id\/registration\/trader\" target=\"_blank\" rel=\"noopener\">Iniciar sesi\u00f3n o registrarse en JustMarkets<\/a>\r\n\r\n<\/main>\r\n<\/body>\r\n<\/html>\r\n\t\t\t\t<\/div>\n\t\t\t\t\t<\/div>\n\t\t\t\t<\/div>\n\t\t\t\t<\/div>","protected":false},"excerpt":{"rendered":"<p>&nbsp; &nbsp; &nbsp; JustMarkets Login: Complete Guide 2025 Table of Contents Introduction to JustMarkets Login Login via Web Platform Login [&hellip;]<\/p>\n","protected":false},"author":1,"featured_media":0,"parent":0,"menu_order":0,"comment_status":"closed","ping_status":"closed","template":"elementor_header_footer","meta":{"site-sidebar-layout":"no-sidebar","site-content-layout":"","ast-site-content-layout":"full-width-container","site-content-style":"default","site-sidebar-style":"default","ast-global-header-display":"","ast-banner-title-visibility":"","ast-main-header-display":"","ast-hfb-above-header-display":"","ast-hfb-below-header-display":"","ast-hfb-mobile-header-display":"","site-post-title":"","ast-breadcrumbs-content":"","ast-featured-img":"disabled","footer-sml-layout":"","ast-disable-related-posts":"","theme-transparent-header-meta":"default","adv-header-id-meta":"","stick-header-meta":"","header-above-stick-meta":"","header-main-stick-meta":"","header-below-stick-meta":"","astra-migrate-meta-layouts":"set","ast-page-background-enabled":"default","ast-page-background-meta":{"desktop":{"background-color":"var(--ast-global-color-5)","background-image":"","background-repeat":"repeat","background-position":"center center","background-size":"auto","background-attachment":"scroll","background-type":"","background-media":"","overlay-type":"","overlay-color":"","overlay-opacity":"","overlay-gradient":""},"tablet":{"background-color":"","background-image":"","background-repeat":"repeat","background-position":"center center","background-size":"auto","background-attachment":"scroll","background-type":"","background-media":"","overlay-type":"","overlay-color":"","overlay-opacity":"","overlay-gradient":""},"mobile":{"background-color":"","background-image":"","background-repeat":"repeat","background-position":"center center","background-size":"auto","background-attachment":"scroll","background-type":"","background-media":"","overlay-type":"","overlay-color":"","overlay-opacity":"","overlay-gradient":""}},"ast-content-background-meta":{"desktop":{"background-color":"var(--ast-global-color-4)","background-image":"","background-repeat":"repeat","background-position":"center center","background-size":"auto","background-attachment":"scroll","background-type":"","background-media":"","overlay-type":"","overlay-color":"","overlay-opacity":"","overlay-gradient":""},"tablet":{"background-color":"var(--ast-global-color-4)","background-image":"","background-repeat":"repeat","background-position":"center center","background-size":"auto","background-attachment":"scroll","background-type":"","background-media":"","overlay-type":"","overlay-color":"","overlay-opacity":"","overlay-gradient":""},"mobile":{"background-color":"var(--ast-global-color-4)","background-image":"","background-repeat":"repeat","background-position":"center center","background-size":"auto","background-attachment":"scroll","background-type":"","background-media":"","overlay-type":"","overlay-color":"","overlay-opacity":"","overlay-gradient":""}},"footnotes":""},"class_list":["post-451","page","type-page","status-publish","hentry"],"_links":{"self":[{"href":"https:\/\/trustedfxglobal.com\/es\/wp-json\/wp\/v2\/pages\/451","targetHints":{"allow":["GET"]}}],"collection":[{"href":"https:\/\/trustedfxglobal.com\/es\/wp-json\/wp\/v2\/pages"}],"about":[{"href":"https:\/\/trustedfxglobal.com\/es\/wp-json\/wp\/v2\/types\/page"}],"author":[{"embeddable":true,"href":"https:\/\/trustedfxglobal.com\/es\/wp-json\/wp\/v2\/users\/1"}],"replies":[{"embeddable":true,"href":"https:\/\/trustedfxglobal.com\/es\/wp-json\/wp\/v2\/comments?post=451"}],"version-history":[{"count":5,"href":"https:\/\/trustedfxglobal.com\/es\/wp-json\/wp\/v2\/pages\/451\/revisions"}],"predecessor-version":[{"id":456,"href":"https:\/\/trustedfxglobal.com\/es\/wp-json\/wp\/v2\/pages\/451\/revisions\/456"}],"wp:attachment":[{"href":"https:\/\/trustedfxglobal.com\/es\/wp-json\/wp\/v2\/media?parent=451"}],"curies":[{"name":"wp","href":"https:\/\/api.w.org\/{rel}","templated":true}]}}