{"id":812,"date":"2025-12-18T09:15:04","date_gmt":"2025-12-18T09:15:04","guid":{"rendered":"https:\/\/trustedfxglobal.com\/?page_id=812"},"modified":"2025-12-18T09:18:07","modified_gmt":"2025-12-18T09:18:07","slug":"unser-redaktionsteam","status":"publish","type":"page","link":"https:\/\/trustedfxglobal.com\/de\/our-editorial-team\/","title":{"rendered":"Unser Redaktionsteam"},"content":{"rendered":"<div data-elementor-type=\"wp-page\" data-elementor-id=\"812\" class=\"elementor elementor-812\">\n\t\t\t\t<div class=\"elementor-element elementor-element-1d026c6 e-flex e-con-boxed e-con e-parent\" data-id=\"1d026c6\" data-element_type=\"container\" data-e-type=\"container\">\n\t\t\t\t\t<div class=\"e-con-inner\">\n\t\t<div class=\"elementor-element elementor-element-9846997 e-con-full e-flex e-con e-child\" data-id=\"9846997\" data-element_type=\"container\" data-e-type=\"container\">\n\t\t\t\t<div class=\"elementor-element elementor-element-8e113bd elementor-widget elementor-widget-html\" data-id=\"8e113bd\" data-element_type=\"widget\" data-e-type=\"widget\" data-widget_type=\"html.default\">\n\t\t\t\t\t<h1>Autor &amp; Redaktion \u2013 TrustedFxGlobal<\/h1>\r\n\r\n<p>Diese Seite stellt die redaktionellen Beitragenden vor <strong>trustedfxglobal<\/strong>, eine unabh\u00e4ngige Website f\u00fcr Finanzbildung, die sich auf Forex-Handel, Broker-Reviews und Marktbildung konzentriert.<\/p>\r\n\r\n<hr>\r\n\r\n<h2>\u00dcber den Autor<\/h2>\r\n\r\n<h3>Nurhadi<\/h3>\r\n\r\n<p><strong>Rolle:<\/strong> Senior Forex Content Analyst<\/p>\r\n\r\n<p>Nurhadi ist ein Finanz-Content-Writer und Forex-Marktanalyst mit \u00fcber <strong>7 Jahre Erfahrung<\/strong> In Online-Handel, Broker-Evaluierung und Handelsplattform-Analyse.<\/p>\r\n\r\n<p>Seine Arbeit konzentriert sich darauf, H\u00e4ndlern zu helfen, zu verstehen, wie Makler funktionieren, wie Handelskosten die Leistung beeinflussen und wie man Plattformen w\u00e4hlt, die auf den individuellen Handelsanforderungen und nicht auf Marketinganspr\u00fcchen basieren.<\/p>\r\n\r\n<p>Nurhadi hat praktische Erfahrung mit MetaTrader 4 und MetaTrader 5, um Spreads, Ausf\u00fchrungsgeschwindigkeit und Kontobedingungen bei mehreren globalen Brokern zu analysieren.<\/p>\r\n\r\n<h3>Fachgebiete<\/h3>\r\n\r\n<ul>\r\n  <li>Forex &amp; CFD Broker Bewertungen<\/li>\r\n  <li>Handelsplattformen (MT4, MT5, Mobile Apps)<\/li>\r\n  <li>Handelskosten, Spreads und Ausf\u00fchrungsanalyse<\/li>\r\n  <li>Anf\u00e4ngerhandelsausbildung<\/li>\r\n  <li>Bewusstsein f\u00fcr das Risikomanagement<\/li>\r\n<\/ul>\r\n\r\n<h3>Redaktionelle Verantwortung<\/h3>\r\n\r\n<p>Als Teil der trustedfxglobal Redaktion ist David f\u00fcr folgende Aufgaben zust\u00e4ndig:<\/p>\r\n\r\n<ul>\r\n  <li>Recherche nach Broker-Funktionen und Handelsbedingungen<\/li>\r\n  <li>Schreiben und Aktualisieren von Broker-Rezensionen<\/li>\r\n  <li>Gew\u00e4hrleistung der Genauigkeit und Klarheit der Inhalte<\/li>\r\n  <li>Beibehalten neutraler und lehrreicher Ton<\/li>\r\n<\/ul>\r\n\r\n<h3>Redaktionelle Standards<\/h3>\r\n\r\n<p>Alle von David geschriebenen oder \u00fcberpr\u00fcften Artikel folgen den redaktionellen Richtlinien von TrustedFxGlobal, wobei der Schwerpunkt auf Genauigkeit, Transparenz und Benutzerbildung liegt.<\/p>\r\n\r\n<hr>\r\n\r\n<h2>Redaktionelles Engagement<\/h2>\r\n\r\n<p>TrustedFxGlobal verpflichtet sich, zuverl\u00e4ssige Bildungsinhalte bereitzustellen. Unsere Autoren bieten keine Finanzberatung an und verwalten keine Kundengelder.<\/p>\r\n\r\n<p>Die Inhalte werden regelm\u00e4\u00dfig \u00fcberpr\u00fcft, um sicherzustellen, dass sie die aktuellen Broker-Richtlinien und Handelsbedingungen widerspiegeln.<\/p>\r\n\r\n<hr>\r\n\r\n<h2>Kontaktieren Sie die Redaktion<\/h2>\r\n\r\n<p>Bei Fragen zu unseren Inhalten oder veralteten Informationen wenden Sie sich bitte an:<\/p>\r\n\r\n<p>\r\n<strong>E-Mail:<\/strong> <a href=\"mailto:contact@trustedfxglobal.com\">contact@trustedfxglobal.com<\/a>\r\n<\/p>\r\n\t\t\t\t<\/div>\n\t\t\t\t<\/div>\n\t\t\t\t\t<\/div>\n\t\t\t\t<\/div>\n\t\t\t\t<\/div>","protected":false},"excerpt":{"rendered":"<p>Author &amp; Editorial Team \u2013 TrustedFXGlobal This page introduces the editorial contributors behind TrustedFXGlobal, an independent financial education website focused [&hellip;]<\/p>\n","protected":false},"author":1,"featured_media":0,"parent":0,"menu_order":0,"comment_status":"closed","ping_status":"closed","template":"elementor_header_footer","meta":{"site-sidebar-layout":"no-sidebar","site-content-layout":"","ast-site-content-layout":"full-width-container","site-content-style":"default","site-sidebar-style":"default","ast-global-header-display":"","ast-banner-title-visibility":"","ast-main-header-display":"","ast-hfb-above-header-display":"","ast-hfb-below-header-display":"","ast-hfb-mobile-header-display":"","site-post-title":"","ast-breadcrumbs-content":"","ast-featured-img":"disabled","footer-sml-layout":"","ast-disable-related-posts":"","theme-transparent-header-meta":"default","adv-header-id-meta":"","stick-header-meta":"","header-above-stick-meta":"","header-main-stick-meta":"","header-below-stick-meta":"","astra-migrate-meta-layouts":"set","ast-page-background-enabled":"default","ast-page-background-meta":{"desktop":{"background-color":"var(--ast-global-color-5)","background-image":"","background-repeat":"repeat","background-position":"center center","background-size":"auto","background-attachment":"scroll","background-type":"","background-media":"","overlay-type":"","overlay-color":"","overlay-opacity":"","overlay-gradient":""},"tablet":{"background-color":"","background-image":"","background-repeat":"repeat","background-position":"center center","background-size":"auto","background-attachment":"scroll","background-type":"","background-media":"","overlay-type":"","overlay-color":"","overlay-opacity":"","overlay-gradient":""},"mobile":{"background-color":"","background-image":"","background-repeat":"repeat","background-position":"center center","background-size":"auto","background-attachment":"scroll","background-type":"","background-media":"","overlay-type":"","overlay-color":"","overlay-opacity":"","overlay-gradient":""}},"ast-content-background-meta":{"desktop":{"background-color":"var(--ast-global-color-4)","background-image":"","background-repeat":"repeat","background-position":"center center","background-size":"auto","background-attachment":"scroll","background-type":"","background-media":"","overlay-type":"","overlay-color":"","overlay-opacity":"","overlay-gradient":""},"tablet":{"background-color":"var(--ast-global-color-4)","background-image":"","background-repeat":"repeat","background-position":"center center","background-size":"auto","background-attachment":"scroll","background-type":"","background-media":"","overlay-type":"","overlay-color":"","overlay-opacity":"","overlay-gradient":""},"mobile":{"background-color":"var(--ast-global-color-4)","background-image":"","background-repeat":"repeat","background-position":"center center","background-size":"auto","background-attachment":"scroll","background-type":"","background-media":"","overlay-type":"","overlay-color":"","overlay-opacity":"","overlay-gradient":""}},"footnotes":""},"class_list":["post-812","page","type-page","status-publish","hentry"],"_links":{"self":[{"href":"https:\/\/trustedfxglobal.com\/de\/wp-json\/wp\/v2\/pages\/812","targetHints":{"allow":["GET"]}}],"collection":[{"href":"https:\/\/trustedfxglobal.com\/de\/wp-json\/wp\/v2\/pages"}],"about":[{"href":"https:\/\/trustedfxglobal.com\/de\/wp-json\/wp\/v2\/types\/page"}],"author":[{"embeddable":true,"href":"https:\/\/trustedfxglobal.com\/de\/wp-json\/wp\/v2\/users\/1"}],"replies":[{"embeddable":true,"href":"https:\/\/trustedfxglobal.com\/de\/wp-json\/wp\/v2\/comments?post=812"}],"version-history":[{"count":5,"href":"https:\/\/trustedfxglobal.com\/de\/wp-json\/wp\/v2\/pages\/812\/revisions"}],"predecessor-version":[{"id":817,"href":"https:\/\/trustedfxglobal.com\/de\/wp-json\/wp\/v2\/pages\/812\/revisions\/817"}],"wp:attachment":[{"href":"https:\/\/trustedfxglobal.com\/de\/wp-json\/wp\/v2\/media?parent=812"}],"curies":[{"name":"wp","href":"https:\/\/api.w.org\/{rel}","templated":true}]}}