{"id":550,"date":"2025-09-23T19:12:57","date_gmt":"2025-09-23T19:12:57","guid":{"rendered":"https:\/\/trustedfxglobal.com\/?page_id=550"},"modified":"2025-09-23T19:15:35","modified_gmt":"2025-09-23T19:15:35","slug":"laden-sie-mt5-justmarkets-herunter","status":"publish","type":"page","link":"https:\/\/trustedfxglobal.com\/de\/download-mt5-justmarkets\/","title":{"rendered":"JustMarkets MetaTrader 5 (MT5) Leitfaden"},"content":{"rendered":"<div data-elementor-type=\"wp-page\" data-elementor-id=\"550\" class=\"elementor elementor-550\">\n\t\t\t\t<div class=\"elementor-element elementor-element-7ce8b68 e-flex e-con-boxed e-con e-parent\" data-id=\"7ce8b68\" data-element_type=\"container\" data-e-type=\"container\">\n\t\t\t\t\t<div class=\"e-con-inner\">\n\t\t\t\t<div class=\"elementor-element elementor-element-2fe239f elementor-widget elementor-widget-html\" data-id=\"2fe239f\" data-element_type=\"widget\" data-e-type=\"widget\" data-widget_type=\"html.default\">\n\t\t\t\t\t<!DOCTYPE html>\r\n<html lang=\"en\">\r\n<head>\r\n    <meta charset=\"UTF-8\">\r\n    <meta name=\"viewport\" content=\"width=device-width, initial-scale=1.0\">\r\n    <meta name=\"description\" content=\"Umfassender Leitfaden zu JustMarkets MetaTrader 5 (MT5): Funktionen, Installation, Anpassung und FAQs.\">\r\n    <meta name=\"keywords\" content=\"JustMarkets MT5, MetaTrader 5 features, MT5 installation, MT5 customization, MT5 FAQs\">\r\n    <title>JustMarkets MetaTrader 5-Handbuch: Funktionen, Installation und FAQs<\/title>\r\n    <style>\r\n        body {font-family: Arial, sans-serif; margin: 0; padding: 0; background-color: #f4f4f4;}\r\n        main {max-width: 1200px; margin: 30px auto; padding: 20px; background-color: #fff; border-radius: 8px; box-shadow: 0 4px 8px rgba(0, 0, 0, 0.1);}\r\n        h1, h2, h3 {color: #003366;}\r\n        h1 {font-size: 2.5em; margin-bottom: 0.5em;}\r\n        h2 {font-size: 2em; margin-top: 1.5em; margin-bottom: 0.5em;}\r\n        h3 {font-size: 1.5em; margin-top: 1em; margin-bottom: 0.5em;}\r\n        p, ul {line-height: 1.6;}\r\n        ul {padding-left: 20px;}\r\n        a {color: #0077cc; text-decoration: none;}\r\n        a:hover {text-decoration: underline;}\r\n        .cta-button {display: inline-block; background-color: #0077cc; color: white; padding: 10px 20px; border-radius: 5px; margin-top: 20px;}\r\n        .cta-button:hover {background-color: #005fa3;}\r\n        .faq-item {margin-bottom: 20px;}\r\n        .faq-question {font-weight: bold; cursor: pointer;}\r\n        .faq-answer {display: none; margin-top: 5px; padding-left: 20px;}\r\n    <\/style>\r\n    <script>\r\n        document.addEventListener('DOMContentLoaded', function () {\r\n            const faqQuestions = document.querySelectorAll('.faq-question');\r\n            faqQuestions.forEach(function (question) {\r\n                question.addEventListener('click', function () {\r\n                    const answer = this.nextElementSibling;\r\n                    answer.style.display = (answer.style.display === 'block') ? 'none' : 'block';\r\n                });\r\n            });\r\n        });\r\n    <\/script>\r\n<\/head>\r\n<body>\r\n<main>\r\n    <h1>JustMarkets MetaTrader 5 (MT5) Leitfaden<\/h1>\r\n    <p>Willkommen zum umfassenden Leitfaden zu JustMarkets MetaTrader 5 (MT5). Dieser Leitfaden umfasst alles von der Installation bis zu erweiterten Funktionen und stellt sicher, dass Sie das volle Potenzial von MT5 f\u00fcr Ihren Handelserfolg nutzen k\u00f6nnen.<\/p>\r\n    <a href=\"https:\/\/one.justmarkets.link\/a\/t11xd0xwgz\/trading-platforms\/mt5-pc\" class=\"cta-button\" target=\"_blank\" rel=\"noopener\">Laden Sie MT5 f\u00fcr PC herunter<\/a>\r\n\r\n    <h2>Inhaltsverzeichnis<\/h2>\r\n    <ul>\r\n        <li><a href=\"#introduction\">Einf\u00fchrung in MetaTrader 5<\/a><\/li>\r\n        <li><a href=\"#features\">Hauptmerkmale von MT5<\/a><\/li>\r\n        <li><a href=\"#installation\">So installieren Sie MT5<\/a><\/li>\r\n        <li><a href=\"#customization\">Anpassen Ihres MT5-Arbeitsbereichs<\/a><\/li>\r\n        <li><a href=\"#trading\">Ausf\u00fchrung von Trades auf MT5<\/a><\/li>\r\n        <li><a href=\"#tools\">Verwenden von MT5-Tools und -Indikatoren<\/a><\/li>\r\n        <li><a href=\"#mobile\">MT5-Mobile-App<\/a><\/li>\r\n        <li><a href=\"#faq\">H\u00e4ufig gestellte Fragen<\/a><\/li>\r\n    <\/ul>\r\n\r\n    <h2 id=\"introduction\">Einf\u00fchrung in MetaTrader 5<\/h2>\r\n    <p>MetaTrader 5 (MT5) ist eine Multi-Asset-Handelsplattform, die von MetaQuotes Software entwickelt wurde. Es bietet fortschrittliche Charting-Tools, automatisierte Handelsfunktionen und Zugriff auf eine breite Palette von Finanzinstrumenten. MT5 ist der Nachfolger von MetaTrader 4 (MT4) und bietet H\u00e4ndlern erweiterte Funktionen, die nach umfassenderen Analyse- und Handelsoptionen suchen.<\/p>\r\n\r\n    <h2 id=\"features\">Hauptmerkmale von MT5<\/h2>\r\n    <ul>\r\n        <li><strong>Multi-Asset-Handel:<\/strong> Handeln Sie Forex, Aktien, Indizes, Rohstoffe und Kryptow\u00e4hrungen innerhalb einer Plattform.<\/li>\r\n        <li><strong>Erweiterte Chart-Tools:<\/strong> Verwenden Sie 21 Zeitrahmen, 38 technische Indikatoren und 44 grafische Objekte f\u00fcr die eingehende Marktanalyse.<\/li>\r\n        <li><strong>Automatisierter Handel:<\/strong> Entwickeln und implementieren Sie automatisierte Handelsstrategien mit Expert Advisors (EAS) mit der Programmiersprache MQL5.<\/li>\r\n        <li><strong>Wirtschaftskalender:<\/strong> Greifen Sie auf einen integrierten Wirtschaftskalender zu, um \u00fcber marktbewegende Veranstaltungen informiert zu bleiben.<\/li>\r\n        <li><strong>Tiefe des Marktes (DOM):<\/strong> Analysieren Sie die Marktliquidit\u00e4t und f\u00fchren Sie Auftr\u00e4ge pr\u00e4zise aus.<\/li>\r\n        <li><strong>Ein-Klick-Handel:<\/strong> F\u00fchren Sie Trades sofort mit einem einzigen Klick aus, um den schnellen Markteintritt zu beschleunigen.<\/li>\r\n    <\/ul>\r\n\r\n    <h2 id=\"installation\">So installieren Sie MT5<\/h2>\r\n    <p>Befolgen Sie diese Schritte, um MT5 auf Ihrem PC zu installieren:<\/p>\r\n    <ol>\r\n        <li><a href=\"https:\/\/one.justmarkets.link\/a\/t11xd0xwgz\/trading-platforms\/mt5-pc\" target=\"_blank\" rel=\"noopener\">Laden Sie das MT5-Installationsprogramm herunter<\/a> von JustMarkets.<\/li>\r\n        <li>F\u00fchren Sie das Installationsprogramm aus und folgen Sie den Anweisungen auf dem Bildschirm.<\/li>\r\n        <li>Starten Sie MT5 und melden Sie sich mit Ihren Anmeldeinformationen f\u00fcr das JustMarkets-Konto an.<\/li>\r\n        <li>Beginnen Sie mit dem Handel mit den gew\u00fcnschten Instrumenten und richten Sie Ihren Arbeitsbereich ein.<\/li>\r\n    <\/ol>\r\n\r\n    <h2 id=\"customization\">Anpassen Ihres MT5-Arbeitsbereichs<\/h2>\r\n    <p>Personalisieren Sie Ihre MT5-Schnittstelle nach Ihrem Handelsstil:<\/p>\r\n    <ul>\r\n        <li><strong>Diagramm-Layout:<\/strong> Ordnen Sie mehrere Diagramme in einem Rasterlayout f\u00fcr die gleichzeitige Analyse an.<\/li>\r\n        <li><strong>Vorlagen:<\/strong> Speichern Sie die Diagrammeinstellungen als Vorlagen f\u00fcr die schnelle Anwendung in anderen Diagrammen.<\/li>\r\n        <li><strong>Profile:<\/strong> Erstellen Sie Profile, um zu speichern und zwischen verschiedenen Workspace-Konfigurationen zu wechseln.<\/li>\r\n        <li><strong>Hotkeys:<\/strong> Weisen Sie h\u00e4ufig verwendete Funktionen f\u00fcr einen schnelleren Zugriff zu.<\/li>\r\n    <\/ul>\r\n\r\n    <h2 id=\"trading\">Ausf\u00fchrung von Trades auf MT5<\/h2>\r\n    <p>So f\u00fchren Sie einen Handel auf MT5 aus:<\/p>\r\n    <ol>\r\n        <li>W\u00e4hlen Sie das Instrument aus, das Sie handeln m\u00f6chten, im Fenster Market Watch.<\/li>\r\n        <li>Klicken Sie mit der rechten Maustaste auf das Instrument und w\u00e4hlen Sie \"Neue Bestellung\".<\/li>\r\n        <li>Geben Sie Ihre Handelsparameter ein, einschlie\u00dflich Volumen, Stop-Loss, Take-Profit und Auftragstyp.<\/li>\r\n        <li>Klicken Sie auf \"Kaufen\" oder \"Verkaufen\", um den Handel auszuf\u00fchren.<\/li>\r\n    <\/ol>\r\n\r\n    <h2 id=\"tools\">Verwenden von MT5-Tools und -Indikatoren<\/h2>\r\n    <p>Verbessern Sie Ihre Handelsanalyse mit den integrierten Tools von MT5:<\/p>\r\n    <ul>\r\n        <li><strong>Technische Indikatoren:<\/strong> Wenden Sie Indikatoren wie gleitende Durchschnitte, RSI, MACD und mehr auf Ihre Diagramme an.<\/li>\r\n        <li><strong>Grafische Objekte:<\/strong> Verwenden Sie Trendlinien, Kan\u00e4le, Fibonacci-Retracements und andere Tools f\u00fcr die technische Analyse.<\/li>\r\n        <li><strong>Markttiefe:<\/strong> Zeigen Sie Echtzeit-Marktliquidit\u00e4t und Auftragsbuchdaten an.<\/li>\r\n        <li><strong>Wirtschaftskalender:<\/strong> \u00dcberwachen Sie bevorstehende wirtschaftliche Ereignisse, die sich auf die Marktbedingungen auswirken k\u00f6nnen.<\/li>\r\n    <\/ul>\r\n\r\n    <h2 id=\"mobile\">MT5-Mobile-App<\/h2>\r\n    <p>Trading unterwegs mit der MT5 Mobile App:<\/p>\r\n    <ul>\r\n        <li><strong>Portabilit\u00e4t:<\/strong> Greifen Sie von \u00fcberall aus mit Ihrem Smartphone oder Tablet auf Ihr Handelskonto zu.<\/li>\r\n        <li><strong>Echtzeitdaten:<\/strong> Erhalten Sie Echtzeit-Angebote, Diagramme und Nachrichtenaktualisierungen.<\/li>\r\n        <li><strong>Auftragsverwaltung:<\/strong> Bestellen, \u00e4ndern und schlie\u00dfen Sie Bestellungen direkt \u00fcber die mobile App.<\/li>\r\n        <li><strong>Push-Benachrichtigungen:<\/strong> Bleiben Sie mit sofortigen Benachrichtigungen \u00fcber Preisbewegungen und Nachrichtenereignisse informiert.<\/li>\r\n    <\/ul>\r\n\r\n    <h2 id=\"faq\">H\u00e4ufig gestellte Fragen<\/h2>\r\n    <div class=\"faq-item\">\r\n        <div class=\"faq-question\">Was ist der Unterschied zwischen MT4 und MT5?<\/div>\r\n        <div class=\"faq-answer\">\r\n            <p>MT5 bietet zus\u00e4tzliche Funktionen wie Multi-Asset-Trading, mehr Zeitrahmen und einen integrierten Wirtschaftskalender, wodurch es f\u00fcr fortgeschrittene H\u00e4ndler besser geeignet ist.<\/p>\r\n        <\/div>\r\n    <\/div>\r\n    <div class=\"faq-item\">\r\n        <div class=\"faq-question\">Kann ich Expert Advisors (EAS) in MT5 verwenden?<\/div>\r\n        <div class=\"faq-answer\">\r\n            <p>Ja, MT5 unterst\u00fctzt den automatisierten Handel durch Expert Advisors, die unter Verwendung der Programmiersprache MQL5 entwickelt wurden.<\/p>\r\n        <\/div>\r\n    <\/div>\r\n    <div class=\"faq-item\">\r\n        <div class=\"faq-question\">Gibt es eine mobile Version von MT5?<\/div>\r\n        <div class=\"faq-answer\">\r\n            <p>Ja, MT5 ist als mobile App sowohl f\u00fcr iOS- als auch f\u00fcr Android-Ger\u00e4te verf\u00fcgbar, sodass Sie unterwegs handeln k\u00f6nnen.<\/p>\r\n        <\/div>\r\n    <\/div>\r\n    <div class=\"faq-item\">\r\n        <div class=\"faq-question\">Wie kann ich den Wirtschaftskalender in MT5 aufrufen?<\/div>\r\n        <div class=\"faq-answer\">\r\n            <p>\u00d6ffnen Sie das Fenster \"Toolbox\" und klicken Sie auf die Registerkarte \"Kalender\", um den integrierten Wirtschaftskalender in MT5 anzuzeigen.<\/p>\r\n        <\/div>\r\n\r\n    <\/div>\r\n    <div class=\"faq-item\">\r\n        <div class=\"faq-question\">Kann ich meinen MT5-Arbeitsbereich anpassen?<\/div>\r\n        <div class=\"faq-answer\">\r\n            <p>Ja, MT5 erm\u00f6glicht eine vollst\u00e4ndige Anpassung, einschlie\u00dflich Diagrammvorlagen, Profilen, Hotkeys und mehreren Diagrammlayouts f\u00fcr eine effiziente Analyse.<\/p>\r\n        <\/div>\r\n    <\/div>\r\n    <div class=\"faq-item\">\r\n        <div class=\"faq-question\">Wie lade ich MT5 f\u00fcr JustMarkets herunter?<\/div>\r\n        <div class=\"faq-answer\">\r\n            <p>Mit diesem Link k\u00f6nnen Sie die MT5-Plattform f\u00fcr PC herunterladen: <a href=\"https:\/\/one.justmarkets.link\/a\/t11xd0xwgz\/trading-platforms\/mt5-pc\" target=\"_blank\" rel=\"noopener\">Laden Sie MT5 f\u00fcr PC herunter<\/a>.<\/p>\r\n        <\/div>\r\n    <\/div>\r\n    <div class=\"faq-item\">\r\n        <div class=\"faq-question\">Sind MT5-Konten mit MT4 kompatibel?<\/div>\r\n        <div class=\"faq-answer\">\r\n            <p>Nein, MT5-Konten sind von MT4-Konten getrennt. Beim Plattformwechseln m\u00fcssen Sie ein separates Konto erstellen.<\/p>\r\n        <\/div>\r\n    <\/div>\r\n    <div class=\"faq-item\">\r\n        <div class=\"faq-question\">Welche Handelsinstrumente sind auf MT5 verf\u00fcgbar?<\/div>\r\n        <div class=\"faq-answer\">\r\n            <p>MT5 unterst\u00fctzt Forex, CFDs auf Aktien, Indizes, Rohstoffe und Kryptow\u00e4hrungen und bietet eine Handelsumgebung mit mehreren Assets.<\/p>\r\n        <\/div>\r\n    <\/div>\r\n    <div class=\"faq-item\">\r\n        <div class=\"faq-question\">Kann ich MT5 f\u00fcr automatisierte Handelsstrategien verwenden?<\/div>\r\n        <div class=\"faq-answer\">\r\n            <p>Ja, MT5 unterst\u00fctzt den automatisierten Handel \u00fcber Expert Advisors (EAS) und in MQL5 entwickelte kundenspezifische Indikatoren.<\/p>\r\n        <\/div>\r\n    <\/div>\r\n\r\n    <a href=\"https:\/\/one.justmarkets.link\/a\/t11xd0xwgz\/trading-platforms\/mt5-pc\" class=\"cta-button\" target=\"_blank\" rel=\"noopener\">Laden Sie MT5 herunter und beginnen Sie mit dem Handel<\/a>\r\n<\/main>\r\n<\/body>\r\n<\/html>\r\n\r\n \r\n\t\t\t\t<\/div>\n\t\t\t\t\t<\/div>\n\t\t\t\t<\/div>\n\t\t\t\t<\/div>","protected":false},"excerpt":{"rendered":"<p>&nbsp; &nbsp; &nbsp; JustMarkets MetaTrader 5 (MT5) Guide Welcome to the comprehensive guide on JustMarkets MetaTrader 5 (MT5). This guide [&hellip;]<\/p>\n","protected":false},"author":1,"featured_media":0,"parent":0,"menu_order":0,"comment_status":"closed","ping_status":"closed","template":"elementor_header_footer","meta":{"site-sidebar-layout":"no-sidebar","site-content-layout":"","ast-site-content-layout":"full-width-container","site-content-style":"default","site-sidebar-style":"default","ast-global-header-display":"","ast-banner-title-visibility":"","ast-main-header-display":"","ast-hfb-above-header-display":"","ast-hfb-below-header-display":"","ast-hfb-mobile-header-display":"","site-post-title":"","ast-breadcrumbs-content":"","ast-featured-img":"disabled","footer-sml-layout":"","ast-disable-related-posts":"","theme-transparent-header-meta":"default","adv-header-id-meta":"","stick-header-meta":"","header-above-stick-meta":"","header-main-stick-meta":"","header-below-stick-meta":"","astra-migrate-meta-layouts":"set","ast-page-background-enabled":"default","ast-page-background-meta":{"desktop":{"background-color":"var(--ast-global-color-5)","background-image":"","background-repeat":"repeat","background-position":"center center","background-size":"auto","background-attachment":"scroll","background-type":"","background-media":"","overlay-type":"","overlay-color":"","overlay-opacity":"","overlay-gradient":""},"tablet":{"background-color":"","background-image":"","background-repeat":"repeat","background-position":"center center","background-size":"auto","background-attachment":"scroll","background-type":"","background-media":"","overlay-type":"","overlay-color":"","overlay-opacity":"","overlay-gradient":""},"mobile":{"background-color":"","background-image":"","background-repeat":"repeat","background-position":"center center","background-size":"auto","background-attachment":"scroll","background-type":"","background-media":"","overlay-type":"","overlay-color":"","overlay-opacity":"","overlay-gradient":""}},"ast-content-background-meta":{"desktop":{"background-color":"var(--ast-global-color-4)","background-image":"","background-repeat":"repeat","background-position":"center center","background-size":"auto","background-attachment":"scroll","background-type":"","background-media":"","overlay-type":"","overlay-color":"","overlay-opacity":"","overlay-gradient":""},"tablet":{"background-color":"var(--ast-global-color-4)","background-image":"","background-repeat":"repeat","background-position":"center center","background-size":"auto","background-attachment":"scroll","background-type":"","background-media":"","overlay-type":"","overlay-color":"","overlay-opacity":"","overlay-gradient":""},"mobile":{"background-color":"var(--ast-global-color-4)","background-image":"","background-repeat":"repeat","background-position":"center center","background-size":"auto","background-attachment":"scroll","background-type":"","background-media":"","overlay-type":"","overlay-color":"","overlay-opacity":"","overlay-gradient":""}},"footnotes":""},"class_list":["post-550","page","type-page","status-publish","hentry"],"_links":{"self":[{"href":"https:\/\/trustedfxglobal.com\/de\/wp-json\/wp\/v2\/pages\/550","targetHints":{"allow":["GET"]}}],"collection":[{"href":"https:\/\/trustedfxglobal.com\/de\/wp-json\/wp\/v2\/pages"}],"about":[{"href":"https:\/\/trustedfxglobal.com\/de\/wp-json\/wp\/v2\/types\/page"}],"author":[{"embeddable":true,"href":"https:\/\/trustedfxglobal.com\/de\/wp-json\/wp\/v2\/users\/1"}],"replies":[{"embeddable":true,"href":"https:\/\/trustedfxglobal.com\/de\/wp-json\/wp\/v2\/comments?post=550"}],"version-history":[{"count":5,"href":"https:\/\/trustedfxglobal.com\/de\/wp-json\/wp\/v2\/pages\/550\/revisions"}],"predecessor-version":[{"id":556,"href":"https:\/\/trustedfxglobal.com\/de\/wp-json\/wp\/v2\/pages\/550\/revisions\/556"}],"wp:attachment":[{"href":"https:\/\/trustedfxglobal.com\/de\/wp-json\/wp\/v2\/media?parent=550"}],"curies":[{"name":"wp","href":"https:\/\/api.w.org\/{rel}","templated":true}]}}