{"id":511,"date":"2025-09-23T18:43:05","date_gmt":"2025-09-23T18:43:05","guid":{"rendered":"https:\/\/trustedfxglobal.com\/?page_id=511"},"modified":"2026-04-19T03:26:40","modified_gmt":"2026-04-19T03:26:40","slug":"justmarkets-einzahlungs-ruckzugsfuhrer","status":"publish","type":"page","link":"https:\/\/trustedfxglobal.com\/de\/justmarkets-deposit-withdrawal-guide\/","title":{"rendered":"JustMarkets Deposit and Withdrawal Guide 2026 : Methods, Fees, and FAQs"},"content":{"rendered":"<div data-elementor-type=\"wp-page\" data-elementor-id=\"511\" class=\"elementor elementor-511\">\n\t\t\t\t<div class=\"elementor-element elementor-element-3fa5858 e-flex e-con-boxed e-con e-parent\" data-id=\"3fa5858\" data-element_type=\"container\" data-e-type=\"container\">\n\t\t\t\t\t<div class=\"e-con-inner\">\n\t\t\t\t<div class=\"elementor-element elementor-element-1e04ae7 elementor-widget elementor-widget-html\" data-id=\"1e04ae7\" data-element_type=\"widget\" data-e-type=\"widget\" data-widget_type=\"html.default\">\n\t\t\t\t\t<!DOCTYPE html>\r\n<html lang=\"en\">\r\n<head>\r\n<meta charset=\"UTF-8\">\r\n<meta name=\"viewport\" content=\"width=device-width, initial-scale=1.0\">\r\n<meta name=\"title\" content=\"JustMarkets Deposit and Withdrawal Guide: Methods, Fees, and FAQs\">\r\n<meta name=\"description\" content=\"Erfahren Sie alles \u00fcber Ein- und Auszahlungsprozess von JustMarkets. Schritt-f\u00fcr-Schritt-Anleitung, unterst\u00fctzte Methoden, Geb\u00fchren, Bearbeitungszeiten, Sicherheitsma\u00dfnahmen und FAQs.\">\r\n<meta name=\"keywords\" content=\"JustMarkets deposit, JustMarkets withdrawal, JustMarkets funding, deposit methods, withdrawal fees, forex deposit withdrawal\">\r\n<title>Ein- und Auszahlungsleitfaden von JustMarkets: Methoden, Geb\u00fchren und FAQs<\/title>\r\n<style>\r\nbody {font-family:'Segoe UI', Tahoma, Geneva, Verdana, sans-serif; margin:0; padding:0; background:#f4f6f8; color:#333;}\r\nmain {max-width:1200px; margin:30px auto; padding:30px; background:#ffffff; border-radius:12px; box-shadow:0 5px 25px rgba(0,0,0,0.08);}\r\nh1,h2,h3 {margin-top:30px;}\r\nh1 {color:#003366; font-size:2.5em;}\r\nh2 {color:#003366; font-size:2em;}\r\nh3 {color:#333333; font-size:1.5em;}\r\np, li {line-height:1.8;}\r\nul, ol {padding-left:20px;}\r\ntable {width:100%; border-collapse:collapse; margin:20px 0;}\r\ntable, th, td {border:1px solid #ccc;}\r\nth, td {padding:12px; text-align:left;}\r\na.cta-button {display:inline-block; background:#003366; color:#ffffff; padding:14px 28px; border-radius:8px; font-weight:bold; text-decoration:none; transition:0.3s; margin-top:15px; box-shadow:0 5px 15px rgba(0,51,102,0.4);}\r\na.cta-button:hover {background:#0077cc; transform:translateY(-2px);}\r\n.faq-item {margin-bottom:25px;}\r\n.faq-question {font-weight:bold; color:#003366; cursor:pointer; padding:10px; background:#e6f0fa; border-radius:6px;}\r\n.faq-answer {margin-top:8px; padding-left:15px; display:none; color:#333;}\r\n@media(max-width:768px){h1{font-size:2em;} h2{font-size:1.5em;}}\r\n<\/style>\r\n<script>\r\ndocument.addEventListener('DOMContentLoaded', function(){\r\n    const items = document.querySelectorAll('.faq-question');\r\n    items.forEach(item=>{\r\n        item.addEventListener('click', ()=>{\r\n            const ans = item.nextElementSibling;\r\n            ans.style.display = (ans.style.display==='block')?'none':'block';\r\n        });\r\n    });\r\n});\r\n<\/script>\r\n<\/head>\r\n<body>\r\n<main>\r\n<h1>Ein- und Auszahlungsleitfaden von JustMarkets: Methoden, Geb\u00fchren und FAQs<\/h1>\r\n\r\n<!-- Table of Contents -->\r\n<section id=\"table-of-contents\">\r\n<h2>Inhaltsverzeichnis<\/h2>\r\n<ol>\r\n<li><a href=\"#introduction\">Einf\u00fchrung in JustMarkets Ein- und Auszahlung<\/a><\/li>\r\n<li><a href=\"#payment-methods\">Unterst\u00fctzte Zahlungsmethoden<\/a><\/li>\r\n<li><a href=\"#deposit-process\">Einzahlungsprozess<\/a><\/li>\r\n<li><a href=\"#withdrawal-process\">Auszahlungsprozess<\/a><\/li>\r\n<li><a href=\"#fees\">Geb\u00fchren und Geb\u00fchren<\/a><\/li>\r\n<li><a href=\"#processing-times\">Bearbeitungszeiten<\/a><\/li>\r\n<li><a href=\"#security\">Sicherheitsma\u00dfnahmen<\/a><\/li>\r\n<li><a href=\"#troubleshooting\">H\u00e4ufige Probleme und Fehlerbehebung<\/a><\/li>\r\n<li><a href=\"#faq\">H\u00e4ufig gestellte Fragen<\/a><\/li>\r\n<\/ol>\r\n<\/section>\r\n\r\n<!-- Introduction -->\r\n<section id=\"introduction\">\r\n<h2>Einf\u00fchrung in JustMarkets Ein- und Auszahlung<\/h2>\r\n<p>JustMarkets bietet mehrere Optionen f\u00fcr die Ein- und Auszahlung von Geldern, die den H\u00e4ndlern weltweit Flexibilit\u00e4t und Komfort gew\u00e4hrleisten. Das Verst\u00e4ndnis der Ein- und Auszahlungsprozesse ist der Schl\u00fcssel zur effizienten Verwaltung Ihres Handelskapitals.<\/p>\r\n<a class=\"cta-button\" href=\"https:\/\/one.justmarkets.link\/a\/t11xd0xwgz\/trading\/deposit-withdrawal\" target=\"_blank\" rel=\"noopener\">Jetzt ein- oder auszahlen<\/a>\r\n<\/section>\r\n\r\n<!-- Payment Methods -->\r\n<section id=\"payment-methods\">\r\n<h2>Unterst\u00fctzte Zahlungsmethoden<\/h2>\r\n<h3>Bankkarten<\/h3>\r\n<p>Visa und MasterCard werden f\u00fcr Einzahlungen akzeptiert. Einzahlungen werden sofort bearbeitet, Abhebungen \u00fcber Bankkarten werden jedoch nicht unterst\u00fctzt.<\/p>\r\n\r\n<h3>E-Wallets<\/h3>\r\n<p>Unterst\u00fctzte E-Wallets sind Skrill, Neteller, Sticpay und AirTM. Einzahlungen sind sofort und die Auszahlungen werden in der Regel innerhalb von 2 Stunden bearbeitet.<\/p>\r\n\r\n<h3>Kryptow\u00e4hrungen<\/h3>\r\n<p>JustMarkets unterst\u00fctzt USDT, BTC, ETH, USDC, TRX, DOGE, XRP, BCH und LTC. Die Ein- und Auszahlungszeiten reichen von sofort bis 2 Stunden.<\/p>\r\n\r\n<h3>\u00dcberweisungen<\/h3>\r\n<p>\u00dcberweisungen werden mit Bearbeitungszeiten von augenblicklich bis 1 Werktag akzeptiert.<\/p>\r\n\r\n<h3>Lokale Zahlungssysteme<\/h3>\r\n<p>Zahlungsl\u00f6sungen wie Peter Wagih und FX Magician sind in ausgew\u00e4hlten Regionen verf\u00fcgbar. Ein- und Auszahlungen k\u00f6nnen bis zu 24 Stunden dauern.<\/p>\r\n<a class=\"cta-button\" href=\"https:\/\/one.justmarkets.link\/a\/t11xd0xwgz\/trading\/deposit-withdrawal\" target=\"_blank\" rel=\"noopener\">Beginnen Sie mit der Finanzierung Ihres Kontos<\/a>\r\n<\/section>\r\n\r\n<!-- Deposit Process -->\r\n<section id=\"deposit-process\">\r\n<h2>Einzahlungsprozess: Schritt f\u00fcr Schritt<\/h2>\r\n<ol>\r\n<li>Melden Sie sich bei Ihrem JustMarkets-Konto an.<\/li>\r\n<li>aufsuchen <strong>Finanzierung &gt; Anzahlung<\/strong>.<\/li>\r\n<li>W\u00e4hlen Sie Ihre bevorzugte Zahlungsmethode aus.<\/li>\r\n<li>Geben Sie den Einzahlungsbetrag ein.<\/li>\r\n<li>Geben Sie die erforderlichen Zahlungsdetails an.<\/li>\r\n<li>Best\u00e4tigen Sie die Transaktion.<\/li>\r\n<\/ol>\r\n<p>Einzahlungen werden in der Regel sofort bearbeitet. Jede Verz\u00f6gerung ist oft dem Zahlungsanbieter zu verdanken.<\/p>\r\n<a class=\"cta-button\" href=\"https:\/\/one.justmarkets.link\/a\/t11xd0xwgz\/trading\/deposit-withdrawal\" target=\"_blank\" rel=\"noopener\">eine Kaution t\u00e4tigen<\/a>\r\n<\/section>\r\n\r\n<!-- Withdrawal Process -->\r\n<section id=\"withdrawal-process\">\r\n<h2>Abhebungsprozess: Schritt f\u00fcr Schritt<\/h2>\r\n<ol>\r\n<li>Melden Sie sich bei Ihrem JustMarkets-Konto an.<\/li>\r\n<li>navigieren zu <strong>Finanzierung &gt; R\u00fccknahme<\/strong>.<\/li>\r\n<li>W\u00e4hlen Sie das Handelskonto aus, von dem Sie sich abheben m\u00f6chten.<\/li>\r\n<li>W\u00e4hlen Sie Ihre Auszahlungsmethode.<\/li>\r\n<li>Geben Sie den Auszahlungsbetrag ein.<\/li>\r\n<li>Best\u00e4tigen Sie die Transaktion.<\/li>\r\n<\/ol>\r\n<p>Auszahlungen werden vom Finanzteam von JustMarkets bearbeitet. Die Bearbeitungszeiten h\u00e4ngen von der gew\u00e4hlten Zahlungsmethode ab.<\/p>\r\n<a class=\"cta-button\" href=\"https:\/\/one.justmarkets.link\/a\/t11xd0xwgz\/trading\/deposit-withdrawal\" target=\"_blank\" rel=\"noopener\">Geld abheben<\/a>\r\n<\/section>\r\n\r\n<!-- Fees -->\r\n<section id=\"fees\">\r\n<h2>Geb\u00fchren und Geb\u00fchren<\/h2>\r\n<ul>\r\n<li>JustMarkets erhebt keine Geb\u00fchren f\u00fcr Ein- oder Auszahlungen.<\/li>\r\n<li>Drittanbieter k\u00f6nnen eigene Geb\u00fchren erheben.<\/li>\r\n<li>\u00dcberpr\u00fcfen Sie die Geb\u00fchren immer bei Ihrem Zahlungsanbieter, bevor Sie eine Transaktion einleiten.<\/li>\r\n<\/ul>\r\n<a class=\"cta-button\" href=\"https:\/\/one.justmarkets.link\/a\/t11xd0xwgz\/trading\/deposit-withdrawal\" target=\"_blank\" rel=\"noopener\">Zahlungsgeb\u00fchren \u00fcberpr\u00fcfen<\/a>\r\n<\/section>\r\n\r\n<!-- Processing Times -->\r\n<section id=\"processing-times\">\r\n<h2>Bearbeitungszeiten<\/h2>\r\n<table>\r\n<tr>\r\n<th>Zahlungsmethode<\/th>\r\n<th>Einzahlungszeit<\/th>\r\n<th>Abhebungszeit<\/th>\r\n<\/tr>\r\n<tr>\r\n<td>Bankkarten<\/td>\r\n<td>augenblick<\/td>\r\n<td>Nicht unterst\u00fctzt<\/td>\r\n<\/tr>\r\n<tr>\r\n<td>E-Wallets<\/td>\r\n<td>augenblick<\/td>\r\n<td>Sofort bis 2 Stunden<\/td>\r\n<\/tr>\r\n<tr>\r\n<td>Kryptow\u00e4hrungen<\/td>\r\n<td>Sofort bis 30 Minuten<\/td>\r\n<td>Sofort bis 2 Stunden<\/td>\r\n<\/tr>\r\n<tr>\r\n<td>\u00dcberweisungen<\/td>\r\n<td>Sofort bis 1 Werktag<\/td>\r\n<td>Sofort bis 1 Werktag<\/td>\r\n<\/tr>\r\n<tr>\r\n<td>Lokale Zahlungen<\/td>\r\n<td>Sofort bis 24 Stunden<\/td>\r\n<td>Sofort bis 24 Stunden<\/td>\r\n<\/tr>\r\n<\/table>\r\n<a class=\"cta-button\" href=\"https:\/\/one.justmarkets.link\/a\/t11xd0xwgz\/trading\/deposit-withdrawal\" target=\"_blank\" rel=\"noopener\">Zahlungszeiten anzeigen<\/a>\r\n<\/section>\r\n\r\n<!-- Security -->\r\n<section id=\"security\">\r\n<h2>Sicherheitsma\u00dfnahmen<\/h2>\r\n<ul>\r\n<li>Zwei-Faktor-Authentifizierung (2FA) f\u00fcr zus\u00e4tzlichen Kontoschutz<\/li>\r\n<li>SSL-Verschl\u00fcsselung f\u00fcr sichere Kommunikation<\/li>\r\n<li>Getrennte Kundengelder f\u00fcr die Sicherheit<\/li>\r\n<li>Einhaltung der Richtlinien zur Bek\u00e4mpfung der Geldw\u00e4scherei (AML).<\/li>\r\n<\/ul>\r\n<a class=\"cta-button\" href=\"https:\/\/one.justmarkets.link\/a\/t11xd0xwgz\/trading\/deposit-withdrawal\" target=\"_blank\" rel=\"noopener\">Sichern Sie Ihr Konto<\/a>\r\n<\/section>\r\n\r\n<!-- Troubleshooting -->\r\n<section id=\"troubleshooting\">\r\n<h2>H\u00e4ufige Probleme und Fehlerbehebung<\/h2>\r\n<ul>\r\n<li>Versp\u00e4tete Einzahlungen \u2013 Scheck bei deinem Zahlungsanbieter.<\/li>\r\n<li>Abhebung nicht bearbeitet \u2013 Konto verifiziert.<\/li>\r\n<li>Zahlungsmethodenbeschr\u00e4nkungen \u2013 nicht alle Methoden sind in jedem Land verf\u00fcgbar.<\/li>\r\n<li>Plattformfehler \u2013 Stellen Sie sicher, dass die neueste Version von MT4\/MT5 oder mobile App verwendet wird.<\/li>\r\n<\/ul>\r\n<a class=\"cta-button\" href=\"https:\/\/one.justmarkets.link\/a\/t11xd0xwgz\/trading\/deposit-withdrawal\" target=\"_blank\" rel=\"noopener\">Unterst\u00fctzung bekommen<\/a>\r\n<\/section>\r\n\r\n<!-- FAQ -->\r\n<section id=\"faq\">\r\n<h2>H\u00e4ufig gestellte Fragen<\/h2>\r\n<div class=\"faq-item\">\r\n<div class=\"faq-question\">Was ist die Mindesteinzahlung?<\/div>\r\n<div class=\"faq-answer\">Die Mindesteinzahlung h\u00e4ngt vom Kontotyp ab: Standard: $10, Pro: $200, Rohspread: $200.<\/div>\r\n<\/div>\r\n<div class=\"faq-item\">\r\n<div class=\"faq-question\">Gibt es Geb\u00fchren f\u00fcr Ein- oder Auszahlungen?<\/div>\r\n<div class=\"faq-answer\">JustMarkets erhebt keine Geb\u00fchren, aber Drittanbieter k\u00f6nnen Geb\u00fchren erheben.<\/div>\r\n<\/div>\r\n<div class=\"faq-item\">\r\n<div class=\"faq-question\">Wie lange dauern Abhebungen?<\/div>\r\n<div class=\"faq-answer\">Abhebungen h\u00e4ngen von der Zahlungsmethode ab: E-Wallets: Sofort bis 2 Stunden, Kryptow\u00e4hrungen: Sofort bis 2 Stunden, \u00dcberweisungen: 1 Werktag, lokale Zahlungen: Sofort bis 24 Stunden.<\/div>\r\n<\/div>\r\n<div class=\"faq-item\">\r\n<div class=\"faq-question\">Kann ich eine Zahlungsmethode eines Drittanbieters verwenden?<\/div>\r\n<div class=\"faq-answer\">Nein, nur unter Ihrem Namen registrierte Zahlungsmethoden werden f\u00fcr Ein- und Auszahlungen akzeptiert.<\/div>\r\n<\/div>\r\n<\/section>\r\n\r\n<a class=\"cta-button\" href=\"https:\/\/one.justmarkets.link\/a\/t11xd0xwgz\/trading\/deposit-withdrawal\" target=\"_blank\" rel=\"noopener\">Jetzt ein- oder auszahlen<\/a>\r\n\r\n<\/main>\r\n<\/body>\r\n<\/html>\r\n\t\t\t\t<\/div>\n\t\t\t\t\t<\/div>\n\t\t\t\t<\/div>\n\t\t\t\t<\/div>","protected":false},"excerpt":{"rendered":"<p>&nbsp; &nbsp; &nbsp; JustMarkets Deposit and Withdrawal Guide: Methods, Fees, and FAQs Table of Contents Introduction to JustMarkets Deposit and [&hellip;]<\/p>\n","protected":false},"author":1,"featured_media":0,"parent":0,"menu_order":0,"comment_status":"closed","ping_status":"closed","template":"elementor_header_footer","meta":{"site-sidebar-layout":"no-sidebar","site-content-layout":"","ast-site-content-layout":"full-width-container","site-content-style":"default","site-sidebar-style":"default","ast-global-header-display":"","ast-banner-title-visibility":"","ast-main-header-display":"","ast-hfb-above-header-display":"","ast-hfb-below-header-display":"","ast-hfb-mobile-header-display":"","site-post-title":"","ast-breadcrumbs-content":"","ast-featured-img":"disabled","footer-sml-layout":"","ast-disable-related-posts":"","theme-transparent-header-meta":"default","adv-header-id-meta":"","stick-header-meta":"","header-above-stick-meta":"","header-main-stick-meta":"","header-below-stick-meta":"","astra-migrate-meta-layouts":"set","ast-page-background-enabled":"default","ast-page-background-meta":{"desktop":{"background-color":"var(--ast-global-color-5)","background-image":"","background-repeat":"repeat","background-position":"center center","background-size":"auto","background-attachment":"scroll","background-type":"","background-media":"","overlay-type":"","overlay-color":"","overlay-opacity":"","overlay-gradient":""},"tablet":{"background-color":"","background-image":"","background-repeat":"repeat","background-position":"center center","background-size":"auto","background-attachment":"scroll","background-type":"","background-media":"","overlay-type":"","overlay-color":"","overlay-opacity":"","overlay-gradient":""},"mobile":{"background-color":"","background-image":"","background-repeat":"repeat","background-position":"center center","background-size":"auto","background-attachment":"scroll","background-type":"","background-media":"","overlay-type":"","overlay-color":"","overlay-opacity":"","overlay-gradient":""}},"ast-content-background-meta":{"desktop":{"background-color":"var(--ast-global-color-4)","background-image":"","background-repeat":"repeat","background-position":"center center","background-size":"auto","background-attachment":"scroll","background-type":"","background-media":"","overlay-type":"","overlay-color":"","overlay-opacity":"","overlay-gradient":""},"tablet":{"background-color":"var(--ast-global-color-4)","background-image":"","background-repeat":"repeat","background-position":"center center","background-size":"auto","background-attachment":"scroll","background-type":"","background-media":"","overlay-type":"","overlay-color":"","overlay-opacity":"","overlay-gradient":""},"mobile":{"background-color":"var(--ast-global-color-4)","background-image":"","background-repeat":"repeat","background-position":"center center","background-size":"auto","background-attachment":"scroll","background-type":"","background-media":"","overlay-type":"","overlay-color":"","overlay-opacity":"","overlay-gradient":""}},"footnotes":""},"class_list":["post-511","page","type-page","status-publish","hentry"],"_links":{"self":[{"href":"https:\/\/trustedfxglobal.com\/de\/wp-json\/wp\/v2\/pages\/511","targetHints":{"allow":["GET"]}}],"collection":[{"href":"https:\/\/trustedfxglobal.com\/de\/wp-json\/wp\/v2\/pages"}],"about":[{"href":"https:\/\/trustedfxglobal.com\/de\/wp-json\/wp\/v2\/types\/page"}],"author":[{"embeddable":true,"href":"https:\/\/trustedfxglobal.com\/de\/wp-json\/wp\/v2\/users\/1"}],"replies":[{"embeddable":true,"href":"https:\/\/trustedfxglobal.com\/de\/wp-json\/wp\/v2\/comments?post=511"}],"version-history":[{"count":6,"href":"https:\/\/trustedfxglobal.com\/de\/wp-json\/wp\/v2\/pages\/511\/revisions"}],"predecessor-version":[{"id":1237,"href":"https:\/\/trustedfxglobal.com\/de\/wp-json\/wp\/v2\/pages\/511\/revisions\/1237"}],"wp:attachment":[{"href":"https:\/\/trustedfxglobal.com\/de\/wp-json\/wp\/v2\/media?parent=511"}],"curies":[{"name":"wp","href":"https:\/\/api.w.org\/{rel}","templated":true}]}}