{"id":504,"date":"2025-09-23T18:38:07","date_gmt":"2025-09-23T18:38:07","guid":{"rendered":"https:\/\/trustedfxglobal.com\/?page_id=504"},"modified":"2025-09-23T18:39:36","modified_gmt":"2025-09-23T18:39:36","slug":"justmarkets-raw-spread-konto","status":"publish","type":"page","link":"https:\/\/trustedfxglobal.com\/de\/justmarkets-raw-spread-account\/","title":{"rendered":"JustMarkets Raw Spread Account Guide: Features, Vergleich &amp; FAQs | TrustedFXGlobal"},"content":{"rendered":"<div data-elementor-type=\"wp-page\" data-elementor-id=\"504\" class=\"elementor elementor-504\">\n\t\t\t\t<div class=\"elementor-element elementor-element-83e4778 e-flex e-con-boxed e-con e-parent\" data-id=\"83e4778\" data-element_type=\"container\" data-e-type=\"container\">\n\t\t\t\t\t<div class=\"e-con-inner\">\n\t\t\t\t<div class=\"elementor-element elementor-element-56c4ee0 elementor-widget elementor-widget-html\" data-id=\"56c4ee0\" data-element_type=\"widget\" data-e-type=\"widget\" data-widget_type=\"html.default\">\n\t\t\t\t\t<!DOCTYPE html>\r\n<html lang=\"en\">\r\n<head>\r\n<meta charset=\"UTF-8\">\r\n<meta name=\"viewport\" content=\"width=device-width, initial-scale=1.0\">\r\n<meta name=\"title\" content=\"JustMarkets Raw Spread Account Guide: Features, Comparison & FAQs\">\r\n<meta name=\"description\" content=\"Umfassender Leitfaden zum RAW-Spread-Konto von JustMarket Erfahren Sie Funktionen, Kontovergleich, Schritt-f\u00fcr-Schritt-Registrierung, Handelsinstrumente, Geb\u00fchren und FAQs.\">\r\n<meta name=\"keywords\" content=\"JustMarkets Raw Spread account, Raw Spread features, account comparison, forex trading, open Raw Spread account, JustMarkets affiliate\">\r\n<title>JustMarkets Raw Spread Account Guide: Funktionen, Vergleiche und FAQs<\/title>\r\n<style>\r\nbody {font-family:'Segoe UI', Tahoma, Geneva, Verdana, sans-serif; margin:0; padding:0; background:#f4f6f8; color:#333;}\r\nmain {max-width:1200px; margin:30px auto; padding:30px; background:#ffffff; border-radius:12px; box-shadow:0 5px 25px rgba(0,0,0,0.08);}\r\nh1,h2,h3 {margin-top:30px;}\r\nh1 {color:#003366; font-size:2.5em;}\r\nh2 {color:#003366; font-size:2em;}\r\nh3 {color:#333333; font-size:1.5em;}\r\np, li {line-height:1.8;}\r\nul, ol {padding-left:20px;}\r\ntable {width:100%; border-collapse:collapse; margin:20px 0;}\r\ntable, th, td {border:1px solid #ccc;}\r\nth, td {padding:12px; text-align:left;}\r\na.cta-button {display:inline-block; background:#003366; color:#ffffff; padding:14px 28px; border-radius:8px; font-weight:bold; text-decoration:none; transition:0.3s; margin-top:15px; box-shadow:0 5px 15px rgba(0,51,102,0.4);}\r\na.cta-button:hover {background:#0077cc; transform:translateY(-2px);}\r\n.faq-item {margin-bottom:25px;}\r\n.faq-question {font-weight:bold; color:#003366; cursor:pointer; padding:10px; background:#e6f0fa; border-radius:6px;}\r\n.faq-answer {margin-top:8px; padding-left:15px; display:none; color:#333;}\r\n@media(max-width:768px){h1{font-size:2em;} h2{font-size:1.5em;}}\r\n<\/style>\r\n<script>\r\ndocument.addEventListener('DOMContentLoaded', function(){\r\n    const items = document.querySelectorAll('.faq-question');\r\n    items.forEach(item=>{\r\n        item.addEventListener('click', ()=>{\r\n            const ans = item.nextElementSibling;\r\n            ans.style.display = (ans.style.display==='block')?'none':'block';\r\n        });\r\n    });\r\n});\r\n<\/script>\r\n<\/head>\r\n<body>\r\n<main>\r\n<h1>JustMarkets Raw Spread Account Guide: Funktionen, Vergleiche und FAQs<\/h1>\r\n\r\n<!-- Table of Contents -->\r\n<section id=\"table-of-contents\">\r\n<h2>Inhaltsverzeichnis<\/h2>\r\n<ol>\r\n<li><a href=\"#introduction\">Einf\u00fchrung in das RAW-Spread-Konto von JustMarket<\/a><\/li>\r\n<li><a href=\"#features\">Hauptmerkmale des Raw Spread-Kontos<\/a><\/li>\r\n<li><a href=\"#comparison\">Roher Spread im Vergleich zu anderen Kontotypen<\/a><\/li>\r\n<li><a href=\"#open-account\">So er\u00f6ffnen Sie ein Raw Spread-Konto<\/a><\/li>\r\n<li><a href=\"#funding\">Finanzierung Ihres Raw Spread-Kontos<\/a><\/li>\r\n<li><a href=\"#instruments\">Handelsinstrumente<\/a><\/li>\r\n<li><a href=\"#leverage\">Hebel und Marge<\/a><\/li>\r\n<li><a href=\"#risk\">Tools zum Risikomanagement<\/a><\/li>\r\n<li><a href=\"#security\">Sicherheitsma\u00dfnahmen<\/a><\/li>\r\n<li><a href=\"#fees\">Geb\u00fchren und Provisionen<\/a><\/li>\r\n<li><a href=\"#troubleshooting\">H\u00e4ufige Probleme und Fehlerbehebung<\/a><\/li>\r\n<li><a href=\"#faq\">H\u00e4ufig gestellte Fragen<\/a><\/li>\r\n<\/ol>\r\n<\/section>\r\n\r\n<!-- Introduction -->\r\n<section id=\"introduction\">\r\n<h2>Einf\u00fchrung in das RAW-Spread-Konto von JustMarket<\/h2>\r\n<p>der <strong>JustMarkets Raw Spread-Konto<\/strong> Ist f\u00fcr professionelle H\u00e4ndler konzipiert, die extrem niedrige Spreads und fortgeschrittene Handelsbedingungen priorisieren. Mit Spreads ab 0,0 Pips und Provisionshandel ist es ideal f\u00fcr Scalping, Hochfrequenzhandel und algorithmische Strategien. Dieses Konto bietet direkten Marktzugang mit minimalen Handelskosten.<\/p>\r\n<a class=\"cta-button\" href=\"https:\/\/one.justmarkets.link\/a\/t11xd0xwgz\/registration\/trader\" target=\"_blank\" rel=\"noopener\">Er\u00f6ffnen Sie jetzt ein Raw Spre<\/a>\r\n<\/section>\r\n\r\n<!-- Features -->\r\n<section id=\"features\">\r\n<h2>Hauptmerkmale des Raw Spread-Kontos<\/h2>\r\n<ul>\r\n<li>Mindesteinzahlung: $200<\/li>\r\n<li>Spreads: ab 0,0 Pips<\/li>\r\n<li>Provision: $3 pro Los pro Seite<\/li>\r\n<li>Hebelwirkung: bis 1:3000<\/li>\r\n<li>Ausf\u00fchrungstyp: Marktausf\u00fchrung<\/li>\r\n<li>Unterst\u00fctzte Plattformen: MT4 und MT5<\/li>\r\n<li>Handelsinstrumente: Forex, Indizes, Rohstoffe, Aktien, Kryptow\u00e4hrungen<\/li>\r\n<li>Entwickelt f\u00fcr Scalper, algorithmische und professionelle Trader<\/li>\r\n<\/ul>\r\n<a class=\"cta-button\" href=\"https:\/\/one.justmarkets.link\/a\/t11xd0xwgz\/registration\/trader\" target=\"_blank\" rel=\"noopener\">Starten Sie den Handel mit RAW-<\/a>\r\n<\/section>\r\n\r\n<!-- Comparison -->\r\n<section id=\"comparison\">\r\n<h2>Raw Spread vs. Andere JustMarkets-Kontotypen<\/h2>\r\n<p>Vergleichen Sie das Roh-Spread-Konto mit Pro- und Standardkonten, um die beste Anpassung f\u00fcr Ihren Handelsstil zu bestimmen:<\/p>\r\n<table>\r\n<tr>\r\n<th>Feature<\/th>\r\n<th>Roher Aufstrich<\/th>\r\n<th>Profi-Konto<\/th>\r\n<th>Standardkonto<\/th>\r\n<\/tr>\r\n<tr>\r\n<td>Mindesteinzahlung<\/td>\r\n<td>$200<\/td>\r\n<td>$200<\/td>\r\n<td>$10<\/td>\r\n<\/tr>\r\n<tr>\r\n<td>\u00dcberstriche<\/td>\r\n<td>ab 0,0 Pips<\/td>\r\n<td>ab 0,1 Pips<\/td>\r\n<td>ab 0,3 Pips<\/td>\r\n<\/tr>\r\n<tr>\r\n<td>Auftrag<\/td>\r\n<td>1 tp4t3 pro Los pro Seite<\/td>\r\n<td>keine<\/td>\r\n<td>keine<\/td>\r\n<\/tr>\r\n<tr>\r\n<td>Hebelwirkung<\/td>\r\n<td>bis zu 1:3000<\/td>\r\n<td>bis zu 1:3000<\/td>\r\n<td>bis zu 1:3000<\/td>\r\n<\/tr>\r\n<tr>\r\n<td>ideal f\u00fcr<\/td>\r\n<td>Skalper \/ Algo-H\u00e4ndler<\/td>\r\n<td>Aktive H\u00e4ndler<\/td>\r\n<td>Anf\u00e4nger<\/td>\r\n<\/tr>\r\n<\/table>\r\n<a class=\"cta-button\" href=\"https:\/\/one.justmarkets.link\/a\/t11xd0xwgz\/registration\/trader\" target=\"_blank\" rel=\"noopener\">Vergleichen und \u00f6ffnen Sie RAW-Spread<\/a>\r\n<\/section>\r\n\r\n<!-- Open Account -->\r\n<section id=\"open-account\">\r\n<h2>So er\u00f6ffnen ein RAW-Spread-Konto von JustMarket<\/h2>\r\n<ol>\r\n<li>Besuchen Sie die <a href=\"https:\/\/one.justmarkets.link\/a\/t11xd0xwgz\/registration\/trader\" target=\"_blank\" rel=\"noopener\">RAW-Spread-Regist<\/a>.<\/li>\r\n<li>Geben Sie pers\u00f6nliche Informationen ein: vollst\u00e4ndiger Name, E-Mail und Telefonnummer.<\/li>\r\n<li>W\u00e4hlen Sie unter Kontotypen \"Raw Spread Account\" aus.<\/li>\r\n<li>Erstellen Sie ein sicheres Passwort f\u00fcr die Anmeldung.<\/li>\r\n<li>Upload-ID und Adressennachweis zur \u00dcberpr\u00fcfung.<\/li>\r\n<li>Legen Sie mindestens $200 ein, um das Konto zu aktivieren.<\/li>\r\n<li>Beginnen Sie mit dem Handel \u00fcber MT4, MT5 oder mobile Plattformen.<\/li>\r\n<\/ol>\r\n<a class=\"cta-button\" href=\"https:\/\/one.justmarkets.link\/a\/t11xd0xwgz\/registration\/trader\" target=\"_blank\" rel=\"noopener\">Er\u00f6ffnen Sie jetzt ein Raw Spre<\/a>\r\n<\/section>\r\n\r\n<!-- Funding -->\r\n<section id=\"funding\">\r\n<h2>Finanzierung Ihres Raw Spread-Kontos<\/h2>\r\n<p>F\u00fcr das Raw Spread-Konto stehen mehrere Einzahlungsmethoden zur Verf\u00fcgung:<\/p>\r\n<ul>\r\n<li>\u00dcberweisungen (lokal &amp; international)<\/li>\r\n<li>E-Wallets: Skrill, Neteller, perfektes Geld<\/li>\r\n<li>Kryptow\u00e4hrungen: Bitcoin, Ethereum, Litecoin<\/li>\r\n<li>Kredit-\/Debitkarten: Visa &amp; MasterCard<\/li>\r\n<\/ul>\r\n<p>\u00dcberpr\u00fcfen Sie die Mindesteinzahlung und die Geb\u00fchren je nach Methode.<\/p>\r\n<a class=\"cta-button\" href=\"https:\/\/one.justmarkets.link\/a\/t11xd0xwgz\/registration\/trader\" target=\"_blank\" rel=\"noopener\">Fundieren Sie Ihr Konto<\/a>\r\n<\/section>\r\n\r\n<!-- Trading Instruments -->\r\n<section id=\"instruments\">\r\n<h2>Handelsinstrumente<\/h2>\r\n<ul>\r\n<li>Forex-Paare: Majors, Minderj\u00e4hrige, Exotisch<\/li>\r\n<li>Indizes: S&amp;P 500, NASDAQ, FTSE, DAX<\/li>\r\n<li>Rohstoffe: Gold, Silber, \u00d6l<\/li>\r\n<li>Aktien: Globale Unternehmensaktien<\/li>\r\n<li>Kryptow\u00e4hrungen: BTC, ETH, LTC und mehr<\/li>\r\n<\/ul>\r\n<a class=\"cta-button\" href=\"https:\/\/one.justmarkets.link\/a\/t11xd0xwgz\/registration\/trader\" target=\"_blank\" rel=\"noopener\">Erkunden Sie Handelsinstrumente<\/a>\r\n<\/section>\r\n\r\n<!-- Leverage -->\r\n<section id=\"leverage\">\r\n<h2>Hebel und Marge<\/h2>\r\n<p>Das Raw Spread-Konto bietet eine Hebelwirkung von bis zu 1:3000. Verwenden Sie die Hebelwirkung sorgf\u00e4ltig und \u00fcberwachen Sie Ihre Marge, um das Risiko einer Liquidation zu verringern.<\/p>\r\n<a class=\"cta-button\" href=\"https:\/\/one.justmarkets.link\/a\/t11xd0xwgz\/registration\/trader\" target=\"_blank\" rel=\"noopener\">Erfahren Sie mehr \u00fcber Hebel<\/a>\r\n<\/section>\r\n\r\n<!-- Risk Management -->\r\n<section id=\"risk\">\r\n<h2>Tools zum Risikomanagement<\/h2>\r\n<ul>\r\n<li>Stop-Loss und Take-Profit f\u00fcr die automatisierte Risikokontrolle<\/li>\r\n<li>Trailing Stop f\u00fcr dynamisches Positionsmanagement<\/li>\r\n<li>Negativer Saldoschutz<\/li>\r\n<li>Margin-Benachrichtigungen und Benachrichtigungen<\/li>\r\n<\/ul>\r\n<a class=\"cta-button\" href=\"https:\/\/one.justmarkets.link\/a\/t11xd0xwgz\/registration\/trader\" target=\"_blank\" rel=\"noopener\">Verwalten Sie Ihr Risiko<\/a>\r\n<\/section>\r\n\r\n<!-- Security -->\r\n<section id=\"security\">\r\n<h2>Sicherheitsma\u00dfnahmen<\/h2>\r\n<ul>\r\n<li>Zwei-Faktor-Authentifizierung (2FA)<\/li>\r\n<li>SSL-Verschl\u00fcsselung f\u00fcr alle Transaktionen<\/li>\r\n<li>Getrennte Kundengelder<\/li>\r\n<li>Regelm\u00e4\u00dfige Sicherheitsaudits<\/li>\r\n<\/ul>\r\n<a class=\"cta-button\" href=\"https:\/\/one.justmarkets.link\/a\/t11xd0xwgz\/registration\/trader\" target=\"_blank\" rel=\"noopener\">Sichern Sie Ihr Konto<\/a>\r\n<\/section>\r\n\r\n<!-- Fees -->\r\n<section id=\"fees\">\r\n<h2>Geb\u00fchren und Provisionen<\/h2>\r\n<ul>\r\n<li>Provision: $3 pro Los pro Seite<\/li>\r\n<li>Tauschgeb\u00fchren f\u00fcr \u00dcbernachtungspositionen<\/li>\r\n<li>F\u00fcr ruhende Konten k\u00f6nnen Inaktivit\u00e4tsgeb\u00fchren anfallen<\/li>\r\n<li>Einzahlungs-\/R\u00fccknahmegeb\u00fchren variieren je nach Methode<\/li>\r\n<\/ul>\r\n<a class=\"cta-button\" href=\"https:\/\/one.justmarkets.link\/a\/t11xd0xwgz\/registration\/trader\" target=\"_blank\" rel=\"noopener\">Scheckgeb\u00fchren und Geb\u00fchren<\/a>\r\n<\/section>\r\n\r\n<!-- Troubleshooting -->\r\n<section id=\"troubleshooting\">\r\n<h2>H\u00e4ufige Probleme und Fehlerbehebung<\/h2>\r\n<ul>\r\n<li>Verz\u00f6gerungen bei der \u00dcberpr\u00fcfung \u2013 Stellen Sie eine klare Dokumenteneinreichung<\/li>\r\n<li>Ein-\/Auszahlungsprobleme \u2013 Unterst\u00fctzte Zahlungsmethoden \u00fcberpr\u00fcfen<\/li>\r\n<li>Plattformfehler \u2013 Aktualisieren Sie MT4\/MT5 oder mobile App<\/li>\r\n<li>Anmeldeprobleme - Passwort zur\u00fccksetzen oder Support kontaktieren<\/li>\r\n<\/ul>\r\n<a class=\"cta-button\" href=\"https:\/\/one.justmarkets.link\/a\/t11xd0xwgz\/registration\/trader\" target=\"_blank\" rel=\"noopener\">Unterst\u00fctzung bekommen<\/a>\r\n<\/section>\r\n\r\n<!-- FAQ -->\r\n<section id=\"faq\">\r\n<h2>H\u00e4ufig gestellte Fragen<\/h2>\r\n<div class=\"faq-item\">\r\n<div class=\"faq-question\">Was ist die Mindesteinzahlung f\u00fcr ein RAW-Spread-Konto?<\/div>\r\n<div class=\"faq-answer\">Die Mindesteinzahlung betr\u00e4gt $200, um das Raw Spread-Konto zu aktivieren.<\/div>\r\n<\/div>\r\n<div class=\"faq-item\">\r\n<div class=\"faq-question\">Wie viel Provision wird berechnet?<\/div>\r\n<div class=\"faq-answer\">Das RAW-Spread-Konto berechnet $3 pro Los pro Seite.<\/div>\r\n<\/div>\r\n<div class=\"faq-item\">\r\n<div class=\"faq-question\">Kann ich automatisiertes Handeln verwenden?<\/div>\r\n<div class=\"faq-answer\">Ja, automatisiertes Handels- und algorithmische Strategien werden unterst\u00fctzt.<\/div>\r\n<\/div>\r\n<div class=\"faq-item\">\r\n<div class=\"faq-question\">Gibt es ein Demo-RAW-Spread-Konto?<\/div>\r\n<div class=\"faq-answer\">Ja, Sie k\u00f6nnen ein Demokonto er\u00f6ffnen, um zu \u00fcben, bevor Sie echtes Geld handeln.<\/div>\r\n<\/div>\r\n<div class=\"faq-item\">\r\n<div class=\"faq-question\">Wie kontaktiere ich den Kundensupport?<\/div>\r\n<div class=\"faq-answer\">Der Support ist rund um die Uhr per Live-Chat, E-Mail und Telefon verf\u00fcgbar.<\/div>\r\n<\/div>\r\n<\/section>\r\n\r\n<a class=\"cta-button\" href=\"https:\/\/one.justmarkets.link\/a\/t11xd0xwgz\/registration\/trader\" target=\"_blank\" rel=\"noopener\">Registrieren Sie noch heute Ihr Raw Spread-Konto<\/a>\r\n\r\n<\/main>\r\n<\/body>\r\n<\/html>\r\n\t\t\t\t<\/div>\n\t\t\t\t\t<\/div>\n\t\t\t\t<\/div>\n\t\t\t\t<\/div>","protected":false},"excerpt":{"rendered":"<p>JustMarkets Raw Spread Account Guide: Features, Comparison &#038; FAQs JustMarkets Raw Spread Account Guide: Features, Comparison &#038; FAQs Table of [&hellip;]<\/p>\n","protected":false},"author":1,"featured_media":0,"parent":0,"menu_order":0,"comment_status":"closed","ping_status":"closed","template":"elementor_header_footer","meta":{"site-sidebar-layout":"no-sidebar","site-content-layout":"","ast-site-content-layout":"full-width-container","site-content-style":"default","site-sidebar-style":"default","ast-global-header-display":"","ast-banner-title-visibility":"","ast-main-header-display":"","ast-hfb-above-header-display":"","ast-hfb-below-header-display":"","ast-hfb-mobile-header-display":"","site-post-title":"","ast-breadcrumbs-content":"","ast-featured-img":"disabled","footer-sml-layout":"","ast-disable-related-posts":"","theme-transparent-header-meta":"default","adv-header-id-meta":"","stick-header-meta":"","header-above-stick-meta":"","header-main-stick-meta":"","header-below-stick-meta":"","astra-migrate-meta-layouts":"set","ast-page-background-enabled":"default","ast-page-background-meta":{"desktop":{"background-color":"var(--ast-global-color-5)","background-image":"","background-repeat":"repeat","background-position":"center center","background-size":"auto","background-attachment":"scroll","background-type":"","background-media":"","overlay-type":"","overlay-color":"","overlay-opacity":"","overlay-gradient":""},"tablet":{"background-color":"","background-image":"","background-repeat":"repeat","background-position":"center center","background-size":"auto","background-attachment":"scroll","background-type":"","background-media":"","overlay-type":"","overlay-color":"","overlay-opacity":"","overlay-gradient":""},"mobile":{"background-color":"","background-image":"","background-repeat":"repeat","background-position":"center center","background-size":"auto","background-attachment":"scroll","background-type":"","background-media":"","overlay-type":"","overlay-color":"","overlay-opacity":"","overlay-gradient":""}},"ast-content-background-meta":{"desktop":{"background-color":"var(--ast-global-color-4)","background-image":"","background-repeat":"repeat","background-position":"center center","background-size":"auto","background-attachment":"scroll","background-type":"","background-media":"","overlay-type":"","overlay-color":"","overlay-opacity":"","overlay-gradient":""},"tablet":{"background-color":"var(--ast-global-color-4)","background-image":"","background-repeat":"repeat","background-position":"center center","background-size":"auto","background-attachment":"scroll","background-type":"","background-media":"","overlay-type":"","overlay-color":"","overlay-opacity":"","overlay-gradient":""},"mobile":{"background-color":"var(--ast-global-color-4)","background-image":"","background-repeat":"repeat","background-position":"center center","background-size":"auto","background-attachment":"scroll","background-type":"","background-media":"","overlay-type":"","overlay-color":"","overlay-opacity":"","overlay-gradient":""}},"footnotes":""},"class_list":["post-504","page","type-page","status-publish","hentry"],"_links":{"self":[{"href":"https:\/\/trustedfxglobal.com\/de\/wp-json\/wp\/v2\/pages\/504","targetHints":{"allow":["GET"]}}],"collection":[{"href":"https:\/\/trustedfxglobal.com\/de\/wp-json\/wp\/v2\/pages"}],"about":[{"href":"https:\/\/trustedfxglobal.com\/de\/wp-json\/wp\/v2\/types\/page"}],"author":[{"embeddable":true,"href":"https:\/\/trustedfxglobal.com\/de\/wp-json\/wp\/v2\/users\/1"}],"replies":[{"embeddable":true,"href":"https:\/\/trustedfxglobal.com\/de\/wp-json\/wp\/v2\/comments?post=504"}],"version-history":[{"count":5,"href":"https:\/\/trustedfxglobal.com\/de\/wp-json\/wp\/v2\/pages\/504\/revisions"}],"predecessor-version":[{"id":509,"href":"https:\/\/trustedfxglobal.com\/de\/wp-json\/wp\/v2\/pages\/504\/revisions\/509"}],"wp:attachment":[{"href":"https:\/\/trustedfxglobal.com\/de\/wp-json\/wp\/v2\/media?parent=504"}],"curies":[{"name":"wp","href":"https:\/\/api.w.org\/{rel}","templated":true}]}}