{"id":489,"date":"2025-09-23T18:26:33","date_gmt":"2025-09-23T18:26:33","guid":{"rendered":"https:\/\/trustedfxglobal.com\/?page_id=489"},"modified":"2025-09-23T18:29:41","modified_gmt":"2025-09-23T18:29:41","slug":"justmarkets-standardkonto","status":"publish","type":"page","link":"https:\/\/trustedfxglobal.com\/de\/justmarkets-standard-account\/","title":{"rendered":"JustMarkets Standard-Konto-Leitfaden"},"content":{"rendered":"<div data-elementor-type=\"wp-page\" data-elementor-id=\"489\" class=\"elementor elementor-489\">\n\t\t\t\t<div class=\"elementor-element elementor-element-388c606 e-flex e-con-boxed e-con e-parent\" data-id=\"388c606\" data-element_type=\"container\" data-e-type=\"container\">\n\t\t\t\t\t<div class=\"e-con-inner\">\n\t\t\t\t<div class=\"elementor-element elementor-element-57b6ce3 elementor-widget elementor-widget-html\" data-id=\"57b6ce3\" data-element_type=\"widget\" data-e-type=\"widget\" data-widget_type=\"html.default\">\n\t\t\t\t\t<!DOCTYPE html>\r\n<html lang=\"en\">\r\n<head>\r\n<meta charset=\"UTF-8\">\r\n<meta name=\"viewport\" content=\"width=device-width, initial-scale=1.0\">\r\n<meta name=\"title\" content=\"JustMarkets Standard Account Guide | Features, Comparison & Registration\">\r\n<meta name=\"description\" content=\"Erfahren Sie alles \u00fcber JustMarkets Standard Account. Funktionen, Schritt-f\u00fcr-Schritt-Anleitung, Vergleich mit professionellem Konto, Finanzierung und FAQs.\">\r\n<meta name=\"keywords\" content=\"JustMarkets Standard Account, Standard vs Professional Account, JustMarkets account guide, forex trading account, open JustMarkets account\">\r\n<title>JustMarkets Standard Account Guide | Funktionen, Vergleich &amp; Registrierung<\/title>\r\n<style>\r\nbody {font-family:'Segoe UI', Tahoma, Geneva, Verdana, sans-serif; margin:0; padding:0; background:#f4f6f8; color:#333;}\r\nmain {max-width:1200px; margin:30px auto; padding:30px; background:#fff; border-radius:12px; box-shadow:0 5px 25px rgba(0,0,0,0.08);}\r\nh1,h2,h3 {margin-top:30px;}\r\nh1 {color:#003366; font-size:2.5em;}\r\nh2 {color:#003366; font-size:2em;}\r\nh3 {color:#333; font-size:1.5em;}\r\np, li {line-height:1.8;}\r\nul, ol {padding-left:20px;}\r\na.cta-button {display:inline-block; background:#003366; color:#fff; padding:14px 28px; border-radius:8px; font-weight:bold; text-decoration:none; transition:0.3s; margin-top:15px; box-shadow:0 5px 15px rgba(0,51,102,0.4);}\r\na.cta-button:hover {background:#0077cc; transform:translateY(-2px);}\r\ntable {width:100%; border-collapse:collapse; margin:20px 0;}\r\ntable, th, td {border:1px solid #ccc;}\r\nth, td {padding:12px; text-align:left;}\r\n.faq-item {margin-bottom:25px;}\r\n.faq-question {font-weight:bold; color:#003366; cursor:pointer; padding:10px; background:#e6f0fa; border-radius:6px;}\r\n.faq-answer {margin-top:8px; padding-left:15px; display:none; color:#333;}\r\n@media(max-width:768px){h1{font-size:2em;} h2{font-size:1.5em;}}\r\n<\/style>\r\n<script>\r\ndocument.addEventListener('DOMContentLoaded', function(){\r\n    const items = document.querySelectorAll('.faq-question');\r\n    items.forEach(item=>{\r\n        item.addEventListener('click', ()=>{\r\n            const ans = item.nextElementSibling;\r\n            ans.style.display = (ans.style.display==='block')?'none':'block';\r\n        });\r\n    });\r\n});\r\n<\/script>\r\n<\/head>\r\n<body>\r\n<main>\r\n<h1>JustMarkets Standard-Konto-Leitfaden<\/h1>\r\n\r\n<!-- Table of Contents -->\r\n<section id=\"table-of-contents\">\r\n<h2>Inhaltsverzeichnis<\/h2>\r\n<ol>\r\n<li><a href=\"#introduction\">Einf\u00fchrung in das JustMarkets Standardkonto<\/a><\/li>\r\n<li><a href=\"#features\">Hauptmerkmale des Standardkontos<\/a><\/li>\r\n<li><a href=\"#registration\">Schritt-f\u00fcr-Schritt-Anleitung zur Er\u00f6ffnung eines Standardkontos<\/a><\/li>\r\n<li><a href=\"#comparison\">Vergleich: Standard-Vs.<\/a><\/li>\r\n<li><a href=\"#funding\">Finanzierung Ihres Standardkontos<\/a><\/li>\r\n<li><a href=\"#security\">Sicherheitsma\u00dfnahmen &amp; \u00dcberpr\u00fcfung<\/a><\/li>\r\n<li><a href=\"#tips\">Tipps zur Maximierung Ihres Standardkontos<\/a><\/li>\r\n<li><a href=\"#common-mistakes\">H\u00e4ufige Fehler zu vermeiden<\/a><\/li>\r\n<li><a href=\"#faq\">H\u00e4ufig gestellte Fragen (FAQ)<\/a><\/li>\r\n<li><a href=\"#conclusion\">Fazit und CTA<\/a><\/li>\r\n<\/ol>\r\n<\/section>\r\n\r\n<!-- Introduction -->\r\n<section id=\"introduction\">\r\n<h2>Einf\u00fchrung in das JustMarkets Standardkonto<\/h2>\r\n<p>Das JustMarkets Standardkonto richtet sich an Anf\u00e4nger und Intermediate Trader, die problemlos auf die Forex- und CFD-M\u00e4rkte zugreifen m\u00f6chten. Mit niedrigen Mindesteinzahlungen und wettbewerbsf\u00e4higen Spreads ist das Standardkonto ideal f\u00fcr diejenigen, die ihre Handelsreise beginnen.<\/p>\r\n<a class=\"cta-button\" href=\"https:\/\/one.justmarkets.link\/a\/t11xd0xwgz\/registration\/trader\" target=\"_blank\" rel=\"noopener\">Er\u00f6ffnen Sie jetzt Ihr Standardkonto<\/a>\r\n<\/section>\r\n\r\n<!-- Features -->\r\n<section id=\"features\">\r\n<h2>Hauptmerkmale des Standardkontos<\/h2>\r\n<ul>\r\n<li>Niedrige Mindesteinzahlung ab $10 (variiert nach Zahlungsmethode)<\/li>\r\n<li>Zugriff auf mehrere Handelsinstrumente wie Forex, Rohstoffe, Indizes und Kryptow\u00e4hrungen<\/li>\r\n<li>Wettbewerbsf\u00e4hige Spreads ohne versteckte Geb\u00fchren<\/li>\r\n<li>Unterst\u00fctzung f\u00fcr MT4- und MT5-Plattformen, sowohl Desktop- als auch Mobilger\u00e4te<\/li>\r\n<li>Bildungsressourcen zum Lernen und zur Verbesserung der Handelskompetenzen<\/li>\r\n<li>24\/7 Kundensupport f\u00fcr Kontohilfe<\/li>\r\n<\/ul>\r\n<a class=\"cta-button\" href=\"https:\/\/one.justmarkets.link\/a\/t11xd0xwgz\/registration\/trader\" target=\"_blank\" rel=\"noopener\">Starten Sie den Handel mit dem Standardkonto<\/a>\r\n<\/section>\r\n\r\n<!-- Registration -->\r\n<section id=\"registration\">\r\n<h2>Schritt-f\u00fcr-Schritt-Anleitung zur Er\u00f6ffnung eines Standardkontos<\/h2>\r\n<h3>Schritt 1: Besuchen Sie die Registrierungsseite<\/h3>\r\n<p>Gehe zum Beamten <strong>JustMarkets-Registrierungsseite<\/strong> \u00fcber unseren Affiliate-Link.<\/p>\r\n<h3>Schritt 2: Geben Sie pers\u00f6nliche Informationen ein<\/h3>\r\n<p>Geben Sie Ihren vollst\u00e4ndigen Namen, E-Mail und Telefonnummer an. Stellen Sie sicher, dass die Details Ihren Identifikationsdokumenten entsprechen, um eine schnellere \u00dcberpr\u00fcfung zu erhalten.<\/p>\r\n<h3>Schritt 3: Passwort- und Sicherheitsoptionen festlegen<\/h3>\r\n<p>Erstellen Sie ein sicheres Passwort und aktivieren Sie die Zwei-Faktor-Authentifizierung f\u00fcr zus\u00e4tzliche Sicherheit.<\/p>\r\n<h3>Schritt 4: W\u00e4hlen Sie den Kontotyp<\/h3>\r\n<p>auserw\u00e4hlt <strong>Standardkonto<\/strong> und Ihre bevorzugte Basisw\u00e4hrung und Hebelwirkung.<\/p>\r\n<h3>Schritt 5: Identit\u00e4t \u00fcberpr\u00fcfen<\/h3>\r\n<p>Laden Sie eine g\u00fcltige staatlich ausgestellte ID und einen Adressnachweis hoch. Die Verifizierung stellt die Einhaltung sicher und sch\u00fctzt Ihr Konto.<\/p>\r\n<h3>Schritt 6: Geld einzahlen<\/h3>\r\n<p>Verwenden Sie unterst\u00fctzte Zahlungsmethoden wie Bank\u00fcberweisung, E-Wallets oder Kryptow\u00e4hrung, um Ihr Konto zu finanzieren und mit dem Handel zu beginnen.<\/p>\r\n<a class=\"cta-button\" href=\"https:\/\/one.justmarkets.link\/a\/t11xd0xwgz\/registration\/trader\" target=\"_blank\" rel=\"noopener\">Registrieren Sie Ihr Standardkonto<\/a>\r\n<\/section>\r\n\r\n<!-- Comparison -->\r\n<section id=\"comparison\">\r\n<h2>Vergleich: Standard-Vs.<\/h2>\r\n<table>\r\n<tr>\r\n<th>Feature<\/th>\r\n<th>Standardkonto<\/th>\r\n<th>Fachkonto<\/th>\r\n<\/tr>\r\n<tr>\r\n<td>Mindesteinzahlung<\/td>\r\n<td>$10<\/td>\r\n<td>$200+<\/td>\r\n<\/tr>\r\n<tr>\r\n<td>\u00dcberstriche<\/td>\r\n<td>Wettbewerbsf\u00e4hig, ab 1,0 Pips<\/td>\r\n<td>Senken Sie Spreads ab 0,1 Pips<\/td>\r\n<\/tr>\r\n<tr>\r\n<td>Auftrag<\/td>\r\n<td>Keine Provision<\/td>\r\n<td>Geringe Provision pro Los<\/td>\r\n<\/tr>\r\n<tr>\r\n<td>Hebelwirkung<\/td>\r\n<td>Flexibel bis 1:3000<\/td>\r\n<td>Flexibel bis 1:3000<\/td>\r\n<\/tr>\r\n<tr>\r\n<td>am besten f\u00fcr<\/td>\r\n<td>Anf\u00e4nger und Gelegenheitsh\u00e4ndler<\/td>\r\n<td>Erfahrene H\u00e4ndler und Fachleute<\/td>\r\n<\/tr>\r\n<\/table>\r\n<a class=\"cta-button\" href=\"https:\/\/one.justmarkets.link\/a\/t11xd0xwgz\/registration\/trader\" target=\"_blank\" rel=\"noopener\">Vergleichen und Konto er\u00f6ffnen<\/a>\r\n<\/section>\r\n\r\n<!-- Funding -->\r\n<section id=\"funding\">\r\n<h2>Finanzierung Ihres Standardkontos<\/h2>\r\n<p>Einzahlungsmethoden unterst\u00fctzt:<\/p>\r\n<ul>\r\n<li>\u00dcberweisung<\/li>\r\n<li>Kredit-\/Debitkarte<\/li>\r\n<li>E-Wallets (Skrill, Neteller, etc.)<\/li>\r\n<li>Kryptow\u00e4hrungseinlagen (Bitcoin, Ethereum, USDT)<\/li>\r\n<\/ul>\r\n<p>\u00dcberpr\u00fcfen Sie immer die Mindesteinzahlung f\u00fcr jede Methode, um sofort mit dem Handel zu beginnen.<\/p>\r\n<a class=\"cta-button\" href=\"https:\/\/one.justmarkets.link\/a\/t11xd0xwgz\/registration\/trader\" target=\"_blank\" rel=\"noopener\">Jetzt einzahlen<\/a>\r\n<\/section>\r\n\r\n<!-- Security -->\r\n<section id=\"security\">\r\n<h2>Sicherheitsma\u00dfnahmen &amp; \u00dcberpr\u00fcfung<\/h2>\r\n<ul>\r\n<li>E-Mail- und Telefonverifizierung<\/li>\r\n<li>starke Passwortanforderung<\/li>\r\n<li>Zwei-Faktor-Authentifizierung (2FA)<\/li>\r\n<li>Getrennte Kundengelder<\/li>\r\n<li>SSL-Verschl\u00fcsselung und regelm\u00e4\u00dfige Audits<\/li>\r\n<\/ul>\r\n<a class=\"cta-button\" href=\"https:\/\/one.justmarkets.link\/a\/t11xd0xwgz\/registration\/trader\" target=\"_blank\" rel=\"noopener\">Sichern Sie Ihr Konto<\/a>\r\n<\/section>\r\n\r\n<!-- Tips -->\r\n<section id=\"tips\">\r\n<h2>Tipps zur Maximierung Ihres Standardkontos<\/h2>\r\n<ul>\r\n<li>Beginnen Sie mit kleinen Einzahlungen, um das Risiko zu minimieren<\/li>\r\n<li>Verwenden Sie das Demokonto, um Strategien zu testen<\/li>\r\n<li>Setzen Sie Stop-Loss und Take-Profit f\u00fcr jeden Handel<\/li>\r\n<li>Nutzen Sie Bildungsressourcen, um die F\u00e4higkeiten zu verbessern<\/li>\r\n<li>Bleiben Sie mit den Marktnachrichten und -analysen auf dem Lauf<\/li>\r\n<\/ul>\r\n<\/section>\r\n\r\n<!-- Common Mistakes -->\r\n<section id=\"common-mistakes\">\r\n<h2>H\u00e4ufige Fehler zu vermeiden<\/h2>\r\n<ul>\r\n<li>Eingabe falscher personenbezogener Daten<\/li>\r\n<li>\u00dcberpr\u00fcfungsschritte \u00fcberspringen<\/li>\r\n<li>Verwenden von schwachen Passw\u00f6rtern<\/li>\r\n<li>W\u00e4hlen Sie einen Kontotyp ohne das Verst\u00e4ndnis von Funktionen<\/li>\r\n<li>Keine Festlegung des Handelsrisikomanagements<\/li>\r\n<\/ul>\r\n<a class=\"cta-button\" href=\"https:\/\/one.justmarkets.link\/a\/t11xd0xwgz\/registration\/trader\" target=\"_blank\" rel=\"noopener\">Fehler vermeiden \u2013 richtig registrieren<\/a>\r\n<\/section>\r\n\r\n<!-- FAQ -->\r\n<section id=\"faq\">\r\n<h2>H\u00e4ufig gestellte Fragen<\/h2>\r\n<div class=\"faq-item\">\r\n<div class=\"faq-question\">Was ist die Mindesteinzahlung f\u00fcr ein Standardkonto?<\/div>\r\n<div class=\"faq-answer\">Die Mindesteinzahlung beginnt je nach Zahlungsart ab $1.<\/div>\r\n<\/div>\r\n<div class=\"faq-item\">\r\n<div class=\"faq-question\">K\u00f6nnen Anf\u00e4nger ein Standardkonto verwenden?<\/div>\r\n<div class=\"faq-answer\">Ja, es ist ideal f\u00fcr Anf\u00e4nger und bietet geringe Risiko- und Bildungsressourcen.<\/div>\r\n<\/div>\r\n<div class=\"faq-item\">\r\n<div class=\"faq-question\">Ist das Standardkonto provisionsfrei?<\/div>\r\n<div class=\"faq-answer\">Ja, Standardkonten haben keine Provisionsgeb\u00fchren, Gewinne basieren auf Spreads.<\/div>\r\n<\/div>\r\n<div class=\"faq-item\">\r\n<div class=\"faq-question\">Kann ich sp\u00e4ter auf ein professionelles Konto upgraden?<\/div>\r\n<div class=\"faq-answer\">Ja, JustMarkets erlaubt Konto-Upgrades, sobald Sie die Anforderungen erf\u00fcllt haben.<\/div>\r\n<\/div>\r\n<\/section>\r\n\r\n<!-- Conclusion CTA -->\r\n<section id=\"conclusion\">\r\n<h2>Schluss<\/h2>\r\n<p>Das JustMarkets-Standardkonto ist eine ausgezeichnete Wahl f\u00fcr neue und Intermediate-Trader, die Flexibilit\u00e4t, niedrige Einlagenanforderungen und Zugang zu mehreren M\u00e4rkten suchen. Starten Sie Ihre Handelsreise noch heute sicher und effizient.<\/p>\r\n<a class=\"cta-button\" href=\"https:\/\/one.justmarkets.link\/a\/t11xd0xwgz\/registration\/trader\" target=\"_blank\" rel=\"noopener\">Er\u00f6ffnen Sie jetzt Ihr Standardkonto<\/a>\r\n<\/section>\r\n\r\n<\/main>\r\n<\/body>\r\n<\/html>\r\n\t\t\t\t<\/div>\n\t\t\t\t\t<\/div>\n\t\t\t\t<\/div>\n\t\t\t\t<\/div>","protected":false},"excerpt":{"rendered":"<p>&nbsp; &nbsp; &nbsp; JustMarkets Standard Account Guide Table of Contents Introduction to JustMarkets Standard Account Key Features of Standard Account [&hellip;]<\/p>\n","protected":false},"author":1,"featured_media":0,"parent":0,"menu_order":0,"comment_status":"closed","ping_status":"closed","template":"elementor_header_footer","meta":{"site-sidebar-layout":"no-sidebar","site-content-layout":"","ast-site-content-layout":"full-width-container","site-content-style":"default","site-sidebar-style":"default","ast-global-header-display":"","ast-banner-title-visibility":"","ast-main-header-display":"","ast-hfb-above-header-display":"","ast-hfb-below-header-display":"","ast-hfb-mobile-header-display":"","site-post-title":"","ast-breadcrumbs-content":"","ast-featured-img":"disabled","footer-sml-layout":"","ast-disable-related-posts":"","theme-transparent-header-meta":"default","adv-header-id-meta":"","stick-header-meta":"","header-above-stick-meta":"","header-main-stick-meta":"","header-below-stick-meta":"","astra-migrate-meta-layouts":"set","ast-page-background-enabled":"default","ast-page-background-meta":{"desktop":{"background-color":"var(--ast-global-color-5)","background-image":"","background-repeat":"repeat","background-position":"center center","background-size":"auto","background-attachment":"scroll","background-type":"","background-media":"","overlay-type":"","overlay-color":"","overlay-opacity":"","overlay-gradient":""},"tablet":{"background-color":"","background-image":"","background-repeat":"repeat","background-position":"center center","background-size":"auto","background-attachment":"scroll","background-type":"","background-media":"","overlay-type":"","overlay-color":"","overlay-opacity":"","overlay-gradient":""},"mobile":{"background-color":"","background-image":"","background-repeat":"repeat","background-position":"center center","background-size":"auto","background-attachment":"scroll","background-type":"","background-media":"","overlay-type":"","overlay-color":"","overlay-opacity":"","overlay-gradient":""}},"ast-content-background-meta":{"desktop":{"background-color":"var(--ast-global-color-4)","background-image":"","background-repeat":"repeat","background-position":"center center","background-size":"auto","background-attachment":"scroll","background-type":"","background-media":"","overlay-type":"","overlay-color":"","overlay-opacity":"","overlay-gradient":""},"tablet":{"background-color":"var(--ast-global-color-4)","background-image":"","background-repeat":"repeat","background-position":"center center","background-size":"auto","background-attachment":"scroll","background-type":"","background-media":"","overlay-type":"","overlay-color":"","overlay-opacity":"","overlay-gradient":""},"mobile":{"background-color":"var(--ast-global-color-4)","background-image":"","background-repeat":"repeat","background-position":"center center","background-size":"auto","background-attachment":"scroll","background-type":"","background-media":"","overlay-type":"","overlay-color":"","overlay-opacity":"","overlay-gradient":""}},"footnotes":""},"class_list":["post-489","page","type-page","status-publish","hentry"],"_links":{"self":[{"href":"https:\/\/trustedfxglobal.com\/de\/wp-json\/wp\/v2\/pages\/489","targetHints":{"allow":["GET"]}}],"collection":[{"href":"https:\/\/trustedfxglobal.com\/de\/wp-json\/wp\/v2\/pages"}],"about":[{"href":"https:\/\/trustedfxglobal.com\/de\/wp-json\/wp\/v2\/types\/page"}],"author":[{"embeddable":true,"href":"https:\/\/trustedfxglobal.com\/de\/wp-json\/wp\/v2\/users\/1"}],"replies":[{"embeddable":true,"href":"https:\/\/trustedfxglobal.com\/de\/wp-json\/wp\/v2\/comments?post=489"}],"version-history":[{"count":5,"href":"https:\/\/trustedfxglobal.com\/de\/wp-json\/wp\/v2\/pages\/489\/revisions"}],"predecessor-version":[{"id":494,"href":"https:\/\/trustedfxglobal.com\/de\/wp-json\/wp\/v2\/pages\/489\/revisions\/494"}],"wp:attachment":[{"href":"https:\/\/trustedfxglobal.com\/de\/wp-json\/wp\/v2\/media?parent=489"}],"curies":[{"name":"wp","href":"https:\/\/api.w.org\/{rel}","templated":true}]}}