{"id":474,"date":"2025-09-23T18:08:38","date_gmt":"2025-09-23T18:08:38","guid":{"rendered":"https:\/\/trustedfxglobal.com\/?page_id=474"},"modified":"2025-09-23T18:10:13","modified_gmt":"2025-09-23T18:10:13","slug":"personlicher-bereich-justmarkets","status":"publish","type":"page","link":"https:\/\/trustedfxglobal.com\/de\/personal-area-justmarkets\/","title":{"rendered":"Pers\u00f6nlicher Bereich JustMarkets: Komplettes Benutzerhandbuch"},"content":{"rendered":"<div data-elementor-type=\"wp-page\" data-elementor-id=\"474\" class=\"elementor elementor-474\">\n\t\t\t\t<div class=\"elementor-element elementor-element-0598781 e-flex e-con-boxed e-con e-parent\" data-id=\"0598781\" data-element_type=\"container\" data-e-type=\"container\">\n\t\t\t\t\t<div class=\"e-con-inner\">\n\t\t\t\t<div class=\"elementor-element elementor-element-2436c66 elementor-widget elementor-widget-html\" data-id=\"2436c66\" data-element_type=\"widget\" data-e-type=\"widget\" data-widget_type=\"html.default\">\n\t\t\t\t\t<!DOCTYPE html>\r\n<html lang=\"en\">\r\n<head>\r\n<meta charset=\"UTF-8\">\r\n<meta name=\"viewport\" content=\"width=device-width, initial-scale=1.0\">\r\n<meta name=\"title\" content=\"Personal Area JustMarkets | Complete User Guide 2025\">\r\n<meta name=\"description\" content=\"Erfahren Sie, wie Sie den pers\u00f6nlichen Bereich auf JustMarkets nutzen. Vollst\u00e4ndiger Leitfaden f\u00fcr Kontoverwaltung, Einzahlungen, Auszahlungen, Verifizierung und Handelseinstellungen.\">\r\n<meta name=\"keywords\" content=\"JustMarkets personal area, account management JustMarkets, JustMarkets dashboard, JustMarkets login, JustMarkets guide\">\r\n<title>Pers\u00f6nlicher Bereich JustMarkets | Vollst\u00e4ndiges Benutzerhandbuch<\/title>\r\n<style>\r\nbody {font-family:'Segoe UI', Tahoma, Geneva, Verdana, sans-serif; margin:0; padding:0; background:#f4f6f8; color:#333;}\r\nmain {max-width:1200px; margin:30px auto; padding:30px; background:#ffffff; border-radius:12px; box-shadow:0 5px 25px rgba(0,0,0,0.08);}\r\nh1,h2,h3 {margin-top:30px;}\r\nh1 {color:#003366; font-size:2.5em;}\r\nh2 {color:#003366; font-size:2em;}\r\nh3 {color:#333333; font-size:1.5em;}\r\np, li {line-height:1.8;}\r\nul, ol {padding-left:20px;}\r\na.cta-button {display:inline-block; background:#003366; color:#ffffff; padding:14px 28px; border-radius:8px; font-weight:bold; text-decoration:none; transition:0.3s; margin-top:15px; box-shadow:0 5px 15px rgba(0,51,102,0.4);}\r\na.cta-button:hover {background:#0077cc; transform:translateY(-2px);}\r\n.faq-item {margin-bottom:25px;}\r\n.faq-question {font-weight:bold; color:#003366; cursor:pointer; padding:10px; background:#e6f0fa; border-radius:6px;}\r\n.faq-answer {margin-top:8px; padding-left:15px; display:none; color:#333;}\r\ntable {width:100%; border-collapse:collapse; margin:20px 0;}\r\ntable, th, td {border:1px solid #ccc;}\r\nth, td {padding:12px; text-align:left;}\r\n@media(max-width:768px){h1{font-size:2em;} h2{font-size:1.5em;}}\r\n<\/style>\r\n<script>\r\ndocument.addEventListener('DOMContentLoaded', function(){\r\n    const items = document.querySelectorAll('.faq-question');\r\n    items.forEach(item=>{\r\n        item.addEventListener('click', ()=>{\r\n            const ans = item.nextElementSibling;\r\n            ans.style.display = (ans.style.display==='block')?'none':'block';\r\n        });\r\n    });\r\n});\r\n<\/script>\r\n<\/head>\r\n<body>\r\n<main>\r\n<h1>Pers\u00f6nlicher Bereich JustMarkets: Komplettes Benutzerhandbuch<\/h1>\r\n\r\n<!-- Table of Contents -->\r\n<section id=\"table-of-contents\">\r\n<h2>Inhaltsverzeichnis<\/h2>\r\n<ol>\r\n<li><a href=\"#introduction\">Einf\u00fchrung in den pers\u00f6nlichen Bereich von JustMarkets<\/a><\/li>\r\n<li><a href=\"#login-dashboard\">Login und Dashboard-\u00dcbersicht<\/a><\/li>\r\n<li><a href=\"#account-management\">Kontoverwaltung<\/a><\/li>\r\n<li><a href=\"#deposits-withdrawals\">Ein- und Auszahlungen<\/a><\/li>\r\n<li><a href=\"#verification-settings\">\u00dcberpr\u00fcfung und Sicherheitseinstellungen<\/a><\/li>\r\n<li><a href=\"#trading-settings\">Handelseinstellungen und -einstellungen<\/a><\/li>\r\n<li><a href=\"#notifications-support\">Benachrichtigungen und Kundensupport<\/a><\/li>\r\n<li><a href=\"#common-mistakes\">H\u00e4ufige Fehler zu vermeiden<\/a><\/li>\r\n<li><a href=\"#faq\">H\u00e4ufig gestellte Fragen<\/a><\/li>\r\n<\/ol>\r\n<\/section>\r\n\r\n<!-- Introduction -->\r\n<section id=\"introduction\">\r\n<h2>Einf\u00fchrung in den pers\u00f6nlichen Bereich von JustMarkets<\/h2>\r\n<p>Der pers\u00f6nliche Bereich auf JustMarkets ist Ihr zentraler Drehscheibe f\u00fcr alle Aspekte Ihres Handelskontos. Sie k\u00f6nnen auf Kontodetails zugreifen, Ihr Guthaben \u00fcberwachen, Ein- und Auszahlungen vornehmen, Verifizierungsdokumente verwalten, Handelspr\u00e4ferenzen einrichten und mit dem Kundensupport kommunizieren. Das Verst\u00e4ndnis des pers\u00f6nlichen Bereichs ist f\u00fcr einen effizienten Handel und eine sichere Kontoverwaltung von entscheidender Bedeutung.<\/p>\r\n<a class=\"cta-button\" href=\"https:\/\/one.justmarkets.link\/a\/t11xd0xwgz\/id\/registration\/trader\" target=\"_blank\" rel=\"noopener\">Greifen Sie jetzt auf Ihren pers\u00f6nlichen Bereich zu<\/a>\r\n<\/section>\r\n\r\n<!-- Login and Dashboard -->\r\n<section id=\"login-dashboard\">\r\n<h2>Login und Dashboard-\u00dcbersicht<\/h2>\r\n<p>Um auf Ihren pers\u00f6nlichen Bereich zuzugreifen, melden Sie sich mit Ihrer registrierten E-Mail und Ihrem Passwort an. Das Dashboard bietet einen Schnappschuss von:<\/p>\r\n<ul>\r\n<li>Kontostand und Eigenkapital<\/li>\r\n<li>Offene und geschlossene Positionen<\/li>\r\n<li>K\u00fcrzliche Ein- und Auszahlungen<\/li>\r\n<li>\u00dcberpr\u00fcfungsstatus<\/li>\r\n<li>Plattformbenachrichtigungen<\/li>\r\n<\/ul>\r\n<p>\u00dcber das Dashboard k\u00f6nnen Sie einfach zu Kontoverwaltung, Handelstools oder Kundensupport navigieren.<\/p>\r\n<a class=\"cta-button\" href=\"https:\/\/one.justmarkets.link\/a\/t11xd0xwgz\/id\/registration\/trader\" target=\"_blank\" rel=\"noopener\">Melden Sie sich beim Dashboard<\/a>\r\n<\/section>\r\n\r\n<!-- Account Management -->\r\n<section id=\"account-management\">\r\n<h2>Kontoverwaltung<\/h2>\r\n<p>In Ihrem pers\u00f6nlichen Bereich umfassen die Kontoverwaltungsoptionen:<\/p>\r\n<ul>\r\n<li>Aktualisieren von pers\u00f6nlichen Informationen (Name, E-Mail, Telefon)<\/li>\r\n<li>Kontokennwort \u00e4ndern<\/li>\r\n<li>Verkn\u00fcpfen von zus\u00e4tzlichen Konten<\/li>\r\n<li>\u00dcberwachung der Kontoaktivit\u00e4tsprotokolle<\/li>\r\n<\/ul>\r\n<p>Die ordnungsgem\u00e4\u00dfe Pflege der Kontoinformationen sorgt f\u00fcr reibungslose Verifizierungs- und Auszahlungsprozesse.<\/p>\r\n<a class=\"cta-button\" href=\"https:\/\/one.justmarkets.link\/a\/t11xd0xwgz\/id\/registration\/trader\" target=\"_blank\" rel=\"noopener\">Verwalten Sie Ihr Konto<\/a>\r\n<\/section>\r\n\r\n<!-- Deposits and Withdrawals -->\r\n<section id=\"deposits-withdrawals\">\r\n<h2>Ein- und Auszahlungen<\/h2>\r\n<p>Ihr pers\u00f6nlicher Bereich bietet die volle Kontrolle \u00fcber Ein- und Auszahlungen. Zu den Funktionen geh\u00f6ren:<\/p>\r\n<ul>\r\n<li>Mehrere Zahlungsmethoden: Bank\u00fcberweisung, E-Wallets, Kartenzahlungen, Kryptow\u00e4hrungen<\/li>\r\n<li>Transaktionshistorie und Bearbeitungszeiten<\/li>\r\n<li>Festlegen von Standard-Zahlungsmethoden f\u00fcr schnellere Transaktionen<\/li>\r\n<li>Auszahlungslimits und -vorschriften basierend auf der Kontoart<\/li>\r\n<\/ul>\r\n<a class=\"cta-button\" href=\"https:\/\/one.justmarkets.link\/a\/t11xd0xwgz\/id\/registration\/trader\" target=\"_blank\" rel=\"noopener\">Geld ein- oder ausheben<\/a>\r\n<\/section>\r\n\r\n<!-- Verification and Security Settings -->\r\n<section id=\"verification-settings\">\r\n<h2>\u00dcberpr\u00fcfung und Sicherheitseinstellungen<\/h2>\r\n<p>Sichern Sie Ihr Konto und halten Sie sich an die Vorschriften, indem Sie die \u00dcberpr\u00fcfung abschlie\u00dfen:<\/p>\r\n<ul>\r\n<li>Laden Sie den von der Regierung ausgestellten ID und den Adressnachweis hoch<\/li>\r\n<li>Aktivieren Sie die Zwei-Faktor-Authentifizierung (2FA)<\/li>\r\n<li>\u00dcberpr\u00fcfen Sie die Kontoaktivit\u00e4tsprotokolle auf verd\u00e4chtigen Zugriff<\/li>\r\n<li>API-Zugriff f\u00fcr automatisierten Handel verwalten (falls zutreffend)<\/li>\r\n<\/ul>\r\n<p>Die Verifizierung sorgt f\u00fcr sicheren Handel und reibungslose Abhebungen.<\/p>\r\n<a class=\"cta-button\" href=\"https:\/\/one.justmarkets.link\/a\/t11xd0xwgz\/id\/registration\/trader\" target=\"_blank\" rel=\"noopener\">Sichern Sie Ihr Konto<\/a>\r\n<\/section>\r\n\r\n<!-- Trading Settings -->\r\n<section id=\"trading-settings\">\r\n<h2>Handelseinstellungen und -einstellungen<\/h2>\r\n<p>Innerhalb Ihres pers\u00f6nlichen Bereichs k\u00f6nnen Sie die Handelspr\u00e4ferenzen anpassen:<\/p>\r\n<ul>\r\n<li>W\u00e4hlen Sie Basisw\u00e4hrung und Hebel<\/li>\r\n<li>Legen Sie die Standard-Handelslotgr\u00f6\u00dfe und die Margin-Einstellungen fest<\/li>\r\n<li>Aktivieren oder deaktivieren Sie Benachrichtigungen f\u00fcr Marktwarnungen<\/li>\r\n<li>Auf und Konfigurieren von Demo-Konten f\u00fcr die Praxis<\/li>\r\n<\/ul>\r\n<p>Das Anpassen Ihrer Handelseinstellungen hilft bei der Optimierung von Performance und Risikomanagement.<\/p>\r\n<a class=\"cta-button\" href=\"https:\/\/one.justmarkets.link\/a\/t11xd0xwgz\/id\/registration\/trader\" target=\"_blank\" rel=\"noopener\">Handelseinstellungen aktualisieren<\/a>\r\n<\/section>\r\n\r\n<!-- Notifications and Support -->\r\n<section id=\"notifications-support\">\r\n<h2>Benachrichtigungen und Kundensupport<\/h2>\r\n<p>Bleiben Sie \u00fcber Benachrichtigungen und Updates auf dem Laufenden:<\/p>\r\n<ul>\r\n<li>E-Mail- und SMS-Benachrichtigungen f\u00fcr Einzahlungen, Auszahlungen und Trades<\/li>\r\n<li>Live-Chat-Support rund um die Uhr verf\u00fcgbar<\/li>\r\n<li>Tickets direkt aus dem pers\u00f6nlichen Bereich einreichen<\/li>\r\n<li>Zugriff auf h\u00e4ufig gestellte Fragen, Anleitungen und Bildungsressourcen<\/li>\r\n<\/ul>\r\n<a class=\"cta-button\" href=\"https:\/\/one.justmarkets.link\/a\/t11xd0xwgz\/id\/registration\/trader\" target=\"_blank\" rel=\"noopener\">Kontaktieren Sie den Support<\/a>\r\n<\/section>\r\n\r\n<!-- Common Mistakes -->\r\n<section id=\"common-mistakes\">\r\n<h2>H\u00e4ufige Fehler zu vermeiden<\/h2>\r\n<ul>\r\n<li>Verwenden von schwachen Passw\u00f6rtern oder Freigabe von Anmeldeinformationen<\/li>\r\n<li>\u00dcberpr\u00fcfungsschritte \u00fcberspringen<\/li>\r\n<li>Ignorieren von Transaktionslimits oder Regeln f\u00fcr Zahlungsmethoden<\/li>\r\n<li>pers\u00f6nliche Informationen k\u00f6nnen nicht aktualisiert werden<\/li>\r\n<li>Kontoaktivit\u00e4t und Benachrichtigungen nicht \u00fcberpr\u00fcfen<\/li>\r\n<\/ul>\r\n<a class=\"cta-button\" href=\"https:\/\/one.justmarkets.link\/a\/t11xd0xwgz\/id\/registration\/trader\" target=\"_blank\" rel=\"noopener\">Kontofehler vermeiden<\/a>\r\n<\/section>\r\n\r\n<!-- FAQ -->\r\n<section id=\"faq\">\r\n<h2>H\u00e4ufig gestellte Fragen<\/h2>\r\n<div class=\"faq-item\">\r\n<div class=\"faq-question\">Was ist der pers\u00f6nliche Bereich auf JustMarkets?<\/div>\r\n<div class=\"faq-answer\">Es ist Ihr Hauptkonto-Dashboard f\u00fcr die Verwaltung von Geldern, \u00dcberpr\u00fcfungen, Handelseinstellungen und Zugriff auf Kundensupport.<\/div>\r\n<\/div>\r\n<div class=\"faq-item\">\r\n<div class=\"faq-question\">Wie aktualisiere ich meine pers\u00f6nlichen Daten?<\/div>\r\n<div class=\"faq-answer\">Melden Sie sich im pers\u00f6nlichen Bereich an, navigieren Sie zu Kontoeinstellungen und aktualisieren Sie Name, E-Mail, Telefon oder Passwort.<\/div>\r\n<\/div>\r\n<div class=\"faq-item\">\r\n<div class=\"faq-question\">Kann ich mehrere Konten aus dem pers\u00f6nlichen Bereich verwalten?<\/div>\r\n<div class=\"faq-answer\">Ja, JustMarkets erm\u00f6glicht es, mehrere Konten mit demselben pers\u00f6nlichen Bereich-Dashboard zu verkn\u00fcpfen, um die Verwaltung zu erleichtern.<\/div>\r\n<\/div>\r\n<div class=\"faq-item\">\r\n<div class=\"faq-question\">Wie aktiviere ich 2FA?<\/div>\r\n<div class=\"faq-answer\">Gehen Sie zu Sicherheitseinstellungen im pers\u00f6nlichen Bereich, w\u00e4hlen Sie Zwei-Faktor-Authentifizierung und folgen Sie den Anweisungen, um die Verbindung mit Ihrer Mobile Authenticator-App zu erhalten.<\/div>\r\n<\/div>\r\n<div class=\"faq-item\">\r\n<div class=\"faq-question\">An wen kann ich mich wenden, wenn ich Probleme habe?<\/div>\r\n<div class=\"faq-answer\">Nutzen Sie den integrierten Live-Chat oder reichen Sie direkt in Ihrem pers\u00f6nlichen Bereich ein Support-Ticket ein. Der Support ist rund um die Uhr verf\u00fcgbar.<\/div>\r\n<\/div>\r\n<\/section>\r\n\r\n<a class=\"cta-button\" href=\"https:\/\/one.justmarkets.link\/a\/t11xd0xwgz\/id\/registration\/trader\" target=\"_blank\" rel=\"noopener\">Greifen Sie jetzt auf Ihren pers\u00f6nlichen Bereich zu<\/a>\r\n\r\n<\/main>\r\n<\/body>\r\n<\/html>\r\n\t\t\t\t<\/div>\n\t\t\t\t\t<\/div>\n\t\t\t\t<\/div>\n\t\t\t\t<\/div>","protected":false},"excerpt":{"rendered":"<p>&nbsp; &nbsp; &nbsp; Personal Area JustMarkets: Complete User Guide Table of Contents Introduction to JustMarkets Personal Area Login and Dashboard [&hellip;]<\/p>\n","protected":false},"author":1,"featured_media":0,"parent":0,"menu_order":0,"comment_status":"closed","ping_status":"closed","template":"elementor_header_footer","meta":{"site-sidebar-layout":"no-sidebar","site-content-layout":"","ast-site-content-layout":"full-width-container","site-content-style":"default","site-sidebar-style":"default","ast-global-header-display":"","ast-banner-title-visibility":"","ast-main-header-display":"","ast-hfb-above-header-display":"","ast-hfb-below-header-display":"","ast-hfb-mobile-header-display":"","site-post-title":"","ast-breadcrumbs-content":"","ast-featured-img":"disabled","footer-sml-layout":"","ast-disable-related-posts":"","theme-transparent-header-meta":"default","adv-header-id-meta":"","stick-header-meta":"","header-above-stick-meta":"","header-main-stick-meta":"","header-below-stick-meta":"","astra-migrate-meta-layouts":"set","ast-page-background-enabled":"default","ast-page-background-meta":{"desktop":{"background-color":"var(--ast-global-color-5)","background-image":"","background-repeat":"repeat","background-position":"center center","background-size":"auto","background-attachment":"scroll","background-type":"","background-media":"","overlay-type":"","overlay-color":"","overlay-opacity":"","overlay-gradient":""},"tablet":{"background-color":"","background-image":"","background-repeat":"repeat","background-position":"center center","background-size":"auto","background-attachment":"scroll","background-type":"","background-media":"","overlay-type":"","overlay-color":"","overlay-opacity":"","overlay-gradient":""},"mobile":{"background-color":"","background-image":"","background-repeat":"repeat","background-position":"center center","background-size":"auto","background-attachment":"scroll","background-type":"","background-media":"","overlay-type":"","overlay-color":"","overlay-opacity":"","overlay-gradient":""}},"ast-content-background-meta":{"desktop":{"background-color":"var(--ast-global-color-4)","background-image":"","background-repeat":"repeat","background-position":"center center","background-size":"auto","background-attachment":"scroll","background-type":"","background-media":"","overlay-type":"","overlay-color":"","overlay-opacity":"","overlay-gradient":""},"tablet":{"background-color":"var(--ast-global-color-4)","background-image":"","background-repeat":"repeat","background-position":"center center","background-size":"auto","background-attachment":"scroll","background-type":"","background-media":"","overlay-type":"","overlay-color":"","overlay-opacity":"","overlay-gradient":""},"mobile":{"background-color":"var(--ast-global-color-4)","background-image":"","background-repeat":"repeat","background-position":"center center","background-size":"auto","background-attachment":"scroll","background-type":"","background-media":"","overlay-type":"","overlay-color":"","overlay-opacity":"","overlay-gradient":""}},"footnotes":""},"class_list":["post-474","page","type-page","status-publish","hentry"],"_links":{"self":[{"href":"https:\/\/trustedfxglobal.com\/de\/wp-json\/wp\/v2\/pages\/474","targetHints":{"allow":["GET"]}}],"collection":[{"href":"https:\/\/trustedfxglobal.com\/de\/wp-json\/wp\/v2\/pages"}],"about":[{"href":"https:\/\/trustedfxglobal.com\/de\/wp-json\/wp\/v2\/types\/page"}],"author":[{"embeddable":true,"href":"https:\/\/trustedfxglobal.com\/de\/wp-json\/wp\/v2\/users\/1"}],"replies":[{"embeddable":true,"href":"https:\/\/trustedfxglobal.com\/de\/wp-json\/wp\/v2\/comments?post=474"}],"version-history":[{"count":5,"href":"https:\/\/trustedfxglobal.com\/de\/wp-json\/wp\/v2\/pages\/474\/revisions"}],"predecessor-version":[{"id":479,"href":"https:\/\/trustedfxglobal.com\/de\/wp-json\/wp\/v2\/pages\/474\/revisions\/479"}],"wp:attachment":[{"href":"https:\/\/trustedfxglobal.com\/de\/wp-json\/wp\/v2\/media?parent=474"}],"curies":[{"name":"wp","href":"https:\/\/api.w.org\/{rel}","templated":true}]}}