{"id":465,"date":"2025-09-23T18:03:48","date_gmt":"2025-09-23T18:03:48","guid":{"rendered":"https:\/\/trustedfxglobal.com\/?page_id=465"},"modified":"2025-09-23T18:05:22","modified_gmt":"2025-09-23T18:05:22","slug":"konto-eroffnen-justmarkets","status":"publish","type":"page","link":"https:\/\/trustedfxglobal.com\/de\/open-account-justmarkets\/","title":{"rendered":"Konto er\u00f6ffnen JustMarkets: Schritt-f\u00fcr-Schritt-Anleitung"},"content":{"rendered":"<div data-elementor-type=\"wp-page\" data-elementor-id=\"465\" class=\"elementor elementor-465\">\n\t\t\t\t<div class=\"elementor-element elementor-element-5cee7fd e-flex e-con-boxed e-con e-parent\" data-id=\"5cee7fd\" data-element_type=\"container\" data-e-type=\"container\">\n\t\t\t\t\t<div class=\"e-con-inner\">\n\t\t\t\t<div class=\"elementor-element elementor-element-3a8d751 elementor-widget elementor-widget-html\" data-id=\"3a8d751\" data-element_type=\"widget\" data-e-type=\"widget\" data-widget_type=\"html.default\">\n\t\t\t\t\t<!DOCTYPE html>\r\n<html lang=\"en\">\r\n<head>\r\n<meta charset=\"UTF-8\">\r\n<meta name=\"viewport\" content=\"width=device-width, initial-scale=1.0\">\r\n<meta name=\"title\" content=\"Open Account JustMarkets | Complete Step-by-Step Guide for Traders 2025\">\r\n<meta name=\"description\" content=\"Erfahren Sie, wie Sie ein Konto bei JustMarkets er\u00f6ffnen. Schritt-f\u00fcr-Schritt-Anleitung, Kontotypen, Web- und Mobile-Registrierung, Finanzierungsoptionen, Sicherheitstipps und FAQs.\">\r\n<meta name=\"keywords\" content=\"Open Account JustMarkets, JustMarkets registration, forex account, online trading, JustMarkets affiliate\">\r\n<title>Konto er\u00f6ffnen JustMarkets | Komplette Schritt-f\u00fcr-Schritt-Anleitung f\u00fcr H\u00e4ndler<\/title>\r\n<style>\r\nbody {font-family:'Segoe UI', Tahoma, Geneva, Verdana, sans-serif; margin:0; padding:0; background:#f4f6f8; color:#333;}\r\nmain {max-width:1200px; margin:30px auto; padding:30px; background:#ffffff; border-radius:12px; box-shadow:0 5px 25px rgba(0,0,0,0.08);}\r\nh1,h2,h3 {margin-top:30px;}\r\nh1 {color:#003366; font-size:2.5em;}\r\nh2 {color:#003366; font-size:2em;}\r\nh3 {color:#333333; font-size:1.5em;}\r\np, li {line-height:1.8;}\r\nul, ol {padding-left:20px;}\r\na.cta-button {display:inline-block; background:#003366; color:#ffffff; padding:14px 28px; border-radius:8px; font-weight:bold; text-decoration:none; transition:0.3s; margin-top:15px; box-shadow:0 5px 15px rgba(0,51,102,0.4);}\r\na.cta-button:hover {background:#0077cc; transform:translateY(-2px);}\r\n.faq-item {margin-bottom:25px;}\r\n.faq-question {font-weight:bold; color:#003366; cursor:pointer; padding:10px; background:#e6f0fa; border-radius:6px;}\r\n.faq-answer {margin-top:8px; padding-left:15px; display:none; color:#333;}\r\ntable {width:100%; border-collapse:collapse; margin:20px 0;}\r\ntable, th, td {border:1px solid #ccc;}\r\nth, td {padding:12px; text-align:left;}\r\n@media(max-width:768px){h1{font-size:2em;} h2{font-size:1.5em;}}\r\n<\/style>\r\n<script>\r\ndocument.addEventListener('DOMContentLoaded', function(){\r\n    const items = document.querySelectorAll('.faq-question');\r\n    items.forEach(item=>{\r\n        item.addEventListener('click', ()=>{\r\n            const ans = item.nextElementSibling;\r\n            ans.style.display = (ans.style.display==='block')?'none':'block';\r\n        });\r\n    });\r\n});\r\n<\/script>\r\n<\/head>\r\n<body>\r\n<main>\r\n<h1>Konto er\u00f6ffnen JustMarkets: Schritt-f\u00fcr-Schritt-Anleitung <\/h1>\r\n\r\n<!-- Table of Contents -->\r\n<section id=\"toc\">\r\n<h2>Inhaltsverzeichnis<\/h2>\r\n<ol>\r\n<li><a href=\"#introduction\">Einf\u00fchrung in JustMarkets<\/a><\/li>\r\n<li><a href=\"#why-open\">Warum ein Konto bei JustMarkets er\u00f6ffnen?<\/a><\/li>\r\n<li><a href=\"#web-registration\">Web-Registrierung<\/a><\/li>\r\n<li><a href=\"#mobile-registration\">Mobile Registrierung<\/a><\/li>\r\n<li><a href=\"#account-types\">Auswahl des richtigen Kontotyps<\/a><\/li>\r\n<li><a href=\"#funding\">Finanzierung Ihres JustMarkets-Kontos<\/a><\/li>\r\n<li><a href=\"#security\">Sicherheitstipps<\/a><\/li>\r\n<li><a href=\"#common-mistakes\">H\u00e4ufige Fehler zu vermeiden<\/a><\/li>\r\n<li><a href=\"#faq\">H\u00e4ufig gestellte Fragen<\/a><\/li>\r\n<\/ol>\r\n<\/section>\r\n\r\n<!-- Introduction -->\r\n<section id=\"introduction\">\r\n<h2>Einf\u00fchrung in JustMarkets<\/h2>\r\n<p>JustMarkets ist eine weltweit anerkannte Online-Handelsplattform, die Zugang zu Forex, Rohstoffen, Indizes, Kryptow\u00e4hrungen und mehr bietet. Es bietet eine sichere, zuverl\u00e4ssige und benutzerfreundliche Umgebung f\u00fcr H\u00e4ndler auf allen Ebenen. Durch die Er\u00f6ffnung eines Kontos bei JustMarkets erhalten Sie Zugang zu leistungsstarken Handelstools, wettbewerbsf\u00e4higen Spreads und fachkundigem Kundensupport, um Ihnen dabei zu helfen, effizient und sicher zu handeln.<\/p>\r\n<a class=\"cta-button\" href=\"https:\/\/one.justmarkets.link\/a\/t11xd0xwgz\/id\/registration\/trader\" target=\"_blank\" rel=\"noopener\">Er\u00f6ffnen Sie jetzt Ihr JustMarkets-Konto<\/a>\r\n<\/section>\r\n\r\n<!-- Why Open -->\r\n<section id=\"why-open\">\r\n<h2>Warum ein Konto bei JustMarkets er\u00f6ffnen?<\/h2>\r\n<ul>\r\n<li>Greifen Sie auf mehrere Finanzinstrumente wie Forex, Rohstoffe und Krypto zu.<\/li>\r\n<li>Handeln Sie auf fortschrittlichen Plattformen: MT4, MT5 und mobile Apps.<\/li>\r\n<li>Profitieren Sie von wettbewerbsf\u00e4higen Spreads und niedrigen Handelskosten.<\/li>\r\n<li>Sichere Ein- und Auszahlungsoptionen mit mehreren Zahlungsmethoden.<\/li>\r\n<li>Bildungsressourcen und Analyse f\u00fcr fundierte Handelsentscheidungen.<\/li>\r\n<li>24\/7 mehrsprachige Unterst\u00fctzung f\u00fcr sofortige Unterst\u00fctzung.<\/li>\r\n<\/ul>\r\n<a class=\"cta-button\" href=\"https:\/\/one.justmarkets.link\/a\/t11xd0xwgz\/id\/registration\/trader\" target=\"_blank\" rel=\"noopener\">Starten Sie den Handel mit JustMarkets<\/a>\r\n<\/section>\r\n\r\n<!-- Web Registration -->\r\n<section id=\"web-registration\">\r\n<h2>Web-Registrierung<\/h2>\r\n<p>Befolgen Sie diese Schritte, um sich \u00fcber die JustMarkets-Webplattform zu registrieren<\/p>\r\n<ol>\r\n<li>Gehen Sie zur offiziellen JustMarkets-Registrierungsseite.<\/li>\r\n<li>Klicken Sie auf \u201cAnmelden\u201d und geben Sie Ihre pers\u00f6nlichen Daten (Name, E-Mail, Telefonnummer) ein.<\/li>\r\n<li>Erstellen Sie ein sicheres Passwort, das empfohlene Sicherheitsrichtlinien enth\u00e4lt.<\/li>\r\n<li>W\u00e4hlen Sie die W\u00e4hrung und Hebel der Kontobasis aus.<\/li>\r\n<li>Laden Sie Identifikationsdokumente (ID, Adressennachweis) hoch, wenn Sie dazu aufgefordert werden.<\/li>\r\n<li>Best\u00e4tigen Sie die Registrierung per E-Mail-Verifizierung.<\/li>\r\n<li>Melden Sie sich an, um auf das Handels-Dashboard zuzugreifen und mit dem Handel zu beginnen.<\/li>\r\n<\/ol>\r\n<a class=\"cta-button\" href=\"https:\/\/one.justmarkets.link\/a\/t11xd0xwgz\/id\/registration\/trader\" target=\"_blank\" rel=\"noopener\">Registrieren Sie sich \u00fcber das Internet<\/a>\r\n<\/section>\r\n\r\n<!-- Mobile Registration -->\r\n<section id=\"mobile-registration\">\r\n<h2>Mobile Registrierung<\/h2>\r\n<p>Die mobile App von JustMarkets erm\u00f6glicht den bequemen Handel \u00fcberall. Zur Registrierung:<\/p>\r\n<ol>\r\n<li>Laden Sie die JustMarkets-App aus dem Google Play oder dem Apple App Store herunter.<\/li>\r\n<li>\u00d6ffnen Sie die App und tippen Sie auf \u201cAnmelden\u201d.\u201d<\/li>\r\n<li>Geben Sie pers\u00f6nliche Daten ein und erstellen Sie ein sicheres Passwort.<\/li>\r\n<li>W\u00e4hlen Sie Kontotyp und Hebel.<\/li>\r\n<li>Laden Sie die Dokumente zur \u00dcberpr\u00fcfung hoch, falls erforderlich.<\/li>\r\n<li>Best\u00e4tigen Sie die Registrierung per E-Mail oder SMS-Code.<\/li>\r\n<li>Greifen Sie unterwegs auf Ihr Handelskonto zu.<\/li>\r\n<\/ol>\r\n<a class=\"cta-button\" href=\"https:\/\/one.justmarkets.link\/a\/t11xd0xwgz\/id\/registration\/trader\" target=\"_blank\" rel=\"noopener\">Registrieren Sie sich \u00fcber die mobile App<\/a>\r\n<\/section>\r\n\r\n<!-- Account Types -->\r\n<section id=\"account-types\">\r\n<h2>Auswahl des richtigen Kontotyps<\/h2>\r\n<p>JustMarkets bietet mehrere Kontotypen f\u00fcr verschiedene H\u00e4ndlerebenen:<\/p>\r\n<ul>\r\n<li><strong>Standardkonto:<\/strong> Geeignet f\u00fcr Anf\u00e4nger; niedrige Mindesteinzahlung, wettbewerbsf\u00e4hige Spreads.<\/li>\r\n<li><strong>Professionelles Konto:<\/strong> Entwickelt f\u00fcr erfahrene H\u00e4ndler; niedrigere Spreads, h\u00f6herer Hebel.<\/li>\r\n<li><strong>Demokonto:<\/strong> \u00dcben Sie den Handel mit virtuellen Fonds ohne finanzielles Risiko.<\/li>\r\n<\/ul>\r\n<a class=\"cta-button\" href=\"https:\/\/one.justmarkets.link\/a\/t11xd0xwgz\/id\/registration\/trader\" target=\"_blank\" rel=\"noopener\">W\u00e4hlen Sie Ihr Konto<\/a>\r\n<\/section>\r\n\r\n<!-- Funding -->\r\n<section id=\"funding\">\r\n<h2>Finanzierung Ihres JustMarkets-Kontos<\/h2>\r\n<h3>Einzahlungsoptionen<\/h3>\r\n<ul>\r\n<li>\u00dcberweisung<\/li>\r\n<li>E-Wallets (Skrill, Neteller)<\/li>\r\n<li>Kredit-\/Debitkarte (Visa, MasterCard)<\/li>\r\n<li>Kryptow\u00e4hrungen (Bitcoin, Ethereum)<\/li>\r\n<\/ul>\r\n<h3>Mindesteinzahlung<\/h3>\r\n<p>Die Mindesteinzahlung h\u00e4ngt von Ihrem Kontotyp und Ihrer Methode ab. Standardkonten k\u00f6nnen je nach gew\u00e4hlter Zahlungsoption von $1\u2013$50 beginnen. \u00dcberpr\u00fcfen Sie immer die aktuellen Limits, bevor Sie Ihr Konto finanzieren.<\/p>\r\n<a class=\"cta-button\" href=\"https:\/\/one.justmarkets.link\/a\/t11xd0xwgz\/id\/registration\/trader\" target=\"_blank\" rel=\"noopener\">Fundieren Sie Ihr Konto<\/a>\r\n<\/section>\r\n\r\n<!-- Security -->\r\n<section id=\"security\">\r\n<h2>Sicherheitstipps<\/h2>\r\n<ul>\r\n<li>Verwenden Sie starke, eindeutige Passw\u00f6rter und \u00e4ndern Sie sie regelm\u00e4\u00dfig.<\/li>\r\n<li>Aktivieren Sie die Zwei-Faktor-Authentifizierung (2FA) f\u00fcr verbesserte Sicherheit.<\/li>\r\n<li>\u00dcberpr\u00fcfen Sie die pers\u00f6nlichen Daten genau, um Verz\u00f6gerungen zu vermeiden.<\/li>\r\n<li>Halten Sie die Anmeldeinformationen privat und sicher.<\/li>\r\n<li>\u00dcberwachen Sie regelm\u00e4\u00dfig die Kontoaktivit\u00e4t.<\/li>\r\n<\/ul>\r\n<a class=\"cta-button\" href=\"https:\/\/one.justmarkets.link\/a\/t11xd0xwgz\/id\/registration\/trader\" target=\"_blank\" rel=\"noopener\">Sichern Sie Ihr Konto<\/a>\r\n<\/section>\r\n\r\n<!-- Common Mistakes -->\r\n<section id=\"common-mistakes\">\r\n<h2>H\u00e4ufige Fehler zu vermeiden<\/h2>\r\n<ul>\r\n<li>Falsche pers\u00f6nliche Informationen, die zu Verz\u00f6gerungen bei der \u00dcberpr\u00fcfung f\u00fchren.<\/li>\r\n<li>Schwache Passw\u00f6rter, die die Kontosicherheit beeintr\u00e4chtigen.<\/li>\r\n<li>Verifizierung vor dem Handel nicht abgeschlossen.<\/li>\r\n<li>W\u00e4hlen Sie einen Kontotyp, der nicht mit dem Erfahrungslevel \u00fcbereinstimmt.<\/li>\r\n<li>E-Mail- oder Telefonverifizierung \u00fcberspringen.<\/li>\r\n<\/ul>\r\n<a class=\"cta-button\" href=\"https:\/\/one.justmarkets.link\/a\/t11xd0xwgz\/id\/registration\/trader\" target=\"_blank\" rel=\"noopener\">Vermeiden Sie jetzt Fehler<\/a>\r\n<\/section>\r\n\r\n<!-- FAQ -->\r\n<section id=\"faq\">\r\n<h2>H\u00e4ufig gestellte Fragen<\/h2>\r\n<div class=\"faq-item\">\r\n<div class=\"faq-question\">Ist JustMarkets reguliert?<\/div>\r\n<div class=\"faq-answer\">Ja, JustMarkets arbeitet nach internationalen Finanzvorschriften, um Kunden zu sch\u00fctzen.<\/div>\r\n<\/div>\r\n<div class=\"faq-item\">\r\n<div class=\"faq-question\">K\u00f6nnen Anf\u00e4nger ein Konto er\u00f6ffnen?<\/div>\r\n<div class=\"faq-answer\">Ja, Anf\u00e4nger k\u00f6nnen mit Standard- und Demo-Konten sicher handeln.<\/div>\r\n<\/div>\r\n<div class=\"faq-item\">\r\n<div class=\"faq-question\">Welche Dokumente sind f\u00fcr die \u00dcberpr\u00fcfung erforderlich?<\/div>\r\n<div class=\"faq-answer\">Zur Verifizierung Ihres Kontos sind in der Regel ein g\u00fcltiger Ausweis und ein Wohnsitznachweis erforderlich.<\/div>\r\n<\/div>\r\n<div class=\"faq-item\">\r\n<div class=\"faq-question\">Wie lange dauert die Registrierung?<\/div>\r\n<div class=\"faq-answer\">Die Webregistrierung dauert 5\u201310 Minuten, die \u00dcberpr\u00fcfung kann je nach Dokumentengenehmigung 24\u201348 Stunden dauern.<\/div>\r\n<\/div>\r\n<div class=\"faq-item\">\r\n<div class=\"faq-question\">Kann ich mehrere Konten er\u00f6ffnen?<\/div>\r\n<div class=\"faq-answer\">Ja, aber jedes Konto muss eindeutige pers\u00f6nliche Daten und E-Mails haben. Befolgen Sie die Bedingungen von JustMarkets, um Einschr\u00e4nkungen zu vermeiden.<\/div>\r\n<\/div>\r\n<\/section>\r\n\r\n<a class=\"cta-button\" href=\"https:\/\/one.justmarkets.link\/a\/t11xd0xwgz\/id\/registration\/trader\" target=\"_blank\" rel=\"noopener\">Er\u00f6ffnen Sie noch heute Ihr JustMarkets-Kon<\/a>\r\n\r\n<\/main>\r\n<\/body>\r\n<\/html>\r\n\t\t\t\t<\/div>\n\t\t\t\t\t<\/div>\n\t\t\t\t<\/div>\n\t\t\t\t<\/div>","protected":false},"excerpt":{"rendered":"<p>&nbsp; &nbsp; &nbsp; Open Account JustMarkets: Step-by-Step Guide Table of Contents Introduction to JustMarkets Why Open an Account with JustMarkets [&hellip;]<\/p>\n","protected":false},"author":1,"featured_media":0,"parent":0,"menu_order":0,"comment_status":"closed","ping_status":"closed","template":"elementor_header_footer","meta":{"site-sidebar-layout":"no-sidebar","site-content-layout":"","ast-site-content-layout":"full-width-container","site-content-style":"default","site-sidebar-style":"default","ast-global-header-display":"","ast-banner-title-visibility":"","ast-main-header-display":"","ast-hfb-above-header-display":"","ast-hfb-below-header-display":"","ast-hfb-mobile-header-display":"","site-post-title":"","ast-breadcrumbs-content":"","ast-featured-img":"disabled","footer-sml-layout":"","ast-disable-related-posts":"","theme-transparent-header-meta":"default","adv-header-id-meta":"","stick-header-meta":"","header-above-stick-meta":"","header-main-stick-meta":"","header-below-stick-meta":"","astra-migrate-meta-layouts":"set","ast-page-background-enabled":"default","ast-page-background-meta":{"desktop":{"background-color":"var(--ast-global-color-5)","background-image":"","background-repeat":"repeat","background-position":"center center","background-size":"auto","background-attachment":"scroll","background-type":"","background-media":"","overlay-type":"","overlay-color":"","overlay-opacity":"","overlay-gradient":""},"tablet":{"background-color":"","background-image":"","background-repeat":"repeat","background-position":"center center","background-size":"auto","background-attachment":"scroll","background-type":"","background-media":"","overlay-type":"","overlay-color":"","overlay-opacity":"","overlay-gradient":""},"mobile":{"background-color":"","background-image":"","background-repeat":"repeat","background-position":"center center","background-size":"auto","background-attachment":"scroll","background-type":"","background-media":"","overlay-type":"","overlay-color":"","overlay-opacity":"","overlay-gradient":""}},"ast-content-background-meta":{"desktop":{"background-color":"var(--ast-global-color-4)","background-image":"","background-repeat":"repeat","background-position":"center center","background-size":"auto","background-attachment":"scroll","background-type":"","background-media":"","overlay-type":"","overlay-color":"","overlay-opacity":"","overlay-gradient":""},"tablet":{"background-color":"var(--ast-global-color-4)","background-image":"","background-repeat":"repeat","background-position":"center center","background-size":"auto","background-attachment":"scroll","background-type":"","background-media":"","overlay-type":"","overlay-color":"","overlay-opacity":"","overlay-gradient":""},"mobile":{"background-color":"var(--ast-global-color-4)","background-image":"","background-repeat":"repeat","background-position":"center center","background-size":"auto","background-attachment":"scroll","background-type":"","background-media":"","overlay-type":"","overlay-color":"","overlay-opacity":"","overlay-gradient":""}},"footnotes":""},"class_list":["post-465","page","type-page","status-publish","hentry"],"_links":{"self":[{"href":"https:\/\/trustedfxglobal.com\/de\/wp-json\/wp\/v2\/pages\/465","targetHints":{"allow":["GET"]}}],"collection":[{"href":"https:\/\/trustedfxglobal.com\/de\/wp-json\/wp\/v2\/pages"}],"about":[{"href":"https:\/\/trustedfxglobal.com\/de\/wp-json\/wp\/v2\/types\/page"}],"author":[{"embeddable":true,"href":"https:\/\/trustedfxglobal.com\/de\/wp-json\/wp\/v2\/users\/1"}],"replies":[{"embeddable":true,"href":"https:\/\/trustedfxglobal.com\/de\/wp-json\/wp\/v2\/comments?post=465"}],"version-history":[{"count":8,"href":"https:\/\/trustedfxglobal.com\/de\/wp-json\/wp\/v2\/pages\/465\/revisions"}],"predecessor-version":[{"id":473,"href":"https:\/\/trustedfxglobal.com\/de\/wp-json\/wp\/v2\/pages\/465\/revisions\/473"}],"wp:attachment":[{"href":"https:\/\/trustedfxglobal.com\/de\/wp-json\/wp\/v2\/media?parent=465"}],"curies":[{"name":"wp","href":"https:\/\/api.w.org\/{rel}","templated":true}]}}