{"id":458,"date":"2025-09-23T17:58:31","date_gmt":"2025-09-23T17:58:31","guid":{"rendered":"https:\/\/trustedfxglobal.com\/?page_id=458"},"modified":"2026-04-19T03:25:17","modified_gmt":"2026-04-19T03:25:17","slug":"justmarkets-konto-uberprufungshandbuch","status":"publish","type":"page","link":"https:\/\/trustedfxglobal.com\/de\/justmarkets-account-verification-guide\/","title":{"rendered":"JustMarkets Account Verification 2026 : Complete Step-by-Step Guide"},"content":{"rendered":"<div data-elementor-type=\"wp-page\" data-elementor-id=\"458\" class=\"elementor elementor-458\">\n\t\t\t\t<div class=\"elementor-element elementor-element-889f224 e-flex e-con-boxed e-con e-parent\" data-id=\"889f224\" data-element_type=\"container\" data-e-type=\"container\">\n\t\t\t\t\t<div class=\"e-con-inner\">\n\t\t\t\t<div class=\"elementor-element elementor-element-9094f06 elementor-widget elementor-widget-html\" data-id=\"9094f06\" data-element_type=\"widget\" data-e-type=\"widget\" data-widget_type=\"html.default\">\n\t\t\t\t\t<!DOCTYPE html>\r\n<html lang=\"en\">\r\n<head>\r\n<meta charset=\"UTF-8\">\r\n<meta name=\"viewport\" content=\"width=device-width, initial-scale=1.0\">\r\n<meta name=\"title\" content=\"JustMarkets Account Verification: Step-by-Step Guide 2025\">\r\n<meta name=\"description\" content=\"Vollst\u00e4ndige Anleitung zur \u00dcberpr\u00fcfung Ihres JustMarkets-Kontos. Schritt-f\u00fcr-Schritt-Anleitungen, Dokumentenvorbereitung, Mobil- und Web-Verifizierung, h\u00e4ufige Probleme und FAQs.\">\r\n<meta name=\"keywords\" content=\"JustMarkets verification, JustMarkets KYC, account verification, forex trading verification, JustMarkets guide, verify account JustMarkets\">\r\n<title>JustMarkets-Kontoverifizierung: Schritt-f\u00fcr-Schritt-Anleitung<\/title>\r\n<style>\r\nbody {font-family:'Segoe UI', Tahoma, Geneva, Verdana, sans-serif; margin:0; padding:0; background:#f4f6f8; color:#333;}\r\nmain {max-width:1200px; margin:30px auto; padding:30px; background:#ffffff; border-radius:12px; box-shadow:0 5px 25px rgba(0,0,0,0.08);}\r\nh1,h2,h3 {margin-top:30px;}\r\nh1 {color:#003366; font-size:2.5em;}\r\nh2 {color:#003366; font-size:2em;}\r\nh3 {color:#333333; font-size:1.5em;}\r\np, li {line-height:1.8;}\r\nul, ol {padding-left:20px;}\r\na.cta-button {display:inline-block; background:#003366; color:#ffffff; padding:14px 28px; border-radius:8px; font-weight:bold; text-decoration:none; transition:0.3s; margin-top:15px; box-shadow:0 5px 15px rgba(0,51,102,0.4);}\r\na.cta-button:hover {background:#0077cc; transform:translateY(-2px);}\r\n.faq-item {margin-bottom:25px;}\r\n.faq-question {font-weight:bold; color:#003366; cursor:pointer; padding:10px; background:#e6f0fa; border-radius:6px;}\r\n.faq-answer {margin-top:8px; padding-left:15px; display:none; color:#333;}\r\ntable {width:100%; border-collapse:collapse; margin:20px 0;}\r\ntable, th, td {border:1px solid #ccc;}\r\nth, td {padding:12px; text-align:left;}\r\n@media(max-width:768px){h1{font-size:2em;} h2{font-size:1.5em;}}\r\n<\/style>\r\n<script>\r\ndocument.addEventListener('DOMContentLoaded', function(){\r\n    const items = document.querySelectorAll('.faq-question');\r\n    items.forEach(item=>{\r\n        item.addEventListener('click', ()=>{\r\n            const ans = item.nextElementSibling;\r\n            ans.style.display = (ans.style.display==='block')?'none':'block';\r\n        });\r\n    });\r\n});\r\n<\/script>\r\n<\/head>\r\n<body>\r\n<main>\r\n<h1>JustMarkets-Kontoverifizierung: Komplette Schritt-f\u00fcr-Schritt-Anleitung<\/h1>\r\n\r\n<!-- Table of Contents -->\r\n<section id=\"table-of-contents\">\r\n<h2>Inhaltsverzeichnis<\/h2>\r\n<ol>\r\n<li><a href=\"#introduction\">Einf\u00fchrung in die JustMarkets-Verifizierung<\/a><\/li>\r\n<li><a href=\"#why-verification\">Warum eine \u00dcberpr\u00fcfung erforderlich ist<\/a><\/li>\r\n<li><a href=\"#step-guide\">Schritt-f\u00fcr-Schritt-Anleitung zur \u00dcberpr\u00fcfung Ihres Kontos<\/a><\/li>\r\n<li><a href=\"#web-verification\">Verifizierung \u00fcber Webplattform<\/a><\/li>\r\n<li><a href=\"#mobile-verification\">Verifizierung per mobiler App<\/a><\/li>\r\n<li><a href=\"#common-issues\">H\u00e4ufige Verifizierungsprobleme und L\u00f6sungen<\/a><\/li>\r\n<li><a href=\"#tips\">Tipps f\u00fcr eine reibungslose \u00dcberpr\u00fcfung<\/a><\/li>\r\n<li><a href=\"#security\">Sicherheitsma\u00dfnahmen und Datenschutz<\/a><\/li>\r\n<li><a href=\"#benefits\">Vorteile verifizierter Konten<\/a><\/li>\r\n<li><a href=\"#faq\">H\u00e4ufig gestellte Fragen (FAQ)<\/a><\/li>\r\n<\/ol>\r\n<\/section>\r\n\r\n<section id=\"introduction\">\r\n<h2>Einf\u00fchrung in die JustMarkets-Verifizierung<\/h2>\r\n<p>JustMarkets verlangt von allen H\u00e4ndlern, die Konto\u00fcberpr\u00fcfung abzuschlie\u00dfen, bevor sie auf vollst\u00e4ndige Handelsfunktionen zugreifen. Die Verifizierung stellt die Einhaltung internationaler Finanzvorschriften sicher, sichert Ihr Konto und erm\u00f6glicht reibungslose Ein- und Auszahlungen. Der Prozess beinhaltet die Best\u00e4tigung Ihrer Identit\u00e4t und des Adressennachweises, der Sie und die Plattform vor Betrug sch\u00fctzt.<\/p>\r\n<a class=\"cta-button\" href=\"https:\/\/one.justmarkets.link\/a\/t11xd0xwgz\/id\/registration\/trader\" target=\"_blank\" rel=\"noopener\">Starten Sie die \u00dcberpr\u00fcfung jetzt<\/a>\r\n<\/section>\r\n\r\n<section id=\"why-verification\">\r\n<h2>Warum eine \u00dcberpr\u00fcfung erforderlich ist<\/h2>\r\n<p>Die Verifizierung ist ein wesentlicher Bestandteil des verantwortungsvollen Handels. Gr\u00fcnde sind:<\/p>\r\n<ul>\r\n<li>Einhaltung der Anti-Geldw\u00e4sche (AML) und der Kennung Ihrer Kunden (KYC) Vorschriften.<\/li>\r\n<li>Schutz von Kunden vor Identit\u00e4tsdiebstahl und Kontomissbrauch.<\/li>\r\n<li>Sicherstellung sicherer und effizienter Ein- und Auszahlungen.<\/li>\r\n<li>Erm\u00f6glichen h\u00f6herer Auszahlungsbeschr\u00e4nkungen und Zugriff auf erweiterte Kontofunktionen.<\/li>\r\n<\/ul>\r\n<a class=\"cta-button\" href=\"https:\/\/one.justmarkets.link\/a\/t11xd0xwgz\/id\/registration\/trader\" target=\"_blank\" rel=\"noopener\">\u00dcberpr\u00fcfen Sie noch heute Ihr Konto<\/a>\r\n<\/section>\r\n\r\n<section id=\"step-guide\">\r\n<h2>Schritt-f\u00fcr-Schritt-Anleitung zur \u00dcberpr\u00fcfung Ihres JustMarkets-Kontos<\/h2>\r\n\r\n<h3>1. Vorbereiten Ihrer Dokumente<\/h3>\r\n<p>Bereiten Sie vor Beginn der \u00dcberpr\u00fcfung Folgendes vor:<\/p>\r\n<ul>\r\n<li>Regierungsausweis (Pass, F\u00fchrerschein oder nationaler Ausweis)<\/li>\r\n<li>Adressnachweis (Nutzungsrechnung, Kontoauszug oder amtliches Dokument)<\/li>\r\n<li>Stellen Sie sicher, dass die Dokumente klar, g\u00fcltig und nicht abgelaufen sind<\/li>\r\n<\/ul>\r\n\r\n<h3>2. Identit\u00e4tspr\u00fcfung (KYC)<\/h3>\r\n<p>Laden Sie Ihre ID \u00fcber die JustMarkets-Verifizierungsseite hoch. Stellen Sie sicher, dass alle Details lesbar sind. Die Plattform wird die ID mit Ihren Kontodaten abgleichen.<\/p>\r\n\r\n<h3>3. Adressverifizierung<\/h3>\r\n<p>Senden Sie einen Adressnachweis. Die Adresse muss mit der bei der Registrierung eingegebenen \u00fcbereinstimmen. Zu den akzeptierten Formaten geh\u00f6ren PDF, JPEG oder PNG.<\/p>\r\n\r\n<h3>4. Dokumente richtig hochladen<\/h3>\r\n<p>Stellen Sie sicher, dass die Bilder nicht verschwommen sind, alle Kanten sichtbar sind und die Dateigr\u00f6\u00dfe den Anforderungen der Plattform entspricht. Falsch ausgerichtete oder minderwertige Uploads k\u00f6nnen die \u00dcberpr\u00fcfung verz\u00f6gern.<\/p>\r\n\r\n<a class=\"cta-button\" href=\"https:\/\/one.justmarkets.link\/a\/t11xd0xwgz\/id\/registration\/trader\" target=\"_blank\" rel=\"noopener\">Dokumente hochladen und \u00fcberpr\u00fcfen<\/a>\r\n<\/section>\r\n\r\n<section id=\"web-verification\">\r\n<h2>Verifizierung \u00fcber Webplattform<\/h2>\r\n<p>So \u00fcberpr\u00fcfen Sie \u00fcber das Internet:<\/p>\r\n<ol>\r\n<li>Melden Sie sich bei Ihrem JustMarkets-Webkonto an.<\/li>\r\n<li>Gehen Sie zum Abschnitt \u201c\u00dcberpr\u00fcfung\u201d im Dashboard.<\/li>\r\n<li>Folgen Sie den Anweisungen, um die ID und den Adressnachweis hochzuladen.<\/li>\r\n<li>Unterlagen Sie die Dokumente und warten Sie auf Best\u00e4tigung (in der Regel 24\u201348 Stunden).<\/li>\r\n<li>Erhalten Sie eine E-Mail-Benachrichtigung, sobald sie \u00fcberpr\u00fcft wurde.<\/li>\r\n<\/ol>\r\n<a class=\"cta-button\" href=\"https:\/\/one.justmarkets.link\/a\/t11xd0xwgz\/id\/registration\/trader\" target=\"_blank\" rel=\"noopener\">\u00dcber das Internet \u00fcberpr\u00fcfen<\/a>\r\n<\/section>\r\n\r\n<section id=\"mobile-verification\">\r\n<h2>Verifizierung per mobiler App<\/h2>\r\n<p>So \u00fcberpr\u00fcfen Sie \u00fcber die mobile JustMarkets-App:<\/p>\r\n<ol>\r\n<li>\u00d6ffnen Sie die App und melden Sie sich an.<\/li>\r\n<li>Tippen Sie auf \u201cKonto\u201d &gt; \u201cVerifizierung\u201d.<\/li>\r\n<li>Folgen Sie den Anweisungen, um die ID und den Adressennachweis mit der Telefonkamera hochzuladen.<\/li>\r\n<li>Stellen Sie sicher, dass die Bilder klar und richtig ausgerichtet sind.<\/li>\r\n<li>Senden und warten Sie auf Benachrichtigung.<\/li>\r\n<\/ol>\r\n<a class=\"cta-button\" href=\"https:\/\/one.justmarkets.link\/a\/t11xd0xwgz\/id\/registration\/trader\" target=\"_blank\" rel=\"noopener\">\u00dcber die mobile App \u00fcberpr\u00fcfen<\/a>\r\n<\/section>\r\n\r\n<section id=\"common-issues\">\r\n<h2>H\u00e4ufige Verifizierungsprobleme und L\u00f6sungen<\/h2>\r\n<ul>\r\n<li><strong>Verschwommene Bilder:<\/strong> Wiederholen Sie die Fotos, die Klarheit und richtige Beleuchtung gew\u00e4hrleisten.<\/li>\r\n<li><strong>Nicht \u00fcbereinstimmender Name \/ Adresse:<\/strong> Stellen Sie sicher, dass die Dokumente mit den Registrierungsinformationen \u00fcber.<\/li>\r\n<li><strong>Abgelaufene Dokumente:<\/strong> Verwenden Sie nur g\u00fcltige und aktuelle IDs.<\/li>\r\n<li><strong>Falsches Dateiformat:<\/strong> Verwenden Sie unterst\u00fctzte Formate wie JPG, PNG oder PDF.<\/li>\r\n<li><strong>langsame Zulassung:<\/strong> Wenden Sie sich an den Support, wenn die \u00dcberpr\u00fcfung l\u00e4nger als 48 Stunden dauert.<\/li>\r\n<\/ul>\r\n<a class=\"cta-button\" href=\"https:\/\/one.justmarkets.link\/a\/t11xd0xwgz\/id\/registration\/trader\" target=\"_blank\" rel=\"noopener\">L\u00f6sen Sie \u00dcberpr\u00fcfungsprobleme<\/a>\r\n<\/section>\r\n\r\n<section id=\"tips\">\r\n<h2>Tipps f\u00fcr eine reibungslose \u00dcberpr\u00fcfung<\/h2>\r\n<ul>\r\n<li>\u00dcberpr\u00fcfen Sie alle Details, bevor Sie sie einreichen.<\/li>\r\n<li>Verwenden Sie eine stabile Internetverbindung, um Upload-Fehler zu vermeiden.<\/li>\r\n<li>Stellen Sie sicher, dass die Dokumente gut beleuchtet, klar und vollst\u00e4ndig sichtbar sind.<\/li>\r\n<li>Bewahren Sie eine Kopie der hochgeladenen Dokumente f\u00fcr Ihre Unterlagen auf.<\/li>\r\n<li>Wenden Sie sich bei Bedarf an den Kundendienst.<\/li>\r\n<\/ul>\r\n<a class=\"cta-button\" href=\"https:\/\/one.justmarkets.link\/a\/t11xd0xwgz\/id\/registration\/trader\" target=\"_blank\" rel=\"noopener\">Erhalten Sie die Best\u00e4tigungshilfe<\/a>\r\n<\/section>\r\n\r\n<section id=\"security\">\r\n<h2>Sicherheitsma\u00dfnahmen und Datenschutz<\/h2>\r\n<ul>\r\n<li>JustMarkets verschl\u00fcsselt alle Dokumenten-Uploads, um Kundeninformationen zu sch\u00fctzen.<\/li>\r\n<li>Die Mittel werden auf getrennten Konten gehalten, getrennt von den Unternehmensmitteln.<\/li>\r\n<li>Zur Kontosicherheit wird die Zwei-Faktor-Authentifizierung (2FA) empfohlen.<\/li>\r\n<li>Regelm\u00e4\u00dfige Audits und strikte Einhaltung der AML\/KYC-Standards gew\u00e4hrleisten Sicherheit.<\/li>\r\n<\/ul>\r\n<a class=\"cta-button\" href=\"https:\/\/one.justmarkets.link\/a\/t11xd0xwgz\/id\/registration\/trader\" target=\"_blank\" rel=\"noopener\">Sichern Sie Ihr Konto<\/a>\r\n<\/section>\r\n\r\n<section id=\"benefits\">\r\n<h2>Vorteile verifizierter Konten<\/h2>\r\n<ul>\r\n<li>Zugriff auf volle Handelsfunktionen.<\/li>\r\n<li>H\u00f6here Auszahlungslimits und schnellere Transaktionen.<\/li>\r\n<li>Verbesserte Kontosicherheit und Vertrauen mit JustMarkets.<\/li>\r\n<li>Berechtigung f\u00fcr Bef\u00f6rderungen und Treueprogramme.<\/li>\r\n<li>Gewissheit, dass Ihre Identit\u00e4t und Gelder gesch\u00fctzt sind.<\/li>\r\n<\/ul>\r\n<a class=\"cta-button\" href=\"https:\/\/one.justmarkets.link\/a\/t11xd0xwgz\/id\/registration\/trader\" target=\"_blank\" rel=\"noopener\">Vervollst\u00e4ndigen Sie Ihre \u00dcberpr\u00fcfung<\/a>\r\n<\/section>\r\n\r\n<section id=\"faq\">\r\n<h2>H\u00e4ufig gestellte Fragen<\/h2>\r\n<div class=\"faq-item\">\r\n<div class=\"faq-question\">Wie lange dauert die \u00dcberpr\u00fcfung?<\/div>\r\n<div class=\"faq-answer\">In der Regel 24 bis 48 Stunden nach dem Einreichen der Dokumente. Bei unklaren Dokumenten k\u00f6nnen Verz\u00f6gerungen auftreten.<\/div>\r\n<\/div>\r\n<div class=\"faq-item\">\r\n<div class=\"faq-question\">Welche Dokumente werden akzeptiert?<\/div>\r\n<div class=\"faq-answer\">Regierungsausweis (Pass, Personalausweis, F\u00fchrerschein) und Adressnachweis (Nutzungsrechnung, Kontoauszug).<\/div>\r\n<\/div>\r\n<div class=\"faq-item\">\r\n<div class=\"faq-question\">Kann ich vor der \u00dcberpr\u00fcfung handeln?<\/div>\r\n<div class=\"faq-answer\">Ein eingeschr\u00e4nkter Demohandel ist m\u00f6glich, aber vollst\u00e4ndige Funktionen und Auszahlungen erfordern eine \u00dcberpr\u00fcfung.<\/div>\r\n<\/div>\r\n<div class=\"faq-item\">\r\n<div class=\"faq-question\">Was ist, wenn meine \u00dcberpr\u00fcfung abgelehnt wird?<\/div>\r\n<div class=\"faq-answer\">\u00dcberpr\u00fcfen Sie den Grund f\u00fcr die Ablehnung, korrigieren Sie die Dokumente und reichen Sie sie erneut ein. Wenden Sie sich bei Unsicherheit an den Support.<\/div>\r\n<\/div>\r\n<div class=\"faq-item\">\r\n<div class=\"faq-question\">Sind meine pers\u00f6nlichen Daten sicher?<\/div>\r\n<div class=\"faq-answer\">Ja. JustMarkets verwendet Verschl\u00fcsselung und sicheren Speicher, um Clientdaten zu sch\u00fctzen.<\/div>\r\n<\/div>\r\n<\/section>\r\n\r\n<a class=\"cta-button\" href=\"https:\/\/one.justmarkets.link\/a\/t11xd0xwgz\/id\/registration\/trader\" target=\"_blank\" rel=\"noopener\">\u00dcberpr\u00fcfen Sie jetzt Ihr JustMarkets-Konto<\/a>\r\n\r\n<\/main>\r\n<\/body>\r\n<\/html>\r\n\t\t\t\t<\/div>\n\t\t\t\t\t<\/div>\n\t\t\t\t<\/div>\n\t\t\t\t<\/div>","protected":false},"excerpt":{"rendered":"<p>&nbsp; &nbsp; &nbsp; JustMarkets Account Verification: Complete Step-by-Step Guide Table of Contents Introduction to JustMarkets Verification Why Verification is Required [&hellip;]<\/p>\n","protected":false},"author":1,"featured_media":0,"parent":0,"menu_order":0,"comment_status":"closed","ping_status":"closed","template":"elementor_header_footer","meta":{"site-sidebar-layout":"no-sidebar","site-content-layout":"","ast-site-content-layout":"full-width-container","site-content-style":"default","site-sidebar-style":"default","ast-global-header-display":"","ast-banner-title-visibility":"","ast-main-header-display":"","ast-hfb-above-header-display":"","ast-hfb-below-header-display":"","ast-hfb-mobile-header-display":"","site-post-title":"","ast-breadcrumbs-content":"","ast-featured-img":"disabled","footer-sml-layout":"","ast-disable-related-posts":"","theme-transparent-header-meta":"default","adv-header-id-meta":"","stick-header-meta":"","header-above-stick-meta":"","header-main-stick-meta":"","header-below-stick-meta":"","astra-migrate-meta-layouts":"set","ast-page-background-enabled":"default","ast-page-background-meta":{"desktop":{"background-color":"var(--ast-global-color-5)","background-image":"","background-repeat":"repeat","background-position":"center center","background-size":"auto","background-attachment":"scroll","background-type":"","background-media":"","overlay-type":"","overlay-color":"","overlay-opacity":"","overlay-gradient":""},"tablet":{"background-color":"","background-image":"","background-repeat":"repeat","background-position":"center center","background-size":"auto","background-attachment":"scroll","background-type":"","background-media":"","overlay-type":"","overlay-color":"","overlay-opacity":"","overlay-gradient":""},"mobile":{"background-color":"","background-image":"","background-repeat":"repeat","background-position":"center center","background-size":"auto","background-attachment":"scroll","background-type":"","background-media":"","overlay-type":"","overlay-color":"","overlay-opacity":"","overlay-gradient":""}},"ast-content-background-meta":{"desktop":{"background-color":"var(--ast-global-color-4)","background-image":"","background-repeat":"repeat","background-position":"center center","background-size":"auto","background-attachment":"scroll","background-type":"","background-media":"","overlay-type":"","overlay-color":"","overlay-opacity":"","overlay-gradient":""},"tablet":{"background-color":"var(--ast-global-color-4)","background-image":"","background-repeat":"repeat","background-position":"center center","background-size":"auto","background-attachment":"scroll","background-type":"","background-media":"","overlay-type":"","overlay-color":"","overlay-opacity":"","overlay-gradient":""},"mobile":{"background-color":"var(--ast-global-color-4)","background-image":"","background-repeat":"repeat","background-position":"center center","background-size":"auto","background-attachment":"scroll","background-type":"","background-media":"","overlay-type":"","overlay-color":"","overlay-opacity":"","overlay-gradient":""}},"footnotes":""},"class_list":["post-458","page","type-page","status-publish","hentry"],"_links":{"self":[{"href":"https:\/\/trustedfxglobal.com\/de\/wp-json\/wp\/v2\/pages\/458","targetHints":{"allow":["GET"]}}],"collection":[{"href":"https:\/\/trustedfxglobal.com\/de\/wp-json\/wp\/v2\/pages"}],"about":[{"href":"https:\/\/trustedfxglobal.com\/de\/wp-json\/wp\/v2\/types\/page"}],"author":[{"embeddable":true,"href":"https:\/\/trustedfxglobal.com\/de\/wp-json\/wp\/v2\/users\/1"}],"replies":[{"embeddable":true,"href":"https:\/\/trustedfxglobal.com\/de\/wp-json\/wp\/v2\/comments?post=458"}],"version-history":[{"count":6,"href":"https:\/\/trustedfxglobal.com\/de\/wp-json\/wp\/v2\/pages\/458\/revisions"}],"predecessor-version":[{"id":1235,"href":"https:\/\/trustedfxglobal.com\/de\/wp-json\/wp\/v2\/pages\/458\/revisions\/1235"}],"wp:attachment":[{"href":"https:\/\/trustedfxglobal.com\/de\/wp-json\/wp\/v2\/media?parent=458"}],"curies":[{"name":"wp","href":"https:\/\/api.w.org\/{rel}","templated":true}]}}