{"id":451,"date":"2025-09-23T17:53:46","date_gmt":"2025-09-23T17:53:46","guid":{"rendered":"https:\/\/trustedfxglobal.com\/?page_id=451"},"modified":"2025-09-23T17:54:54","modified_gmt":"2025-09-23T17:54:54","slug":"jusmarkets-login","status":"publish","type":"page","link":"https:\/\/trustedfxglobal.com\/de\/jusmarkets-login\/","title":{"rendered":"JustMarkets Login Guide | Greifen Sie auf Ihr Handelskonto zu"},"content":{"rendered":"<div data-elementor-type=\"wp-page\" data-elementor-id=\"451\" class=\"elementor elementor-451\">\n\t\t\t\t<div class=\"elementor-element elementor-element-74a46fe e-flex e-con-boxed e-con e-parent\" data-id=\"74a46fe\" data-element_type=\"container\" data-e-type=\"container\">\n\t\t\t\t\t<div class=\"e-con-inner\">\n\t\t\t\t<div class=\"elementor-element elementor-element-87911a4 elementor-widget elementor-widget-html\" data-id=\"87911a4\" data-element_type=\"widget\" data-e-type=\"widget\" data-widget_type=\"html.default\">\n\t\t\t\t\t<!DOCTYPE html>\r\n<html lang=\"en\">\r\n<head>\r\n<meta charset=\"UTF-8\">\r\n<meta name=\"viewport\" content=\"width=device-width, initial-scale=1.0\">\r\n<meta name=\"title\" content=\"JustMarkets Login Guide | Access Your Trading Account\">\r\n<meta name=\"description\" content=\"Vollst\u00e4ndige Anleitung zum JustMarkets-Login. Erfahren Sie, wie Sie \u00fcber Web, Mobile, Social Trading und Problembehandlung bei der Problembehandlung auf Ihr Handelskonto zugreifen.\">\r\n<meta name=\"keywords\" content=\"JustMarkets login, trading account access, web login, mobile app login, secure login, account recovery, FAQ\">\r\n<title>JustMarkets Login Guide | Greifen Sie auf Ihr Handelskonto zu<\/title>\r\n<style>\r\nbody {font-family:'Segoe UI', Tahoma, Geneva, Verdana, sans-serif; margin:0; padding:0; background:#f4f6f8; color:#333;}\r\nmain {max-width:1200px; margin:30px auto; padding:30px; background:#ffffff; border-radius:12px; box-shadow:0 5px 25px rgba(0,0,0,0.08);}\r\nh1,h2,h3 {margin-top:30px;}\r\nh1 {color:#003366; font-size:2.5em;}\r\nh2 {color:#003366; font-size:2em;}\r\nh3 {color:#333333; font-size:1.5em;}\r\np, li {line-height:1.8;}\r\nul, ol {padding-left:20px;}\r\na.cta-button {display:inline-block; background:#003366; color:#ffffff; padding:14px 28px; border-radius:8px; font-weight:bold; text-decoration:none; transition:0.3s; margin-top:15px; box-shadow:0 5px 15px rgba(0,51,102,0.4);}\r\na.cta-button:hover {background:#0077cc; transform:translateY(-2px);}\r\n.faq-item {margin-bottom:25px;}\r\n.faq-question {font-weight:bold; color:#003366; cursor:pointer; padding:10px; background:#e6f0fa; border-radius:6px;}\r\n.faq-answer {margin-top:8px; padding-left:15px; display:none; color:#333;}\r\ntable {width:100%; border-collapse:collapse; margin:20px 0;}\r\ntable, th, td {border:1px solid #ccc;}\r\nth, td {padding:12px; text-align:left;}\r\n@media(max-width:768px){h1{font-size:2em;} h2{font-size:1.5em;}}\r\n<\/style>\r\n<script>\r\ndocument.addEventListener('DOMContentLoaded', function(){\r\n    const items = document.querySelectorAll('.faq-question');\r\n    items.forEach(item=>{\r\n        item.addEventListener('click', ()=>{\r\n            const ans = item.nextElementSibling;\r\n            ans.style.display = (ans.style.display==='block')?'none':'block';\r\n        });\r\n    });\r\n});\r\n<\/script>\r\n<\/head>\r\n<body>\r\n<main>\r\n<h1>JustMarkets-Login: Kompletter Leitfaden 2025<\/h1>\r\n\r\n<!-- Table of Contents -->\r\n<section id=\"table-of-contents\">\r\n<h2>Inhaltsverzeichnis<\/h2>\r\n<ol>\r\n<li><a href=\"#introduction\">Einf\u00fchrung in JustMarkets-Login<\/a><\/li>\r\n<li><a href=\"#web-login\">Login \u00fcber Webplattform<\/a><\/li>\r\n<li><a href=\"#mobile-login\">Login \u00fcber mobile App<\/a><\/li>\r\n<li><a href=\"#social-login\">Loggen Sie sich \u00fcber den Social Trading ein<\/a><\/li>\r\n<li><a href=\"#account-access\">Zugriff auf Ihr Konto<\/a><\/li>\r\n<li><a href=\"#troubleshooting\">Fehlerbehebung bei Anmeldeproblemen<\/a><\/li>\r\n<li><a href=\"#security\">Sicherheitstipps f\u00fcr die Anmeldung<\/a><\/li>\r\n<li><a href=\"#faq\">H\u00e4ufig gestellte Fragen<\/a><\/li>\r\n<\/ol>\r\n<\/section>\r\n\r\n<!-- Introduction -->\r\n<section id=\"introduction\">\r\n<h2>Einf\u00fchrung in JustMarkets-Login<\/h2>\r\n<p>Der sichere Zugriff auf Ihr JustMarkets-Konto ist der erste Schritt, um sicher zu handeln. Unabh\u00e4ngig davon, ob Sie die Webplattform, die mobile App oder die Social-Trading-Schnittstelle verwenden, sorgt das Verst\u00e4ndnis der korrekten Anmeldeverfahren f\u00fcr ununterbrochenen Zugriff auf Ihre Handelsinstrumente, Salden und Marktanalyse-Tools.<\/p>\r\n<a class=\"cta-button\" href=\"https:\/\/one.justmarkets.link\/a\/t11xd0xwgz\/id\/registration\/trader\" target=\"_blank\" rel=\"noopener\">Er\u00f6ffnen Sie Ihr JustMarkets-Kon<\/a>\r\n<\/section>\r\n\r\n<!-- Web Login -->\r\n<section id=\"web-login\">\r\n<h2>Login \u00fcber Webplattform<\/h2>\r\n<p>Die Webplattform bietet eine voll ausgestattete Handelsoberfl\u00e4che, die von jedem Browser aus zug\u00e4nglich ist. Zum Einloggen:<\/p>\r\n<ol>\r\n<li>Besuchen Sie den Beamten <strong>JustMarkets-Website<\/strong>.<\/li>\r\n<li>Klicken Sie auf die <strong>Anmeldung<\/strong> Button oben rechts.<\/li>\r\n<li>Geben Sie Ihre registrierte E-Mail-Adresse und Ihr Passwort ein.<\/li>\r\n<li>Schlie\u00dfen Sie die Zwei-Faktor-Authentifizierung ab (falls aktiviert).<\/li>\r\n<li>Greifen Sie auf Ihr Handels-Dashboard zu, um Konten, Guthaben und Charts anzuzeigen.<\/li>\r\n<\/ol>\r\n<p>Die Web-Anmeldung ist ideal f\u00fcr detaillierte Diagrammanalysen, Auftragsverwaltung und Kontoeinstellungen.<\/p>\r\n<a class=\"cta-button\" href=\"https:\/\/one.justmarkets.link\/a\/t11xd0xwgz\/id\/registration\/trader\" target=\"_blank\" rel=\"noopener\">Login \u00fcber das Web<\/a>\r\n<\/section>\r\n\r\n<!-- Mobile Login -->\r\n<section id=\"mobile-login\">\r\n<h2>Login \u00fcber mobile App<\/h2>\r\n<p>F\u00fcr den Handel unterwegs ist die mobile App von JustMarkets f\u00fcr den Echtzeitzugriff optimiert. Schritte zum Anmelden:<\/p>\r\n<ol>\r\n<li>Laden Sie die JustMarkets-App aus dem Google Play oder dem Apple App Store herunter.<\/li>\r\n<li>Tippen Sie auf \u201cAnmelden\u201d und geben Sie Ihre E-Mail-Adresse und Ihr Passwort ein.<\/li>\r\n<li>F\u00fchren Sie die \u00dcberpr\u00fcfungsschritte aus, wenn Sie dazu aufgefordert werden.<\/li>\r\n<li>Greifen Sie von Ihrem Smartphone aus auf den Live-Handel, die Konto\u00fcbersicht und die Marktanalyse zu.<\/li>\r\n<\/ol>\r\n<p>Die mobile App stellt sicher, dass Sie keine Marktchancen verpassen, auch wenn Sie nicht auf Ihrem Computer sind.<\/p>\r\n<a class=\"cta-button\" href=\"https:\/\/one.justmarkets.link\/a\/t11xd0xwgz\/id\/registration\/trader\" target=\"_blank\" rel=\"noopener\">Login \u00fcber mobile App<\/a>\r\n<\/section>\r\n\r\n<!-- Social Trading Login -->\r\n<section id=\"social-login\">\r\n<h2>Loggen Sie sich \u00fcber den Social Trading ein<\/h2>\r\n<p>JustMarkets unterst\u00fctzt das Social Trading Login, um Trades von erfahrenen H\u00e4ndlern zu kopieren:<\/p>\r\n<ol>\r\n<li>Stellen Sie sicher, dass Ihr Konto registriert und verifiziert ist.<\/li>\r\n<li>Greifen Sie \u00fcber das Web oder die mobile App auf die Social Trading-Plattform zu.<\/li>\r\n<li>Melden Sie sich mit Ihren JustMarkets-Anmeldeinformationen an.<\/li>\r\n<li>Durchsuchen Sie professionelle Trader-Strategien und folgen Sie ihnen.<\/li>\r\n<li>\u00dcberwachen Sie kopierte Trades in Echtzeit \u00fcber Ihr Konto-Dashboard.<\/li>\r\n<\/ol>\r\n<a class=\"cta-button\" href=\"https:\/\/one.justmarkets.link\/a\/t11xd0xwgz\/id\/registration\/trader\" target=\"_blank\" rel=\"noopener\">Zugang zum Social Trading<\/a>\r\n<\/section>\r\n\r\n<!-- Account Access -->\r\n<section id=\"account-access\">\r\n<h2>Zugriff auf Ihr Konto<\/h2>\r\n<p>Einmal eingeloggt, k\u00f6nnen Sie:<\/p>\r\n<ul>\r\n<li>\u00dcberpr\u00fcfen Sie den Kontostand, die Marge und die offenen Positionen.<\/li>\r\n<li>Trades platzieren, modifizieren und abschlie\u00dfen.<\/li>\r\n<li>Anzeigen von historischen Berichten und Handelsleistung.<\/li>\r\n<li>Geld sicher ein- oder ausheben.<\/li>\r\n<li>Verwalten Sie die Kontoeinstellungen, einschlie\u00dflich Sicherheit und Einstellungen.<\/li>\r\n<\/ul>\r\n<a class=\"cta-button\" href=\"https:\/\/one.justmarkets.link\/a\/t11xd0xwgz\/id\/registration\/trader\" target=\"_blank\" rel=\"noopener\">Greifen Sie auf Ihr Konto zu<\/a>\r\n<\/section>\r\n\r\n<!-- Troubleshooting -->\r\n<section id=\"troubleshooting\">\r\n<h2>Fehlerbehebung bei Anmeldeproblemen<\/h2>\r\n<p>Gemeinsame Probleme und L\u00f6sungen:<\/p>\r\n<ul>\r\n<li><strong>Passwort vergessen:<\/strong> Verwenden Sie \u201cPasswort vergessen\u201d per E-Mail zur\u00fcckzusetzen.<\/li>\r\n<li><strong>Konto gesperrt:<\/strong> Kontaktieren Sie den Support zum Entsperren.<\/li>\r\n<li><strong>\u00dcberpr\u00fcfung anh\u00e4ngig:<\/strong> Stellen Sie sicher, dass alle erforderlichen Dokumente eingereicht werden.<\/li>\r\n<li><strong>Probleme mit der App-Anmeldung:<\/strong> Aktualisieren Sie die App oder installieren Sie sie neu.<\/li>\r\n<li><strong>Browserprobleme:<\/strong> Leeren Sie den Cache, Cookies oder versuchen Sie es mit einem anderen Browser.<\/li>\r\n<\/ul>\r\n<a class=\"cta-button\" href=\"https:\/\/one.justmarkets.link\/a\/t11xd0xwgz\/id\/registration\/trader\" target=\"_blank\" rel=\"noopener\">Login-Support erhalten<\/a>\r\n<\/section>\r\n\r\n<!-- Security Tips -->\r\n<section id=\"security\">\r\n<h2>Sicherheitstipps f\u00fcr die Anmeldung<\/h2>\r\n<ul>\r\n<li>Verwenden Sie immer starke, eindeutige Passw\u00f6rter f\u00fcr Ihr Konto.<\/li>\r\n<li>Aktivieren Sie die Zwei-Faktor-Authentifizierung (2FA) f\u00fcr zus\u00e4tzliche Sicherheit.<\/li>\r\n<li>Teilen Sie Ihre Anmeldeinformationen niemals mit jemandem.<\/li>\r\n<li>Verwenden Sie die offizielle JustMarkets-Website oder App f\u00fcr die Anmeldung.<\/li>\r\n<li>\u00dcberwachen Sie Ihr Konto regelm\u00e4\u00dfig auf ungew\u00f6hnliche Aktivit\u00e4ten.<\/li>\r\n<\/ul>\r\n<a class=\"cta-button\" href=\"https:\/\/one.justmarkets.link\/a\/t11xd0xwgz\/id\/registration\/trader\" target=\"_blank\" rel=\"noopener\">Sichern Sie Ihr Konto<\/a>\r\n<\/section>\r\n\r\n<!-- FAQ -->\r\n<section id=\"faq\">\r\n<h2>H\u00e4ufig gestellte Fragen<\/h2>\r\n<div class=\"faq-item\">\r\n<div class=\"faq-question\">Kann ich mich von mehreren Ger\u00e4ten aus anmelden?<\/div>\r\n<div class=\"faq-answer\">Ja, Sie k\u00f6nnen sich von mehreren Ger\u00e4ten aus anmelden, aber sicherstellen, dass Sie die Sicherheitsrichtlinien befolgen und gemeinsam genutzte \u00f6ffentliche Ger\u00e4te vermeiden.<\/div>\r\n<\/div>\r\n<div class=\"faq-item\">\r\n<div class=\"faq-question\">Was soll ich tun, wenn ich mein Passwort vergesse?<\/div>\r\n<div class=\"faq-answer\">Klicken Sie auf der Anmeldeseite auf \u201cPasswort vergessen\u201d und folgen Sie den Anweisungen, um Ihr Passwort per E-Mail zur\u00fcckzusetzen.<\/div>\r\n<\/div>\r\n<div class=\"faq-item\">\r\n<div class=\"faq-question\">Ist die Zwei-Faktor-Authentifizierung obligator<\/div>\r\n<div class=\"faq-answer\">Obwohl nicht obligatorisch, wird es dringend empfohlen, um die Sicherheit und den Schutz Ihrer Gelder zu verbessern.<\/div>\r\n<\/div>\r\n<div class=\"faq-item\">\r\n<div class=\"faq-question\">Warum kann ich mich nach der Registrierung nicht anmelden?<\/div>\r\n<div class=\"faq-answer\">Dies kann passieren, wenn Ihr Konto nicht vollst\u00e4ndig \u00fcberpr\u00fcft wurde. Schlie\u00dfen Sie die Dokumenteneinreichung und -Verifizierung ab und versuchen Sie es erneut.<\/div>\r\n<\/div>\r\n<div class=\"faq-item\">\r\n<div class=\"faq-question\">Wie kann ich den Support kontaktieren, wenn die Anmeldung fehlschl\u00e4gt?<\/div>\r\n<div class=\"faq-answer\">Sie k\u00f6nnen den JustMarkets-Support rund um die Uhr per Live-Chat, E-Mail oder Telefon kontaktieren, um sich anzumelden.<\/div>\r\n<\/div>\r\n<\/section>\r\n\r\n<a class=\"cta-button\" href=\"https:\/\/one.justmarkets.link\/a\/t11xd0xwgz\/id\/registration\/trader\" target=\"_blank\" rel=\"noopener\">Anmelden oder bei JustMarkets registrieren<\/a>\r\n\r\n<\/main>\r\n<\/body>\r\n<\/html>\r\n\t\t\t\t<\/div>\n\t\t\t\t\t<\/div>\n\t\t\t\t<\/div>\n\t\t\t\t<\/div>","protected":false},"excerpt":{"rendered":"<p>&nbsp; &nbsp; &nbsp; JustMarkets Login: Complete Guide 2025 Table of Contents Introduction to JustMarkets Login Login via Web Platform Login [&hellip;]<\/p>\n","protected":false},"author":1,"featured_media":0,"parent":0,"menu_order":0,"comment_status":"closed","ping_status":"closed","template":"elementor_header_footer","meta":{"site-sidebar-layout":"no-sidebar","site-content-layout":"","ast-site-content-layout":"full-width-container","site-content-style":"default","site-sidebar-style":"default","ast-global-header-display":"","ast-banner-title-visibility":"","ast-main-header-display":"","ast-hfb-above-header-display":"","ast-hfb-below-header-display":"","ast-hfb-mobile-header-display":"","site-post-title":"","ast-breadcrumbs-content":"","ast-featured-img":"disabled","footer-sml-layout":"","ast-disable-related-posts":"","theme-transparent-header-meta":"default","adv-header-id-meta":"","stick-header-meta":"","header-above-stick-meta":"","header-main-stick-meta":"","header-below-stick-meta":"","astra-migrate-meta-layouts":"set","ast-page-background-enabled":"default","ast-page-background-meta":{"desktop":{"background-color":"var(--ast-global-color-5)","background-image":"","background-repeat":"repeat","background-position":"center center","background-size":"auto","background-attachment":"scroll","background-type":"","background-media":"","overlay-type":"","overlay-color":"","overlay-opacity":"","overlay-gradient":""},"tablet":{"background-color":"","background-image":"","background-repeat":"repeat","background-position":"center center","background-size":"auto","background-attachment":"scroll","background-type":"","background-media":"","overlay-type":"","overlay-color":"","overlay-opacity":"","overlay-gradient":""},"mobile":{"background-color":"","background-image":"","background-repeat":"repeat","background-position":"center center","background-size":"auto","background-attachment":"scroll","background-type":"","background-media":"","overlay-type":"","overlay-color":"","overlay-opacity":"","overlay-gradient":""}},"ast-content-background-meta":{"desktop":{"background-color":"var(--ast-global-color-4)","background-image":"","background-repeat":"repeat","background-position":"center center","background-size":"auto","background-attachment":"scroll","background-type":"","background-media":"","overlay-type":"","overlay-color":"","overlay-opacity":"","overlay-gradient":""},"tablet":{"background-color":"var(--ast-global-color-4)","background-image":"","background-repeat":"repeat","background-position":"center center","background-size":"auto","background-attachment":"scroll","background-type":"","background-media":"","overlay-type":"","overlay-color":"","overlay-opacity":"","overlay-gradient":""},"mobile":{"background-color":"var(--ast-global-color-4)","background-image":"","background-repeat":"repeat","background-position":"center center","background-size":"auto","background-attachment":"scroll","background-type":"","background-media":"","overlay-type":"","overlay-color":"","overlay-opacity":"","overlay-gradient":""}},"footnotes":""},"class_list":["post-451","page","type-page","status-publish","hentry"],"_links":{"self":[{"href":"https:\/\/trustedfxglobal.com\/de\/wp-json\/wp\/v2\/pages\/451","targetHints":{"allow":["GET"]}}],"collection":[{"href":"https:\/\/trustedfxglobal.com\/de\/wp-json\/wp\/v2\/pages"}],"about":[{"href":"https:\/\/trustedfxglobal.com\/de\/wp-json\/wp\/v2\/types\/page"}],"author":[{"embeddable":true,"href":"https:\/\/trustedfxglobal.com\/de\/wp-json\/wp\/v2\/users\/1"}],"replies":[{"embeddable":true,"href":"https:\/\/trustedfxglobal.com\/de\/wp-json\/wp\/v2\/comments?post=451"}],"version-history":[{"count":5,"href":"https:\/\/trustedfxglobal.com\/de\/wp-json\/wp\/v2\/pages\/451\/revisions"}],"predecessor-version":[{"id":456,"href":"https:\/\/trustedfxglobal.com\/de\/wp-json\/wp\/v2\/pages\/451\/revisions\/456"}],"wp:attachment":[{"href":"https:\/\/trustedfxglobal.com\/de\/wp-json\/wp\/v2\/media?parent=451"}],"curies":[{"name":"wp","href":"https:\/\/api.w.org\/{rel}","templated":true}]}}