{"id":444,"date":"2025-09-23T17:38:37","date_gmt":"2025-09-23T17:38:37","guid":{"rendered":"https:\/\/trustedfxglobal.com\/?page_id=444"},"modified":"2025-09-23T17:42:10","modified_gmt":"2025-09-23T17:42:10","slug":"registrieren-sie-justmarkets","status":"publish","type":"page","link":"https:\/\/trustedfxglobal.com\/de\/register-justmarkets\/","title":{"rendered":"Registrieren Sie JustMarkets"},"content":{"rendered":"<div data-elementor-type=\"wp-page\" data-elementor-id=\"444\" class=\"elementor elementor-444\">\n\t\t\t\t<div class=\"elementor-element elementor-element-c1dbf28 e-flex e-con-boxed e-con e-parent\" data-id=\"c1dbf28\" data-element_type=\"container\" data-e-type=\"container\">\n\t\t\t\t\t<div class=\"e-con-inner\">\n\t\t\t\t<div class=\"elementor-element elementor-element-d681bae elementor-widget elementor-widget-html\" data-id=\"d681bae\" data-element_type=\"widget\" data-e-type=\"widget\" data-widget_type=\"html.default\">\n\t\t\t\t\t<!DOCTYPE html>\r\n<html lang=\"en\">\r\n<head>\r\n<meta charset=\"UTF-8\">\r\n<meta name=\"viewport\" content=\"width=device-width, initial-scale=1.0\">\r\n<meta name=\"title\" content=\"Register JustMarkets | Complete Guide 2025\">\r\n<meta name=\"description\" content=\"Umfassende Anleitung zur Registrierung von JustMarkets. Schritt-f\u00fcr-Schritt-Registrierung, Kontotypen, Web- und Mobile-Registrierung, Finanzierung, Sicherheit und FAQs.\">\r\n<meta name=\"keywords\" content=\"Register JustMarkets, JustMarkets account, forex registration, online trading, JustMarkets affiliate, open JustMarkets account\">\r\n<title>Registrieren Sie JustMarkets | Kompletter Leitfaden 2025<\/title>\r\n<style>\r\nbody {font-family:'Segoe UI', Tahoma, Geneva, Verdana, sans-serif; margin:0; padding:0; background:#f4f6f8; color:#333;}\r\nmain {max-width:1200px; margin:30px auto; padding:30px; background:#ffffff; border-radius:12px; box-shadow:0 5px 25px rgba(0,0,0,0.08);}\r\nh1,h2,h3 {margin-top:30px;}\r\nh1 {color:#003366; font-size:2.5em;}\r\nh2 {color:#003366; font-size:2em;}\r\nh3 {color:#333333; font-size:1.5em;}\r\np, li {line-height:1.8;}\r\nul, ol {padding-left:20px;}\r\na.cta-button {display:inline-block; background:#003366; color:#ffffff; padding:14px 28px; border-radius:8px; font-weight:bold; text-decoration:none; transition:0.3s; margin-top:15px; box-shadow:0 5px 15px rgba(0,51,102,0.4);}\r\na.cta-button:hover {background:#0077cc; transform:translateY(-2px);}\r\n.faq-item {margin-bottom:25px;}\r\n.faq-question {font-weight:bold; color:#003366; cursor:pointer; padding:10px; background:#e6f0fa; border-radius:6px;}\r\n.faq-answer {margin-top:8px; padding-left:15px; display:none; color:#333;}\r\ntable {width:100%; border-collapse:collapse; margin:20px 0;}\r\ntable, th, td {border:1px solid #ccc;}\r\nth, td {padding:12px; text-align:left;}\r\n@media(max-width:768px){h1{font-size:2em;} h2{font-size:1.5em;}}\r\n<\/style>\r\n<script>\r\ndocument.addEventListener('DOMContentLoaded', function(){\r\n    const items = document.querySelectorAll('.faq-question');\r\n    items.forEach(item=>{\r\n        item.addEventListener('click', ()=>{\r\n            const ans = item.nextElementSibling;\r\n            ans.style.display = (ans.style.display==='block')?'none':'block';\r\n        });\r\n    });\r\n});\r\n<\/script>\r\n<\/head>\r\n<body>\r\n<main>\r\n<h1>Registrieren Sie JustMarkets: Komplette Schritt-f\u00fcr-Schritt-Anleitung 2025<\/h1>\r\n\r\n<!-- Table of Contents -->\r\n<section id=\"table-of-contents\">\r\n<h2>Inhaltsverzeichnis<\/h2>\r\n<ol>\r\n<li><a href=\"#introduction\">Einf\u00fchrung in JustMarkets<\/a><\/li>\r\n<li><a href=\"#why-register\">Warum bei JustMarkets registrieren<\/a><\/li>\r\n<li><a href=\"#web-registration\">Registrierung \u00fcber Webplattform<\/a><\/li>\r\n<li><a href=\"#mobile-registration\">Registrierung \u00fcber mobile App<\/a><\/li>\r\n<li><a href=\"#account-types\">Auswahl des richtigen Kontotyps<\/a><\/li>\r\n<li><a href=\"#funding\">Finanzierung Ihres Kontos nach der Registrierung<\/a><\/li>\r\n<li><a href=\"#security\">Sicherheitsma\u00dfnahmen w\u00e4hrend der Registrierung<\/a><\/li>\r\n<li><a href=\"#common-mistakes\">H\u00e4ufige Fehler zu vermeiden<\/a><\/li>\r\n<li><a href=\"#faq\">H\u00e4ufig gestellte Fragen<\/a><\/li>\r\n<\/ol>\r\n<\/section>\r\n\r\n<!-- Introduction -->\r\n<section id=\"introduction\">\r\n<h2>Einf\u00fchrung in JustMarkets<\/h2>\r\n<p>JustMarkets ist eine globale Forex- und CFD-Handelsplattform, die eine zuverl\u00e4ssige und sichere Handelsumgebung bietet. Es bietet fortschrittliche Handelstools, eine breite Palette von Instrumenten und professionelle Unterst\u00fctzung f\u00fcr H\u00e4ndler auf allen Ebenen. Ob Sie ein Anf\u00e4nger oder ein erfahrener Trader sind, die Registrierung eines JustMarkets-Kontos er\u00f6ffnet mit Transparenz und Sicherheit den Zugang zu den Finanzm\u00e4rkten der Welt.<\/p>\r\n<a class=\"cta-button\" href=\"https:\/\/one.justmarkets.link\/a\/t11xd0xwgz\/id\/registration\/trader\" target=\"_blank\" rel=\"noopener\">Registrieren Sie sich jetzt bei JustMarkets<\/a>\r\n<\/section>\r\n\r\n<!-- Why Register -->\r\n<section id=\"why-register\">\r\n<h2>Warum bei JustMarkets registrieren<\/h2>\r\n<p>Das Erstellen eines JustMarkets-Kontos bietet Ihnen mehrere Vorteile:<\/p>\r\n<ul>\r\n<li>Zugriff auf Forex, Rohstoffe, Indizes, Aktien und Kryptow\u00e4hrungen.<\/li>\r\n<li>Fortgeschrittene Handelsplattformen wie MT4, MT5 und mobile Apps.<\/li>\r\n<li>Wettbewerbsf\u00e4hige Spreads und niedrige Handelsgeb\u00fchren f\u00fcr kosteneffizienten Handel.<\/li>\r\n<li>Sichern Sie Ein- und Auszahlungen mit mehreren Zahlungsoptionen.<\/li>\r\n<li>Bildungsressourcen einschlie\u00dflich Webinare, Tutorials und Markteinblicke.<\/li>\r\n<li>24\/7 Kundensupport f\u00fcr jede Handelshilfe.<\/li>\r\n<\/ul>\r\n<a class=\"cta-button\" href=\"https:\/\/one.justmarkets.link\/a\/t11xd0xwgz\/id\/registration\/trader\" target=\"_blank\" rel=\"noopener\">Er\u00f6ffnen Sie noch heute Ihr JustMarkets-Kon<\/a>\r\n<\/section>\r\n\r\n<!-- Web Registration -->\r\n<section id=\"web-registration\">\r\n<h2>Registrierung \u00fcber Webplattform<\/h2>\r\n<p>Befolgen Sie diese Schritte, um sich \u00fcber die JustMarkets-Webplattform zu registrieren:<\/p>\r\n<ol>\r\n<li>Besuchen Sie den Beamten <strong>JustMarkets-Registrierungsseite<\/strong>.<\/li>\r\n<li>Klicken Sie auf \u201cAnmelden\u201d und geben Sie Ihre pers\u00f6nlichen Daten ein: Name, E-Mail und Telefonnummer.<\/li>\r\n<li>Erstellen Sie ein sicheres Passwort gem\u00e4\u00df den Sicherheitsrichtlinien.<\/li>\r\n<li>W\u00e4hlen Sie Ihre Kontobasisw\u00e4hrung und Hebeloptionen.<\/li>\r\n<li>Upload-Verifizierungsdokumente (ID, Adressnachweis) falls erforderlich.<\/li>\r\n<li>Best\u00e4tigen Sie Ihre Registrierung \u00fcber den E-Mail-Verifizierungslink.<\/li>\r\n<li>Melden Sie sich bei Ihrem Konto an, um auf das Handels-Dashboard zuzugreifen.<\/li>\r\n<\/ol>\r\n<p>Die Webregistrierung bietet eine voll ausgestattete Benutzeroberfl\u00e4che mit Zugriff auf alle Tools, Berichte und Plattformeinstellungen.<\/p>\r\n<a class=\"cta-button\" href=\"https:\/\/one.justmarkets.link\/a\/t11xd0xwgz\/id\/registration\/trader\" target=\"_blank\" rel=\"noopener\">Jetzt \u00fcber das Web registrieren<\/a>\r\n<\/section>\r\n\r\n<!-- Mobile Registration -->\r\n<section id=\"mobile-registration\">\r\n<h2>Registrierung \u00fcber mobile App<\/h2>\r\n<p>Die mobile App von JustMarkets ist f\u00fcr den Handel unterwegs konzipiert. Zur Registrierung:<\/p>\r\n<ol>\r\n<li>Laden Sie die JustMarkets-App aus dem Google Play oder dem Apple App Store herunter.<\/li>\r\n<li>\u00d6ffnen Sie die App und tippen Sie auf \u201cAnmelden\u201d.\u201d<\/li>\r\n<li>Geben Sie Ihre pers\u00f6nlichen Daten ein und erstellen Sie ein sicheres Passwort.<\/li>\r\n<li>W\u00e4hlen Sie Ihren Kontotyp und die bevorzugte Hebelwirkung.<\/li>\r\n<li>Laden Sie die erforderlichen Dokumente zur \u00dcberpr\u00fcfung hoch, wenn Sie dazu aufgefordert werden.<\/li>\r\n<li>Best\u00e4tigen Sie per E-Mail oder SMS-Verifizierungscode.<\/li>\r\n<li>Starten Sie direkt von Ihrem Smartphone aus mit Echtzeit-Markt-Updates.<\/li>\r\n<\/ol>\r\n<p>Die mobile App erm\u00f6glicht sofortigen Zugriff auf Charts, Marktnachrichten und Kontoverwaltung.<\/p>\r\n<a class=\"cta-button\" href=\"https:\/\/one.justmarkets.link\/a\/t11xd0xwgz\/id\/registration\/trader\" target=\"_blank\" rel=\"noopener\">Registrieren Sie sich \u00fcber die mobile App<\/a>\r\n<\/section>\r\n\r\n<!-- Account Types -->\r\n<section id=\"account-types\">\r\n<h2>Auswahl des richtigen Kontotyps<\/h2>\r\n<p>JustMarkets bietet Kontotypen f\u00fcr alle H\u00e4ndler:<\/p>\r\n<ul>\r\n<li><strong>Standardkonto:<\/strong> Niedrige Mindesteinzahlung, geeignet f\u00fcr Anf\u00e4nger, wettbewerbsf\u00e4hige Spreads, einfache Ausf\u00fchrung.<\/li>\r\n<li><strong>Professionelles Konto:<\/strong> Entwickelt f\u00fcr fortgeschrittene H\u00e4ndler, niedrige Spreads, h\u00f6here Hebelwirkung und Priorit\u00e4tsunterst\u00fctzung.<\/li>\r\n<li><strong>Demokonto:<\/strong> \u00dcben Sie mit virtuellen Fonds Strategien ohne finanzielles Risiko.<\/li>\r\n<\/ul>\r\n<p>Die Auswahl des richtigen Kontotyps ist entscheidend f\u00fcr ein effektives Risikomanagement und Handelseffizienz.<\/p>\r\n<a class=\"cta-button\" href=\"https:\/\/one.justmarkets.link\/a\/t11xd0xwgz\/id\/registration\/trader\" target=\"_blank\" rel=\"noopener\">W\u00e4hlen Sie Ihren Kontotyp<\/a>\r\n<\/section>\r\n\r\n<!-- Funding Your Account -->\r\n<section id=\"funding\">\r\n<h2>Finanzierung Ihres Kontos nach der Registrierung<\/h2>\r\n<h3>Einzahlungsmethoden<\/h3>\r\n<p>JustMarkets unterst\u00fctzt mehrere Einzahlungsmethoden:<\/p>\r\n<ul>\r\n<li>\u00dcberweisung (lokal und international)<\/li>\r\n<li>E-Wallets wie Skrill und Neteller<\/li>\r\n<li>Kryptow\u00e4hrungen wie Bitcoin und Ethereum<\/li>\r\n<li>Kartenzahlungen (Visa, MasterCard)<\/li>\r\n<\/ul>\r\n\r\n<h3>Mindesteinzahlungsanforderungen<\/h3>\r\n<p>Die Mindesteinzahlung h\u00e4ngt von der Kontoart und der Zahlungsmethode ab. Standardkonten k\u00f6nnen ab $1 \u00fcber E-Wallets oder $50 per Bank\u00fcberweisung beginnen. \u00dcberpr\u00fcfen Sie immer die aktuellen Anforderungen vor der Einzahlung.<\/p>\r\n<a class=\"cta-button\" href=\"https:\/\/one.justmarkets.link\/a\/t11xd0xwgz\/id\/registration\/trader\" target=\"_blank\" rel=\"noopener\">Einzahlen und Handeln<\/a>\r\n<\/section>\r\n\r\n<!-- Security Measures -->\r\n<section id=\"security\">\r\n<h2>Sicherheitsma\u00dfnahmen w\u00e4hrend der Registrierung<\/h2>\r\n<ul>\r\n<li>Alle Konten erfordern eine E-Mail- und Telefonverifizierung.<\/li>\r\n<li>Passw\u00f6rter m\u00fcssen Sicherheitsrichtlinien wie alphanumerische und Symbole erf\u00fcllen.<\/li>\r\n<li>Zwei-Faktor-Authentifizierung (2FA) wird dringend empfohlen.<\/li>\r\n<li>Die Mittel werden auf getrennten Konten gehalten, um das Kundengeld zu sch\u00fctzen.<\/li>\r\n<li>Regelm\u00e4\u00dfige Sicherheitsaudits und Verschl\u00fcsselung gew\u00e4hrleisten den Datenschutz.<\/li>\r\n<\/ul>\r\n<a class=\"cta-button\" href=\"https:\/\/one.justmarkets.link\/a\/t11xd0xwgz\/id\/registration\/trader\" target=\"_blank\" rel=\"noopener\">Sichern Sie jetzt Ihr Konto<\/a>\r\n<\/section>\r\n\r\n<!-- Common Mistakes -->\r\n<section id=\"common-mistakes\">\r\n<h2>H\u00e4ufige Fehler, die w\u00e4hrend der Registrierung vermieden werden sollten<\/h2>\r\n<ul>\r\n<li>Eingabe von falschen pers\u00f6nlichen Daten, die die \u00dcberpr\u00fcfung verz\u00f6gern k\u00f6nnen.<\/li>\r\n<li>Verwenden Sie schwache Passw\u00f6rter, die die Kontosicherheit beeintr\u00e4chtigen.<\/li>\r\n<li>Verifizierung vor dem Handel nicht abgeschlossen.<\/li>\r\n<li>W\u00e4hlen Sie einen Kontotyp, der nicht zu Ihrer Handelserfahrung passt.<\/li>\r\n<li>\u00dcberspringen von E-Mail- oder mobilen Best\u00e4tigungsschritten.<\/li>\r\n<\/ul>\r\n<a class=\"cta-button\" href=\"https:\/\/one.justmarkets.link\/a\/t11xd0xwgz\/id\/registration\/trader\" target=\"_blank\" rel=\"noopener\">Registrierungsfehler vermeiden<\/a>\r\n<\/section>\r\n\r\n<!-- FAQ -->\r\n<section id=\"faq\">\r\n<h2>H\u00e4ufig gestellte Fragen<\/h2>\r\n<div class=\"faq-item\">\r\n<div class=\"faq-question\">Ist JustMarkets reguliert?<\/div>\r\n<div class=\"faq-answer\">Ja, JustMarkets arbeitet unter internationalen Finanzvorschriften und gew\u00e4hrleistet den Schutz der Kundenfonds.<\/div>\r\n<\/div>\r\n<div class=\"faq-item\">\r\n<div class=\"faq-question\">K\u00f6nnen Anf\u00e4nger ein Konto er\u00f6ffnen?<\/div>\r\n<div class=\"faq-answer\">Absolut. Standard- und Demo-Konten sind perfekt f\u00fcr Anf\u00e4nger zum \u00dcben und Lernen.<\/div>\r\n<\/div>\r\n<div class=\"faq-item\">\r\n<div class=\"faq-question\">Welche Dokumente sind f\u00fcr die \u00dcberpr\u00fcfung erforderlich?<\/div>\r\n<div class=\"faq-answer\">Zur \u00dcberpr\u00fcfung Ihres Kontos sind in der Regel eine g\u00fcltige, von der Regierung ausgestellte ID und der Adressnachweis erforderlich.<\/div>\r\n<\/div>\r\n<div class=\"faq-item\">\r\n<div class=\"faq-question\">Wie lange dauert die Registrierung?<\/div>\r\n<div class=\"faq-answer\">Die Webregistrierung kann innerhalb von 5\u201310 Minuten abgeschlossen werden. Die \u00dcberpr\u00fcfung kann je nach Dokumentengenehmigung 24\u201348 Stunden dauern.<\/div>\r\n<\/div>\r\n<div class=\"faq-item\">\r\n<div class=\"faq-question\">Kann ich mehrere Konten registrieren?<\/div>\r\n<div class=\"faq-answer\">Ja, aber jedes Konto muss eindeutige pers\u00f6nliche Informationen und E-Mails haben. Befolgen Sie immer die Bedingungen von JustMarkets.<\/div>\r\n<\/div>\r\n<\/section>\r\n\r\n<a class=\"cta-button\" href=\"https:\/\/one.justmarkets.link\/a\/t11xd0xwgz\/id\/registration\/trader\" target=\"_blank\" rel=\"noopener\">Registrieren Sie jetzt Ihr JustMarkets-Konto<\/a>\r\n\r\n<\/main>\r\n<\/body>\r\n<\/html>\r\n\t\t\t\t<\/div>\n\t\t\t\t\t<\/div>\n\t\t\t\t<\/div>\n\t\t\t\t<\/div>","protected":false},"excerpt":{"rendered":"<p>Register JustMarkets | Complete Guide 2025 Register JustMarkets: Complete Step-by-Step Guide 2025 Table of Contents Introduction to JustMarkets Why Register [&hellip;]<\/p>\n","protected":false},"author":1,"featured_media":0,"parent":0,"menu_order":0,"comment_status":"closed","ping_status":"closed","template":"elementor_header_footer","meta":{"site-sidebar-layout":"no-sidebar","site-content-layout":"","ast-site-content-layout":"full-width-container","site-content-style":"default","site-sidebar-style":"default","ast-global-header-display":"","ast-banner-title-visibility":"","ast-main-header-display":"","ast-hfb-above-header-display":"","ast-hfb-below-header-display":"","ast-hfb-mobile-header-display":"","site-post-title":"","ast-breadcrumbs-content":"","ast-featured-img":"disabled","footer-sml-layout":"","ast-disable-related-posts":"","theme-transparent-header-meta":"default","adv-header-id-meta":"","stick-header-meta":"","header-above-stick-meta":"","header-main-stick-meta":"","header-below-stick-meta":"","astra-migrate-meta-layouts":"set","ast-page-background-enabled":"default","ast-page-background-meta":{"desktop":{"background-color":"var(--ast-global-color-5)","background-image":"","background-repeat":"repeat","background-position":"center center","background-size":"auto","background-attachment":"scroll","background-type":"","background-media":"","overlay-type":"","overlay-color":"","overlay-opacity":"","overlay-gradient":""},"tablet":{"background-color":"","background-image":"","background-repeat":"repeat","background-position":"center center","background-size":"auto","background-attachment":"scroll","background-type":"","background-media":"","overlay-type":"","overlay-color":"","overlay-opacity":"","overlay-gradient":""},"mobile":{"background-color":"","background-image":"","background-repeat":"repeat","background-position":"center center","background-size":"auto","background-attachment":"scroll","background-type":"","background-media":"","overlay-type":"","overlay-color":"","overlay-opacity":"","overlay-gradient":""}},"ast-content-background-meta":{"desktop":{"background-color":"var(--ast-global-color-4)","background-image":"","background-repeat":"repeat","background-position":"center center","background-size":"auto","background-attachment":"scroll","background-type":"","background-media":"","overlay-type":"","overlay-color":"","overlay-opacity":"","overlay-gradient":""},"tablet":{"background-color":"var(--ast-global-color-4)","background-image":"","background-repeat":"repeat","background-position":"center center","background-size":"auto","background-attachment":"scroll","background-type":"","background-media":"","overlay-type":"","overlay-color":"","overlay-opacity":"","overlay-gradient":""},"mobile":{"background-color":"var(--ast-global-color-4)","background-image":"","background-repeat":"repeat","background-position":"center center","background-size":"auto","background-attachment":"scroll","background-type":"","background-media":"","overlay-type":"","overlay-color":"","overlay-opacity":"","overlay-gradient":""}},"footnotes":""},"class_list":["post-444","page","type-page","status-publish","hentry"],"_links":{"self":[{"href":"https:\/\/trustedfxglobal.com\/de\/wp-json\/wp\/v2\/pages\/444","targetHints":{"allow":["GET"]}}],"collection":[{"href":"https:\/\/trustedfxglobal.com\/de\/wp-json\/wp\/v2\/pages"}],"about":[{"href":"https:\/\/trustedfxglobal.com\/de\/wp-json\/wp\/v2\/types\/page"}],"author":[{"embeddable":true,"href":"https:\/\/trustedfxglobal.com\/de\/wp-json\/wp\/v2\/users\/1"}],"replies":[{"embeddable":true,"href":"https:\/\/trustedfxglobal.com\/de\/wp-json\/wp\/v2\/comments?post=444"}],"version-history":[{"count":4,"href":"https:\/\/trustedfxglobal.com\/de\/wp-json\/wp\/v2\/pages\/444\/revisions"}],"predecessor-version":[{"id":449,"href":"https:\/\/trustedfxglobal.com\/de\/wp-json\/wp\/v2\/pages\/444\/revisions\/449"}],"wp:attachment":[{"href":"https:\/\/trustedfxglobal.com\/de\/wp-json\/wp\/v2\/media?parent=444"}],"curies":[{"name":"wp","href":"https:\/\/api.w.org\/{rel}","templated":true}]}}