{"id":21,"date":"2025-08-16T04:22:13","date_gmt":"2025-08-16T04:22:13","guid":{"rendered":"https:\/\/trustedfxglobal.com\/?page_id=21"},"modified":"2026-04-19T03:19:45","modified_gmt":"2026-04-19T03:19:45","slug":"so-registrieren-sie-einzahlungsentnahme-bei-justmarkets","status":"publish","type":"page","link":"https:\/\/trustedfxglobal.com\/de\/how-to-register-deposit-withdraw-at-justmarkets\/","title":{"rendered":"Just Markets Global Trading How to Register, Deposit &#038; Withdraw at JustMarkets"},"content":{"rendered":"<div data-elementor-type=\"wp-page\" data-elementor-id=\"21\" class=\"elementor elementor-21\">\n\t\t\t\t<div class=\"elementor-element elementor-element-6bb8081 e-flex e-con-boxed e-con e-parent\" data-id=\"6bb8081\" data-element_type=\"container\" data-e-type=\"container\">\n\t\t\t\t\t<div class=\"e-con-inner\">\n\t\t\t\t<div class=\"elementor-element elementor-element-49ba02c elementor-widget elementor-widget-html\" data-id=\"49ba02c\" data-element_type=\"widget\" data-e-type=\"widget\" data-widget_type=\"html.default\">\n\t\t\t\t\t<!DOCTYPE html>\r\n<html lang=\"en\">\r\n<head>\r\n  <meta charset=\"UTF-8\">\r\n  <meta name=\"viewport\" content=\"width=device-width, initial-scale=1.0\">\r\n  <title>So registrieren, zahlen und zahlen Sie bei JustMarkets ab<\/title>\r\n  <meta name=\"description\" content=\"Lernen Sie Schritt f\u00fcr Schritt, wie Sie ein Konto registrieren, Geld einzahlen und Geld von JustMarkets abheben. Beginnen Sie noch heute mit unserem einfachen Leitfaden mit JustMarkets.\">\r\n  <link rel=\"stylesheet\" href=\"https:\/\/cdnjs.cloudflare.com\/ajax\/libs\/font-awesome\/6.5.0\/css\/all.min.css\">\r\n  <style>\r\n    body {font-family: Arial, sans-serif; margin:0; padding:0; background:#f9f9f9; color:#333;}\r\n    header {background:#003366; color:white; text-align:center; padding:50px 20px;}\r\n    header h1 {font-size:2.5rem; margin-bottom:10px;}\r\n    header p {font-size:1.2rem;}\r\n    .btn {display:inline-block; margin-top:20px; background:#e63946; color:white; padding:12px 25px; border-radius:6px; text-decoration:none; font-weight:bold;}\r\n    section {max-width:1100px; margin:50px auto; padding:20px;}\r\n    h2 {color:#003366; margin-bottom:15px;}\r\n    .step {background:white; padding:20px; border-radius:8px; margin-bottom:20px; box-shadow:0 2px 5px rgba(0,0,0,0.1);}\r\n    .step i {color:#e63946; margin-right:10px;}\r\n    footer {background:#003366; color:white; text-align:center; padding:20px; margin-top:40px;}\r\n    footer a {color:#ffcc00; text-decoration:none; font-weight:bold;}\r\n  <\/style>\r\n<\/head>\r\n<body>\r\n  <header>\r\n    <h1>So registrieren, zahlen und zahlen Sie bei JustMarkets ab<\/h1>\r\n    <p>Befolgen Sie diese einfache Schritt-f\u00fcr-Schritt-Anleitung, um den Handel mit JustMarkets noch heute zu beginnen.<\/p>\r\n    <a href=\"https:\/\/one.justmarkets.link\/a\/t11xd0xwgz\/registration\/trader\/\" class=\"btn\" target=\"_blank\" rel=\"noopener\">Jetzt registrieren<\/a>\r\n  <\/header>\r\n\r\n  <section>\r\n    <h2><i class=\"fa fa-user-plus\"><\/i> Schritt 1: So registrieren Sie ein Konto bei JustMarkets<\/h2>\r\n    <div class=\"step\">\r\n      <p>Der Einstieg in JustMarkets ist schnell und einfach. So k\u00f6nnen Sie Ihr Handelskonto registrieren:<\/p>\r\n      <ul>\r\n        <li>Klicken Sie auf die <a href=\"https:\/\/one.justmarkets.link\/a\/t11xd0xwgz\/registration\/trader\/\" target=\"_blank\" rel=\"noopener\">Offizieller Link zur JustMarkets-Registr<\/a>.<\/li>\r\n        <li>Geben Sie Ihre pers\u00f6nlichen Daten wie Name, E-Mail und Telefonnummer ein.<\/li>\r\n        <li>Erstellen Sie ein sicheres Passwort f\u00fcr die Kontosicherheit.<\/li>\r\n        <li>\u00dcberpr\u00fcfen Sie Ihre E-Mail und schlie\u00dfen Sie die KYC-\u00dcberpr\u00fcfung mit einem ID-Dokument ab.<\/li>\r\n      <\/ul>\r\n      <p>Nach der Best\u00e4tigung k\u00f6nnen Sie sich bei Ihrem anmelden <strong>JustMarkets pers\u00f6nlicher Bereich<\/strong> und er\u00f6ffnen Sie ein Handelskonto (Standard, Pro, Raw Spread usw.).<\/p>\r\n    <\/div>\r\n  <\/section>\r\n\r\n  <section>\r\n    <h2><i class=\"fa fa-credit-card\"><\/i> Schritt 2: So zahlen Sie Geld bei JustMarkets ein<\/h2>\r\n    <div class=\"step\">\r\n      <p>Um mit dem Handel zu beginnen, m\u00fcssen Sie Geld einzahlen. JustMarkets bietet mehrere sichere und bequeme Einzahlungsmethoden:<\/p>\r\n      <ul>\r\n        <li><i class=\"fa fa-university\"><\/i> \u00dcberweisung<\/li>\r\n        <li><i class=\"fa fa-credit-card\"><\/i> Kredit-\/Debitkarten (Visa, MasterCard)<\/li>\r\n        <li><i class=\"fa fa-wallet\"><\/i> E-Wallets (Skrill, Neteller, perfektes Geld, Fasapay)<\/li>\r\n        <li><i class=\"fa fa-bitcoin\"><\/i> Kryptow\u00e4hrungen (Bitcoin, Ethereum, USDT, etc.)<\/li>\r\n      <\/ul>\r\n      <p>Um zu hinterlegen: Melden Sie sich in Ihrem pers\u00f6nlichen Bereich an, w\u00e4hlen Sie <strong>einlegen<\/strong>, w\u00e4hlen Sie Ihre bevorzugte Methode und geben Sie den Betrag ein.<\/p>\r\n      <p>Die meisten Einzahlungen werden von JustMarkets sofort mit null Provision bearbeitet.<\/p>\r\n    <\/div>\r\n  <\/section>\r\n\r\n  <section>\r\n    <h2><i class=\"fa fa-money-bill-wave\"><\/i> Schritt 3: So heben Sie Geld bei JustMarkets ab<\/h2>\r\n    <div class=\"step\">\r\n      <p>So einfach wie die Einzahlung ist es, Ihre Gewinne aus JustMarkets abzuheben:<\/p>\r\n      <ul>\r\n        <li>Melden Sie sich in Ihrem pers\u00f6nlichen Bereich an und gehen Sie zum <strong>Abhebung<\/strong> Abschnitt.<\/li>\r\n        <li>W\u00e4hlen Sie dieselbe Zahlungsmethode aus, die Sie f\u00fcr die Einzahlung verwendet haben (empfohlen).<\/li>\r\n        <li>Geben Sie den Betrag ein, den Sie abheben m\u00f6chten, und best\u00e4tigen Sie.<\/li>\r\n        <li>Ihre Auszahlungsanfrage wird schnell, oft innerhalb von Stunden, je nach Methode bearbeitet.<\/li>\r\n      <\/ul>\r\n      <p>Aus Sicherheitsgr\u00fcnden kann JustMarkets bei der ersten R\u00fccknahme eine Identit\u00e4tsbest\u00e4tigung beantragen.<\/p>\r\n    <\/div>\r\n  <\/section>\r\n\r\n  <section>\r\n    <h2><i class=\"fa fa-question-circle\"><\/i> h\u00e4ufig gestellte Fragen<\/h2>\r\n    <div class=\"step\">\r\n      <p><strong>F: Wie lange dauert die Er\u00f6ffnung eines JustMarkets-Kontos?<\/strong><br>A: Die Registrierung dauert nur wenige Minuten, und die KYC-\u00dcberpr\u00fcfung wird in der Regel innerhalb von 24 Stunden abgeschlossen.<\/p>\r\n      <p><strong>F: Sind Ein- und Auszahlungen sicher?<\/strong><br>A: Ja, JustMarkets verwendet SSL-Verschl\u00fcsselung und vertrauensw\u00fcrdige Zahlungsanbieter, um sichere Transaktionen zu gew\u00e4hrleisten.<\/p>\r\n      <p><strong>F: Was ist die Mindesteinzahlung bei JustMarkets?<\/strong><br>A: Die Mindesteinzahlung h\u00e4ngt von Ihrem Kontotyp ab, beginnend mit nur $1.<\/p>\r\n    <\/div>\r\n  <\/section>\r\n\r\n  <footer>\r\n    <p>Bereit zu handeln? <a href=\"https:\/\/one.justmarkets.link\/a\/t11xd0xwgz\/registration\/trader\/\" target=\"_blank\" rel=\"noopener\">Er\u00f6ffnen Sie noch heute Ihr JustMarkets-Kon<\/a> und endlose Handelsm\u00f6glichkeiten erkunden.<\/p>\r\n    <p>\u00a9 2025 JustMarkets Affiliate Landing Page<\/p>\r\n  <\/footer>\r\n<\/body>\r\n<\/html>\r\n\t\t\t\t<\/div>\n\t\t\t\t\t<\/div>\n\t\t\t\t<\/div>\n\t\t\t\t<\/div>","protected":false},"excerpt":{"rendered":"<p>&nbsp; &nbsp; How to Register, Deposit, and Withdraw at JustMarkets Follow this easy step-by-step guide to start trading with JustMarkets [&hellip;]<\/p>\n","protected":false},"author":1,"featured_media":0,"parent":0,"menu_order":0,"comment_status":"closed","ping_status":"closed","template":"elementor_header_footer","meta":{"site-sidebar-layout":"default","site-content-layout":"","ast-site-content-layout":"default","site-content-style":"default","site-sidebar-style":"default","ast-global-header-display":"","ast-banner-title-visibility":"","ast-main-header-display":"","ast-hfb-above-header-display":"","ast-hfb-below-header-display":"","ast-hfb-mobile-header-display":"","site-post-title":"","ast-breadcrumbs-content":"","ast-featured-img":"","footer-sml-layout":"","ast-disable-related-posts":"","theme-transparent-header-meta":"default","adv-header-id-meta":"","stick-header-meta":"","header-above-stick-meta":"","header-main-stick-meta":"","header-below-stick-meta":"","astra-migrate-meta-layouts":"set","ast-page-background-enabled":"default","ast-page-background-meta":{"desktop":{"background-color":"var(--ast-global-color-5)","background-image":"","background-repeat":"repeat","background-position":"center center","background-size":"auto","background-attachment":"scroll","background-type":"","background-media":"","overlay-type":"","overlay-color":"","overlay-opacity":"","overlay-gradient":""},"tablet":{"background-color":"","background-image":"","background-repeat":"repeat","background-position":"center center","background-size":"auto","background-attachment":"scroll","background-type":"","background-media":"","overlay-type":"","overlay-color":"","overlay-opacity":"","overlay-gradient":""},"mobile":{"background-color":"","background-image":"","background-repeat":"repeat","background-position":"center center","background-size":"auto","background-attachment":"scroll","background-type":"","background-media":"","overlay-type":"","overlay-color":"","overlay-opacity":"","overlay-gradient":""}},"ast-content-background-meta":{"desktop":{"background-color":"var(--ast-global-color-4)","background-image":"","background-repeat":"repeat","background-position":"center center","background-size":"auto","background-attachment":"scroll","background-type":"","background-media":"","overlay-type":"","overlay-color":"","overlay-opacity":"","overlay-gradient":""},"tablet":{"background-color":"var(--ast-global-color-4)","background-image":"","background-repeat":"repeat","background-position":"center center","background-size":"auto","background-attachment":"scroll","background-type":"","background-media":"","overlay-type":"","overlay-color":"","overlay-opacity":"","overlay-gradient":""},"mobile":{"background-color":"var(--ast-global-color-4)","background-image":"","background-repeat":"repeat","background-position":"center center","background-size":"auto","background-attachment":"scroll","background-type":"","background-media":"","overlay-type":"","overlay-color":"","overlay-opacity":"","overlay-gradient":""}},"footnotes":""},"class_list":["post-21","page","type-page","status-publish","hentry"],"_links":{"self":[{"href":"https:\/\/trustedfxglobal.com\/de\/wp-json\/wp\/v2\/pages\/21","targetHints":{"allow":["GET"]}}],"collection":[{"href":"https:\/\/trustedfxglobal.com\/de\/wp-json\/wp\/v2\/pages"}],"about":[{"href":"https:\/\/trustedfxglobal.com\/de\/wp-json\/wp\/v2\/types\/page"}],"author":[{"embeddable":true,"href":"https:\/\/trustedfxglobal.com\/de\/wp-json\/wp\/v2\/users\/1"}],"replies":[{"embeddable":true,"href":"https:\/\/trustedfxglobal.com\/de\/wp-json\/wp\/v2\/comments?post=21"}],"version-history":[{"count":10,"href":"https:\/\/trustedfxglobal.com\/de\/wp-json\/wp\/v2\/pages\/21\/revisions"}],"predecessor-version":[{"id":1227,"href":"https:\/\/trustedfxglobal.com\/de\/wp-json\/wp\/v2\/pages\/21\/revisions\/1227"}],"wp:attachment":[{"href":"https:\/\/trustedfxglobal.com\/de\/wp-json\/wp\/v2\/media?parent=21"}],"curies":[{"name":"wp","href":"https:\/\/api.w.org\/{rel}","templated":true}]}}